{"id":15,"date":"2020-06-25T11:09:39","date_gmt":"2020-06-25T11:09:39","guid":{"rendered":"https:\/\/motorcycles-go.com\/?page_id=15"},"modified":"2024-04-08T16:11:14","modified_gmt":"2024-04-08T16:11:14","slug":"almeria-spain","status":"publish","type":"page","link":"https:\/\/motorcycles-go.com\/es\/transporte-europeo-de-motocicletas\/transporte-de-motos-almeria-espana\/","title":{"rendered":"[:en]Motorbike Transport, Almeria, Spain[:es]Transporte de motos, Almer\u00eda, Espa\u00f1a[:pt]Transporte de motocicletas, Almeria, Espanha[:]"},"content":{"rendered":"<p><strong>Motorcycles-Go.com opera contenedores de transporte regular desde nuestro dep\u00f3sito en Antas, Almer\u00eda, Espa\u00f1a. La mayor\u00eda de las motocicletas se transportan al Reino Unido en nuestro contenedor de 40 pies y se pueden recoger y entregar en su puerta, o dejar su bicicleta en nuestro dep\u00f3sito y ahorrar dinero. \u00a1Obt\u00e9n ya tu cotizaci\u00f3n de env\u00edo de moto desde Almer\u00eda!<\/strong><\/p>\n<figure id=\"attachment_21\" aria-describedby=\"caption-attachment-21\" style=\"width: 1200px\" class=\"wp-caption alignnone\"><img loading=\"lazy\" decoding=\"async\" class=\"size-full wp-image-21\" src=\"https:\/\/motorcycles-go.com\/wp-content\/uploads\/2020\/06\/Almeria-Depot-Removals-Storage-Wanderers-Transport-OG01.jpg\" alt=\"Almeria Depot Removals Storage Wanderers Transport OG01\" width=\"1200\" height=\"630\" srcset=\"https:\/\/motorcycles-go.com\/wp-content\/uploads\/2020\/06\/Almeria-Depot-Removals-Storage-Wanderers-Transport-OG01.jpg 1200w, https:\/\/motorcycles-go.com\/wp-content\/uploads\/2020\/06\/Almeria-Depot-Removals-Storage-Wanderers-Transport-OG01-300x158.jpg 300w, https:\/\/motorcycles-go.com\/wp-content\/uploads\/2020\/06\/Almeria-Depot-Removals-Storage-Wanderers-Transport-OG01-1024x538.jpg 1024w, https:\/\/motorcycles-go.com\/wp-content\/uploads\/2020\/06\/Almeria-Depot-Removals-Storage-Wanderers-Transport-OG01-768x403.jpg 768w\" sizes=\"auto, (max-width: 1200px) 100vw, 1200px\" \/><figcaption id=\"caption-attachment-21\" class=\"wp-caption-text\">Almeria Depot, Removals &amp; Storage. WanderersTransport.eu<\/figcaption><\/figure>\n<h2>Transporte de motos, Almer\u00eda, Espa\u00f1a<\/h2>\n<p>El dep\u00f3sito de transporte y almacenamiento de Motorcycles-Go.com en Espa\u00f1a se encuentra en Antas, en la costa de Almer\u00eda. \u00a1Ideal para servir las costas de Espa\u00f1a! Podemos recoger su bicicleta, o puede dejarla en nuestro dep\u00f3sito, \u00a1tambi\u00e9n ahorre un poco de dinero! Servicios de transporte de motos desde Espa\u00f1a a Reino Unido y Portugal. \u00a1Grandes cotizaciones garantizadas!<\/p>\n<h3>Obt\u00e9n tu cotizaci\u00f3n de env\u00edo gratis de motos<\/h3>\n\n<div class=\"wpcf7 no-js\" id=\"wpcf7-f106-o2\" lang=\"en-US\" dir=\"ltr\" data-wpcf7-id=\"106\">\n<div class=\"screen-reader-response\"><p role=\"status\" aria-live=\"polite\" aria-atomic=\"true\"><\/p> <ul><\/ul><\/div>\n<form action=\"\/es\/wp-json\/wp\/v2\/pages\/15#wpcf7-f106-o2\" method=\"post\" class=\"wpcf7-form init\" aria-label=\"Contact form\" novalidate=\"novalidate\" data-status=\"init\">\n<fieldset class=\"hidden-fields-container\"><input type=\"hidden\" name=\"_wpcf7\" value=\"106\" \/><input type=\"hidden\" name=\"_wpcf7_version\" value=\"6.1.5\" \/><input type=\"hidden\" name=\"_wpcf7_locale\" value=\"en_US\" \/><input type=\"hidden\" name=\"_wpcf7_unit_tag\" value=\"wpcf7-f106-o2\" \/><input type=\"hidden\" name=\"_wpcf7_container_post\" value=\"0\" \/><input type=\"hidden\" name=\"_wpcf7_posted_data_hash\" value=\"\" \/>\n<\/fieldset>\n<div id=\"quote\">\n\t<p><span class=\"wpcf7-form-control-wrap\" data-name=\"mcg-name\"><input size=\"40\" maxlength=\"400\" class=\"wpcf7-form-control wpcf7-text wpcf7-validates-as-required mcg\" aria-required=\"true\" aria-invalid=\"false\" placeholder=\"su nombre\" value=\"\" type=\"text\" name=\"mcg-name\" \/><\/span><br \/>\n<span class=\"wpcf7-form-control-wrap\" data-name=\"mcg-phone\"><input size=\"40\" maxlength=\"400\" class=\"wpcf7-form-control wpcf7-tel wpcf7-validates-as-required wpcf7-text wpcf7-validates-as-tel mcg\" aria-required=\"true\" aria-invalid=\"false\" placeholder=\"un n\u00famero de tel\u00e9fono\" value=\"\" type=\"tel\" name=\"mcg-phone\" \/><\/span><br \/>\n<span class=\"wpcf7-form-control-wrap\" data-name=\"mcg-email\"><input size=\"40\" maxlength=\"400\" class=\"wpcf7-form-control wpcf7-email wpcf7-validates-as-required wpcf7-text wpcf7-validates-as-email mcg\" aria-required=\"true\" aria-invalid=\"false\" placeholder=\"tu correo electr\u00f3nico\" value=\"\" type=\"email\" name=\"mcg-email\" \/><\/span><br \/>\n\t<hr \/><br \/>\n<span class=\"wpcf7-form-control-wrap\" data-name=\"mcg-make\"><input size=\"40\" maxlength=\"400\" class=\"wpcf7-form-control wpcf7-text wpcf7-validates-as-required mcg\" aria-required=\"true\" aria-invalid=\"false\" placeholder=\"marca y modelo de tu motocicleta\" value=\"\" type=\"text\" name=\"mcg-make\" \/><\/span><br \/>\n<span class=\"wpcf7-form-control-wrap\" data-name=\"mcg-collection\"><input size=\"40\" maxlength=\"400\" class=\"wpcf7-form-control wpcf7-text wpcf7-validates-as-required mcg\" aria-required=\"true\" aria-invalid=\"false\" placeholder=\"colecci\u00f3n DE\" value=\"\" type=\"text\" name=\"mcg-collection\" \/><\/span><span class=\"wpcf7-form-control-wrap\" data-name=\"mcg-delivery\"><input size=\"40\" maxlength=\"400\" class=\"wpcf7-form-control wpcf7-text wpcf7-validates-as-required mcg\" aria-required=\"true\" aria-invalid=\"false\" placeholder=\"Entregar A\" value=\"\" type=\"text\" name=\"mcg-delivery\" \/><\/span><br \/>\n<br style=\"clear:both;\" \/>\n\t<hr \/><br \/>\n<span class=\"wpcf7-form-control-wrap\" data-name=\"fromdepot\"><span class=\"wpcf7-form-control wpcf7-checkbox wpcf7-exclusive-checkbox mcg\"><span class=\"wpcf7-list-item first\"><input type=\"checkbox\" name=\"fromdepot\" value=\"Me gustar\u00eda recoger y entregar a mi puerta.\" \/><span class=\"wpcf7-list-item-label\">Me gustar\u00eda recoger y entregar a mi puerta.<\/span><\/span><span class=\"wpcf7-list-item last\"><input type=\"checkbox\" name=\"fromdepot\" value=\"Puedo entregar y recoger en sus dep\u00f3sitos.\" \/><span class=\"wpcf7-list-item-label\">Puedo entregar y recoger en sus dep\u00f3sitos.<\/span><\/span><\/span><\/span><br \/>\n\t<hr \/><br \/>\n<span class=\"wpcf7-form-control-wrap\" data-name=\"mcgruns\"><span class=\"wpcf7-form-control wpcf7-checkbox wpcf7-exclusive-checkbox mcg\"><span class=\"wpcf7-list-item first\"><input type=\"checkbox\" name=\"mcgruns\" value=\"Mi motocicleta funciona correctamente.\" \/><span class=\"wpcf7-list-item-label\">Mi motocicleta funciona correctamente.<\/span><\/span><span class=\"wpcf7-list-item last\"><input type=\"checkbox\" name=\"mcgruns\" value=\"Mi motocicleta NO FUNCIONA.\" \/><span class=\"wpcf7-list-item-label\">Mi motocicleta NO FUNCIONA.<\/span><\/span><\/span><\/span><br \/>\n\t<hr \/>\n\t<\/p>\n\t<p>Si tiene una fecha espec\u00edfica en mente, av\u00edsenos; de lo contrario, d\u00e9nos una idea de cu\u00e1ndo desea que le env\u00eden la bicicleta. Por ejemplo, \"Finales de marzo\".\n\t<\/p>\n\t<p><span class=\"wpcf7-form-control-wrap\" data-name=\"mcg-date\"><input size=\"40\" maxlength=\"400\" class=\"wpcf7-form-control wpcf7-text wpcf7-validates-as-required mcg\" aria-required=\"true\" aria-invalid=\"false\" placeholder=\"fecha de recogida \/ entrega\" value=\"\" type=\"text\" name=\"mcg-date\" \/><\/span><br \/>\n<span class=\"wpcf7-form-control-wrap\" data-name=\"capital-quiz\"><label><span class=\"wpcf7-quiz-label\"><\/span> <input size=\"40\" class=\"wpcf7-form-control wpcf7-quiz\" autocomplete=\"off\" aria-required=\"true\" aria-invalid=\"false\" type=\"text\" name=\"capital-quiz\" \/><\/label><input type=\"hidden\" name=\"_wpcf7_quiz_answer_capital-quiz\" value=\"3545757b8cdd0395faa573380bc5a90d\" \/><\/span><br \/>\n\t<div class=\"wpcf7-response-output\" aria-hidden=\"true\"><\/div><br \/>\n<input class=\"wpcf7-form-control wpcf7-submit has-spinner mcg\" type=\"submit\" value=\"Obtenga su cotizaci\u00f3n!\" \/>\n\t<\/p>\n<\/div>\n<\/form>\n<\/div>\n\n<p>&nbsp;<\/p>\n<p>Nuestro dep\u00f3sito en la Costa Almer\u00eda est\u00e1 idealmente situado para el servicio de recogida de motos de Valencia, Benidorm, Alicante, Torrevieja, Murcia, Cartagena, Almer\u00eda, Motril, Almu\u00f1\u00e9car, Torrox, M\u00e1laga, Torremolinos, Benalm\u00e1dena, Fuengirola, Calahonda, Marbella y Estepona.<\/p>\n<h3>Nuestros tres dep\u00f3sitos de transporte de motos<\/h3>\n<p>\u00a1Motorcycles-Go.com, que abarca desde Europa desde el norte de Inglaterra hasta las costas del sur de Espa\u00f1a y Portugal, es su primera opci\u00f3n si necesita mover su preciosa bicicleta! Perm\u00edtanos cotizar, \u00a1sabemos que se sorprender\u00e1 felizmente!<\/p>\n<ul>\n<li><a href=\"https:\/\/motorcycles-go.com\/three-transport-storage-depots\/loule-algarve-portugal\/\"><strong>Motorcycles-Go Portugal<\/strong><\/a><br \/>\nCamino Dos Giros, Quattro Estradas, Loule 8100-579, Portugal.\u00a0 Tel\u00e9fono 351 930 658 660.<\/li>\n<\/ul>\n<p>&nbsp;<\/p>\n<p>Llevamos d\u00e9cadas transportando motocicletas y hemos construido una red confiable de transportistas, distribuidores, fabricantes, coleccionistas y entusiastas de las motocicletas. \u00a1Nuestra prioridad es siempre tu moto! Enviamos innumerables bicicletas cada a\u00f1o, confiamos en ofrecer un servicio confiable, seguro y profesional. Env\u00ede su bicicleta entre el Reino Unido, Espa\u00f1a y portugal con Motorcycles-Go.com.<\/p>\n<h3>Una familia de servicios de transporte en toda Europa<\/h3>\n<p>Motorcycles-Go.com es miembro de un peque\u00f1o pero muy dedicado equipo de especialistas europeos en transporte. Nuestros socios de trabajo, podemos satisfacer las necesidades de casi cualquier persona que busque servicios de transporte en Europa.<\/p>\n<ul>\n<li><a href=\"https:\/\/wandererstransport.eu\/\" target=\"_blank\" rel=\"noopener noreferrer\"><strong>WanderersTransport.com<\/strong><\/a><\/li>\n<li><a href=\"https:\/\/cars-go-transport.com\/\" target=\"_blank\" rel=\"noopener noreferrer\"><strong>Cars-Go-Transport.com<\/strong><\/a><\/li>\n<li><a href=\"https:\/\/bestcartransport.eu\/\" target=\"_blank\" rel=\"noopener noreferrer\"><strong>BestCarTransport.eu<\/strong><\/a><\/li>\n<\/ul>\n<p>Motorcycles-Go.com es el nombre comercial de una sola rama de nuestras operaciones de transporte. Junto con nuestros socios, estamos absolutamente seguros de que podemos ofrecerle el mejor servicio combinado a los mejores precios posibles. Si su bicicleta es solo una de las cosas necesarias para el env\u00edo, \u00a1definitivamente somos las personas con las que hablar! Esperamos saber de usted pronto!<\/p>","protected":false},"excerpt":{"rendered":"<p>Desde nuestra base en Antas, Almer\u00eda, podemos dar servicio a toda la costa desde Marbella en el oeste, hasta Barcelona en el este.<\/p>\n","protected":false},"author":1,"featured_media":56,"parent":9,"menu_order":0,"comment_status":"closed","ping_status":"closed","template":"","meta":{"yasr_overall_rating":0,"yasr_post_is_review":"","yasr_auto_insert_disabled":"","yasr_review_type":"","footnotes":""},"class_list":["post-15","page","type-page","status-publish","has-post-thumbnail","hentry"],"yoast_head":"<!-- This site is optimized with the Yoast SEO plugin v27.4 - https:\/\/yoast.com\/product\/yoast-seo-wordpress\/ -->\n<title>Transporte de motos desde Almer\u00eda, Espa\u00f1a hasta Reino Unido. Motorcycles-Go.com.<\/title>\n<meta name=\"description\" content=\"Motorcycles-Go.com opera contenedores de transporte regular desde nuestro dep\u00f3sito en Antas, Almer\u00eda, Espa\u00f1a. Obt\u00e9n tu cotizaci\u00f3n de transporte en moto.\" \/>\n<meta name=\"robots\" content=\"index, follow, max-snippet:-1, max-image-preview:large, max-video-preview:-1\" \/>\n<link rel=\"canonical\" href=\"https:\/\/motorcycles-go.com\/european-motorcycle-transport\/motorbike-transport-almeria-spain\/\" \/>\n<meta property=\"og:locale\" content=\"es_ES\" \/>\n<meta property=\"og:type\" content=\"article\" \/>\n<meta property=\"og:title\" content=\"[:en]Motorbike Transport from Almeria, Spain to the UK. Motorcycles-Go.com.[:es]Transporte de motos desde Almer\u00eda, Espa\u00f1a hasta Reino Unido. Motorcycles-Go.com.[:pt]Transporte de moto de Almeria, Espanha para o Reino Unido. Motorcycles-Go.com.[:]\" \/>\n<meta property=\"og:description\" content=\"{:en}Motorcycles-Go.com run regular transport containers from our depot in Antas, Almer\u00eda, Spain. Get your motorbike transport quote.{:es}Motorcycles-Go.com opera contenedores de transporte regular desde nuestro dep\u00f3sito en Antas, Almer\u00eda, Espa\u00f1a. Obt\u00e9n tu cotizaci\u00f3n de transporte en moto.{:pt}Motorcycles-Go.com opera cont\u00eaineres de transporte regulares de nosso dep\u00f3sito em Antas, Almer\u00eda, Espanha. Obtenha sua cota\u00e7\u00e3o de transporte de moto.{:}\" \/>\n<meta property=\"og:url\" content=\"https:\/\/motorcycles-go.com\/european-motorcycle-transport\/motorbike-transport-almeria-spain\/\" \/>\n<meta property=\"og:site_name\" content=\"Motorcycles-Go.com\" \/>\n<meta property=\"article:modified_time\" content=\"2024-04-08T16:11:14+00:00\" \/>\n<meta property=\"og:image\" content=\"https:\/\/motorcycles-go.com\/wp-content\/uploads\/2020\/06\/sl2.jpg\" \/>\n\t<meta property=\"og:image:width\" content=\"1600\" \/>\n\t<meta property=\"og:image:height\" content=\"633\" \/>\n\t<meta property=\"og:image:type\" content=\"image\/jpeg\" \/>\n<meta name=\"twitter:card\" content=\"summary_large_image\" \/>\n<meta name=\"twitter:label1\" content=\"Tiempo de lectura\" \/>\n\t<meta name=\"twitter:data1\" content=\"6 minutos\" \/>\n<script type=\"application\/ld+json\" class=\"yoast-schema-graph\">{\"@context\":\"https:\\\/\\\/schema.org\",\"@graph\":[{\"@type\":\"WebPage\",\"@id\":\"https:\\\/\\\/motorcycles-go.com\\\/european-motorcycle-transport\\\/motorbike-transport-almeria-spain\\\/\",\"url\":\"https:\\\/\\\/motorcycles-go.com\\\/european-motorcycle-transport\\\/motorbike-transport-almeria-spain\\\/\",\"name\":\"[:en]Motorbike Transport from Almeria, Spain to the UK. Motorcycles-Go.com.[:es]Transporte de motos desde Almer\u00eda, Espa\u00f1a hasta Reino Unido. Motorcycles-Go.com.[:pt]Transporte de moto de Almeria, Espanha para o Reino Unido. Motorcycles-Go.com.[:]\",\"isPartOf\":{\"@id\":\"https:\\\/\\\/motorcycles-go.com\\\/#website\"},\"primaryImageOfPage\":{\"@id\":\"https:\\\/\\\/motorcycles-go.com\\\/european-motorcycle-transport\\\/motorbike-transport-almeria-spain\\\/#primaryimage\"},\"image\":{\"@id\":\"https:\\\/\\\/motorcycles-go.com\\\/european-motorcycle-transport\\\/motorbike-transport-almeria-spain\\\/#primaryimage\"},\"thumbnailUrl\":\"https:\\\/\\\/motorcycles-go.com\\\/wp-content\\\/uploads\\\/2020\\\/06\\\/sl2.jpg\",\"datePublished\":\"2020-06-25T11:09:39+00:00\",\"dateModified\":\"2024-04-08T16:11:14+00:00\",\"description\":\"{:en}Motorcycles-Go.com run regular transport containers from our depot in Antas, Almer\u00eda, Spain. Get your motorbike transport quote.{:es}Motorcycles-Go.com opera contenedores de transporte regular desde nuestro dep\u00f3sito en Antas, Almer\u00eda, Espa\u00f1a. Obt\u00e9n tu cotizaci\u00f3n de transporte en moto.{:pt}Motorcycles-Go.com opera cont\u00eaineres de transporte regulares de nosso dep\u00f3sito em Antas, Almer\u00eda, Espanha. Obtenha sua cota\u00e7\u00e3o de transporte de moto.{:}\",\"breadcrumb\":{\"@id\":\"https:\\\/\\\/motorcycles-go.com\\\/european-motorcycle-transport\\\/motorbike-transport-almeria-spain\\\/#breadcrumb\"},\"inLanguage\":\"es\",\"potentialAction\":[{\"@type\":\"ReadAction\",\"target\":[\"https:\\\/\\\/motorcycles-go.com\\\/european-motorcycle-transport\\\/motorbike-transport-almeria-spain\\\/\"]}]},{\"@type\":\"ImageObject\",\"inLanguage\":\"es\",\"@id\":\"https:\\\/\\\/motorcycles-go.com\\\/european-motorcycle-transport\\\/motorbike-transport-almeria-spain\\\/#primaryimage\",\"url\":\"https:\\\/\\\/motorcycles-go.com\\\/wp-content\\\/uploads\\\/2020\\\/06\\\/sl2.jpg\",\"contentUrl\":\"https:\\\/\\\/motorcycles-go.com\\\/wp-content\\\/uploads\\\/2020\\\/06\\\/sl2.jpg\",\"width\":1600,\"height\":633},{\"@type\":\"BreadcrumbList\",\"@id\":\"https:\\\/\\\/motorcycles-go.com\\\/european-motorcycle-transport\\\/motorbike-transport-almeria-spain\\\/#breadcrumb\",\"itemListElement\":[{\"@type\":\"ListItem\",\"position\":1,\"name\":\"Home\",\"item\":\"https:\\\/\\\/motorcycles-go.com\\\/\"},{\"@type\":\"ListItem\",\"position\":2,\"name\":\"[:en]European Motorcycle Transport[:es]Transporte Europeo de Motocicletas[:pt]Transporte Europeu de Motocicletas[:]\",\"item\":\"https:\\\/\\\/motorcycles-go.com\\\/european-motorcycle-transport\\\/\"},{\"@type\":\"ListItem\",\"position\":3,\"name\":\"Motorbike Transport, Almeria, Spain\"}]},{\"@type\":\"WebSite\",\"@id\":\"https:\\\/\\\/motorcycles-go.com\\\/#website\",\"url\":\"https:\\\/\\\/motorcycles-go.com\\\/\",\"name\":\"Motorcycles-Go.com\",\"description\":\"Motorcycle transport specialists.  UK, Spain, Portugal.\",\"publisher\":{\"@id\":\"https:\\\/\\\/motorcycles-go.com\\\/#organization\"},\"potentialAction\":[{\"@type\":\"SearchAction\",\"target\":{\"@type\":\"EntryPoint\",\"urlTemplate\":\"https:\\\/\\\/motorcycles-go.com\\\/?s={search_term_string}\"},\"query-input\":{\"@type\":\"PropertyValueSpecification\",\"valueRequired\":true,\"valueName\":\"search_term_string\"}}],\"inLanguage\":\"es\"},{\"@type\":\"Organization\",\"@id\":\"https:\\\/\\\/motorcycles-go.com\\\/#organization\",\"name\":\"Motorcycles-Go.com\",\"url\":\"https:\\\/\\\/motorcycles-go.com\\\/\",\"logo\":{\"@type\":\"ImageObject\",\"inLanguage\":\"es\",\"@id\":\"https:\\\/\\\/motorcycles-go.com\\\/#\\\/schema\\\/logo\\\/image\\\/\",\"url\":\"https:\\\/\\\/motorcycles-go.com\\\/wp-content\\\/uploads\\\/2020\\\/07\\\/Motrocycles-Go-Logo-Sml.png\",\"contentUrl\":\"https:\\\/\\\/motorcycles-go.com\\\/wp-content\\\/uploads\\\/2020\\\/07\\\/Motrocycles-Go-Logo-Sml.png\",\"width\":300,\"height\":45,\"caption\":\"Motorcycles-Go.com\"},\"image\":{\"@id\":\"https:\\\/\\\/motorcycles-go.com\\\/#\\\/schema\\\/logo\\\/image\\\/\"}},false]}<\/script>\n<!-- \/ Yoast SEO plugin. -->","yoast_head_json":{"title":"Transporte de motos desde Almer\u00eda, Espa\u00f1a hasta Reino Unido. Motorcycles-Go.com.","description":"Motorcycles-Go.com opera contenedores de transporte regular desde nuestro dep\u00f3sito en Antas, Almer\u00eda, Espa\u00f1a. Obt\u00e9n tu cotizaci\u00f3n de transporte en moto.","robots":{"index":"index","follow":"follow","max-snippet":"max-snippet:-1","max-image-preview":"max-image-preview:large","max-video-preview":"max-video-preview:-1"},"canonical":"https:\/\/motorcycles-go.com\/european-motorcycle-transport\/motorbike-transport-almeria-spain\/","og_locale":"es_ES","og_type":"article","og_title":"[:en]Motorbike Transport from Almeria, Spain to the UK. Motorcycles-Go.com.[:es]Transporte de motos desde Almer\u00eda, Espa\u00f1a hasta Reino Unido. Motorcycles-Go.com.[:pt]Transporte de moto de Almeria, Espanha para o Reino Unido. Motorcycles-Go.com.[:]","og_description":"{:en}Motorcycles-Go.com run regular transport containers from our depot in Antas, Almer\u00eda, Spain. Get your motorbike transport quote.{:es}Motorcycles-Go.com opera contenedores de transporte regular desde nuestro dep\u00f3sito en Antas, Almer\u00eda, Espa\u00f1a. Obt\u00e9n tu cotizaci\u00f3n de transporte en moto.{:pt}Motorcycles-Go.com opera cont\u00eaineres de transporte regulares de nosso dep\u00f3sito em Antas, Almer\u00eda, Espanha. Obtenha sua cota\u00e7\u00e3o de transporte de moto.{:}","og_url":"https:\/\/motorcycles-go.com\/european-motorcycle-transport\/motorbike-transport-almeria-spain\/","og_site_name":"Motorcycles-Go.com","article_modified_time":"2024-04-08T16:11:14+00:00","og_image":[{"width":1600,"height":633,"url":"https:\/\/motorcycles-go.com\/wp-content\/uploads\/2020\/06\/sl2.jpg","type":"image\/jpeg"}],"twitter_card":"summary_large_image","twitter_misc":{"Tiempo de lectura":"6 minutos"},"schema":{"@context":"https:\/\/schema.org","@graph":[{"@type":"WebPage","@id":"https:\/\/motorcycles-go.com\/european-motorcycle-transport\/motorbike-transport-almeria-spain\/","url":"https:\/\/motorcycles-go.com\/european-motorcycle-transport\/motorbike-transport-almeria-spain\/","name":"[:en]Motorbike Transport from Almeria, Spain to the UK. Motorcycles-Go.com.[:es]Transporte de motos desde Almer\u00eda, Espa\u00f1a hasta Reino Unido. Motorcycles-Go.com.[:pt]Transporte de moto de Almeria, Espanha para o Reino Unido. Motorcycles-Go.com.[:]","isPartOf":{"@id":"https:\/\/motorcycles-go.com\/#website"},"primaryImageOfPage":{"@id":"https:\/\/motorcycles-go.com\/european-motorcycle-transport\/motorbike-transport-almeria-spain\/#primaryimage"},"image":{"@id":"https:\/\/motorcycles-go.com\/european-motorcycle-transport\/motorbike-transport-almeria-spain\/#primaryimage"},"thumbnailUrl":"https:\/\/motorcycles-go.com\/wp-content\/uploads\/2020\/06\/sl2.jpg","datePublished":"2020-06-25T11:09:39+00:00","dateModified":"2024-04-08T16:11:14+00:00","description":"{:en}Motorcycles-Go.com run regular transport containers from our depot in Antas, Almer\u00eda, Spain. Get your motorbike transport quote.{:es}Motorcycles-Go.com opera contenedores de transporte regular desde nuestro dep\u00f3sito en Antas, Almer\u00eda, Espa\u00f1a. Obt\u00e9n tu cotizaci\u00f3n de transporte en moto.{:pt}Motorcycles-Go.com opera cont\u00eaineres de transporte regulares de nosso dep\u00f3sito em Antas, Almer\u00eda, Espanha. Obtenha sua cota\u00e7\u00e3o de transporte de moto.{:}","breadcrumb":{"@id":"https:\/\/motorcycles-go.com\/european-motorcycle-transport\/motorbike-transport-almeria-spain\/#breadcrumb"},"inLanguage":"es","potentialAction":[{"@type":"ReadAction","target":["https:\/\/motorcycles-go.com\/european-motorcycle-transport\/motorbike-transport-almeria-spain\/"]}]},{"@type":"ImageObject","inLanguage":"es","@id":"https:\/\/motorcycles-go.com\/european-motorcycle-transport\/motorbike-transport-almeria-spain\/#primaryimage","url":"https:\/\/motorcycles-go.com\/wp-content\/uploads\/2020\/06\/sl2.jpg","contentUrl":"https:\/\/motorcycles-go.com\/wp-content\/uploads\/2020\/06\/sl2.jpg","width":1600,"height":633},{"@type":"BreadcrumbList","@id":"https:\/\/motorcycles-go.com\/european-motorcycle-transport\/motorbike-transport-almeria-spain\/#breadcrumb","itemListElement":[{"@type":"ListItem","position":1,"name":"Home","item":"https:\/\/motorcycles-go.com\/"},{"@type":"ListItem","position":2,"name":"[:en]European Motorcycle Transport[:es]Transporte Europeo de Motocicletas[:pt]Transporte Europeu de Motocicletas[:]","item":"https:\/\/motorcycles-go.com\/european-motorcycle-transport\/"},{"@type":"ListItem","position":3,"name":"Motorbike Transport, Almeria, Spain"}]},{"@type":"WebSite","@id":"https:\/\/motorcycles-go.com\/#website","url":"https:\/\/motorcycles-go.com\/","name":"Motorcycles-Go.com","description":"Motorcycle transport specialists.  UK, Spain, Portugal.","publisher":{"@id":"https:\/\/motorcycles-go.com\/#organization"},"potentialAction":[{"@type":"SearchAction","target":{"@type":"EntryPoint","urlTemplate":"https:\/\/motorcycles-go.com\/?s={search_term_string}"},"query-input":{"@type":"PropertyValueSpecification","valueRequired":true,"valueName":"search_term_string"}}],"inLanguage":"es"},{"@type":"Organization","@id":"https:\/\/motorcycles-go.com\/#organization","name":"Motorcycles-Go.com","url":"https:\/\/motorcycles-go.com\/","logo":{"@type":"ImageObject","inLanguage":"es","@id":"https:\/\/motorcycles-go.com\/#\/schema\/logo\/image\/","url":"https:\/\/motorcycles-go.com\/wp-content\/uploads\/2020\/07\/Motrocycles-Go-Logo-Sml.png","contentUrl":"https:\/\/motorcycles-go.com\/wp-content\/uploads\/2020\/07\/Motrocycles-Go-Logo-Sml.png","width":300,"height":45,"caption":"Motorcycles-Go.com"},"image":{"@id":"https:\/\/motorcycles-go.com\/#\/schema\/logo\/image\/"}},false]}},"yasr_visitor_votes":{"stars_attributes":{"read_only":false,"span_bottom":false},"number_of_votes":0,"sum_votes":0},"_links":{"self":[{"href":"https:\/\/motorcycles-go.com\/es\/wp-json\/wp\/v2\/pages\/15","targetHints":{"allow":["GET"]}}],"collection":[{"href":"https:\/\/motorcycles-go.com\/es\/wp-json\/wp\/v2\/pages"}],"about":[{"href":"https:\/\/motorcycles-go.com\/es\/wp-json\/wp\/v2\/types\/page"}],"author":[{"embeddable":true,"href":"https:\/\/motorcycles-go.com\/es\/wp-json\/wp\/v2\/users\/1"}],"replies":[{"embeddable":true,"href":"https:\/\/motorcycles-go.com\/es\/wp-json\/wp\/v2\/comments?post=15"}],"version-history":[{"count":9,"href":"https:\/\/motorcycles-go.com\/es\/wp-json\/wp\/v2\/pages\/15\/revisions"}],"predecessor-version":[{"id":527,"href":"https:\/\/motorcycles-go.com\/es\/wp-json\/wp\/v2\/pages\/15\/revisions\/527"}],"up":[{"embeddable":true,"href":"https:\/\/motorcycles-go.com\/es\/wp-json\/wp\/v2\/pages\/9"}],"wp:featuredmedia":[{"embeddable":true,"href":"https:\/\/motorcycles-go.com\/es\/wp-json\/wp\/v2\/media\/56"}],"wp:attachment":[{"href":"https:\/\/motorcycles-go.com\/es\/wp-json\/wp\/v2\/media?parent=15"}],"curies":[{"name":"wp","href":"https:\/\/api.w.org\/{rel}","templated":true}]}}