{"id":152,"date":"2020-07-15T11:14:42","date_gmt":"2020-07-15T11:14:42","guid":{"rendered":"https:\/\/motorcycles-go.com\/?page_id=152"},"modified":"2022-06-22T11:59:19","modified_gmt":"2022-06-22T11:59:19","slug":"how-it-works","status":"publish","type":"page","link":"https:\/\/motorcycles-go.com\/es\/como-funciona\/","title":{"rendered":"[:en]How it Works[:es]C\u00f3mo funciona[:pt]Como funciona[:ga]Conas a oibr\u00edonn s\u00e9[:]"},"content":{"rendered":"<p>Transportar tu moto por Europa. \u00a1M\u00e1s detalles muy pronto!<\/p>","protected":false},"excerpt":{"rendered":"<p>Transportar tu moto por Europa. \u00a1M\u00e1s detalles muy pronto!<\/p>\n","protected":false},"author":1,"featured_media":0,"parent":0,"menu_order":60,"comment_status":"closed","ping_status":"closed","template":"","meta":{"yasr_overall_rating":0,"yasr_post_is_review":"","yasr_auto_insert_disabled":"","yasr_review_type":"","footnotes":""},"class_list":["post-152","page","type-page","status-publish","hentry"],"yoast_head":"<!-- This site is optimized with the Yoast SEO plugin v27.5 - https:\/\/yoast.com\/product\/yoast-seo-wordpress\/ -->\n<title>C\u00f3mo funciona - Motorcycles-Go.com<\/title>\n<meta name=\"robots\" content=\"index, follow, max-snippet:-1, max-image-preview:large, max-video-preview:-1\" \/>\n<link rel=\"canonical\" href=\"https:\/\/motorcycles-go.com\/ga\/conas-a-oibrionn-se\/\" \/>\n<meta property=\"og:locale\" content=\"es_ES\" \/>\n<meta property=\"og:type\" content=\"article\" \/>\n<meta property=\"og:title\" content=\"C\u00f3mo funciona - Motorcycles-Go.com\" \/>\n<meta property=\"og:description\" content=\"Transportar tu moto por Europa. \u00a1M\u00e1s detalles muy pronto!\" \/>\n<meta property=\"og:url\" content=\"https:\/\/motorcycles-go.com\/ga\/conas-a-oibrionn-se\/\" \/>\n<meta property=\"og:site_name\" content=\"Motorcycles-Go.com\" \/>\n<meta property=\"article:modified_time\" content=\"2022-06-22T11:59:19+00:00\" \/>\n<meta name=\"twitter:card\" content=\"summary_large_image\" \/>\n<script type=\"application\/ld+json\" class=\"yoast-schema-graph\">{\"@context\":\"https:\\\/\\\/schema.org\",\"@graph\":[{\"@type\":\"WebPage\",\"@id\":\"https:\\\/\\\/motorcycles-go.com\\\/ga\\\/conas-a-oibrionn-se\\\/\",\"url\":\"https:\\\/\\\/motorcycles-go.com\\\/ga\\\/conas-a-oibrionn-se\\\/\",\"name\":\"C\u00f3mo funciona - Motorcycles-Go.com\",\"isPartOf\":{\"@id\":\"https:\\\/\\\/motorcycles-go.com\\\/#website\"},\"datePublished\":\"2020-07-15T11:14:42+00:00\",\"dateModified\":\"2022-06-22T11:59:19+00:00\",\"breadcrumb\":{\"@id\":\"https:\\\/\\\/motorcycles-go.com\\\/ga\\\/conas-a-oibrionn-se\\\/#breadcrumb\"},\"inLanguage\":\"es\",\"potentialAction\":[{\"@type\":\"ReadAction\",\"target\":[\"https:\\\/\\\/motorcycles-go.com\\\/ga\\\/conas-a-oibrionn-se\\\/\"]}]},{\"@type\":\"BreadcrumbList\",\"@id\":\"https:\\\/\\\/motorcycles-go.com\\\/ga\\\/conas-a-oibrionn-se\\\/#breadcrumb\",\"itemListElement\":[{\"@type\":\"ListItem\",\"position\":1,\"name\":\"Home\",\"item\":\"https:\\\/\\\/motorcycles-go.com\\\/\"},{\"@type\":\"ListItem\",\"position\":2,\"name\":\"Conas a oibr\u00edonn s\u00e9\"}]},{\"@type\":\"WebSite\",\"@id\":\"https:\\\/\\\/motorcycles-go.com\\\/#website\",\"url\":\"https:\\\/\\\/motorcycles-go.com\\\/\",\"name\":\"Motorcycles-Go.com\",\"description\":\"Motorcycle transport specialists.  UK, Spain, Portugal.\",\"publisher\":{\"@id\":\"https:\\\/\\\/motorcycles-go.com\\\/#organization\"},\"potentialAction\":[{\"@type\":\"SearchAction\",\"target\":{\"@type\":\"EntryPoint\",\"urlTemplate\":\"https:\\\/\\\/motorcycles-go.com\\\/?s={search_term_string}\"},\"query-input\":{\"@type\":\"PropertyValueSpecification\",\"valueRequired\":true,\"valueName\":\"search_term_string\"}}],\"inLanguage\":\"es\"},{\"@type\":\"Organization\",\"@id\":\"https:\\\/\\\/motorcycles-go.com\\\/#organization\",\"name\":\"Motorcycles-Go.com\",\"url\":\"https:\\\/\\\/motorcycles-go.com\\\/\",\"logo\":{\"@type\":\"ImageObject\",\"inLanguage\":\"es\",\"@id\":\"https:\\\/\\\/motorcycles-go.com\\\/#\\\/schema\\\/logo\\\/image\\\/\",\"url\":\"https:\\\/\\\/motorcycles-go.com\\\/wp-content\\\/uploads\\\/2020\\\/07\\\/Motrocycles-Go-Logo-Sml.png\",\"contentUrl\":\"https:\\\/\\\/motorcycles-go.com\\\/wp-content\\\/uploads\\\/2020\\\/07\\\/Motrocycles-Go-Logo-Sml.png\",\"width\":300,\"height\":45,\"caption\":\"Motorcycles-Go.com\"},\"image\":{\"@id\":\"https:\\\/\\\/motorcycles-go.com\\\/#\\\/schema\\\/logo\\\/image\\\/\"}},false]}<\/script>\n<!-- \/ Yoast SEO plugin. -->","yoast_head_json":{"title":"C\u00f3mo funciona - Motorcycles-Go.com","robots":{"index":"index","follow":"follow","max-snippet":"max-snippet:-1","max-image-preview":"max-image-preview:large","max-video-preview":"max-video-preview:-1"},"canonical":"https:\/\/motorcycles-go.com\/ga\/conas-a-oibrionn-se\/","og_locale":"es_ES","og_type":"article","og_title":"C\u00f3mo funciona - Motorcycles-Go.com","og_description":"Transportar tu moto por Europa. \u00a1M\u00e1s detalles muy pronto!","og_url":"https:\/\/motorcycles-go.com\/ga\/conas-a-oibrionn-se\/","og_site_name":"Motorcycles-Go.com","article_modified_time":"2022-06-22T11:59:19+00:00","twitter_card":"summary_large_image","schema":{"@context":"https:\/\/schema.org","@graph":[{"@type":"WebPage","@id":"https:\/\/motorcycles-go.com\/ga\/conas-a-oibrionn-se\/","url":"https:\/\/motorcycles-go.com\/ga\/conas-a-oibrionn-se\/","name":"C\u00f3mo funciona - Motorcycles-Go.com","isPartOf":{"@id":"https:\/\/motorcycles-go.com\/#website"},"datePublished":"2020-07-15T11:14:42+00:00","dateModified":"2022-06-22T11:59:19+00:00","breadcrumb":{"@id":"https:\/\/motorcycles-go.com\/ga\/conas-a-oibrionn-se\/#breadcrumb"},"inLanguage":"es","potentialAction":[{"@type":"ReadAction","target":["https:\/\/motorcycles-go.com\/ga\/conas-a-oibrionn-se\/"]}]},{"@type":"BreadcrumbList","@id":"https:\/\/motorcycles-go.com\/ga\/conas-a-oibrionn-se\/#breadcrumb","itemListElement":[{"@type":"ListItem","position":1,"name":"Home","item":"https:\/\/motorcycles-go.com\/"},{"@type":"ListItem","position":2,"name":"Conas a oibr\u00edonn s\u00e9"}]},{"@type":"WebSite","@id":"https:\/\/motorcycles-go.com\/#website","url":"https:\/\/motorcycles-go.com\/","name":"Motorcycles-Go.com","description":"Motorcycle transport specialists.  UK, Spain, Portugal.","publisher":{"@id":"https:\/\/motorcycles-go.com\/#organization"},"potentialAction":[{"@type":"SearchAction","target":{"@type":"EntryPoint","urlTemplate":"https:\/\/motorcycles-go.com\/?s={search_term_string}"},"query-input":{"@type":"PropertyValueSpecification","valueRequired":true,"valueName":"search_term_string"}}],"inLanguage":"es"},{"@type":"Organization","@id":"https:\/\/motorcycles-go.com\/#organization","name":"Motorcycles-Go.com","url":"https:\/\/motorcycles-go.com\/","logo":{"@type":"ImageObject","inLanguage":"es","@id":"https:\/\/motorcycles-go.com\/#\/schema\/logo\/image\/","url":"https:\/\/motorcycles-go.com\/wp-content\/uploads\/2020\/07\/Motrocycles-Go-Logo-Sml.png","contentUrl":"https:\/\/motorcycles-go.com\/wp-content\/uploads\/2020\/07\/Motrocycles-Go-Logo-Sml.png","width":300,"height":45,"caption":"Motorcycles-Go.com"},"image":{"@id":"https:\/\/motorcycles-go.com\/#\/schema\/logo\/image\/"}},false]}},"yasr_visitor_votes":{"stars_attributes":{"read_only":false,"span_bottom":false},"number_of_votes":0,"sum_votes":0},"_links":{"self":[{"href":"https:\/\/motorcycles-go.com\/es\/wp-json\/wp\/v2\/pages\/152","targetHints":{"allow":["GET"]}}],"collection":[{"href":"https:\/\/motorcycles-go.com\/es\/wp-json\/wp\/v2\/pages"}],"about":[{"href":"https:\/\/motorcycles-go.com\/es\/wp-json\/wp\/v2\/types\/page"}],"author":[{"embeddable":true,"href":"https:\/\/motorcycles-go.com\/es\/wp-json\/wp\/v2\/users\/1"}],"replies":[{"embeddable":true,"href":"https:\/\/motorcycles-go.com\/es\/wp-json\/wp\/v2\/comments?post=152"}],"version-history":[{"count":3,"href":"https:\/\/motorcycles-go.com\/es\/wp-json\/wp\/v2\/pages\/152\/revisions"}],"predecessor-version":[{"id":476,"href":"https:\/\/motorcycles-go.com\/es\/wp-json\/wp\/v2\/pages\/152\/revisions\/476"}],"wp:attachment":[{"href":"https:\/\/motorcycles-go.com\/es\/wp-json\/wp\/v2\/media?parent=152"}],"curies":[{"name":"wp","href":"https:\/\/api.w.org\/{rel}","templated":true}]}}