{"id":171,"date":"2020-07-16T09:45:21","date_gmt":"2020-07-16T09:45:21","guid":{"rendered":"https:\/\/motorcycles-go.com\/?page_id=171"},"modified":"2024-04-08T16:13:19","modified_gmt":"2024-04-08T16:13:19","slug":"salford-manchester","status":"publish","type":"page","link":"https:\/\/motorcycles-go.com\/es\/depositos-de-almacenamiento-y-transporte-de-motocicletas-europeos\/salford-manchester-transport-depot\/","title":{"rendered":"Salford, Manchester Transport Depot"},"content":{"rendered":"<p><strong>Salford, Manchester Motorbike Transport Depot.\u00a0 Our main England depot in Salford is ideally located to serve the Greater Manchester area and the north west of England. We can collect your motorcycle from you door, or you can deliver to our depot, the choice is yours!<\/strong><\/p>\n<figure id=\"attachment_186\" aria-describedby=\"caption-attachment-186\" style=\"width: 1200px\" class=\"wp-caption alignnone\"><img loading=\"lazy\" decoding=\"async\" class=\"wp-image-186 size-full\" src=\"https:\/\/motorcycles-go.com\/wp-content\/uploads\/2020\/07\/Motorcycle-Transport-Depot-Salford-Manchester-England-OG01.jpg\" alt=\"Motorcycle Transport Depot Salford Manchester England OG01\" width=\"1200\" height=\"630\" srcset=\"https:\/\/motorcycles-go.com\/wp-content\/uploads\/2020\/07\/Motorcycle-Transport-Depot-Salford-Manchester-England-OG01.jpg 1200w, https:\/\/motorcycles-go.com\/wp-content\/uploads\/2020\/07\/Motorcycle-Transport-Depot-Salford-Manchester-England-OG01-300x158.jpg 300w, https:\/\/motorcycles-go.com\/wp-content\/uploads\/2020\/07\/Motorcycle-Transport-Depot-Salford-Manchester-England-OG01-1024x538.jpg 1024w, https:\/\/motorcycles-go.com\/wp-content\/uploads\/2020\/07\/Motorcycle-Transport-Depot-Salford-Manchester-England-OG01-768x403.jpg 768w, https:\/\/motorcycles-go.com\/wp-content\/uploads\/2020\/07\/Motorcycle-Transport-Depot-Salford-Manchester-England-OG01-1x1.jpg 1w\" sizes=\"auto, (max-width: 1200px) 100vw, 1200px\" \/><figcaption id=\"caption-attachment-186\" class=\"wp-caption-text\">Motorcycle Transport Depot, Salford, Manchester, England.<\/figcaption><\/figure>\n<h3>Motorbike Shipping Service to Spain &amp; Portugal<\/h3>\n<p>Our UK transport operation is based at Kansas Avenue, Salford, serving the entire greater Manchester and north west area.<\/p>\n<h3>Get your Motorcycle Shipping Quote!<\/h3>\n\n<div class=\"wpcf7 no-js\" id=\"wpcf7-f106-o1\" lang=\"en-US\" dir=\"ltr\" data-wpcf7-id=\"106\">\n<div class=\"screen-reader-response\"><p role=\"status\" aria-live=\"polite\" aria-atomic=\"true\"><\/p> <ul><\/ul><\/div>\n<form action=\"\/es\/wp-json\/wp\/v2\/pages\/171#wpcf7-f106-o1\" method=\"post\" class=\"wpcf7-form init\" aria-label=\"Contact form\" novalidate=\"novalidate\" data-status=\"init\">\n<fieldset class=\"hidden-fields-container\"><input type=\"hidden\" name=\"_wpcf7\" value=\"106\" \/><input type=\"hidden\" name=\"_wpcf7_version\" value=\"6.1.5\" \/><input type=\"hidden\" name=\"_wpcf7_locale\" value=\"en_US\" \/><input type=\"hidden\" name=\"_wpcf7_unit_tag\" value=\"wpcf7-f106-o1\" \/><input type=\"hidden\" name=\"_wpcf7_container_post\" value=\"0\" \/><input type=\"hidden\" name=\"_wpcf7_posted_data_hash\" value=\"\" \/>\n<\/fieldset>\n<div id=\"quote\">\n\t<p><span class=\"wpcf7-form-control-wrap\" data-name=\"mcg-name\"><input size=\"40\" maxlength=\"400\" class=\"wpcf7-form-control wpcf7-text wpcf7-validates-as-required mcg\" id=\"mcg-name\" aria-required=\"true\" aria-invalid=\"false\" placeholder=\"su nombre\" value=\"\" type=\"text\" name=\"mcg-name\" \/><\/span><br \/>\n<span class=\"wpcf7-form-control-wrap\" data-name=\"mcg-phone\"><input size=\"40\" maxlength=\"400\" class=\"wpcf7-form-control wpcf7-tel wpcf7-validates-as-required wpcf7-text wpcf7-validates-as-tel mcg\" id=\"mcg-phone\" aria-required=\"true\" aria-invalid=\"false\" placeholder=\"un n\u00famero de tel\u00e9fono\" value=\"\" type=\"tel\" name=\"mcg-phone\" \/><\/span><br \/>\n<span class=\"wpcf7-form-control-wrap\" data-name=\"mcg-email\"><input size=\"40\" maxlength=\"400\" class=\"wpcf7-form-control wpcf7-email wpcf7-validates-as-required wpcf7-text wpcf7-validates-as-email mcg\" id=\"mcg-email\" aria-required=\"true\" aria-invalid=\"false\" placeholder=\"tu correo electr\u00f3nico\" value=\"\" type=\"email\" name=\"mcg-email\" \/><\/span><br \/>\n\t<hr \/><br \/>\n<span class=\"wpcf7-form-control-wrap\" data-name=\"mcg-make\"><input size=\"40\" maxlength=\"400\" class=\"wpcf7-form-control wpcf7-text wpcf7-validates-as-required mcg\" id=\"mcg-make\" aria-required=\"true\" aria-invalid=\"false\" placeholder=\"marca y modelo de tu motocicleta\" value=\"\" type=\"text\" name=\"mcg-make\" \/><\/span><br \/>\n<span class=\"wpcf7-form-control-wrap\" data-name=\"mcg-collection\"><input size=\"40\" maxlength=\"400\" class=\"wpcf7-form-control wpcf7-text wpcf7-validates-as-required mcg\" id=\"mcg-collection\" aria-required=\"true\" aria-invalid=\"false\" placeholder=\"colecci\u00f3n DE\" value=\"\" type=\"text\" name=\"mcg-collection\" \/><\/span><span class=\"wpcf7-form-control-wrap\" data-name=\"mcg-delivery\"><input size=\"40\" maxlength=\"400\" class=\"wpcf7-form-control wpcf7-text wpcf7-validates-as-required mcg\" id=\"mcg-delivery\" aria-required=\"true\" aria-invalid=\"false\" placeholder=\"Entregar A\" value=\"\" type=\"text\" name=\"mcg-delivery\" \/><\/span><br \/>\n<br style=\"clear:both;\" \/>\n\t<hr \/><br \/>\n<span class=\"wpcf7-form-control-wrap\" data-name=\"fromdepot\"><span class=\"wpcf7-form-control wpcf7-checkbox wpcf7-exclusive-checkbox mcg\" id=\"mcg-fromdepot\"><span class=\"wpcf7-list-item first\"><input type=\"checkbox\" name=\"fromdepot\" value=\"Me gustar\u00eda recoger y entregar a mi puerta.\" \/><span class=\"wpcf7-list-item-label\">Me gustar\u00eda recoger y entregar a mi puerta.<\/span><\/span><span class=\"wpcf7-list-item last\"><input type=\"checkbox\" name=\"fromdepot\" value=\"Puedo entregar y recoger en sus dep\u00f3sitos.\" \/><span class=\"wpcf7-list-item-label\">Puedo entregar y recoger en sus dep\u00f3sitos.<\/span><\/span><\/span><\/span><br \/>\n\t<hr \/><br \/>\n<span class=\"wpcf7-form-control-wrap\" data-name=\"mcgruns\"><span class=\"wpcf7-form-control wpcf7-checkbox wpcf7-exclusive-checkbox mcg\" id=\"mcg-runs\"><span class=\"wpcf7-list-item first\"><input type=\"checkbox\" name=\"mcgruns\" value=\"Mi motocicleta funciona correctamente.\" \/><span class=\"wpcf7-list-item-label\">Mi motocicleta funciona correctamente.<\/span><\/span><span class=\"wpcf7-list-item last\"><input type=\"checkbox\" name=\"mcgruns\" value=\"Mi motocicleta NO FUNCIONA.\" \/><span class=\"wpcf7-list-item-label\">Mi motocicleta NO FUNCIONA.<\/span><\/span><\/span><\/span><br \/>\n\t<hr \/>\n\t<\/p>\n\t<p>Si tiene una fecha espec\u00edfica en mente, av\u00edsenos; de lo contrario, d\u00e9nos una idea de cu\u00e1ndo desea que le env\u00eden la bicicleta. Por ejemplo, \"Finales de marzo\".\n\t<\/p>\n\t<p><span class=\"wpcf7-form-control-wrap\" data-name=\"mcg-date\"><input size=\"40\" maxlength=\"400\" class=\"wpcf7-form-control wpcf7-text wpcf7-validates-as-required mcg\" id=\"mcg-date\" aria-required=\"true\" aria-invalid=\"false\" placeholder=\"fecha de recogida \/ entrega\" value=\"\" type=\"text\" name=\"mcg-date\" \/><\/span><br \/>\n<span class=\"wpcf7-form-control-wrap\" data-name=\"capital-quiz\"><label><span class=\"wpcf7-quiz-label\"><\/span> <input size=\"40\" class=\"wpcf7-form-control wpcf7-quiz\" autocomplete=\"off\" aria-required=\"true\" aria-invalid=\"false\" type=\"text\" name=\"capital-quiz\" \/><\/label><input type=\"hidden\" name=\"_wpcf7_quiz_answer_capital-quiz\" value=\"3545757b8cdd0395faa573380bc5a90d\" \/><\/span><br \/>\n\t<div class=\"wpcf7-response-output\" aria-hidden=\"true\"><\/div><br \/>\n<input class=\"wpcf7-form-control wpcf7-submit has-spinner mcg\" id=\"mcg-submit\" type=\"submit\" value=\"Obtenga su cotizaci\u00f3n!\" \/>\n\t<\/p>\n<\/div>\n<\/form>\n<\/div>\n\n<p>&nbsp;<\/p>\n<p>&nbsp;<\/p>\n<p>&nbsp;<\/p>\n<h3>Our Three Motorbike Transport Depots<\/h3>\n<p>Spanning Europe from the north of England to the southern coasts of Spain and Portugal, Motorcycles-Go.com are your first choice if you need your precious bike moving!\u00a0 Let us quote, we know you&#8217;ll be happily surprised!<\/p>\n<ul>\n<li><a href=\"https:\/\/motorcycles-go.com\/three-transport-storage-depots\/loule-algarve-portugal\/\"><strong>Motorcycles-Go Portugal<\/strong><\/a><br \/>\nCamino Dos Giros, Quattro Estradas, Loule 8100-579, Portugal.\u00a0 Telephone Portugal: (+351) 930 658 660.<\/li>\n<\/ul>\n<p>&nbsp;<\/p>\n","protected":false},"excerpt":{"rendered":"<p>Salford, Manchester Motorbike Transport Depot.\u00a0 Our main England depot in Salford is ideally located to serve the Greater Manchester area and the north west of England. We can collect your motorcycle from you door, or you can deliver to our depot, the choice is yours! Motorbike Shipping Service to Spain &amp; Portugal Our UK transport [&hellip;]<\/p>\n","protected":false},"author":1,"featured_media":0,"parent":154,"menu_order":0,"comment_status":"closed","ping_status":"closed","template":"","meta":{"yasr_overall_rating":0,"yasr_post_is_review":"","yasr_auto_insert_disabled":"","yasr_review_type":"","footnotes":""},"class_list":["post-171","page","type-page","status-publish","hentry"],"yoast_head":"<!-- This site is optimized with the Yoast SEO plugin v27.5 - https:\/\/yoast.com\/product\/yoast-seo-wordpress\/ -->\n<title>Salford, Manchester Transport Depot - Motorcycles-Go.com<\/title>\n<meta name=\"robots\" content=\"index, follow, max-snippet:-1, max-image-preview:large, max-video-preview:-1\" \/>\n<link rel=\"canonical\" href=\"https:\/\/motorcycles-go.com\/european-motorcycle-transport-storage-depots\/salford-manchester-transport-depot\/\" \/>\n<meta property=\"og:locale\" content=\"es_ES\" \/>\n<meta property=\"og:type\" content=\"article\" \/>\n<meta property=\"og:title\" content=\"Salford, Manchester Transport Depot - Motorcycles-Go.com\" \/>\n<meta property=\"og:description\" content=\"Salford, Manchester Motorbike Transport Depot.\u00a0 Our main England depot in Salford is ideally located to serve the Greater Manchester area and the north west of England. We can collect your motorcycle from you door, or you can deliver to our depot, the choice is yours! Motorbike Shipping Service to Spain &amp; Portugal Our UK transport [&hellip;]\" \/>\n<meta property=\"og:url\" content=\"https:\/\/motorcycles-go.com\/european-motorcycle-transport-storage-depots\/salford-manchester-transport-depot\/\" \/>\n<meta property=\"og:site_name\" content=\"Motorcycles-Go.com\" \/>\n<meta property=\"article:modified_time\" content=\"2024-04-08T16:13:19+00:00\" \/>\n<meta property=\"og:image\" content=\"https:\/\/motorcycles-go.com\/wp-content\/uploads\/2020\/07\/Motorcycle-Transport-Depot-Salford-Manchester-England-OG01.jpg\" \/>\n<meta name=\"twitter:card\" content=\"summary_large_image\" \/>\n<meta name=\"twitter:label1\" content=\"Tiempo de lectura\" \/>\n\t<meta name=\"twitter:data1\" content=\"1 minuto\" \/>\n<script type=\"application\/ld+json\" class=\"yoast-schema-graph\">{\"@context\":\"https:\\\/\\\/schema.org\",\"@graph\":[{\"@type\":\"WebPage\",\"@id\":\"https:\\\/\\\/motorcycles-go.com\\\/european-motorcycle-transport-storage-depots\\\/salford-manchester-transport-depot\\\/\",\"url\":\"https:\\\/\\\/motorcycles-go.com\\\/european-motorcycle-transport-storage-depots\\\/salford-manchester-transport-depot\\\/\",\"name\":\"Salford, Manchester Transport Depot - Motorcycles-Go.com\",\"isPartOf\":{\"@id\":\"https:\\\/\\\/motorcycles-go.com\\\/#website\"},\"primaryImageOfPage\":{\"@id\":\"https:\\\/\\\/motorcycles-go.com\\\/european-motorcycle-transport-storage-depots\\\/salford-manchester-transport-depot\\\/#primaryimage\"},\"image\":{\"@id\":\"https:\\\/\\\/motorcycles-go.com\\\/european-motorcycle-transport-storage-depots\\\/salford-manchester-transport-depot\\\/#primaryimage\"},\"thumbnailUrl\":\"https:\\\/\\\/motorcycles-go.com\\\/wp-content\\\/uploads\\\/2020\\\/07\\\/Motorcycle-Transport-Depot-Salford-Manchester-England-OG01.jpg\",\"datePublished\":\"2020-07-16T09:45:21+00:00\",\"dateModified\":\"2024-04-08T16:13:19+00:00\",\"breadcrumb\":{\"@id\":\"https:\\\/\\\/motorcycles-go.com\\\/european-motorcycle-transport-storage-depots\\\/salford-manchester-transport-depot\\\/#breadcrumb\"},\"inLanguage\":\"es\",\"potentialAction\":[{\"@type\":\"ReadAction\",\"target\":[\"https:\\\/\\\/motorcycles-go.com\\\/european-motorcycle-transport-storage-depots\\\/salford-manchester-transport-depot\\\/\"]}]},{\"@type\":\"ImageObject\",\"inLanguage\":\"es\",\"@id\":\"https:\\\/\\\/motorcycles-go.com\\\/european-motorcycle-transport-storage-depots\\\/salford-manchester-transport-depot\\\/#primaryimage\",\"url\":\"https:\\\/\\\/motorcycles-go.com\\\/wp-content\\\/uploads\\\/2020\\\/07\\\/Motorcycle-Transport-Depot-Salford-Manchester-England-OG01.jpg\",\"contentUrl\":\"https:\\\/\\\/motorcycles-go.com\\\/wp-content\\\/uploads\\\/2020\\\/07\\\/Motorcycle-Transport-Depot-Salford-Manchester-England-OG01.jpg\"},{\"@type\":\"BreadcrumbList\",\"@id\":\"https:\\\/\\\/motorcycles-go.com\\\/european-motorcycle-transport-storage-depots\\\/salford-manchester-transport-depot\\\/#breadcrumb\",\"itemListElement\":[{\"@type\":\"ListItem\",\"position\":1,\"name\":\"Home\",\"item\":\"https:\\\/\\\/motorcycles-go.com\\\/\"},{\"@type\":\"ListItem\",\"position\":2,\"name\":\"European Motorcycle Transport &#038; Storage Depots\",\"item\":\"https:\\\/\\\/motorcycles-go.com\\\/european-motorcycle-transport-storage-depots\\\/\"},{\"@type\":\"ListItem\",\"position\":3,\"name\":\"Salford, Manchester Transport Depot\"}]},{\"@type\":\"WebSite\",\"@id\":\"https:\\\/\\\/motorcycles-go.com\\\/#website\",\"url\":\"https:\\\/\\\/motorcycles-go.com\\\/\",\"name\":\"Motorcycles-Go.com\",\"description\":\"Motorcycle transport specialists.  UK, Spain, Portugal.\",\"publisher\":{\"@id\":\"https:\\\/\\\/motorcycles-go.com\\\/#organization\"},\"potentialAction\":[{\"@type\":\"SearchAction\",\"target\":{\"@type\":\"EntryPoint\",\"urlTemplate\":\"https:\\\/\\\/motorcycles-go.com\\\/?s={search_term_string}\"},\"query-input\":{\"@type\":\"PropertyValueSpecification\",\"valueRequired\":true,\"valueName\":\"search_term_string\"}}],\"inLanguage\":\"es\"},{\"@type\":\"Organization\",\"@id\":\"https:\\\/\\\/motorcycles-go.com\\\/#organization\",\"name\":\"Motorcycles-Go.com\",\"url\":\"https:\\\/\\\/motorcycles-go.com\\\/\",\"logo\":{\"@type\":\"ImageObject\",\"inLanguage\":\"es\",\"@id\":\"https:\\\/\\\/motorcycles-go.com\\\/#\\\/schema\\\/logo\\\/image\\\/\",\"url\":\"https:\\\/\\\/motorcycles-go.com\\\/wp-content\\\/uploads\\\/2020\\\/07\\\/Motrocycles-Go-Logo-Sml.png\",\"contentUrl\":\"https:\\\/\\\/motorcycles-go.com\\\/wp-content\\\/uploads\\\/2020\\\/07\\\/Motrocycles-Go-Logo-Sml.png\",\"width\":300,\"height\":45,\"caption\":\"Motorcycles-Go.com\"},\"image\":{\"@id\":\"https:\\\/\\\/motorcycles-go.com\\\/#\\\/schema\\\/logo\\\/image\\\/\"}},false]}<\/script>\n<!-- \/ Yoast SEO plugin. -->","yoast_head_json":{"title":"Salford, Manchester Transport Depot - Motorcycles-Go.com","robots":{"index":"index","follow":"follow","max-snippet":"max-snippet:-1","max-image-preview":"max-image-preview:large","max-video-preview":"max-video-preview:-1"},"canonical":"https:\/\/motorcycles-go.com\/european-motorcycle-transport-storage-depots\/salford-manchester-transport-depot\/","og_locale":"es_ES","og_type":"article","og_title":"Salford, Manchester Transport Depot - Motorcycles-Go.com","og_description":"Salford, Manchester Motorbike Transport Depot.\u00a0 Our main England depot in Salford is ideally located to serve the Greater Manchester area and the north west of England. We can collect your motorcycle from you door, or you can deliver to our depot, the choice is yours! Motorbike Shipping Service to Spain &amp; Portugal Our UK transport [&hellip;]","og_url":"https:\/\/motorcycles-go.com\/european-motorcycle-transport-storage-depots\/salford-manchester-transport-depot\/","og_site_name":"Motorcycles-Go.com","article_modified_time":"2024-04-08T16:13:19+00:00","og_image":[{"url":"https:\/\/motorcycles-go.com\/wp-content\/uploads\/2020\/07\/Motorcycle-Transport-Depot-Salford-Manchester-England-OG01.jpg","type":"","width":"","height":""}],"twitter_card":"summary_large_image","twitter_misc":{"Tiempo de lectura":"1 minuto"},"schema":{"@context":"https:\/\/schema.org","@graph":[{"@type":"WebPage","@id":"https:\/\/motorcycles-go.com\/european-motorcycle-transport-storage-depots\/salford-manchester-transport-depot\/","url":"https:\/\/motorcycles-go.com\/european-motorcycle-transport-storage-depots\/salford-manchester-transport-depot\/","name":"Salford, Manchester Transport Depot - Motorcycles-Go.com","isPartOf":{"@id":"https:\/\/motorcycles-go.com\/#website"},"primaryImageOfPage":{"@id":"https:\/\/motorcycles-go.com\/european-motorcycle-transport-storage-depots\/salford-manchester-transport-depot\/#primaryimage"},"image":{"@id":"https:\/\/motorcycles-go.com\/european-motorcycle-transport-storage-depots\/salford-manchester-transport-depot\/#primaryimage"},"thumbnailUrl":"https:\/\/motorcycles-go.com\/wp-content\/uploads\/2020\/07\/Motorcycle-Transport-Depot-Salford-Manchester-England-OG01.jpg","datePublished":"2020-07-16T09:45:21+00:00","dateModified":"2024-04-08T16:13:19+00:00","breadcrumb":{"@id":"https:\/\/motorcycles-go.com\/european-motorcycle-transport-storage-depots\/salford-manchester-transport-depot\/#breadcrumb"},"inLanguage":"es","potentialAction":[{"@type":"ReadAction","target":["https:\/\/motorcycles-go.com\/european-motorcycle-transport-storage-depots\/salford-manchester-transport-depot\/"]}]},{"@type":"ImageObject","inLanguage":"es","@id":"https:\/\/motorcycles-go.com\/european-motorcycle-transport-storage-depots\/salford-manchester-transport-depot\/#primaryimage","url":"https:\/\/motorcycles-go.com\/wp-content\/uploads\/2020\/07\/Motorcycle-Transport-Depot-Salford-Manchester-England-OG01.jpg","contentUrl":"https:\/\/motorcycles-go.com\/wp-content\/uploads\/2020\/07\/Motorcycle-Transport-Depot-Salford-Manchester-England-OG01.jpg"},{"@type":"BreadcrumbList","@id":"https:\/\/motorcycles-go.com\/european-motorcycle-transport-storage-depots\/salford-manchester-transport-depot\/#breadcrumb","itemListElement":[{"@type":"ListItem","position":1,"name":"Home","item":"https:\/\/motorcycles-go.com\/"},{"@type":"ListItem","position":2,"name":"European Motorcycle Transport &#038; Storage Depots","item":"https:\/\/motorcycles-go.com\/european-motorcycle-transport-storage-depots\/"},{"@type":"ListItem","position":3,"name":"Salford, Manchester Transport Depot"}]},{"@type":"WebSite","@id":"https:\/\/motorcycles-go.com\/#website","url":"https:\/\/motorcycles-go.com\/","name":"Motorcycles-Go.com","description":"Motorcycle transport specialists.  UK, Spain, Portugal.","publisher":{"@id":"https:\/\/motorcycles-go.com\/#organization"},"potentialAction":[{"@type":"SearchAction","target":{"@type":"EntryPoint","urlTemplate":"https:\/\/motorcycles-go.com\/?s={search_term_string}"},"query-input":{"@type":"PropertyValueSpecification","valueRequired":true,"valueName":"search_term_string"}}],"inLanguage":"es"},{"@type":"Organization","@id":"https:\/\/motorcycles-go.com\/#organization","name":"Motorcycles-Go.com","url":"https:\/\/motorcycles-go.com\/","logo":{"@type":"ImageObject","inLanguage":"es","@id":"https:\/\/motorcycles-go.com\/#\/schema\/logo\/image\/","url":"https:\/\/motorcycles-go.com\/wp-content\/uploads\/2020\/07\/Motrocycles-Go-Logo-Sml.png","contentUrl":"https:\/\/motorcycles-go.com\/wp-content\/uploads\/2020\/07\/Motrocycles-Go-Logo-Sml.png","width":300,"height":45,"caption":"Motorcycles-Go.com"},"image":{"@id":"https:\/\/motorcycles-go.com\/#\/schema\/logo\/image\/"}},false]}},"yasr_visitor_votes":{"stars_attributes":{"read_only":false,"span_bottom":false},"number_of_votes":0,"sum_votes":0},"_links":{"self":[{"href":"https:\/\/motorcycles-go.com\/es\/wp-json\/wp\/v2\/pages\/171","targetHints":{"allow":["GET"]}}],"collection":[{"href":"https:\/\/motorcycles-go.com\/es\/wp-json\/wp\/v2\/pages"}],"about":[{"href":"https:\/\/motorcycles-go.com\/es\/wp-json\/wp\/v2\/types\/page"}],"author":[{"embeddable":true,"href":"https:\/\/motorcycles-go.com\/es\/wp-json\/wp\/v2\/users\/1"}],"replies":[{"embeddable":true,"href":"https:\/\/motorcycles-go.com\/es\/wp-json\/wp\/v2\/comments?post=171"}],"version-history":[{"count":6,"href":"https:\/\/motorcycles-go.com\/es\/wp-json\/wp\/v2\/pages\/171\/revisions"}],"predecessor-version":[{"id":531,"href":"https:\/\/motorcycles-go.com\/es\/wp-json\/wp\/v2\/pages\/171\/revisions\/531"}],"up":[{"embeddable":true,"href":"https:\/\/motorcycles-go.com\/es\/wp-json\/wp\/v2\/pages\/154"}],"wp:attachment":[{"href":"https:\/\/motorcycles-go.com\/es\/wp-json\/wp\/v2\/media?parent=171"}],"curies":[{"name":"wp","href":"https:\/\/api.w.org\/{rel}","templated":true}]}}