{"id":19,"date":"2020-06-25T11:10:41","date_gmt":"2020-06-25T11:10:41","guid":{"rendered":"https:\/\/motorcycles-go.com\/?page_id=19"},"modified":"2024-04-08T16:04:42","modified_gmt":"2024-04-08T16:04:42","slug":"motorcycles-go-com","status":"publish","type":"page","link":"https:\/\/motorcycles-go.com\/es\/","title":{"rendered":"Motorcycles-Go.com"},"content":{"rendered":"<p><strong>Motorcylces-Go somos expertos en el transporte de motos desde y hacia Inglaterra y el sur de Espa\u00f1a y Portugal. Operamos tres dep\u00f3sitos de transporte y almacenamiento en Manchester, El Algarve y Costa Almer\u00eda.<\/strong><\/p>\n<figure id=\"attachment_427\" aria-describedby=\"caption-attachment-427\" style=\"width: 1200px\" class=\"wp-caption alignnone\"><img loading=\"lazy\" decoding=\"async\" class=\"wp-image-427 size-full\" src=\"https:\/\/motorcycles-go.com\/wp-content\/uploads\/2021\/05\/Servicios-de-transporte-de-motocicletas-Irlanda-Portugal.jpg\" alt=\"Servicios de transporte de motocicletas Irlanda Portugal\" width=\"1200\" height=\"630\" srcset=\"https:\/\/motorcycles-go.com\/wp-content\/uploads\/2021\/05\/Servicios-de-transporte-de-motocicletas-Irlanda-Portugal.jpg 1200w, https:\/\/motorcycles-go.com\/wp-content\/uploads\/2021\/05\/Servicios-de-transporte-de-motocicletas-Irlanda-Portugal-300x158.jpg 300w, https:\/\/motorcycles-go.com\/wp-content\/uploads\/2021\/05\/Servicios-de-transporte-de-motocicletas-Irlanda-Portugal-1024x538.jpg 1024w, https:\/\/motorcycles-go.com\/wp-content\/uploads\/2021\/05\/Servicios-de-transporte-de-motocicletas-Irlanda-Portugal-768x403.jpg 768w, https:\/\/motorcycles-go.com\/wp-content\/uploads\/2021\/05\/Servicios-de-transporte-de-motocicletas-Irlanda-Portugal-1x1.jpg 1w\" sizes=\"auto, (max-width: 1200px) 100vw, 1200px\" \/><figcaption id=\"caption-attachment-427\" class=\"wp-caption-text\">Servicios de transporte de motocicletas Irlanda Portugal<\/figcaption><\/figure>\n<h2>Motorcycles-Go.com<\/h2>\n<p>Motorcycles-Go.com puede garantizarle un trabajo profesional y eficiente, enviando su motocicleta desde y hacia el Reino Unido y Espa\u00f1a y Portugal. Espere un servicio realmente bueno, nuestro equipo es amable y profesional. Llevamos d\u00e9cadas moviendo bicicletas por Europa y sabemos lo que estamos haciendo.<\/p>\n<figure id=\"attachment_286\" aria-describedby=\"caption-attachment-286\" style=\"width: 1200px\" class=\"wp-caption alignnone\"><img loading=\"lazy\" decoding=\"async\" class=\"wp-image-286 size-full\" src=\"https:\/\/motorcycles-go.com\/wp-content\/uploads\/2020\/08\/Motorbikes-Loaded-for-Transport-from-the-UK-to-Spain-Portugal-OG01.jpg\" alt=\"Motorbikes Loaded for Transport from the UK to Spain &amp; Portugal OG01\" width=\"1200\" height=\"630\" srcset=\"https:\/\/motorcycles-go.com\/wp-content\/uploads\/2020\/08\/Motorbikes-Loaded-for-Transport-from-the-UK-to-Spain-Portugal-OG01.jpg 1200w, https:\/\/motorcycles-go.com\/wp-content\/uploads\/2020\/08\/Motorbikes-Loaded-for-Transport-from-the-UK-to-Spain-Portugal-OG01-300x158.jpg 300w, https:\/\/motorcycles-go.com\/wp-content\/uploads\/2020\/08\/Motorbikes-Loaded-for-Transport-from-the-UK-to-Spain-Portugal-OG01-1024x538.jpg 1024w, https:\/\/motorcycles-go.com\/wp-content\/uploads\/2020\/08\/Motorbikes-Loaded-for-Transport-from-the-UK-to-Spain-Portugal-OG01-768x403.jpg 768w, https:\/\/motorcycles-go.com\/wp-content\/uploads\/2020\/08\/Motorbikes-Loaded-for-Transport-from-the-UK-to-Spain-Portugal-OG01-1x1.jpg 1w\" sizes=\"auto, (max-width: 1200px) 100vw, 1200px\" \/><figcaption id=\"caption-attachment-286\" class=\"wp-caption-text\">Motos cargadas para transporte desde Reino Unido a Espa\u00f1a y Portugal.<\/figcaption><\/figure>\n<p>\u00a1Nuestros precios tambi\u00e9n son excelentes! Simplemente complete el formulario r\u00e1pido y nos pondremos en contacto con usted de inmediato con el mejor presupuesto que obtendr\u00e1.<\/p>\n<h3>Cotizaci\u00f3n de transporte de motos<\/h3>\n\n<div class=\"wpcf7 no-js\" id=\"wpcf7-f106-o2\" lang=\"en-US\" dir=\"ltr\" data-wpcf7-id=\"106\">\n<div class=\"screen-reader-response\"><p role=\"status\" aria-live=\"polite\" aria-atomic=\"true\"><\/p> <ul><\/ul><\/div>\n<form action=\"\/es\/wp-json\/wp\/v2\/pages\/19#wpcf7-f106-o2\" method=\"post\" class=\"wpcf7-form init\" aria-label=\"Contact form\" novalidate=\"novalidate\" data-status=\"init\">\n<fieldset class=\"hidden-fields-container\"><input type=\"hidden\" name=\"_wpcf7\" value=\"106\" \/><input type=\"hidden\" name=\"_wpcf7_version\" value=\"6.1.5\" \/><input type=\"hidden\" name=\"_wpcf7_locale\" value=\"en_US\" \/><input type=\"hidden\" name=\"_wpcf7_unit_tag\" value=\"wpcf7-f106-o2\" \/><input type=\"hidden\" name=\"_wpcf7_container_post\" value=\"0\" \/><input type=\"hidden\" name=\"_wpcf7_posted_data_hash\" value=\"\" \/>\n<\/fieldset>\n<div id=\"quote\">\n\t<p><span class=\"wpcf7-form-control-wrap\" data-name=\"mcg-name\"><input size=\"40\" maxlength=\"400\" class=\"wpcf7-form-control wpcf7-text wpcf7-validates-as-required mcg\" aria-required=\"true\" aria-invalid=\"false\" placeholder=\"su nombre\" value=\"\" type=\"text\" name=\"mcg-name\" \/><\/span><br \/>\n<span class=\"wpcf7-form-control-wrap\" data-name=\"mcg-phone\"><input size=\"40\" maxlength=\"400\" class=\"wpcf7-form-control wpcf7-tel wpcf7-validates-as-required wpcf7-text wpcf7-validates-as-tel mcg\" aria-required=\"true\" aria-invalid=\"false\" placeholder=\"un n\u00famero de tel\u00e9fono\" value=\"\" type=\"tel\" name=\"mcg-phone\" \/><\/span><br \/>\n<span class=\"wpcf7-form-control-wrap\" data-name=\"mcg-email\"><input size=\"40\" maxlength=\"400\" class=\"wpcf7-form-control wpcf7-email wpcf7-validates-as-required wpcf7-text wpcf7-validates-as-email mcg\" aria-required=\"true\" aria-invalid=\"false\" placeholder=\"tu correo electr\u00f3nico\" value=\"\" type=\"email\" name=\"mcg-email\" \/><\/span><br \/>\n\t<hr \/><br \/>\n<span class=\"wpcf7-form-control-wrap\" data-name=\"mcg-make\"><input size=\"40\" maxlength=\"400\" class=\"wpcf7-form-control wpcf7-text wpcf7-validates-as-required mcg\" aria-required=\"true\" aria-invalid=\"false\" placeholder=\"marca y modelo de tu motocicleta\" value=\"\" type=\"text\" name=\"mcg-make\" \/><\/span><br \/>\n<span class=\"wpcf7-form-control-wrap\" data-name=\"mcg-collection\"><input size=\"40\" maxlength=\"400\" class=\"wpcf7-form-control wpcf7-text wpcf7-validates-as-required mcg\" aria-required=\"true\" aria-invalid=\"false\" placeholder=\"colecci\u00f3n DE\" value=\"\" type=\"text\" name=\"mcg-collection\" \/><\/span><span class=\"wpcf7-form-control-wrap\" data-name=\"mcg-delivery\"><input size=\"40\" maxlength=\"400\" class=\"wpcf7-form-control wpcf7-text wpcf7-validates-as-required mcg\" aria-required=\"true\" aria-invalid=\"false\" placeholder=\"Entregar A\" value=\"\" type=\"text\" name=\"mcg-delivery\" \/><\/span><br \/>\n<br style=\"clear:both;\" \/>\n\t<hr \/><br \/>\n<span class=\"wpcf7-form-control-wrap\" data-name=\"fromdepot\"><span class=\"wpcf7-form-control wpcf7-checkbox wpcf7-exclusive-checkbox mcg\"><span class=\"wpcf7-list-item first\"><input type=\"checkbox\" name=\"fromdepot\" value=\"Me gustar\u00eda recoger y entregar a mi puerta.\" \/><span class=\"wpcf7-list-item-label\">Me gustar\u00eda recoger y entregar a mi puerta.<\/span><\/span><span class=\"wpcf7-list-item last\"><input type=\"checkbox\" name=\"fromdepot\" value=\"Puedo entregar y recoger en sus dep\u00f3sitos.\" \/><span class=\"wpcf7-list-item-label\">Puedo entregar y recoger en sus dep\u00f3sitos.<\/span><\/span><\/span><\/span><br \/>\n\t<hr \/><br \/>\n<span class=\"wpcf7-form-control-wrap\" data-name=\"mcgruns\"><span class=\"wpcf7-form-control wpcf7-checkbox wpcf7-exclusive-checkbox mcg\"><span class=\"wpcf7-list-item first\"><input type=\"checkbox\" name=\"mcgruns\" value=\"Mi motocicleta funciona correctamente.\" \/><span class=\"wpcf7-list-item-label\">Mi motocicleta funciona correctamente.<\/span><\/span><span class=\"wpcf7-list-item last\"><input type=\"checkbox\" name=\"mcgruns\" value=\"Mi motocicleta NO FUNCIONA.\" \/><span class=\"wpcf7-list-item-label\">Mi motocicleta NO FUNCIONA.<\/span><\/span><\/span><\/span><br \/>\n\t<hr \/>\n\t<\/p>\n\t<p>Si tiene una fecha espec\u00edfica en mente, av\u00edsenos; de lo contrario, d\u00e9nos una idea de cu\u00e1ndo desea que le env\u00eden la bicicleta. Por ejemplo, \"Finales de marzo\".\n\t<\/p>\n\t<p><span class=\"wpcf7-form-control-wrap\" data-name=\"mcg-date\"><input size=\"40\" maxlength=\"400\" class=\"wpcf7-form-control wpcf7-text wpcf7-validates-as-required mcg\" aria-required=\"true\" aria-invalid=\"false\" placeholder=\"fecha de recogida \/ entrega\" value=\"\" type=\"text\" name=\"mcg-date\" \/><\/span><br \/>\n<span class=\"wpcf7-form-control-wrap\" data-name=\"capital-quiz\"><label><span class=\"wpcf7-quiz-label\"><\/span> <input size=\"40\" class=\"wpcf7-form-control wpcf7-quiz\" autocomplete=\"off\" aria-required=\"true\" aria-invalid=\"false\" type=\"text\" name=\"capital-quiz\" \/><\/label><input type=\"hidden\" name=\"_wpcf7_quiz_answer_capital-quiz\" value=\"3545757b8cdd0395faa573380bc5a90d\" \/><\/span><br \/>\n\t<div class=\"wpcf7-response-output\" aria-hidden=\"true\"><\/div><br \/>\n<input class=\"wpcf7-form-control wpcf7-submit has-spinner mcg\" type=\"submit\" value=\"Obtenga su cotizaci\u00f3n!\" \/>\n\t<\/p>\n<\/div>\n<\/form>\n<\/div>\n\n<p>&nbsp;<\/p>\n<p>\u00a1Disfrute de la tranquilidad de saber que su preciosa bicicleta est\u00e1 en las manos m\u00e1s fiables! Nos encantan las bicicletas, sabemos que cada una es especial, \u00a1incluida la tuya! Le ofrecemos la absoluta seguridad de que su bicicleta llegar\u00e1 a su destino exactamente en el mismo estado en que la recogimos. \u00a1Estamos orgullosos de nuestro compromiso con un trabajo eficiente y confiable bien hecho!<\/p>\n<h3>Env\u00edo de motos en Europa<\/h3>\n<p>\u00a1Nuestros transportes regulares entre el Reino Unido y las costas del sur de Espa\u00f1a y Portugal son su garant\u00eda de la mejor cotizaci\u00f3n posible! Nuestra regularidad significa que podemos planificar y ejecutar los muchos problemas log\u00edsticos de la manera m\u00e1s eficiente posible, es decir, \u00a1solo las mejores cotizaciones!<\/p>\n<p>Hacemos todo lo posible para estar en contacto en todo momento durante el transporte de su motocicleta. En ocasiones, esto simplemente no es posible, pero nos enorgullecemos de nuestra atenci\u00f3n al cliente. Puede contactarnos en casi cualquier momento durante el servicio de env\u00edo. No se preocupe, \u00a1su preciosa bicicleta est\u00e1 en buenas manos!<\/p>\n<p>\u00a1Tambi\u00e9n podemos organizar el almacenamiento de su motocicleta! Disponemos de tres dep\u00f3sitos de almacenamiento en Manchester, Almer\u00eda y Algarve.<\/p>\n<h3>Dep\u00f3sitos de transporte de motocicletas en el Reino Unido, Espa\u00f1a y Portugal<\/h3>\n<p>&nbsp;<\/p>\n<ul>\n<li><strong>Loule, Algarve, Portugal<\/strong><br \/>\nCamino Dos Giros, Quattro Estradas, Loule 8100-579, Portugal. Tel\u00e9fono Portugal: (+351) 930 658 660.<\/li>\n<\/ul>\n<p>&nbsp;<\/p>\n<h3>Servicio de env\u00edo de calidad<\/h3>\n<p>Motorcycles-Go.com ofrece un servicio regular desde y hacia Espa\u00f1a, Portugal e Inglaterra, enviando motos en cada direcci\u00f3n. Nuestro dep\u00f3sito de recepci\u00f3n en el Reino Unido se encuentra en Manchester y nuestro dep\u00f3sito en Espa\u00f1a est\u00e1 en Antas en Almer\u00eda en la costa sur.<\/p>\n<p>Usamos nuestros contenedores de 40 pies para transportar su bicicleta, y tambi\u00e9n podemos llevar sidecars y scooters.<\/p>\n<h3>Motocicletas y otros transportes en Europa<\/h3>\n<p>Motorcycles-Go.com es miembro de un peque\u00f1o pero muy dedicado equipo de especialistas europeos en transporte. Nuestros socios de trabajo, podemos satisfacer las necesidades de casi cualquier persona que busque servicios de transporte en Europa.<\/p>\n<p>Motorcycles-Go.com es el nombre comercial de una sola rama de nuestras operaciones de transporte. Junto con nuestros socios, estamos absolutamente seguros de que podemos ofrecerle el mejor servicio combinado a los mejores precios posibles. Si su bicicleta es solo una de las cosas necesarias para el env\u00edo, \u00a1definitivamente somos las personas con las que hablar! Esperamos saber de usted pronto!<\/p>","protected":false},"excerpt":{"rendered":"<p>Motorcylces-Go somos expertos en el transporte de motos desde y hacia el noroeste de Inglaterra y el sur de Espa\u00f1a y Portugal. Operamos tres dep\u00f3sitos de transporte y almacenamiento en Manchester, El Algarve y Costa Almer\u00eda.<\/p>\n","protected":false},"author":1,"featured_media":101,"parent":0,"menu_order":0,"comment_status":"closed","ping_status":"closed","template":"","meta":{"yasr_overall_rating":0,"yasr_post_is_review":"","yasr_auto_insert_disabled":"","yasr_review_type":"","footnotes":""},"class_list":["post-19","page","type-page","status-publish","has-post-thumbnail","hentry"],"yoast_head":"<!-- This site is optimized with the Yoast SEO plugin v27.4 - https:\/\/yoast.com\/product\/yoast-seo-wordpress\/ -->\n<title>Motorcycles-Go.com. Servicios de transporte de motocicletas - Irlanda, Portugal y Espa\u00f1a.<\/title>\n<meta name=\"description\" content=\"Motorcycles-Go.com. Servicios de transporte de motocicletas desde y hacia Irlanda y Portugal y el sur de Espa\u00f1a. Cotizaciones destacadas!\" \/>\n<meta name=\"robots\" content=\"index, follow, max-snippet:-1, max-image-preview:large, max-video-preview:-1\" \/>\n<link rel=\"canonical\" href=\"https:\/\/motorcycles-go.com\/\" \/>\n<meta property=\"og:locale\" content=\"es_ES\" \/>\n<meta property=\"og:type\" content=\"article\" \/>\n<meta property=\"og:title\" content=\"[:en]Motorcycles-Go.com - Ireland, Portugal Motorbike Transport.[:es]Motorcycles-Go.com. Servicios de transporte de motocicletas - Irlanda, Portugal y Espa\u00f1a.[:pt]Motorcycles-Go.com. Servi\u00e7os de transporte de motocicletas - Irlanda, Portugal e Espanha.[:ga]Motorcycles-Go.com - \u00c9ire, Iompar Gluaiste\u00e1n na Portaing\u00e9ile.[:]\" \/>\n<meta property=\"og:description\" content=\"{:en}Motorcycles-Go.com. Motorcycle transport services to and from Ireland and Portugal &amp; southern Spain. Outstanding Quotes!{:es}Motorcycles-Go.com. Servicios de transporte de motocicletas desde y hacia Irlanda y Portugal y el sur de Espa\u00f1a. Cotizaciones destacadas!{:pt}Motorcycles-Go.com. Servi\u00e7os de transporte de motocicletas de e para a Irlanda e Portugal e sul da Espanha. Cita\u00e7\u00f5es excelentes!{:ga}Gluaisrothair-Go.com. Seirbh\u00eds\u00ed iompair gluaisrothair chuig agus \u00f3 \u00c9irinn agus an Phortaing\u00e9il agus deisceart na Sp\u00e1inne. Sleachta den Scoth!{:}\" \/>\n<meta property=\"og:url\" content=\"https:\/\/motorcycles-go.com\/\" \/>\n<meta property=\"og:site_name\" content=\"Motorcycles-Go.com\" \/>\n<meta property=\"article:modified_time\" content=\"2024-04-08T16:04:42+00:00\" \/>\n<meta property=\"og:image\" content=\"https:\/\/motorcycles-go.com\/wp-content\/uploads\/2020\/07\/Motorcycles-Go-OG01.jpg\" \/>\n\t<meta property=\"og:image:width\" content=\"1200\" \/>\n\t<meta property=\"og:image:height\" content=\"630\" \/>\n\t<meta property=\"og:image:type\" content=\"image\/jpeg\" \/>\n<meta name=\"twitter:card\" content=\"summary_large_image\" \/>\n<meta name=\"twitter:label1\" content=\"Tiempo de lectura\" \/>\n\t<meta name=\"twitter:data1\" content=\"12 minutos\" \/>\n<script type=\"application\/ld+json\" class=\"yoast-schema-graph\">{\"@context\":\"https:\\\/\\\/schema.org\",\"@graph\":[{\"@type\":\"WebPage\",\"@id\":\"https:\\\/\\\/motorcycles-go.com\\\/\",\"url\":\"https:\\\/\\\/motorcycles-go.com\\\/\",\"name\":\"[:en]Motorcycles-Go.com - Ireland, Portugal Motorbike Transport.[:es]Motorcycles-Go.com. Servicios de transporte de motocicletas - Irlanda, Portugal y Espa\u00f1a.[:pt]Motorcycles-Go.com. Servi\u00e7os de transporte de motocicletas - Irlanda, Portugal e Espanha.[:ga]Motorcycles-Go.com - \u00c9ire, Iompar Gluaiste\u00e1n na Portaing\u00e9ile.[:]\",\"isPartOf\":{\"@id\":\"https:\\\/\\\/motorcycles-go.com\\\/#website\"},\"primaryImageOfPage\":{\"@id\":\"https:\\\/\\\/motorcycles-go.com\\\/#primaryimage\"},\"image\":{\"@id\":\"https:\\\/\\\/motorcycles-go.com\\\/#primaryimage\"},\"thumbnailUrl\":\"https:\\\/\\\/motorcycles-go.com\\\/wp-content\\\/uploads\\\/2020\\\/07\\\/Motorcycles-Go-OG01.jpg\",\"datePublished\":\"2020-06-25T11:10:41+00:00\",\"dateModified\":\"2024-04-08T16:04:42+00:00\",\"description\":\"{:en}Motorcycles-Go.com. Motorcycle transport services to and from Ireland and Portugal & southern Spain. Outstanding Quotes!{:es}Motorcycles-Go.com. Servicios de transporte de motocicletas desde y hacia Irlanda y Portugal y el sur de Espa\u00f1a. Cotizaciones destacadas!{:pt}Motorcycles-Go.com. Servi\u00e7os de transporte de motocicletas de e para a Irlanda e Portugal e sul da Espanha. Cita\u00e7\u00f5es excelentes!{:ga}Gluaisrothair-Go.com. Seirbh\u00eds\u00ed iompair gluaisrothair chuig agus \u00f3 \u00c9irinn agus an Phortaing\u00e9il agus deisceart na Sp\u00e1inne. Sleachta den Scoth!{:}\",\"breadcrumb\":{\"@id\":\"https:\\\/\\\/motorcycles-go.com\\\/#breadcrumb\"},\"inLanguage\":\"es\",\"potentialAction\":[{\"@type\":\"ReadAction\",\"target\":[\"https:\\\/\\\/motorcycles-go.com\\\/\"]}]},{\"@type\":\"ImageObject\",\"inLanguage\":\"es\",\"@id\":\"https:\\\/\\\/motorcycles-go.com\\\/#primaryimage\",\"url\":\"https:\\\/\\\/motorcycles-go.com\\\/wp-content\\\/uploads\\\/2020\\\/07\\\/Motorcycles-Go-OG01.jpg\",\"contentUrl\":\"https:\\\/\\\/motorcycles-go.com\\\/wp-content\\\/uploads\\\/2020\\\/07\\\/Motorcycles-Go-OG01.jpg\",\"width\":1200,\"height\":630,\"caption\":\"Motorcycles-Go.com. Motorcycle transport services, UK, Spain & Portugal.\"},{\"@type\":\"BreadcrumbList\",\"@id\":\"https:\\\/\\\/motorcycles-go.com\\\/#breadcrumb\",\"itemListElement\":[{\"@type\":\"ListItem\",\"position\":1,\"name\":\"Home\",\"item\":\"https:\\\/\\\/motorcycles-go.com\\\/\"},{\"@type\":\"ListItem\",\"position\":2,\"name\":\"Motorcycles-Go.com\"}]},{\"@type\":\"WebSite\",\"@id\":\"https:\\\/\\\/motorcycles-go.com\\\/#website\",\"url\":\"https:\\\/\\\/motorcycles-go.com\\\/\",\"name\":\"Motorcycles-Go.com\",\"description\":\"Motorcycle transport specialists.  UK, Spain, Portugal.\",\"publisher\":{\"@id\":\"https:\\\/\\\/motorcycles-go.com\\\/#organization\"},\"potentialAction\":[{\"@type\":\"SearchAction\",\"target\":{\"@type\":\"EntryPoint\",\"urlTemplate\":\"https:\\\/\\\/motorcycles-go.com\\\/?s={search_term_string}\"},\"query-input\":{\"@type\":\"PropertyValueSpecification\",\"valueRequired\":true,\"valueName\":\"search_term_string\"}}],\"inLanguage\":\"es\"},{\"@type\":\"Organization\",\"@id\":\"https:\\\/\\\/motorcycles-go.com\\\/#organization\",\"name\":\"Motorcycles-Go.com\",\"url\":\"https:\\\/\\\/motorcycles-go.com\\\/\",\"logo\":{\"@type\":\"ImageObject\",\"inLanguage\":\"es\",\"@id\":\"https:\\\/\\\/motorcycles-go.com\\\/#\\\/schema\\\/logo\\\/image\\\/\",\"url\":\"https:\\\/\\\/motorcycles-go.com\\\/wp-content\\\/uploads\\\/2020\\\/07\\\/Motrocycles-Go-Logo-Sml.png\",\"contentUrl\":\"https:\\\/\\\/motorcycles-go.com\\\/wp-content\\\/uploads\\\/2020\\\/07\\\/Motrocycles-Go-Logo-Sml.png\",\"width\":300,\"height\":45,\"caption\":\"Motorcycles-Go.com\"},\"image\":{\"@id\":\"https:\\\/\\\/motorcycles-go.com\\\/#\\\/schema\\\/logo\\\/image\\\/\"}},false]}<\/script>\n<!-- \/ Yoast SEO plugin. -->","yoast_head_json":{"title":"Motorcycles-Go.com. Servicios de transporte de motocicletas - Irlanda, Portugal y Espa\u00f1a.","description":"Motorcycles-Go.com. Servicios de transporte de motocicletas desde y hacia Irlanda y Portugal y el sur de Espa\u00f1a. Cotizaciones destacadas!","robots":{"index":"index","follow":"follow","max-snippet":"max-snippet:-1","max-image-preview":"max-image-preview:large","max-video-preview":"max-video-preview:-1"},"canonical":"https:\/\/motorcycles-go.com\/","og_locale":"es_ES","og_type":"article","og_title":"[:en]Motorcycles-Go.com - Ireland, Portugal Motorbike Transport.[:es]Motorcycles-Go.com. Servicios de transporte de motocicletas - Irlanda, Portugal y Espa\u00f1a.[:pt]Motorcycles-Go.com. Servi\u00e7os de transporte de motocicletas - Irlanda, Portugal e Espanha.[:ga]Motorcycles-Go.com - \u00c9ire, Iompar Gluaiste\u00e1n na Portaing\u00e9ile.[:]","og_description":"{:en}Motorcycles-Go.com. Motorcycle transport services to and from Ireland and Portugal & southern Spain. Outstanding Quotes!{:es}Motorcycles-Go.com. Servicios de transporte de motocicletas desde y hacia Irlanda y Portugal y el sur de Espa\u00f1a. Cotizaciones destacadas!{:pt}Motorcycles-Go.com. Servi\u00e7os de transporte de motocicletas de e para a Irlanda e Portugal e sul da Espanha. Cita\u00e7\u00f5es excelentes!{:ga}Gluaisrothair-Go.com. Seirbh\u00eds\u00ed iompair gluaisrothair chuig agus \u00f3 \u00c9irinn agus an Phortaing\u00e9il agus deisceart na Sp\u00e1inne. Sleachta den Scoth!{:}","og_url":"https:\/\/motorcycles-go.com\/","og_site_name":"Motorcycles-Go.com","article_modified_time":"2024-04-08T16:04:42+00:00","og_image":[{"width":1200,"height":630,"url":"https:\/\/motorcycles-go.com\/wp-content\/uploads\/2020\/07\/Motorcycles-Go-OG01.jpg","type":"image\/jpeg"}],"twitter_card":"summary_large_image","twitter_misc":{"Tiempo de lectura":"12 minutos"},"schema":{"@context":"https:\/\/schema.org","@graph":[{"@type":"WebPage","@id":"https:\/\/motorcycles-go.com\/","url":"https:\/\/motorcycles-go.com\/","name":"[:en]Motorcycles-Go.com - Ireland, Portugal Motorbike Transport.[:es]Motorcycles-Go.com. Servicios de transporte de motocicletas - Irlanda, Portugal y Espa\u00f1a.[:pt]Motorcycles-Go.com. Servi\u00e7os de transporte de motocicletas - Irlanda, Portugal e Espanha.[:ga]Motorcycles-Go.com - \u00c9ire, Iompar Gluaiste\u00e1n na Portaing\u00e9ile.[:]","isPartOf":{"@id":"https:\/\/motorcycles-go.com\/#website"},"primaryImageOfPage":{"@id":"https:\/\/motorcycles-go.com\/#primaryimage"},"image":{"@id":"https:\/\/motorcycles-go.com\/#primaryimage"},"thumbnailUrl":"https:\/\/motorcycles-go.com\/wp-content\/uploads\/2020\/07\/Motorcycles-Go-OG01.jpg","datePublished":"2020-06-25T11:10:41+00:00","dateModified":"2024-04-08T16:04:42+00:00","description":"{:en}Motorcycles-Go.com. Motorcycle transport services to and from Ireland and Portugal & southern Spain. Outstanding Quotes!{:es}Motorcycles-Go.com. Servicios de transporte de motocicletas desde y hacia Irlanda y Portugal y el sur de Espa\u00f1a. Cotizaciones destacadas!{:pt}Motorcycles-Go.com. Servi\u00e7os de transporte de motocicletas de e para a Irlanda e Portugal e sul da Espanha. Cita\u00e7\u00f5es excelentes!{:ga}Gluaisrothair-Go.com. Seirbh\u00eds\u00ed iompair gluaisrothair chuig agus \u00f3 \u00c9irinn agus an Phortaing\u00e9il agus deisceart na Sp\u00e1inne. Sleachta den Scoth!{:}","breadcrumb":{"@id":"https:\/\/motorcycles-go.com\/#breadcrumb"},"inLanguage":"es","potentialAction":[{"@type":"ReadAction","target":["https:\/\/motorcycles-go.com\/"]}]},{"@type":"ImageObject","inLanguage":"es","@id":"https:\/\/motorcycles-go.com\/#primaryimage","url":"https:\/\/motorcycles-go.com\/wp-content\/uploads\/2020\/07\/Motorcycles-Go-OG01.jpg","contentUrl":"https:\/\/motorcycles-go.com\/wp-content\/uploads\/2020\/07\/Motorcycles-Go-OG01.jpg","width":1200,"height":630,"caption":"Motorcycles-Go.com. Motorcycle transport services, UK, Spain & Portugal."},{"@type":"BreadcrumbList","@id":"https:\/\/motorcycles-go.com\/#breadcrumb","itemListElement":[{"@type":"ListItem","position":1,"name":"Home","item":"https:\/\/motorcycles-go.com\/"},{"@type":"ListItem","position":2,"name":"Motorcycles-Go.com"}]},{"@type":"WebSite","@id":"https:\/\/motorcycles-go.com\/#website","url":"https:\/\/motorcycles-go.com\/","name":"Motorcycles-Go.com","description":"Motorcycle transport specialists.  UK, Spain, Portugal.","publisher":{"@id":"https:\/\/motorcycles-go.com\/#organization"},"potentialAction":[{"@type":"SearchAction","target":{"@type":"EntryPoint","urlTemplate":"https:\/\/motorcycles-go.com\/?s={search_term_string}"},"query-input":{"@type":"PropertyValueSpecification","valueRequired":true,"valueName":"search_term_string"}}],"inLanguage":"es"},{"@type":"Organization","@id":"https:\/\/motorcycles-go.com\/#organization","name":"Motorcycles-Go.com","url":"https:\/\/motorcycles-go.com\/","logo":{"@type":"ImageObject","inLanguage":"es","@id":"https:\/\/motorcycles-go.com\/#\/schema\/logo\/image\/","url":"https:\/\/motorcycles-go.com\/wp-content\/uploads\/2020\/07\/Motrocycles-Go-Logo-Sml.png","contentUrl":"https:\/\/motorcycles-go.com\/wp-content\/uploads\/2020\/07\/Motrocycles-Go-Logo-Sml.png","width":300,"height":45,"caption":"Motorcycles-Go.com"},"image":{"@id":"https:\/\/motorcycles-go.com\/#\/schema\/logo\/image\/"}},false]}},"yasr_visitor_votes":{"stars_attributes":{"read_only":false,"span_bottom":false},"number_of_votes":1,"sum_votes":5},"_links":{"self":[{"href":"https:\/\/motorcycles-go.com\/es\/wp-json\/wp\/v2\/pages\/19","targetHints":{"allow":["GET"]}}],"collection":[{"href":"https:\/\/motorcycles-go.com\/es\/wp-json\/wp\/v2\/pages"}],"about":[{"href":"https:\/\/motorcycles-go.com\/es\/wp-json\/wp\/v2\/types\/page"}],"author":[{"embeddable":true,"href":"https:\/\/motorcycles-go.com\/es\/wp-json\/wp\/v2\/users\/1"}],"replies":[{"embeddable":true,"href":"https:\/\/motorcycles-go.com\/es\/wp-json\/wp\/v2\/comments?post=19"}],"version-history":[{"count":33,"href":"https:\/\/motorcycles-go.com\/es\/wp-json\/wp\/v2\/pages\/19\/revisions"}],"predecessor-version":[{"id":517,"href":"https:\/\/motorcycles-go.com\/es\/wp-json\/wp\/v2\/pages\/19\/revisions\/517"}],"wp:featuredmedia":[{"embeddable":true,"href":"https:\/\/motorcycles-go.com\/es\/wp-json\/wp\/v2\/media\/101"}],"wp:attachment":[{"href":"https:\/\/motorcycles-go.com\/es\/wp-json\/wp\/v2\/media?parent=19"}],"curies":[{"name":"wp","href":"https:\/\/api.w.org\/{rel}","templated":true}]}}