{"id":197,"date":"2020-07-16T10:58:21","date_gmt":"2020-07-16T10:58:21","guid":{"rendered":"https:\/\/motorcycles-go.com\/?page_id=197"},"modified":"2022-06-22T12:03:12","modified_gmt":"2022-06-22T12:03:12","slug":"terms-conditions","status":"publish","type":"page","link":"https:\/\/motorcycles-go.com\/es\/terminos-y-condiciones\/","title":{"rendered":"[:en]Terms &#038; Conditions[:es]T\u00e9rminos y condiciones[:pt]Termos e Condi\u00e7\u00f5es[:ga]T\u00e9arma\u00ed agus Coinn\u00edollacha[:]"},"content":{"rendered":"<p><\/p>\n<h2>T\u00e9rminos y Condiciones<\/h2>\n<p>\u00a1Bienvenido a Motorcycles-Go.com!<\/p>\n<p>Estos t\u00e9rminos y condiciones describen las reglas y regulaciones para el uso del sitio web de Motorcycles-Go.com, ubicado en https:\/\/motorcycles-go.com.<\/p>\n<p>Al acceder a este sitio web asumimos que acepta estos t\u00e9rminos y condiciones. No contin\u00fae usando Motorcycles-Go.com si no est\u00e1 de acuerdo con todos los t\u00e9rminos y condiciones establecidos en esta p\u00e1gina. Nuestros T\u00e9rminos y Condiciones fueron creados con la ayuda del Generador de T\u00e9rminos y Condiciones y el Generador de T\u00e9rminos y Condiciones Gratis.<\/p>\n<p>La siguiente terminolog\u00eda se aplica a estos T\u00e9rminos y condiciones, Declaraci\u00f3n de privacidad y Aviso de exenci\u00f3n de responsabilidad y todos los Acuerdos: \u00abCliente\u00bb, \u00abUsted\u00bb y \u00abSu\u00bb se refieren a usted, la persona que inicia sesi\u00f3n en este sitio web y que cumple con los t\u00e9rminos y condiciones de la Compa\u00f1\u00eda. \u00abLa Compa\u00f1\u00eda\u00bb, \u00abNosotros\u00bb, \u00abNosotros\u00bb, \u00abNuestro\u00bb y \u00abNosotros\u00bb se refieren a nuestra Compa\u00f1\u00eda. \u00abParte\u00bb, \u00abPartes\u00bb o \u00abNosotros\u00bb, se refiere tanto al Cliente como a nosotros mismos. Todos los t\u00e9rminos se refieren a la oferta, aceptaci\u00f3n y consideraci\u00f3n del pago necesario para llevar a cabo el proceso de nuestra asistencia al Cliente de la manera m\u00e1s apropiada con el prop\u00f3sito expreso de satisfacer las necesidades del Cliente con respecto a la prestaci\u00f3n de los servicios declarados por la Compa\u00f1\u00eda, de acuerdo con y sujeto a la legislaci\u00f3n vigente de los Pa\u00edses Bajos. Cualquier uso de la terminolog\u00eda anterior u otras palabras en singular, plural, may\u00fasculas y \/ o \u00e9l \/ ella o ellos, se toman como intercambiables y, por lo tanto, se refieren a los mismos.<\/p>\n<h3><strong>Cookies<\/strong><\/h3>\n<p>Empleamos el uso de cookies. Al acceder a Motorcycles-Go.com, acepta utilizar cookies de acuerdo con la Pol\u00edtica de privacidad de Motorcycles-Go.com.<\/p>\n<p>La mayor\u00eda de los sitios web interactivos utilizan cookies para permitirnos recuperar los detalles del usuario en cada visita. Nuestro sitio web utiliza cookies para habilitar la funcionalidad de ciertas \u00e1reas para que sea m\u00e1s f\u00e1cil para las personas que visitan nuestro sitio web. Algunos de nuestros socios publicitarios \/ afiliados tambi\u00e9n pueden utilizar cookies.<\/p>\n<h3>Licencia<\/h3>\n<p>A menos que se indique lo contrario, Motorcycles-Go.com y \/ o sus licenciantes poseen los derechos de propiedad intelectual de todo el material de Motorcycles-Go.com. Todos los derechos de propiedad intelectual est\u00e1n reservados. Puede acceder a esto desde Motorcycles-Go.com para su uso personal sujeto a las restricciones establecidas en estos t\u00e9rminos y condiciones.<\/p>\n<p>No debes:<\/p>\n<ul>\n<li>Volver a publicar material de Motorcycles-Go.com<\/li>\n<li>Vender, alquilar o sublicenciar material de Motorcycles-Go.com<\/li>\n<li>Reproducir, duplicar o copiar material de Motorcycles-Go.com<\/li>\n<li>Redistribuir contenido de Motorcycles-Go.com<\/li>\n<\/ul>\n<p>Este Acuerdo comenzar\u00e1 en la fecha del mismo.<\/p>\n<p>Partes de este sitio web ofrecen a los usuarios la oportunidad de publicar e intercambiar opiniones e informaci\u00f3n en determinadas \u00e1reas del sitio web. Motorcycles-Go.com no filtra, edita, publica ni revisa los Comentarios antes de su presencia en el sitio web. Los comentarios no reflejan los puntos de vista ni las opiniones de Motorcycles-Go.com, sus agentes y \/ o afiliados. Los comentarios reflejan los puntos de vista y opiniones de la persona que publica sus puntos de vista y opiniones. En la medida en que lo permitan las leyes aplicables, Motorcycles-Go.com no ser\u00e1 responsable de los Comentarios o de cualquier responsabilidad, da\u00f1os o gastos causados y \/ o sufridos como resultado de cualquier uso y \/ o publicaci\u00f3n y \/ o apariencia de los comentarios en este sitio web.<\/p>\n<p>Motorcycles-Go.com se reserva el derecho de monitorear todos los Comentarios y eliminar los Comentarios que puedan considerarse inapropiados, ofensivos o que incumplan estos T\u00e9rminos y Condiciones.<\/p>\n<p>Usted garantiza y manifiesta que:<\/p>\n<ul>\n<li>Tiene derecho a publicar los Comentarios en nuestro sitio web y tiene todas las licencias y consentimientos necesarios para hacerlo;<\/li>\n<li>Los Comentarios no invaden ning\u00fan derecho de propiedad intelectual, incluidos, entre otros, los derechos de autor, patentes o marcas comerciales de terceros;<\/li>\n<li>Los Comentarios no contienen ning\u00fan material difamatorio, calumnioso, ofensivo, indecente o ilegal de cualquier otro modo que sea una invasi\u00f3n de la privacidad.<\/li>\n<li>Los Comentarios no se utilizar\u00e1n para solicitar o promover negocios o actividades comerciales personalizadas o presentes o actividades ilegales.<\/li>\n<\/ul>\n<p>Por la presente, otorga a Motorcycles-Go.com una licencia no exclusiva para usar, reproducir, editar y autorizar a otros a usar, reproducir y editar cualquiera de sus Comentarios en todas y cada una de las formas, formatos o medios.<\/p>\n<h3>Hiperv\u00ednculos a nuestro contenido<\/h3>\n<p>Las siguientes organizaciones pueden vincularse a nuestro sitio web sin aprobaci\u00f3n previa por escrito:<\/p>\n<ul>\n<li>Agencias gubernamentales;<\/li>\n<li>Los motores de b\u00fasqueda;<\/li>\n<li>Organizaciones de noticias;<\/li>\n<li>Los distribuidores de directorios en l\u00ednea pueden vincularse a nuestro sitio web de la misma manera que hacen hiperv\u00ednculos a los sitios web de otras empresas que figuran en la lista; y<\/li>\n<li>Empresas acreditadas de todo el sistema, excepto las organizaciones sin fines de lucro, los centros comerciales de caridad y los grupos de recaudaci\u00f3n de fondos de caridad que no pueden hacer hiperv\u00ednculos a nuestro sitio web.<\/li>\n<\/ul>\n<p>Estas organizaciones pueden vincular a nuestra p\u00e1gina de inicio, a publicaciones oa otra informaci\u00f3n del sitio web siempre que el v\u00ednculo: (a) no sea enga\u00f1oso de ninguna manera; (b) no implica falsamente patrocinio, respaldo o aprobaci\u00f3n de la parte vinculante y sus productos y \/ o servicios; y (c) encaja en el contexto del sitio de la parte vinculante.<\/p>\n<p>Podemos considerar y aprobar otras solicitudes de enlace de los siguientes tipos de organizaciones:<\/p>\n<ul>\n<li>fuentes de informaci\u00f3n de consumidores y \/ o empresas com\u00fanmente conocidas;<\/li>\n<li>sitios de la comunidad dot.com;<\/li>\n<li>asociaciones u otros grupos que representan organizaciones ben\u00e9ficas;<\/li>\n<li>distribuidores de directorios en l\u00ednea;<\/li>\n<li>portales de internet;<\/li>\n<li>firmas de contabilidad, derecho y consultor\u00eda; y<\/li>\n<li>instituciones educativas y asociaciones comerciales.<\/li>\n<\/ul>\n<p>Aprobaremos las solicitudes de enlace de estas organizaciones si decidimos que: (a) el enlace no nos har\u00eda vernos desfavorablemente a nosotros mismos ni a nuestras empresas acreditadas; (b) la organizaci\u00f3n no tiene registros negativos con nosotros; (c) el beneficio para nosotros de la visibilidad del hiperv\u00ednculo compensa la ausencia de Motorcycles-Go.com; y (d) el enlace est\u00e1 en el contexto de informaci\u00f3n general de recursos.<\/p>\n<p>Estas organizaciones pueden enlazar a nuestra p\u00e1gina de inicio siempre que el enlace: (a) no sea enga\u00f1oso de ninguna manera; (b) no implica falsamente patrocinio, respaldo o aprobaci\u00f3n de la parte vinculante y sus productos o servicios; y (c) encaja en el contexto del sitio de la parte vinculante.<\/p>\n<p>Si usted es una de las organizaciones enumeradas en el p\u00e1rrafo 2 anterior y est\u00e1 interesado en vincularse a nuestro sitio web, debe informarnos enviando un correo electr\u00f3nico a Motorcycles-Go.com. Incluya su nombre, el nombre de su organizaci\u00f3n, la informaci\u00f3n de contacto, as\u00ed como la URL de su sitio, una lista de las URL desde las que pretende enlazar a nuestro sitio web y una lista de las URL de nuestro sitio a las que le gustar\u00eda enlace. Espere 2-3 semanas para recibir una respuesta.<\/p>\n<p>Las organizaciones autorizadas pueden hacer hiperv\u00ednculos a nuestro sitio web de la siguiente manera:<\/p>\n<ul>\n<li>Mediante el uso de nuestra raz\u00f3n social; o<\/li>\n<li>Mediante el uso del localizador uniforme de recursos al que se vincula; o<\/li>\n<li>Mediante el uso de cualquier otra descripci\u00f3n de nuestro sitio web al que est\u00e9 vinculado que tenga sentido dentro del contexto y formato del contenido en el sitio de la parte vinculante.<\/li>\n<\/ul>\n<p>No se permitir\u00e1 el uso del logotipo de Motorcycles-Go.com u otra obra de arte para vincular sin un acuerdo de licencia de marca registrada.<\/p>\n<h3><strong>iFrames<\/strong><\/h3>\n<p>Sin la aprobaci\u00f3n previa y el permiso por escrito, no puede crear marcos alrededor de nuestras p\u00e1ginas web que alteren de alguna manera la presentaci\u00f3n visual o la apariencia de nuestro sitio web.<\/p>\n<h3>Responsabilidad del contenido<\/h3>\n<p>No seremos responsables de ning\u00fan contenido que aparezca en su sitio web. Usted acepta protegernos y defendernos contra todas las reclamaciones que surjan en su sitio web. Ning\u00fan enlace (s) debe aparecer en ning\u00fan sitio web que pueda interpretarse como difamatorio, obsceno o criminal, o que infrinja, de otra manera viole o defienda la infracci\u00f3n u otra violaci\u00f3n de los derechos de terceros.<\/p>\n<h3>Tu privacidad<\/h3>\n<p>Por favor lea la pol\u00edtica de privacidad<\/p>\n<h3>Reserva de derechos<\/h3>\n<p>Nos reservamos el derecho a solicitar que elimine todos los enlaces o cualquier enlace en particular a nuestro sitio web. Usted aprueba eliminar de inmediato todos los enlaces a nuestro sitio web cuando lo solicite. Tambi\u00e9n nos reservamos el derecho de modificar estos t\u00e9rminos y condiciones y su pol\u00edtica de vinculaci\u00f3n en cualquier momento. Al vincular continuamente a nuestro sitio web, usted acepta estar obligado y seguir estos t\u00e9rminos y condiciones de vinculaci\u00f3n.<\/p>\n<h3>Eliminaci\u00f3n de enlaces de nuestro sitio web<\/h3>\n<p>Si encuentra alg\u00fan enlace en nuestro sitio web que sea ofensivo por cualquier motivo, puede contactarnos e informarnos en cualquier momento. Consideraremos las solicitudes para eliminar enlaces, pero no estamos obligados a hacerlo ni a responderle directamente.<\/p>\n<p>No nos aseguramos de que la informaci\u00f3n en este sitio web sea correcta, no garantizamos su integridad o exactitud; ni nos comprometemos a garantizar que el sitio web permanezca disponible o que el material del sitio web se mantenga actualizado.<\/p>\n<h3>Descargo de responsabilidad<\/h3>\n<p>En la medida m\u00e1xima permitida por la ley aplicable, excluimos todas las representaciones, garant\u00edas y condiciones relacionadas con nuestro sitio web y el uso de este sitio web. Nada en este descargo de responsabilidad:<\/p>\n<ul>\n<li>limitar o excluir nuestra responsabilidad o la suya por muerte o lesiones personales;<\/li>\n<li>limitar o excluir nuestra responsabilidad o la suya por fraude o tergiversaci\u00f3n fraudulenta;<\/li>\n<li>limitar cualquiera de nuestras responsabilidades o las suyas de cualquier manera que no est\u00e9 permitida por la ley aplicable; o<\/li>\n<li>excluir cualquiera de nuestras responsabilidades o las suyas que no puedan estar excluidas seg\u00fan la ley aplicable.<\/li>\n<\/ul>\n<p>Las limitaciones y prohibiciones de responsabilidad establecidas en esta Secci\u00f3n y en otras partes de este descargo de responsabilidad: (a) est\u00e1n sujetas al p\u00e1rrafo anterior; y (b) regir\u00e1 todas las responsabilidades que surjan en virtud del descargo de responsabilidad, incluidas las responsabilidades que surjan en el contrato, en agravio y por incumplimiento de la obligaci\u00f3n legal.<\/p>\n<p>Siempre que el sitio web y la informaci\u00f3n y los servicios en el sitio web se proporcionen de forma gratuita, no seremos responsables de ninguna p\u00e9rdida o da\u00f1o de cualquier naturaleza.<\/p>","protected":false},"excerpt":{"rendered":"<p>T\u00e9rminos y Condiciones \u00a1Bienvenido a Motorcycles-Go.com! Estos t\u00e9rminos y condiciones describen las reglas y regulaciones para el uso del sitio web de Motorcycles-Go.com, ubicado en https:\/\/motorcycles-go.com. Al acceder a este sitio web asumimos que acepta estos t\u00e9rminos y condiciones. No contin\u00fae usando Motorcycles-Go.com si no est\u00e1 de acuerdo con todos los t\u00e9rminos y condiciones establecidos [&hellip;]<\/p>\n","protected":false},"author":1,"featured_media":0,"parent":0,"menu_order":100,"comment_status":"closed","ping_status":"closed","template":"","meta":{"yasr_overall_rating":0,"yasr_post_is_review":"","yasr_auto_insert_disabled":"","yasr_review_type":"","footnotes":""},"class_list":["post-197","page","type-page","status-publish","hentry"],"yoast_head":"<!-- This site is optimized with the Yoast SEO plugin v27.5 - https:\/\/yoast.com\/product\/yoast-seo-wordpress\/ -->\n<title>T\u00e9rminos y condiciones - Motorcycles-Go.com<\/title>\n<meta name=\"robots\" content=\"index, follow, max-snippet:-1, max-image-preview:large, max-video-preview:-1\" \/>\n<link rel=\"canonical\" href=\"https:\/\/motorcycles-go.com\/ga\/tearmai-agus-coinniollacha\/\" \/>\n<meta property=\"og:locale\" content=\"es_ES\" \/>\n<meta property=\"og:type\" content=\"article\" \/>\n<meta property=\"og:title\" content=\"T\u00e9rminos y condiciones - Motorcycles-Go.com\" \/>\n<meta property=\"og:description\" content=\"T\u00e9rminos y Condiciones \u00a1Bienvenido a Motorcycles-Go.com! Estos t\u00e9rminos y condiciones describen las reglas y regulaciones para el uso del sitio web de Motorcycles-Go.com, ubicado en https:\/\/motorcycles-go.com. Al acceder a este sitio web asumimos que acepta estos t\u00e9rminos y condiciones. No contin\u00fae usando Motorcycles-Go.com si no est\u00e1 de acuerdo con todos los t\u00e9rminos y condiciones establecidos [&hellip;]\" \/>\n<meta property=\"og:url\" content=\"https:\/\/motorcycles-go.com\/ga\/tearmai-agus-coinniollacha\/\" \/>\n<meta property=\"og:site_name\" content=\"Motorcycles-Go.com\" \/>\n<meta property=\"article:modified_time\" content=\"2022-06-22T12:03:12+00:00\" \/>\n<meta name=\"twitter:card\" content=\"summary_large_image\" \/>\n<meta name=\"twitter:label1\" content=\"Tiempo de lectura\" \/>\n\t<meta name=\"twitter:data1\" content=\"31 minutos\" \/>\n<script type=\"application\/ld+json\" class=\"yoast-schema-graph\">{\"@context\":\"https:\\\/\\\/schema.org\",\"@graph\":[{\"@type\":\"WebPage\",\"@id\":\"https:\\\/\\\/motorcycles-go.com\\\/ga\\\/tearmai-agus-coinniollacha\\\/\",\"url\":\"https:\\\/\\\/motorcycles-go.com\\\/ga\\\/tearmai-agus-coinniollacha\\\/\",\"name\":\"T\u00e9rminos y condiciones - Motorcycles-Go.com\",\"isPartOf\":{\"@id\":\"https:\\\/\\\/motorcycles-go.com\\\/#website\"},\"datePublished\":\"2020-07-16T10:58:21+00:00\",\"dateModified\":\"2022-06-22T12:03:12+00:00\",\"breadcrumb\":{\"@id\":\"https:\\\/\\\/motorcycles-go.com\\\/ga\\\/tearmai-agus-coinniollacha\\\/#breadcrumb\"},\"inLanguage\":\"es\",\"potentialAction\":[{\"@type\":\"ReadAction\",\"target\":[\"https:\\\/\\\/motorcycles-go.com\\\/ga\\\/tearmai-agus-coinniollacha\\\/\"]}]},{\"@type\":\"BreadcrumbList\",\"@id\":\"https:\\\/\\\/motorcycles-go.com\\\/ga\\\/tearmai-agus-coinniollacha\\\/#breadcrumb\",\"itemListElement\":[{\"@type\":\"ListItem\",\"position\":1,\"name\":\"Home\",\"item\":\"https:\\\/\\\/motorcycles-go.com\\\/\"},{\"@type\":\"ListItem\",\"position\":2,\"name\":\"T\u00e9arma\u00ed agus Coinn\u00edollacha\"}]},{\"@type\":\"WebSite\",\"@id\":\"https:\\\/\\\/motorcycles-go.com\\\/#website\",\"url\":\"https:\\\/\\\/motorcycles-go.com\\\/\",\"name\":\"Motorcycles-Go.com\",\"description\":\"Motorcycle transport specialists.  UK, Spain, Portugal.\",\"publisher\":{\"@id\":\"https:\\\/\\\/motorcycles-go.com\\\/#organization\"},\"potentialAction\":[{\"@type\":\"SearchAction\",\"target\":{\"@type\":\"EntryPoint\",\"urlTemplate\":\"https:\\\/\\\/motorcycles-go.com\\\/?s={search_term_string}\"},\"query-input\":{\"@type\":\"PropertyValueSpecification\",\"valueRequired\":true,\"valueName\":\"search_term_string\"}}],\"inLanguage\":\"es\"},{\"@type\":\"Organization\",\"@id\":\"https:\\\/\\\/motorcycles-go.com\\\/#organization\",\"name\":\"Motorcycles-Go.com\",\"url\":\"https:\\\/\\\/motorcycles-go.com\\\/\",\"logo\":{\"@type\":\"ImageObject\",\"inLanguage\":\"es\",\"@id\":\"https:\\\/\\\/motorcycles-go.com\\\/#\\\/schema\\\/logo\\\/image\\\/\",\"url\":\"https:\\\/\\\/motorcycles-go.com\\\/wp-content\\\/uploads\\\/2020\\\/07\\\/Motrocycles-Go-Logo-Sml.png\",\"contentUrl\":\"https:\\\/\\\/motorcycles-go.com\\\/wp-content\\\/uploads\\\/2020\\\/07\\\/Motrocycles-Go-Logo-Sml.png\",\"width\":300,\"height\":45,\"caption\":\"Motorcycles-Go.com\"},\"image\":{\"@id\":\"https:\\\/\\\/motorcycles-go.com\\\/#\\\/schema\\\/logo\\\/image\\\/\"}},false]}<\/script>\n<!-- \/ Yoast SEO plugin. -->","yoast_head_json":{"title":"T\u00e9rminos y condiciones - Motorcycles-Go.com","robots":{"index":"index","follow":"follow","max-snippet":"max-snippet:-1","max-image-preview":"max-image-preview:large","max-video-preview":"max-video-preview:-1"},"canonical":"https:\/\/motorcycles-go.com\/ga\/tearmai-agus-coinniollacha\/","og_locale":"es_ES","og_type":"article","og_title":"T\u00e9rminos y condiciones - Motorcycles-Go.com","og_description":"T\u00e9rminos y Condiciones \u00a1Bienvenido a Motorcycles-Go.com! Estos t\u00e9rminos y condiciones describen las reglas y regulaciones para el uso del sitio web de Motorcycles-Go.com, ubicado en https:\/\/motorcycles-go.com. Al acceder a este sitio web asumimos que acepta estos t\u00e9rminos y condiciones. No contin\u00fae usando Motorcycles-Go.com si no est\u00e1 de acuerdo con todos los t\u00e9rminos y condiciones establecidos [&hellip;]","og_url":"https:\/\/motorcycles-go.com\/ga\/tearmai-agus-coinniollacha\/","og_site_name":"Motorcycles-Go.com","article_modified_time":"2022-06-22T12:03:12+00:00","twitter_card":"summary_large_image","twitter_misc":{"Tiempo de lectura":"31 minutos"},"schema":{"@context":"https:\/\/schema.org","@graph":[{"@type":"WebPage","@id":"https:\/\/motorcycles-go.com\/ga\/tearmai-agus-coinniollacha\/","url":"https:\/\/motorcycles-go.com\/ga\/tearmai-agus-coinniollacha\/","name":"T\u00e9rminos y condiciones - Motorcycles-Go.com","isPartOf":{"@id":"https:\/\/motorcycles-go.com\/#website"},"datePublished":"2020-07-16T10:58:21+00:00","dateModified":"2022-06-22T12:03:12+00:00","breadcrumb":{"@id":"https:\/\/motorcycles-go.com\/ga\/tearmai-agus-coinniollacha\/#breadcrumb"},"inLanguage":"es","potentialAction":[{"@type":"ReadAction","target":["https:\/\/motorcycles-go.com\/ga\/tearmai-agus-coinniollacha\/"]}]},{"@type":"BreadcrumbList","@id":"https:\/\/motorcycles-go.com\/ga\/tearmai-agus-coinniollacha\/#breadcrumb","itemListElement":[{"@type":"ListItem","position":1,"name":"Home","item":"https:\/\/motorcycles-go.com\/"},{"@type":"ListItem","position":2,"name":"T\u00e9arma\u00ed agus Coinn\u00edollacha"}]},{"@type":"WebSite","@id":"https:\/\/motorcycles-go.com\/#website","url":"https:\/\/motorcycles-go.com\/","name":"Motorcycles-Go.com","description":"Motorcycle transport specialists.  UK, Spain, Portugal.","publisher":{"@id":"https:\/\/motorcycles-go.com\/#organization"},"potentialAction":[{"@type":"SearchAction","target":{"@type":"EntryPoint","urlTemplate":"https:\/\/motorcycles-go.com\/?s={search_term_string}"},"query-input":{"@type":"PropertyValueSpecification","valueRequired":true,"valueName":"search_term_string"}}],"inLanguage":"es"},{"@type":"Organization","@id":"https:\/\/motorcycles-go.com\/#organization","name":"Motorcycles-Go.com","url":"https:\/\/motorcycles-go.com\/","logo":{"@type":"ImageObject","inLanguage":"es","@id":"https:\/\/motorcycles-go.com\/#\/schema\/logo\/image\/","url":"https:\/\/motorcycles-go.com\/wp-content\/uploads\/2020\/07\/Motrocycles-Go-Logo-Sml.png","contentUrl":"https:\/\/motorcycles-go.com\/wp-content\/uploads\/2020\/07\/Motrocycles-Go-Logo-Sml.png","width":300,"height":45,"caption":"Motorcycles-Go.com"},"image":{"@id":"https:\/\/motorcycles-go.com\/#\/schema\/logo\/image\/"}},false]}},"yasr_visitor_votes":{"stars_attributes":{"read_only":false,"span_bottom":false},"number_of_votes":0,"sum_votes":0},"_links":{"self":[{"href":"https:\/\/motorcycles-go.com\/es\/wp-json\/wp\/v2\/pages\/197","targetHints":{"allow":["GET"]}}],"collection":[{"href":"https:\/\/motorcycles-go.com\/es\/wp-json\/wp\/v2\/pages"}],"about":[{"href":"https:\/\/motorcycles-go.com\/es\/wp-json\/wp\/v2\/types\/page"}],"author":[{"embeddable":true,"href":"https:\/\/motorcycles-go.com\/es\/wp-json\/wp\/v2\/users\/1"}],"replies":[{"embeddable":true,"href":"https:\/\/motorcycles-go.com\/es\/wp-json\/wp\/v2\/comments?post=197"}],"version-history":[{"count":5,"href":"https:\/\/motorcycles-go.com\/es\/wp-json\/wp\/v2\/pages\/197\/revisions"}],"predecessor-version":[{"id":477,"href":"https:\/\/motorcycles-go.com\/es\/wp-json\/wp\/v2\/pages\/197\/revisions\/477"}],"wp:attachment":[{"href":"https:\/\/motorcycles-go.com\/es\/wp-json\/wp\/v2\/media?parent=197"}],"curies":[{"name":"wp","href":"https:\/\/api.w.org\/{rel}","templated":true}]}}