{"id":38,"date":"2020-06-25T18:09:53","date_gmt":"2020-06-25T18:09:53","guid":{"rendered":"https:\/\/motorcycles-go.com\/?page_id=38"},"modified":"2024-04-08T16:08:16","modified_gmt":"2024-04-08T16:08:16","slug":"quote","status":"publish","type":"page","link":"https:\/\/motorcycles-go.com\/es\/cotizacion-de-transporte-de-motos\/","title":{"rendered":"[:en]Motorcycle Transport Quote[:es]Cotizaci\u00f3n de transporte de motos[:pt]Cota\u00e7\u00e3o de transporte de motocicleta[:ga]Iompar Gluaisrothar Athfhriotail[:]"},"content":{"rendered":"<p><strong>Cotizaci\u00f3n de transporte de motos. Complete el formulario r\u00e1pido y nos comunicaremos con usted muy r\u00e1pidamente con su mejor cotizaci\u00f3n. \u00a1Nuestros servicios confiables y eficientes son su garant\u00eda de un trabajo de calidad! \u00a1Deja tus datos a continuaci\u00f3n y hablemos! Cotizaciones de env\u00edo de motos entre Irlanda y Portugal, y un poco m\u00e1s hacia Espa\u00f1a.<\/strong><\/p>\n<p><a href=\"https:\/\/api.whatsapp.com\/send?phone=+34623300425\"><img loading=\"lazy\" decoding=\"async\" class=\"mobileonly alignnone wp-image-220 size-full\" src=\"https:\/\/motorcycles-go.com\/wp-content\/uploads\/2020\/07\/whatsapp-button2.png\" alt=\"\" width=\"720\" height=\"241\" srcset=\"https:\/\/motorcycles-go.com\/wp-content\/uploads\/2020\/07\/whatsapp-button2.png 720w, https:\/\/motorcycles-go.com\/wp-content\/uploads\/2020\/07\/whatsapp-button2-300x100.png 300w, https:\/\/motorcycles-go.com\/wp-content\/uploads\/2020\/07\/whatsapp-button2-1x1.png 1w\" sizes=\"auto, (max-width: 720px) 100vw, 720px\" \/><\/a><\/p>\n\n<div class=\"wpcf7 no-js\" id=\"wpcf7-f106-o2\" lang=\"en-US\" dir=\"ltr\" data-wpcf7-id=\"106\">\n<div class=\"screen-reader-response\"><p role=\"status\" aria-live=\"polite\" aria-atomic=\"true\"><\/p> <ul><\/ul><\/div>\n<form action=\"\/es\/wp-json\/wp\/v2\/pages\/38#wpcf7-f106-o2\" method=\"post\" class=\"wpcf7-form init\" aria-label=\"Contact form\" novalidate=\"novalidate\" data-status=\"init\">\n<fieldset class=\"hidden-fields-container\"><input type=\"hidden\" name=\"_wpcf7\" value=\"106\" \/><input type=\"hidden\" name=\"_wpcf7_version\" value=\"6.1.5\" \/><input type=\"hidden\" name=\"_wpcf7_locale\" value=\"en_US\" \/><input type=\"hidden\" name=\"_wpcf7_unit_tag\" value=\"wpcf7-f106-o2\" \/><input type=\"hidden\" name=\"_wpcf7_container_post\" value=\"0\" \/><input type=\"hidden\" name=\"_wpcf7_posted_data_hash\" value=\"\" \/>\n<\/fieldset>\n<div id=\"quote\">\n\t<p><span class=\"wpcf7-form-control-wrap\" data-name=\"mcg-name\"><input size=\"40\" maxlength=\"400\" class=\"wpcf7-form-control wpcf7-text wpcf7-validates-as-required mcg\" aria-required=\"true\" aria-invalid=\"false\" placeholder=\"su nombre\" value=\"\" type=\"text\" name=\"mcg-name\" \/><\/span><br \/>\n<span class=\"wpcf7-form-control-wrap\" data-name=\"mcg-phone\"><input size=\"40\" maxlength=\"400\" class=\"wpcf7-form-control wpcf7-tel wpcf7-validates-as-required wpcf7-text wpcf7-validates-as-tel mcg\" aria-required=\"true\" aria-invalid=\"false\" placeholder=\"un n\u00famero de tel\u00e9fono\" value=\"\" type=\"tel\" name=\"mcg-phone\" \/><\/span><br \/>\n<span class=\"wpcf7-form-control-wrap\" data-name=\"mcg-email\"><input size=\"40\" maxlength=\"400\" class=\"wpcf7-form-control wpcf7-email wpcf7-validates-as-required wpcf7-text wpcf7-validates-as-email mcg\" aria-required=\"true\" aria-invalid=\"false\" placeholder=\"tu correo electr\u00f3nico\" value=\"\" type=\"email\" name=\"mcg-email\" \/><\/span><br \/>\n\t<hr \/><br \/>\n<span class=\"wpcf7-form-control-wrap\" data-name=\"mcg-make\"><input size=\"40\" maxlength=\"400\" class=\"wpcf7-form-control wpcf7-text wpcf7-validates-as-required mcg\" aria-required=\"true\" aria-invalid=\"false\" placeholder=\"marca y modelo de tu motocicleta\" value=\"\" type=\"text\" name=\"mcg-make\" \/><\/span><br \/>\n<span class=\"wpcf7-form-control-wrap\" data-name=\"mcg-collection\"><input size=\"40\" maxlength=\"400\" class=\"wpcf7-form-control wpcf7-text wpcf7-validates-as-required mcg\" aria-required=\"true\" aria-invalid=\"false\" placeholder=\"colecci\u00f3n DE\" value=\"\" type=\"text\" name=\"mcg-collection\" \/><\/span><span class=\"wpcf7-form-control-wrap\" data-name=\"mcg-delivery\"><input size=\"40\" maxlength=\"400\" class=\"wpcf7-form-control wpcf7-text wpcf7-validates-as-required mcg\" aria-required=\"true\" aria-invalid=\"false\" placeholder=\"Entregar A\" value=\"\" type=\"text\" name=\"mcg-delivery\" \/><\/span><br \/>\n<br style=\"clear:both;\" \/>\n\t<hr \/><br \/>\n<span class=\"wpcf7-form-control-wrap\" data-name=\"fromdepot\"><span class=\"wpcf7-form-control wpcf7-checkbox wpcf7-exclusive-checkbox mcg\"><span class=\"wpcf7-list-item first\"><input type=\"checkbox\" name=\"fromdepot\" value=\"Me gustar\u00eda recoger y entregar a mi puerta.\" \/><span class=\"wpcf7-list-item-label\">Me gustar\u00eda recoger y entregar a mi puerta.<\/span><\/span><span class=\"wpcf7-list-item last\"><input type=\"checkbox\" name=\"fromdepot\" value=\"Puedo entregar y recoger en sus dep\u00f3sitos.\" \/><span class=\"wpcf7-list-item-label\">Puedo entregar y recoger en sus dep\u00f3sitos.<\/span><\/span><\/span><\/span><br \/>\n\t<hr \/><br \/>\n<span class=\"wpcf7-form-control-wrap\" data-name=\"mcgruns\"><span class=\"wpcf7-form-control wpcf7-checkbox wpcf7-exclusive-checkbox mcg\"><span class=\"wpcf7-list-item first\"><input type=\"checkbox\" name=\"mcgruns\" value=\"Mi motocicleta funciona correctamente.\" \/><span class=\"wpcf7-list-item-label\">Mi motocicleta funciona correctamente.<\/span><\/span><span class=\"wpcf7-list-item last\"><input type=\"checkbox\" name=\"mcgruns\" value=\"Mi motocicleta NO FUNCIONA.\" \/><span class=\"wpcf7-list-item-label\">Mi motocicleta NO FUNCIONA.<\/span><\/span><\/span><\/span><br \/>\n\t<hr \/>\n\t<\/p>\n\t<p>Si tiene una fecha espec\u00edfica en mente, av\u00edsenos; de lo contrario, d\u00e9nos una idea de cu\u00e1ndo desea que le env\u00eden la bicicleta. Por ejemplo, \"Finales de marzo\".\n\t<\/p>\n\t<p><span class=\"wpcf7-form-control-wrap\" data-name=\"mcg-date\"><input size=\"40\" maxlength=\"400\" class=\"wpcf7-form-control wpcf7-text wpcf7-validates-as-required mcg\" aria-required=\"true\" aria-invalid=\"false\" placeholder=\"fecha de recogida \/ entrega\" value=\"\" type=\"text\" name=\"mcg-date\" \/><\/span><br \/>\n<span class=\"wpcf7-form-control-wrap\" data-name=\"capital-quiz\"><label><span class=\"wpcf7-quiz-label\"><\/span> <input size=\"40\" class=\"wpcf7-form-control wpcf7-quiz\" autocomplete=\"off\" aria-required=\"true\" aria-invalid=\"false\" type=\"text\" name=\"capital-quiz\" \/><\/label><input type=\"hidden\" name=\"_wpcf7_quiz_answer_capital-quiz\" value=\"3545757b8cdd0395faa573380bc5a90d\" \/><\/span><br \/>\n\t<div class=\"wpcf7-response-output\" aria-hidden=\"true\"><\/div><br \/>\n<input class=\"wpcf7-form-control wpcf7-submit has-spinner mcg\" type=\"submit\" value=\"Obtenga su cotizaci\u00f3n!\" \/>\n\t<\/p>\n<\/div>\n<\/form>\n<\/div>\n\n<p>&nbsp;<\/p>\n<h2>Cotizaci\u00f3n de transporte de motos<\/h2>\n<p>Perm\u00edtanos cotizar si necesita que su moto sea transportada desde Irlanda hacia o desde Portugal o Espa\u00f1a.<em> \u00a1No te decepcionar\u00e1!<\/em><\/p>\n<p><img loading=\"lazy\" decoding=\"async\" class=\"alignnone size-full wp-image-248 notonmobile\" src=\"https:\/\/motorcycles-go.com\/wp-content\/uploads\/2020\/07\/Motorcycle-Transport-Quote-OG01.jpg\" alt=\"Motorcycle Transport Quote OG01\" width=\"1200\" height=\"630\" srcset=\"https:\/\/motorcycles-go.com\/wp-content\/uploads\/2020\/07\/Motorcycle-Transport-Quote-OG01.jpg 1200w, https:\/\/motorcycles-go.com\/wp-content\/uploads\/2020\/07\/Motorcycle-Transport-Quote-OG01-300x158.jpg 300w, https:\/\/motorcycles-go.com\/wp-content\/uploads\/2020\/07\/Motorcycle-Transport-Quote-OG01-1024x538.jpg 1024w, https:\/\/motorcycles-go.com\/wp-content\/uploads\/2020\/07\/Motorcycle-Transport-Quote-OG01-768x403.jpg 768w, https:\/\/motorcycles-go.com\/wp-content\/uploads\/2020\/07\/Motorcycle-Transport-Quote-OG01-1x1.jpg 1w\" sizes=\"auto, (max-width: 1200px) 100vw, 1200px\" \/><\/p>\n<h3>Presupuesto de env\u00edo de motos &#8211; Irlanda y Portugal<\/h3>\n<p>Nuestro transporte regular se extiende entre Irlanda y Portugal, y m\u00e1s all\u00e1 de las costas del sur de Espa\u00f1a, \u00a1son su garant\u00eda de la mejor cotizaci\u00f3n posible! Nuestra regularidad significa que podemos planificar y ejecutar los muchos problemas log\u00edsticos de la manera m\u00e1s eficiente posible, es decir, \u00a1solo las mejores cotizaciones!<\/p>\n<p>Hacemos todo lo posible para estar en contacto en todo momento durante el transporte de su motocicleta. En ocasiones, esto simplemente no es posible, pero nos enorgullecemos de nuestra atenci\u00f3n al cliente. Puede contactarnos en casi cualquier momento durante el servicio de env\u00edo. No se preocupe, \u00a1su preciosa bicicleta est\u00e1 en buenas manos!<\/p>\n<p>\u00a1Tambi\u00e9n podemos organizar el almacenamiento de su motocicleta! Disponemos de tres dep\u00f3sitos de almacenamiento en Manchester, Almer\u00eda y Algarve.<\/p>\n<h3>Dep\u00f3sitos de transporte de motocicletas en Irlanda y Portugal<\/h3>\n<ul>\n<li><strong>Loule, Algarve, Portugal<\/strong><br \/>\nCamino Dos Giros, Quattro Estradas, Loule 8100-579, Portugal.\u00a0 Telephone Portugal: (+351) 930 658 660.<\/li>\n<li>Dublin, Ireland<br \/>\nAddress to be confirmed due to relocation.<\/li>\n<\/ul>\n<p><\/p>","protected":false},"excerpt":{"rendered":"<p>Cotizaci\u00f3n de transporte de motos. Complete el formulario r\u00e1pido y nos comunicaremos con usted muy r\u00e1pidamente con su mejor cotizaci\u00f3n. \u00a1Nuestros servicios confiables y eficientes son su garant\u00eda de un trabajo de calidad! \u00a1Deja tus datos a continuaci\u00f3n y hablemos! Cotizaciones de env\u00edo de motos entre Irlanda y Portugal, y un poco m\u00e1s hacia Espa\u00f1a. [&hellip;]<\/p>\n","protected":false},"author":1,"featured_media":248,"parent":0,"menu_order":50,"comment_status":"closed","ping_status":"closed","template":"","meta":{"yasr_overall_rating":0,"yasr_post_is_review":"","yasr_auto_insert_disabled":"","yasr_review_type":"","footnotes":""},"class_list":["post-38","page","type-page","status-publish","has-post-thumbnail","hentry"],"yoast_head":"<!-- This site is optimized with the Yoast SEO plugin v27.5 - https:\/\/yoast.com\/product\/yoast-seo-wordpress\/ -->\n<title>Cotizaci\u00f3n de transporte de motos. Servicio de transporte europeo de motos.<\/title>\n<meta name=\"description\" content=\"Cotizaci\u00f3n de transporte de motos. Complete el formulario r\u00e1pido y nos comunicaremos con usted muy r\u00e1pidamente con su mejor cotizaci\u00f3n.\" \/>\n<meta name=\"robots\" content=\"index, follow, max-snippet:-1, max-image-preview:large, max-video-preview:-1\" \/>\n<link rel=\"canonical\" href=\"https:\/\/motorcycles-go.com\/motorcycle-transport-quote\/\" \/>\n<meta property=\"og:locale\" content=\"es_ES\" \/>\n<meta property=\"og:type\" content=\"article\" \/>\n<meta property=\"og:title\" content=\"[:en]Motorcycle Transport Quote. European Motorbike Shipping Service.[:es]Cotizaci\u00f3n de transporte de motos. Servicio de transporte europeo de motos.[:pt]Cota\u00e7\u00e3o de transporte de motocicleta. Servi\u00e7o Europeu de Transporte de Motos.[:ga]Iompar Gluaisrothar Athfhriotail. Seirbh\u00eds Loingseoireachta Gluaisrothar na hEorpa.[:]\" \/>\n<meta property=\"og:description\" content=\"{:en}Motorcycle Transport Quote.\u00a0 Complete the quick form and we&#039;ll get back to you very quickly with your best quote!{:es}Cotizaci\u00f3n de transporte de motos. Complete el formulario r\u00e1pido y nos comunicaremos con usted muy r\u00e1pidamente con su mejor cotizaci\u00f3n.{:pt}Cota\u00e7\u00e3o de transporte de motocicleta. Preencha o formul\u00e1rio r\u00e1pido e entraremos em contato com voc\u00ea rapidamente com sua melhor cota\u00e7\u00e3o!{:ga}Iompar Gluaisrothar Athfhriotail. Comhl\u00e1naigh an fhoirm thapa agus cuirfimid ar ais chugat go han-tapa le do luachan is fearr!{:}\" \/>\n<meta property=\"og:url\" content=\"https:\/\/motorcycles-go.com\/motorcycle-transport-quote\/\" \/>\n<meta property=\"og:site_name\" content=\"Motorcycles-Go.com\" \/>\n<meta property=\"article:modified_time\" content=\"2024-04-08T16:08:16+00:00\" \/>\n<meta property=\"og:image\" content=\"https:\/\/motorcycles-go.com\/wp-content\/uploads\/2020\/07\/Motorcycle-Transport-Quote-OG01.jpg\" \/>\n\t<meta property=\"og:image:width\" content=\"1200\" \/>\n\t<meta property=\"og:image:height\" content=\"630\" \/>\n\t<meta property=\"og:image:type\" content=\"image\/jpeg\" \/>\n<meta name=\"twitter:card\" content=\"summary_large_image\" \/>\n<meta name=\"twitter:label1\" content=\"Tiempo de lectura\" \/>\n\t<meta name=\"twitter:data1\" content=\"7 minutos\" \/>\n<script type=\"application\/ld+json\" class=\"yoast-schema-graph\">{\"@context\":\"https:\\\/\\\/schema.org\",\"@graph\":[{\"@type\":\"WebPage\",\"@id\":\"https:\\\/\\\/motorcycles-go.com\\\/motorcycle-transport-quote\\\/\",\"url\":\"https:\\\/\\\/motorcycles-go.com\\\/motorcycle-transport-quote\\\/\",\"name\":\"[:en]Motorcycle Transport Quote. European Motorbike Shipping Service.[:es]Cotizaci\u00f3n de transporte de motos. Servicio de transporte europeo de motos.[:pt]Cota\u00e7\u00e3o de transporte de motocicleta. Servi\u00e7o Europeu de Transporte de Motos.[:ga]Iompar Gluaisrothar Athfhriotail. Seirbh\u00eds Loingseoireachta Gluaisrothar na hEorpa.[:]\",\"isPartOf\":{\"@id\":\"https:\\\/\\\/motorcycles-go.com\\\/#website\"},\"primaryImageOfPage\":{\"@id\":\"https:\\\/\\\/motorcycles-go.com\\\/motorcycle-transport-quote\\\/#primaryimage\"},\"image\":{\"@id\":\"https:\\\/\\\/motorcycles-go.com\\\/motorcycle-transport-quote\\\/#primaryimage\"},\"thumbnailUrl\":\"https:\\\/\\\/motorcycles-go.com\\\/wp-content\\\/uploads\\\/2020\\\/07\\\/Motorcycle-Transport-Quote-OG01.jpg\",\"datePublished\":\"2020-06-25T18:09:53+00:00\",\"dateModified\":\"2024-04-08T16:08:16+00:00\",\"description\":\"{:en}Motorcycle Transport Quote.\u00a0 Complete the quick form and we'll get back to you very quickly with your best quote!{:es}Cotizaci\u00f3n de transporte de motos. Complete el formulario r\u00e1pido y nos comunicaremos con usted muy r\u00e1pidamente con su mejor cotizaci\u00f3n.{:pt}Cota\u00e7\u00e3o de transporte de motocicleta. Preencha o formul\u00e1rio r\u00e1pido e entraremos em contato com voc\u00ea rapidamente com sua melhor cota\u00e7\u00e3o!{:ga}Iompar Gluaisrothar Athfhriotail. Comhl\u00e1naigh an fhoirm thapa agus cuirfimid ar ais chugat go han-tapa le do luachan is fearr!{:}\",\"breadcrumb\":{\"@id\":\"https:\\\/\\\/motorcycles-go.com\\\/motorcycle-transport-quote\\\/#breadcrumb\"},\"inLanguage\":\"es\",\"potentialAction\":[{\"@type\":\"ReadAction\",\"target\":[\"https:\\\/\\\/motorcycles-go.com\\\/motorcycle-transport-quote\\\/\"]}]},{\"@type\":\"ImageObject\",\"inLanguage\":\"es\",\"@id\":\"https:\\\/\\\/motorcycles-go.com\\\/motorcycle-transport-quote\\\/#primaryimage\",\"url\":\"https:\\\/\\\/motorcycles-go.com\\\/wp-content\\\/uploads\\\/2020\\\/07\\\/Motorcycle-Transport-Quote-OG01.jpg\",\"contentUrl\":\"https:\\\/\\\/motorcycles-go.com\\\/wp-content\\\/uploads\\\/2020\\\/07\\\/Motorcycle-Transport-Quote-OG01.jpg\",\"width\":1200,\"height\":630,\"caption\":\"Motorcycle Transport Quote OG01\"},{\"@type\":\"BreadcrumbList\",\"@id\":\"https:\\\/\\\/motorcycles-go.com\\\/motorcycle-transport-quote\\\/#breadcrumb\",\"itemListElement\":[{\"@type\":\"ListItem\",\"position\":1,\"name\":\"Home\",\"item\":\"https:\\\/\\\/motorcycles-go.com\\\/\"},{\"@type\":\"ListItem\",\"position\":2,\"name\":\"Motorcycle Transport Quote\"}]},{\"@type\":\"WebSite\",\"@id\":\"https:\\\/\\\/motorcycles-go.com\\\/#website\",\"url\":\"https:\\\/\\\/motorcycles-go.com\\\/\",\"name\":\"Motorcycles-Go.com\",\"description\":\"Motorcycle transport specialists.  UK, Spain, Portugal.\",\"publisher\":{\"@id\":\"https:\\\/\\\/motorcycles-go.com\\\/#organization\"},\"potentialAction\":[{\"@type\":\"SearchAction\",\"target\":{\"@type\":\"EntryPoint\",\"urlTemplate\":\"https:\\\/\\\/motorcycles-go.com\\\/?s={search_term_string}\"},\"query-input\":{\"@type\":\"PropertyValueSpecification\",\"valueRequired\":true,\"valueName\":\"search_term_string\"}}],\"inLanguage\":\"es\"},{\"@type\":\"Organization\",\"@id\":\"https:\\\/\\\/motorcycles-go.com\\\/#organization\",\"name\":\"Motorcycles-Go.com\",\"url\":\"https:\\\/\\\/motorcycles-go.com\\\/\",\"logo\":{\"@type\":\"ImageObject\",\"inLanguage\":\"es\",\"@id\":\"https:\\\/\\\/motorcycles-go.com\\\/#\\\/schema\\\/logo\\\/image\\\/\",\"url\":\"https:\\\/\\\/motorcycles-go.com\\\/wp-content\\\/uploads\\\/2020\\\/07\\\/Motrocycles-Go-Logo-Sml.png\",\"contentUrl\":\"https:\\\/\\\/motorcycles-go.com\\\/wp-content\\\/uploads\\\/2020\\\/07\\\/Motrocycles-Go-Logo-Sml.png\",\"width\":300,\"height\":45,\"caption\":\"Motorcycles-Go.com\"},\"image\":{\"@id\":\"https:\\\/\\\/motorcycles-go.com\\\/#\\\/schema\\\/logo\\\/image\\\/\"}},false]}<\/script>\n<!-- \/ Yoast SEO plugin. -->","yoast_head_json":{"title":"Cotizaci\u00f3n de transporte de motos. Servicio de transporte europeo de motos.","description":"Cotizaci\u00f3n de transporte de motos. Complete el formulario r\u00e1pido y nos comunicaremos con usted muy r\u00e1pidamente con su mejor cotizaci\u00f3n.","robots":{"index":"index","follow":"follow","max-snippet":"max-snippet:-1","max-image-preview":"max-image-preview:large","max-video-preview":"max-video-preview:-1"},"canonical":"https:\/\/motorcycles-go.com\/motorcycle-transport-quote\/","og_locale":"es_ES","og_type":"article","og_title":"[:en]Motorcycle Transport Quote. European Motorbike Shipping Service.[:es]Cotizaci\u00f3n de transporte de motos. Servicio de transporte europeo de motos.[:pt]Cota\u00e7\u00e3o de transporte de motocicleta. Servi\u00e7o Europeu de Transporte de Motos.[:ga]Iompar Gluaisrothar Athfhriotail. Seirbh\u00eds Loingseoireachta Gluaisrothar na hEorpa.[:]","og_description":"{:en}Motorcycle Transport Quote.\u00a0 Complete the quick form and we'll get back to you very quickly with your best quote!{:es}Cotizaci\u00f3n de transporte de motos. Complete el formulario r\u00e1pido y nos comunicaremos con usted muy r\u00e1pidamente con su mejor cotizaci\u00f3n.{:pt}Cota\u00e7\u00e3o de transporte de motocicleta. Preencha o formul\u00e1rio r\u00e1pido e entraremos em contato com voc\u00ea rapidamente com sua melhor cota\u00e7\u00e3o!{:ga}Iompar Gluaisrothar Athfhriotail. Comhl\u00e1naigh an fhoirm thapa agus cuirfimid ar ais chugat go han-tapa le do luachan is fearr!{:}","og_url":"https:\/\/motorcycles-go.com\/motorcycle-transport-quote\/","og_site_name":"Motorcycles-Go.com","article_modified_time":"2024-04-08T16:08:16+00:00","og_image":[{"width":1200,"height":630,"url":"https:\/\/motorcycles-go.com\/wp-content\/uploads\/2020\/07\/Motorcycle-Transport-Quote-OG01.jpg","type":"image\/jpeg"}],"twitter_card":"summary_large_image","twitter_misc":{"Tiempo de lectura":"7 minutos"},"schema":{"@context":"https:\/\/schema.org","@graph":[{"@type":"WebPage","@id":"https:\/\/motorcycles-go.com\/motorcycle-transport-quote\/","url":"https:\/\/motorcycles-go.com\/motorcycle-transport-quote\/","name":"[:en]Motorcycle Transport Quote. European Motorbike Shipping Service.[:es]Cotizaci\u00f3n de transporte de motos. Servicio de transporte europeo de motos.[:pt]Cota\u00e7\u00e3o de transporte de motocicleta. Servi\u00e7o Europeu de Transporte de Motos.[:ga]Iompar Gluaisrothar Athfhriotail. Seirbh\u00eds Loingseoireachta Gluaisrothar na hEorpa.[:]","isPartOf":{"@id":"https:\/\/motorcycles-go.com\/#website"},"primaryImageOfPage":{"@id":"https:\/\/motorcycles-go.com\/motorcycle-transport-quote\/#primaryimage"},"image":{"@id":"https:\/\/motorcycles-go.com\/motorcycle-transport-quote\/#primaryimage"},"thumbnailUrl":"https:\/\/motorcycles-go.com\/wp-content\/uploads\/2020\/07\/Motorcycle-Transport-Quote-OG01.jpg","datePublished":"2020-06-25T18:09:53+00:00","dateModified":"2024-04-08T16:08:16+00:00","description":"{:en}Motorcycle Transport Quote.\u00a0 Complete the quick form and we'll get back to you very quickly with your best quote!{:es}Cotizaci\u00f3n de transporte de motos. Complete el formulario r\u00e1pido y nos comunicaremos con usted muy r\u00e1pidamente con su mejor cotizaci\u00f3n.{:pt}Cota\u00e7\u00e3o de transporte de motocicleta. Preencha o formul\u00e1rio r\u00e1pido e entraremos em contato com voc\u00ea rapidamente com sua melhor cota\u00e7\u00e3o!{:ga}Iompar Gluaisrothar Athfhriotail. Comhl\u00e1naigh an fhoirm thapa agus cuirfimid ar ais chugat go han-tapa le do luachan is fearr!{:}","breadcrumb":{"@id":"https:\/\/motorcycles-go.com\/motorcycle-transport-quote\/#breadcrumb"},"inLanguage":"es","potentialAction":[{"@type":"ReadAction","target":["https:\/\/motorcycles-go.com\/motorcycle-transport-quote\/"]}]},{"@type":"ImageObject","inLanguage":"es","@id":"https:\/\/motorcycles-go.com\/motorcycle-transport-quote\/#primaryimage","url":"https:\/\/motorcycles-go.com\/wp-content\/uploads\/2020\/07\/Motorcycle-Transport-Quote-OG01.jpg","contentUrl":"https:\/\/motorcycles-go.com\/wp-content\/uploads\/2020\/07\/Motorcycle-Transport-Quote-OG01.jpg","width":1200,"height":630,"caption":"Motorcycle Transport Quote OG01"},{"@type":"BreadcrumbList","@id":"https:\/\/motorcycles-go.com\/motorcycle-transport-quote\/#breadcrumb","itemListElement":[{"@type":"ListItem","position":1,"name":"Home","item":"https:\/\/motorcycles-go.com\/"},{"@type":"ListItem","position":2,"name":"Motorcycle Transport Quote"}]},{"@type":"WebSite","@id":"https:\/\/motorcycles-go.com\/#website","url":"https:\/\/motorcycles-go.com\/","name":"Motorcycles-Go.com","description":"Motorcycle transport specialists.  UK, Spain, Portugal.","publisher":{"@id":"https:\/\/motorcycles-go.com\/#organization"},"potentialAction":[{"@type":"SearchAction","target":{"@type":"EntryPoint","urlTemplate":"https:\/\/motorcycles-go.com\/?s={search_term_string}"},"query-input":{"@type":"PropertyValueSpecification","valueRequired":true,"valueName":"search_term_string"}}],"inLanguage":"es"},{"@type":"Organization","@id":"https:\/\/motorcycles-go.com\/#organization","name":"Motorcycles-Go.com","url":"https:\/\/motorcycles-go.com\/","logo":{"@type":"ImageObject","inLanguage":"es","@id":"https:\/\/motorcycles-go.com\/#\/schema\/logo\/image\/","url":"https:\/\/motorcycles-go.com\/wp-content\/uploads\/2020\/07\/Motrocycles-Go-Logo-Sml.png","contentUrl":"https:\/\/motorcycles-go.com\/wp-content\/uploads\/2020\/07\/Motrocycles-Go-Logo-Sml.png","width":300,"height":45,"caption":"Motorcycles-Go.com"},"image":{"@id":"https:\/\/motorcycles-go.com\/#\/schema\/logo\/image\/"}},false]}},"yasr_visitor_votes":{"stars_attributes":{"read_only":false,"span_bottom":false},"number_of_votes":0,"sum_votes":0},"_links":{"self":[{"href":"https:\/\/motorcycles-go.com\/es\/wp-json\/wp\/v2\/pages\/38","targetHints":{"allow":["GET"]}}],"collection":[{"href":"https:\/\/motorcycles-go.com\/es\/wp-json\/wp\/v2\/pages"}],"about":[{"href":"https:\/\/motorcycles-go.com\/es\/wp-json\/wp\/v2\/types\/page"}],"author":[{"embeddable":true,"href":"https:\/\/motorcycles-go.com\/es\/wp-json\/wp\/v2\/users\/1"}],"replies":[{"embeddable":true,"href":"https:\/\/motorcycles-go.com\/es\/wp-json\/wp\/v2\/comments?post=38"}],"version-history":[{"count":26,"href":"https:\/\/motorcycles-go.com\/es\/wp-json\/wp\/v2\/pages\/38\/revisions"}],"predecessor-version":[{"id":522,"href":"https:\/\/motorcycles-go.com\/es\/wp-json\/wp\/v2\/pages\/38\/revisions\/522"}],"wp:featuredmedia":[{"embeddable":true,"href":"https:\/\/motorcycles-go.com\/es\/wp-json\/wp\/v2\/media\/248"}],"wp:attachment":[{"href":"https:\/\/motorcycles-go.com\/es\/wp-json\/wp\/v2\/media?parent=38"}],"curies":[{"name":"wp","href":"https:\/\/api.w.org\/{rel}","templated":true}]}}