{"id":399,"date":"2021-05-12T11:17:49","date_gmt":"2021-05-12T11:17:49","guid":{"rendered":"https:\/\/motorcycles-go.com\/?page_id=399"},"modified":"2024-04-08T16:09:41","modified_gmt":"2024-04-08T16:09:41","slug":"motorcycle-transport-portugal-to-ireland","status":"publish","type":"page","link":"https:\/\/motorcycles-go.com\/es\/motorcycle-transport-portugal-to-ireland\/","title":{"rendered":"Motorcycle Transport Portugal to Ireland"},"content":{"rendered":"<p><\/p>\n<p><strong>Transporte de Motos, Portugal a Irlanda. Nos especializamos en el env\u00edo de motocicletas desde la regi\u00f3n del Algarve de Portugal a Dubl\u00edn en Irlanda. \u00a1Es lo que mejor hacemos! Motorcycles-Go.com opera un servicio regular de transporte de contenedores de env\u00edo para motocicletas\/motocicletas, entre nuestro dep\u00f3sito de Dubl\u00edn en Irlanda y nuestro dep\u00f3sito de Portugal, \u00a1en el soleado Algarve! Si necesita el env\u00edo de su moto entre Irlanda y Portugal, incluso las Costas espa\u00f1olas, a lo largo de Marbella, \u00a1le brindamos un excelente servicio a un excelente precio! Cita a continuaci\u00f3n.<\/strong><\/p>\n<figure id=\"attachment_408\" aria-describedby=\"caption-attachment-408\" style=\"width: 1200px\" class=\"wp-caption alignnone\"><img loading=\"lazy\" decoding=\"async\" class=\"size-full wp-image-408\" src=\"https:\/\/motorcycles-go.com\/wp-content\/uploads\/2021\/05\/Ireland-Portugal-Motorbike-Transports.jpg\" alt=\"Ireland &amp; Portugal Motorbike Transports\" width=\"1200\" height=\"630\" srcset=\"https:\/\/motorcycles-go.com\/wp-content\/uploads\/2021\/05\/Ireland-Portugal-Motorbike-Transports.jpg 1200w, https:\/\/motorcycles-go.com\/wp-content\/uploads\/2021\/05\/Ireland-Portugal-Motorbike-Transports-300x158.jpg 300w, https:\/\/motorcycles-go.com\/wp-content\/uploads\/2021\/05\/Ireland-Portugal-Motorbike-Transports-1024x538.jpg 1024w, https:\/\/motorcycles-go.com\/wp-content\/uploads\/2021\/05\/Ireland-Portugal-Motorbike-Transports-768x403.jpg 768w, https:\/\/motorcycles-go.com\/wp-content\/uploads\/2021\/05\/Ireland-Portugal-Motorbike-Transports-1x1.jpg 1w\" sizes=\"auto, (max-width: 1200px) 100vw, 1200px\" \/><figcaption id=\"caption-attachment-408\" class=\"wp-caption-text\">Ireland &amp; Portugal Motorbike Transports<\/figcaption><\/figure>\n<h2>Transporte de Motos, Portugal a Irlanda<\/h2>\n<p>Enviaremos tu moto de forma segura desde Dubl\u00edn a la costa sur de Portugal. Movemos un contenedor de env\u00edo de 40 pies, generalmente, todos los meses desde nuestro dep\u00f3sito en Dubl\u00edn a Loul\u00e9 en el Algarve.<\/p>\n<h3>Cotizaci\u00f3n de Transporte de Motos<\/h3>\n<p>Perm\u00edtanos cotizar el transporte de su bicicleta. \u00a1Estamos seguros de que lo haremos mejor que muchos otros! Deje algunos detalles aqu\u00ed y nos pondremos en contacto con usted de inmediato. \u00a1Cuanto m\u00e1s cuentes, mejor podremos ayudarte! &#8216;Te hablar\u00e9 pronto.<\/p>\n<p>[contacto-formulario-7 id=\u00bb106&#8243; title=\u00bbCotizaci\u00f3n\u00bb]<\/p>\n<p>&nbsp;<\/p>\n<h3>Env\u00edo de motos de Irlanda a Portugal<\/h3>\n<p>\u00a1Nuestro transporte regular funciona entre nuestro dep\u00f3sito de Dubl\u00edn en Irlanda y nuestro dep\u00f3sito de Algarve en Portugal y m\u00e1s all\u00e1 a lo largo de las &#8216;Costas&#8217; del sur de Espa\u00f1a! \u00a1Nuestra regularidad es su garant\u00eda de la mejor cotizaci\u00f3n posible! Planificado y ejecutado en torno a nuestro env\u00edo regular de contenedores, podemos transportar su motocicleta desde cualquier lugar de Irlanda a cualquier lugar de Portugal, adem\u00e1s de partes de Espa\u00f1a, de forma segura. los muchos problemas log\u00edsticos de la manera m\u00e1s eficiente posible, es decir, \u00a1solo las mejores cotizaciones!<\/p>\n<h3>Transporte de motos en Irlanda<\/h3>\n<p>Nuestro dep\u00f3sito en el condado de Dubl\u00edn da servicio a toda Irlanda, incluidos, entre otros, Meath, Kildare, Wicklow, Wexford, Kilkenny, Waterford, Cor, Kerry, Limerick y Tipperary.<\/p>\n<p>Hacemos todo lo posible para estar en contacto con su moto en todo momento durante el transporte. De vez en cuando, esto simplemente no es posible, pero nos enorgullecemos de nuestra atenci\u00f3n al cliente de alta calidad, \u00a1y del cuidado que le damos a su bicicleta! Puede ponerse en contacto con nosotros en casi cualquier momento durante el servicio de env\u00edo y transporte. \u00a1No te preocupes, tu preciosa bicicleta est\u00e1 en buenas manos!<\/p>\n<p>\u00a1Tambi\u00e9n podemos organizar el almacenamiento de su motocicleta! Tenemos tres dep\u00f3sitos de almacenamiento en el Algarve y Dubl\u00edn.<\/p>\n<h3>Transporte de Motos, Irlanda a Portugal<\/h3>\n<p>\u00a1\u00a1Nuestros precios tambi\u00e9n son geniales!! \u00a1Simplemente complete el formulario r\u00e1pido y nos pondremos en contacto con usted de inmediato con la mejor cotizaci\u00f3n que obtendr\u00e1!<\/p>\n<p>\u00a1Disfrute de la tranquilidad de saber que su preciada bicicleta est\u00e1 en las manos m\u00e1s confiables! Nos encantan las bicicletas, sabemos que cada una es especial, \u00a1incluida la tuya! Te ofrecemos la seguridad absoluta de que tu bicicleta llegar\u00e1 a su destino exactamente en las mismas condiciones en que la recogimos. \u00a1Nos enorgullecemos de nuestro compromiso con un trabajo eficiente y confiable bien hecho!<\/p>\n<p><\/p>","protected":false},"excerpt":{"rendered":"<p>Motorcycle Transport, Portugal to Ireland.\u00a0 We specialise in motorbike shipping from the Algarve region of Portugal to Dublin in Ireland.\u00a0 It&#8217;s what we do best!\u00a0 Motorcycles-Go.com operate a regular shipping container transport service for motorcycles\/motorbikes, between our Dublin depot in Ireland and our Portugal depot, down on the sunny Algarve!<\/p>\n","protected":false},"author":1,"featured_media":0,"parent":0,"menu_order":0,"comment_status":"closed","ping_status":"closed","template":"","meta":{"yasr_overall_rating":0,"yasr_post_is_review":"","yasr_auto_insert_disabled":"","yasr_review_type":"","footnotes":""},"class_list":["post-399","page","type-page","status-publish","hentry"],"yoast_head":"<!-- This site is optimized with the Yoast SEO plugin v27.5 - https:\/\/yoast.com\/product\/yoast-seo-wordpress\/ -->\n<title>(English) Motorcycle Transport Portugal to Ireland<\/title>\n<meta name=\"description\" content=\"(English) Motorcycle Transport Portugal to Ireland.\" \/>\n<meta name=\"robots\" content=\"index, follow, max-snippet:-1, max-image-preview:large, max-video-preview:-1\" \/>\n<link rel=\"canonical\" href=\"https:\/\/motorcycles-go.com\/motorcycle-transport-portugal-to-ireland\/\" \/>\n<meta property=\"og:locale\" content=\"es_ES\" \/>\n<meta property=\"og:type\" content=\"article\" \/>\n<meta property=\"og:title\" content=\"[:en]Motorcycle Transport Portugal to Ireland[:]\" \/>\n<meta property=\"og:description\" content=\"{:en}Motorcycle Transport Portugal to Ireland. {:}\" \/>\n<meta property=\"og:url\" content=\"https:\/\/motorcycles-go.com\/motorcycle-transport-portugal-to-ireland\/\" \/>\n<meta property=\"og:site_name\" content=\"Motorcycles-Go.com\" \/>\n<meta property=\"article:modified_time\" content=\"2024-04-08T16:09:41+00:00\" \/>\n<meta property=\"og:image\" content=\"https:\/\/motorcycles-go.com\/wp-content\/uploads\/2021\/05\/Ireland-Portugal-Motorbike-Transports.jpg\" \/>\n<meta name=\"twitter:card\" content=\"summary_large_image\" \/>\n<meta name=\"twitter:label1\" content=\"Tiempo de lectura\" \/>\n\t<meta name=\"twitter:data1\" content=\"7 minutos\" \/>\n<script type=\"application\/ld+json\" class=\"yoast-schema-graph\">{\"@context\":\"https:\\\/\\\/schema.org\",\"@graph\":[{\"@type\":\"WebPage\",\"@id\":\"https:\\\/\\\/motorcycles-go.com\\\/motorcycle-transport-portugal-to-ireland\\\/\",\"url\":\"https:\\\/\\\/motorcycles-go.com\\\/motorcycle-transport-portugal-to-ireland\\\/\",\"name\":\"[:en]Motorcycle Transport Portugal to Ireland[:]\",\"isPartOf\":{\"@id\":\"https:\\\/\\\/motorcycles-go.com\\\/#website\"},\"primaryImageOfPage\":{\"@id\":\"https:\\\/\\\/motorcycles-go.com\\\/motorcycle-transport-portugal-to-ireland\\\/#primaryimage\"},\"image\":{\"@id\":\"https:\\\/\\\/motorcycles-go.com\\\/motorcycle-transport-portugal-to-ireland\\\/#primaryimage\"},\"thumbnailUrl\":\"https:\\\/\\\/motorcycles-go.com\\\/wp-content\\\/uploads\\\/2021\\\/05\\\/Ireland-Portugal-Motorbike-Transports.jpg\",\"datePublished\":\"2021-05-12T11:17:49+00:00\",\"dateModified\":\"2024-04-08T16:09:41+00:00\",\"description\":\"{:en}Motorcycle Transport Portugal to Ireland. {:}\",\"breadcrumb\":{\"@id\":\"https:\\\/\\\/motorcycles-go.com\\\/motorcycle-transport-portugal-to-ireland\\\/#breadcrumb\"},\"inLanguage\":\"es\",\"potentialAction\":[{\"@type\":\"ReadAction\",\"target\":[\"https:\\\/\\\/motorcycles-go.com\\\/motorcycle-transport-portugal-to-ireland\\\/\"]}]},{\"@type\":\"ImageObject\",\"inLanguage\":\"es\",\"@id\":\"https:\\\/\\\/motorcycles-go.com\\\/motorcycle-transport-portugal-to-ireland\\\/#primaryimage\",\"url\":\"https:\\\/\\\/motorcycles-go.com\\\/wp-content\\\/uploads\\\/2021\\\/05\\\/Ireland-Portugal-Motorbike-Transports.jpg\",\"contentUrl\":\"https:\\\/\\\/motorcycles-go.com\\\/wp-content\\\/uploads\\\/2021\\\/05\\\/Ireland-Portugal-Motorbike-Transports.jpg\"},{\"@type\":\"BreadcrumbList\",\"@id\":\"https:\\\/\\\/motorcycles-go.com\\\/motorcycle-transport-portugal-to-ireland\\\/#breadcrumb\",\"itemListElement\":[{\"@type\":\"ListItem\",\"position\":1,\"name\":\"Home\",\"item\":\"https:\\\/\\\/motorcycles-go.com\\\/\"},{\"@type\":\"ListItem\",\"position\":2,\"name\":\"Motorcycle Transport Portugal to Ireland\"}]},{\"@type\":\"WebSite\",\"@id\":\"https:\\\/\\\/motorcycles-go.com\\\/#website\",\"url\":\"https:\\\/\\\/motorcycles-go.com\\\/\",\"name\":\"Motorcycles-Go.com\",\"description\":\"Motorcycle transport specialists.  UK, Spain, Portugal.\",\"publisher\":{\"@id\":\"https:\\\/\\\/motorcycles-go.com\\\/#organization\"},\"potentialAction\":[{\"@type\":\"SearchAction\",\"target\":{\"@type\":\"EntryPoint\",\"urlTemplate\":\"https:\\\/\\\/motorcycles-go.com\\\/?s={search_term_string}\"},\"query-input\":{\"@type\":\"PropertyValueSpecification\",\"valueRequired\":true,\"valueName\":\"search_term_string\"}}],\"inLanguage\":\"es\"},{\"@type\":\"Organization\",\"@id\":\"https:\\\/\\\/motorcycles-go.com\\\/#organization\",\"name\":\"Motorcycles-Go.com\",\"url\":\"https:\\\/\\\/motorcycles-go.com\\\/\",\"logo\":{\"@type\":\"ImageObject\",\"inLanguage\":\"es\",\"@id\":\"https:\\\/\\\/motorcycles-go.com\\\/#\\\/schema\\\/logo\\\/image\\\/\",\"url\":\"https:\\\/\\\/motorcycles-go.com\\\/wp-content\\\/uploads\\\/2020\\\/07\\\/Motrocycles-Go-Logo-Sml.png\",\"contentUrl\":\"https:\\\/\\\/motorcycles-go.com\\\/wp-content\\\/uploads\\\/2020\\\/07\\\/Motrocycles-Go-Logo-Sml.png\",\"width\":300,\"height\":45,\"caption\":\"Motorcycles-Go.com\"},\"image\":{\"@id\":\"https:\\\/\\\/motorcycles-go.com\\\/#\\\/schema\\\/logo\\\/image\\\/\"}},false]}<\/script>\n<!-- \/ Yoast SEO plugin. -->","yoast_head_json":{"title":"(English) Motorcycle Transport Portugal to Ireland","description":"(English) Motorcycle Transport Portugal to Ireland.","robots":{"index":"index","follow":"follow","max-snippet":"max-snippet:-1","max-image-preview":"max-image-preview:large","max-video-preview":"max-video-preview:-1"},"canonical":"https:\/\/motorcycles-go.com\/motorcycle-transport-portugal-to-ireland\/","og_locale":"es_ES","og_type":"article","og_title":"[:en]Motorcycle Transport Portugal to Ireland[:]","og_description":"{:en}Motorcycle Transport Portugal to Ireland. {:}","og_url":"https:\/\/motorcycles-go.com\/motorcycle-transport-portugal-to-ireland\/","og_site_name":"Motorcycles-Go.com","article_modified_time":"2024-04-08T16:09:41+00:00","og_image":[{"url":"https:\/\/motorcycles-go.com\/wp-content\/uploads\/2021\/05\/Ireland-Portugal-Motorbike-Transports.jpg","type":"","width":"","height":""}],"twitter_card":"summary_large_image","twitter_misc":{"Tiempo de lectura":"7 minutos"},"schema":{"@context":"https:\/\/schema.org","@graph":[{"@type":"WebPage","@id":"https:\/\/motorcycles-go.com\/motorcycle-transport-portugal-to-ireland\/","url":"https:\/\/motorcycles-go.com\/motorcycle-transport-portugal-to-ireland\/","name":"[:en]Motorcycle Transport Portugal to Ireland[:]","isPartOf":{"@id":"https:\/\/motorcycles-go.com\/#website"},"primaryImageOfPage":{"@id":"https:\/\/motorcycles-go.com\/motorcycle-transport-portugal-to-ireland\/#primaryimage"},"image":{"@id":"https:\/\/motorcycles-go.com\/motorcycle-transport-portugal-to-ireland\/#primaryimage"},"thumbnailUrl":"https:\/\/motorcycles-go.com\/wp-content\/uploads\/2021\/05\/Ireland-Portugal-Motorbike-Transports.jpg","datePublished":"2021-05-12T11:17:49+00:00","dateModified":"2024-04-08T16:09:41+00:00","description":"{:en}Motorcycle Transport Portugal to Ireland. {:}","breadcrumb":{"@id":"https:\/\/motorcycles-go.com\/motorcycle-transport-portugal-to-ireland\/#breadcrumb"},"inLanguage":"es","potentialAction":[{"@type":"ReadAction","target":["https:\/\/motorcycles-go.com\/motorcycle-transport-portugal-to-ireland\/"]}]},{"@type":"ImageObject","inLanguage":"es","@id":"https:\/\/motorcycles-go.com\/motorcycle-transport-portugal-to-ireland\/#primaryimage","url":"https:\/\/motorcycles-go.com\/wp-content\/uploads\/2021\/05\/Ireland-Portugal-Motorbike-Transports.jpg","contentUrl":"https:\/\/motorcycles-go.com\/wp-content\/uploads\/2021\/05\/Ireland-Portugal-Motorbike-Transports.jpg"},{"@type":"BreadcrumbList","@id":"https:\/\/motorcycles-go.com\/motorcycle-transport-portugal-to-ireland\/#breadcrumb","itemListElement":[{"@type":"ListItem","position":1,"name":"Home","item":"https:\/\/motorcycles-go.com\/"},{"@type":"ListItem","position":2,"name":"Motorcycle Transport Portugal to Ireland"}]},{"@type":"WebSite","@id":"https:\/\/motorcycles-go.com\/#website","url":"https:\/\/motorcycles-go.com\/","name":"Motorcycles-Go.com","description":"Motorcycle transport specialists.  UK, Spain, Portugal.","publisher":{"@id":"https:\/\/motorcycles-go.com\/#organization"},"potentialAction":[{"@type":"SearchAction","target":{"@type":"EntryPoint","urlTemplate":"https:\/\/motorcycles-go.com\/?s={search_term_string}"},"query-input":{"@type":"PropertyValueSpecification","valueRequired":true,"valueName":"search_term_string"}}],"inLanguage":"es"},{"@type":"Organization","@id":"https:\/\/motorcycles-go.com\/#organization","name":"Motorcycles-Go.com","url":"https:\/\/motorcycles-go.com\/","logo":{"@type":"ImageObject","inLanguage":"es","@id":"https:\/\/motorcycles-go.com\/#\/schema\/logo\/image\/","url":"https:\/\/motorcycles-go.com\/wp-content\/uploads\/2020\/07\/Motrocycles-Go-Logo-Sml.png","contentUrl":"https:\/\/motorcycles-go.com\/wp-content\/uploads\/2020\/07\/Motrocycles-Go-Logo-Sml.png","width":300,"height":45,"caption":"Motorcycles-Go.com"},"image":{"@id":"https:\/\/motorcycles-go.com\/#\/schema\/logo\/image\/"}},false]}},"yasr_visitor_votes":{"stars_attributes":{"read_only":false,"span_bottom":false},"number_of_votes":0,"sum_votes":0},"_links":{"self":[{"href":"https:\/\/motorcycles-go.com\/es\/wp-json\/wp\/v2\/pages\/399","targetHints":{"allow":["GET"]}}],"collection":[{"href":"https:\/\/motorcycles-go.com\/es\/wp-json\/wp\/v2\/pages"}],"about":[{"href":"https:\/\/motorcycles-go.com\/es\/wp-json\/wp\/v2\/types\/page"}],"author":[{"embeddable":true,"href":"https:\/\/motorcycles-go.com\/es\/wp-json\/wp\/v2\/users\/1"}],"replies":[{"embeddable":true,"href":"https:\/\/motorcycles-go.com\/es\/wp-json\/wp\/v2\/comments?post=399"}],"version-history":[{"count":3,"href":"https:\/\/motorcycles-go.com\/es\/wp-json\/wp\/v2\/pages\/399\/revisions"}],"predecessor-version":[{"id":524,"href":"https:\/\/motorcycles-go.com\/es\/wp-json\/wp\/v2\/pages\/399\/revisions\/524"}],"wp:attachment":[{"href":"https:\/\/motorcycles-go.com\/es\/wp-json\/wp\/v2\/media?parent=399"}],"curies":[{"name":"wp","href":"https:\/\/api.w.org\/{rel}","templated":true}]}}