{"id":411,"date":"2021-05-12T11:04:54","date_gmt":"2021-05-12T11:04:54","guid":{"rendered":"https:\/\/motorcycles-go.com\/?page_id=411"},"modified":"2024-04-08T16:06:30","modified_gmt":"2024-04-08T16:06:30","slug":"motorcycle-transport","status":"publish","type":"page","link":"https:\/\/motorcycles-go.com\/es\/transporte-de-motocicletas\/","title":{"rendered":"[:en]Motorcycle Transport[:es]Transporte de Motocicletas[:pt]Transporte de motocicleta[:ga]Iompar Gluaisrothar[:]"},"content":{"rendered":"<p><\/p>\n<p><strong>Transporte de motos &#8230; \u00a1Es lo que hacemos! Aqu\u00ed en Motorcycles-Go.com, hemos estado enviando las preciosas motocicletas de nuestros clientes entre Irlanda y Portugal (\u00a1y el Reino Unido hasta el Brexit!) Durante m\u00e1s de una d\u00e9cada y sabemos que nuestros clientes est\u00e1n contentos con nuestro servicio. Si necesita servicios de transporte para su bicicleta, perm\u00edtanos enviarle un presupuesto, <em>\u00a1quedar\u00e1 impresionado!<\/em><\/strong><\/p>\n<figure id=\"attachment_412\" aria-describedby=\"caption-attachment-412\" style=\"width: 1200px\" class=\"wp-caption alignnone\"><img loading=\"lazy\" decoding=\"async\" class=\"size-full wp-image-412\" src=\"https:\/\/motorcycles-go.com\/wp-content\/uploads\/2021\/05\/Motorcycle-Transport.jpg\" alt=\"Motorcycle Transport\" width=\"1200\" height=\"630\" srcset=\"https:\/\/motorcycles-go.com\/wp-content\/uploads\/2021\/05\/Motorcycle-Transport.jpg 1200w, https:\/\/motorcycles-go.com\/wp-content\/uploads\/2021\/05\/Motorcycle-Transport-300x158.jpg 300w, https:\/\/motorcycles-go.com\/wp-content\/uploads\/2021\/05\/Motorcycle-Transport-1024x538.jpg 1024w, https:\/\/motorcycles-go.com\/wp-content\/uploads\/2021\/05\/Motorcycle-Transport-768x403.jpg 768w, https:\/\/motorcycles-go.com\/wp-content\/uploads\/2021\/05\/Motorcycle-Transport-1x1.jpg 1w\" sizes=\"auto, (max-width: 1200px) 100vw, 1200px\" \/><figcaption id=\"caption-attachment-412\" class=\"wp-caption-text\">Transporte de motos<\/figcaption><\/figure>\n<h2>Cotizaci\u00f3n de transporte de motos<\/h2>\n<p>Nuestro contenedor de transporte de 40 pies transporta motocicletas entre Portugal e Irlanda, en un programa mensual regular de env\u00edos, manteniendo los costos bajos &#8230; \u00a1\u00a1manteniendo su cotizaci\u00f3n baja !! Deje algunos detalles aqu\u00ed y nos pondremos en contacto con usted con un excelente presupuesto.<\/p>\n\n<div class=\"wpcf7 no-js\" id=\"wpcf7-f106-o2\" lang=\"en-US\" dir=\"ltr\" data-wpcf7-id=\"106\">\n<div class=\"screen-reader-response\"><p role=\"status\" aria-live=\"polite\" aria-atomic=\"true\"><\/p> <ul><\/ul><\/div>\n<form action=\"\/es\/wp-json\/wp\/v2\/pages\/411#wpcf7-f106-o2\" method=\"post\" class=\"wpcf7-form init\" aria-label=\"Contact form\" novalidate=\"novalidate\" data-status=\"init\">\n<fieldset class=\"hidden-fields-container\"><input type=\"hidden\" name=\"_wpcf7\" value=\"106\" \/><input type=\"hidden\" name=\"_wpcf7_version\" value=\"6.1.5\" \/><input type=\"hidden\" name=\"_wpcf7_locale\" value=\"en_US\" \/><input type=\"hidden\" name=\"_wpcf7_unit_tag\" value=\"wpcf7-f106-o2\" \/><input type=\"hidden\" name=\"_wpcf7_container_post\" value=\"0\" \/><input type=\"hidden\" name=\"_wpcf7_posted_data_hash\" value=\"\" \/>\n<\/fieldset>\n<div id=\"quote\">\n\t<p><span class=\"wpcf7-form-control-wrap\" data-name=\"mcg-name\"><input size=\"40\" maxlength=\"400\" class=\"wpcf7-form-control wpcf7-text wpcf7-validates-as-required mcg\" aria-required=\"true\" aria-invalid=\"false\" placeholder=\"su nombre\" value=\"\" type=\"text\" name=\"mcg-name\" \/><\/span><br \/>\n<span class=\"wpcf7-form-control-wrap\" data-name=\"mcg-phone\"><input size=\"40\" maxlength=\"400\" class=\"wpcf7-form-control wpcf7-tel wpcf7-validates-as-required wpcf7-text wpcf7-validates-as-tel mcg\" aria-required=\"true\" aria-invalid=\"false\" placeholder=\"un n\u00famero de tel\u00e9fono\" value=\"\" type=\"tel\" name=\"mcg-phone\" \/><\/span><br \/>\n<span class=\"wpcf7-form-control-wrap\" data-name=\"mcg-email\"><input size=\"40\" maxlength=\"400\" class=\"wpcf7-form-control wpcf7-email wpcf7-validates-as-required wpcf7-text wpcf7-validates-as-email mcg\" aria-required=\"true\" aria-invalid=\"false\" placeholder=\"tu correo electr\u00f3nico\" value=\"\" type=\"email\" name=\"mcg-email\" \/><\/span><br \/>\n\t<hr \/><br \/>\n<span class=\"wpcf7-form-control-wrap\" data-name=\"mcg-make\"><input size=\"40\" maxlength=\"400\" class=\"wpcf7-form-control wpcf7-text wpcf7-validates-as-required mcg\" aria-required=\"true\" aria-invalid=\"false\" placeholder=\"marca y modelo de tu motocicleta\" value=\"\" type=\"text\" name=\"mcg-make\" \/><\/span><br \/>\n<span class=\"wpcf7-form-control-wrap\" data-name=\"mcg-collection\"><input size=\"40\" maxlength=\"400\" class=\"wpcf7-form-control wpcf7-text wpcf7-validates-as-required mcg\" aria-required=\"true\" aria-invalid=\"false\" placeholder=\"colecci\u00f3n DE\" value=\"\" type=\"text\" name=\"mcg-collection\" \/><\/span><span class=\"wpcf7-form-control-wrap\" data-name=\"mcg-delivery\"><input size=\"40\" maxlength=\"400\" class=\"wpcf7-form-control wpcf7-text wpcf7-validates-as-required mcg\" aria-required=\"true\" aria-invalid=\"false\" placeholder=\"Entregar A\" value=\"\" type=\"text\" name=\"mcg-delivery\" \/><\/span><br \/>\n<br style=\"clear:both;\" \/>\n\t<hr \/><br \/>\n<span class=\"wpcf7-form-control-wrap\" data-name=\"fromdepot\"><span class=\"wpcf7-form-control wpcf7-checkbox wpcf7-exclusive-checkbox mcg\"><span class=\"wpcf7-list-item first\"><input type=\"checkbox\" name=\"fromdepot\" value=\"Me gustar\u00eda recoger y entregar a mi puerta.\" \/><span class=\"wpcf7-list-item-label\">Me gustar\u00eda recoger y entregar a mi puerta.<\/span><\/span><span class=\"wpcf7-list-item last\"><input type=\"checkbox\" name=\"fromdepot\" value=\"Puedo entregar y recoger en sus dep\u00f3sitos.\" \/><span class=\"wpcf7-list-item-label\">Puedo entregar y recoger en sus dep\u00f3sitos.<\/span><\/span><\/span><\/span><br \/>\n\t<hr \/><br \/>\n<span class=\"wpcf7-form-control-wrap\" data-name=\"mcgruns\"><span class=\"wpcf7-form-control wpcf7-checkbox wpcf7-exclusive-checkbox mcg\"><span class=\"wpcf7-list-item first\"><input type=\"checkbox\" name=\"mcgruns\" value=\"Mi motocicleta funciona correctamente.\" \/><span class=\"wpcf7-list-item-label\">Mi motocicleta funciona correctamente.<\/span><\/span><span class=\"wpcf7-list-item last\"><input type=\"checkbox\" name=\"mcgruns\" value=\"Mi motocicleta NO FUNCIONA.\" \/><span class=\"wpcf7-list-item-label\">Mi motocicleta NO FUNCIONA.<\/span><\/span><\/span><\/span><br \/>\n\t<hr \/>\n\t<\/p>\n\t<p>Si tiene una fecha espec\u00edfica en mente, av\u00edsenos; de lo contrario, d\u00e9nos una idea de cu\u00e1ndo desea que le env\u00eden la bicicleta. Por ejemplo, \"Finales de marzo\".\n\t<\/p>\n\t<p><span class=\"wpcf7-form-control-wrap\" data-name=\"mcg-date\"><input size=\"40\" maxlength=\"400\" class=\"wpcf7-form-control wpcf7-text wpcf7-validates-as-required mcg\" aria-required=\"true\" aria-invalid=\"false\" placeholder=\"fecha de recogida \/ entrega\" value=\"\" type=\"text\" name=\"mcg-date\" \/><\/span><br \/>\n<span class=\"wpcf7-form-control-wrap\" data-name=\"capital-quiz\"><label><span class=\"wpcf7-quiz-label\"><\/span> <input size=\"40\" class=\"wpcf7-form-control wpcf7-quiz\" autocomplete=\"off\" aria-required=\"true\" aria-invalid=\"false\" type=\"text\" name=\"capital-quiz\" \/><\/label><input type=\"hidden\" name=\"_wpcf7_quiz_answer_capital-quiz\" value=\"3545757b8cdd0395faa573380bc5a90d\" \/><\/span><br \/>\n\t<div class=\"wpcf7-response-output\" aria-hidden=\"true\"><\/div><br \/>\n<input class=\"wpcf7-form-control wpcf7-submit has-spinner mcg\" type=\"submit\" value=\"Obtenga su cotizaci\u00f3n!\" \/>\n\t<\/p>\n<\/div>\n<\/form>\n<\/div>\n\n<p>&nbsp;<\/p>\n<h3>Env\u00edo de motos en Europa<\/h3>\n<p>\u00a1Nuestros traslados regulares entre Irlanda, Portugal y las costas del sur de Espa\u00f1a son su garant\u00eda de la mejor cotizaci\u00f3n posible! Nuestra regularidad significa que podemos planificar y ejecutar los muchos problemas log\u00edsticos de la manera m\u00e1s eficiente posible, es decir, \u00a1solo las mejores cotizaciones!<\/p>\n<p>Hacemos todo lo posible para estar en contacto en todo momento durante el transporte de su motocicleta. En ocasiones, esto simplemente no es posible, pero nos enorgullecemos de nuestra atenci\u00f3n al cliente. Puede contactarnos en casi cualquier momento durante el servicio de env\u00edo. No se preocupe, \u00a1su preciosa bicicleta est\u00e1 en buenas manos!<\/p>\n<p>\u00a1Tambi\u00e9n podemos organizar el almacenamiento de su motocicleta! Tenemos tres dep\u00f3sitos de almacenamiento en el Algarve y Dubl\u00edn.<\/p>\n<h3>Dep\u00f3sitos de transporte de motocicletas en Irlanda, Portugal y Espa\u00f1a.<\/h3>\n<ul>\n<li><strong>Loule, Algarve, Portugal<\/strong><br \/>\nCamino Dos Giros, Quattro Estradas, Loule 8100-579, Portugal.\u00a0 Telefono Portugal: (+351) 930 658 660.<\/li>\n<li><strong>Dublin, Ireland<\/strong><br \/>\nSe confirma la nueva direcci\u00f3n mientras escribo.<\/li>\n<\/ul>\n<h2>Transporte de motos<\/h2>\n<p>Con dep\u00f3sitos en Dubl\u00edn y Loule, Algarve, transportamos motos a Irlanda y Portugal cada mes. Nuestro contenedor de 40 pies es seguro y siempre monitoreado. Los transportes de un dep\u00f3sito a otro suelen ser m\u00e1s baratos, pero nos complace organizar el env\u00edo de su motocicleta, \u00a1puerta a puerta! Damos servicio a toda Irlanda, incluidos, entre otros, Meath, Kildare, Wicklow, Wexford, Kilkenny, Waterford, Cor, Kerry, Limerick, Tipperary, los condados de Clare, Galway, Mayo y Offaly, Westmeath y Roscommon.<\/p>\n<p>En Portugal, nuevamente podemos entregar directamente a su puerta, en toda la regi\u00f3n de Alrgarve, Loule, Tavira, Faro, Albufeira, Portim\u00e3o, Lagos, tambi\u00e9n m\u00e1s al norte de Lisboa, Coimbra y Oporto.<\/p>\n<p>Siempre hacemos todo lo posible para estar en contacto con su motocicleta en todo momento durante la duraci\u00f3n del transporte. De vez en cuando, esto simplemente no es posible, pero nos enorgullecemos de nuestra atenci\u00f3n al cliente de alta calidad, \u00a1y el cuidado que le brindamos a su bicicleta! Puede contactarnos en casi cualquier momento durante el servicio de env\u00edo y transporte. No se preocupe, \u00a1su preciosa bicicleta est\u00e1 en buenas manos!<\/p>\n<p><em>\u00a1Te hablaremos pronto!<\/em><\/p>\n<p><span style=\"font-size: 16px;\"><\/p>","protected":false},"excerpt":{"rendered":"<p>Transporte de motos &#8230; \u00a1Es lo que hacemos! Aqu\u00ed en Motorcycles-Go.com, hemos estado enviando las preciosas motocicletas de nuestros clientes entre Irlanda y Portugal (\u00a1y el Reino Unido hasta el Brexit!) Durante m\u00e1s de una d\u00e9cada y sabemos que nuestros clientes est\u00e1n contentos con nuestro servicio. Si necesita servicios de transporte para su bicicleta, perm\u00edtanos [&hellip;]<\/p>\n","protected":false},"author":1,"featured_media":0,"parent":0,"menu_order":0,"comment_status":"closed","ping_status":"closed","template":"","meta":{"yasr_overall_rating":0,"yasr_post_is_review":"","yasr_auto_insert_disabled":"","yasr_review_type":"","footnotes":""},"class_list":["post-411","page","type-page","status-publish","hentry"],"yoast_head":"<!-- This site is optimized with the Yoast SEO plugin v27.5 - https:\/\/yoast.com\/product\/yoast-seo-wordpress\/ -->\n<title>Transporte de motos - Portugal e Irlanda. \u00a1Servicio confiable, excelentes cotizaciones!<\/title>\n<meta name=\"description\" content=\"Servicios de transporte de motocicletas - Irlanda \/ Portugal. Servicio de transporte regular mensual de contenedores entre Dubl\u00edn y Algarve. Precios Impresionantes!\" \/>\n<meta name=\"robots\" content=\"index, follow, max-snippet:-1, max-image-preview:large, max-video-preview:-1\" \/>\n<link rel=\"canonical\" href=\"https:\/\/motorcycles-go.com\/motorcycle-transport\/\" \/>\n<meta property=\"og:locale\" content=\"es_ES\" \/>\n<meta property=\"og:type\" content=\"article\" \/>\n<meta property=\"og:title\" content=\"[:en]Motorcycle Transport - Portugal &amp; Ireland. Reliable Service, Great Quotes![:es]Transporte de motos - Portugal e Irlanda. \u00a1Servicio confiable, excelentes cotizaciones![:pt]Transporte de Motos - Portugal e Irlanda. Servi\u00e7o confi\u00e1vel, \u00f3timas cota\u00e7\u00f5es![:ga]Iompar Gluaisrothar - An Phortaing\u00e9il &amp; \u00c9ire. Seirbh\u00eds Iontaofa, Sleachta iontach![:]\" \/>\n<meta property=\"og:description\" content=\"{:en}Motorcycle Transport Services - Ireland\/Portugal. Regular monthly transport container service between Dublin and Algarve. Impressive Prices!{:es}Servicios de transporte de motocicletas - Irlanda \/ Portugal. Servicio de transporte regular mensual de contenedores entre Dubl\u00edn y Algarve. Precios Impresionantes!{:pt}Servi\u00e7os de Transporte de Motos - Irlanda \/ Portugal. Servi\u00e7o regular mensal de contentores de transporte entre Dublin e Algarve. Pre\u00e7os Impressionantes!{:ga}Seirbh\u00eds\u00ed Iompair Gluaisrothar - \u00c9ire\/An Phortaing\u00e9il. Seirbh\u00eds coime\u00e1d\u00e1n iompair m\u00edos\u00fail rialta idir Baile \u00c1tha Cliath agus an Algarve. Praghsanna iontach!{:}\" \/>\n<meta property=\"og:url\" content=\"https:\/\/motorcycles-go.com\/motorcycle-transport\/\" \/>\n<meta property=\"og:site_name\" content=\"Motorcycles-Go.com\" \/>\n<meta property=\"article:modified_time\" content=\"2024-04-08T16:06:30+00:00\" \/>\n<meta property=\"og:image\" content=\"https:\/\/motorcycles-go.com\/wp-content\/uploads\/2020\/07\/Motorcycles-Go-OG01.jpg\" \/>\n<meta name=\"twitter:card\" content=\"summary_large_image\" \/>\n<meta name=\"twitter:label1\" content=\"Tiempo de lectura\" \/>\n\t<meta name=\"twitter:data1\" content=\"10 minutos\" \/>\n<script type=\"application\/ld+json\" class=\"yoast-schema-graph\">{\"@context\":\"https:\\\/\\\/schema.org\",\"@graph\":[{\"@type\":\"WebPage\",\"@id\":\"https:\\\/\\\/motorcycles-go.com\\\/motorcycle-transport\\\/\",\"url\":\"https:\\\/\\\/motorcycles-go.com\\\/motorcycle-transport\\\/\",\"name\":\"[:en]Motorcycle Transport - Portugal & Ireland. Reliable Service, Great Quotes![:es]Transporte de motos - Portugal e Irlanda. \u00a1Servicio confiable, excelentes cotizaciones![:pt]Transporte de Motos - Portugal e Irlanda. Servi\u00e7o confi\u00e1vel, \u00f3timas cota\u00e7\u00f5es![:ga]Iompar Gluaisrothar - An Phortaing\u00e9il & \u00c9ire. Seirbh\u00eds Iontaofa, Sleachta iontach![:]\",\"isPartOf\":{\"@id\":\"https:\\\/\\\/motorcycles-go.com\\\/#website\"},\"primaryImageOfPage\":{\"@id\":\"https:\\\/\\\/motorcycles-go.com\\\/motorcycle-transport\\\/#primaryimage\"},\"image\":{\"@id\":\"https:\\\/\\\/motorcycles-go.com\\\/motorcycle-transport\\\/#primaryimage\"},\"thumbnailUrl\":\"https:\\\/\\\/motorcycles-go.com\\\/wp-content\\\/uploads\\\/2020\\\/07\\\/Motorcycles-Go-OG01.jpg\",\"datePublished\":\"2021-05-12T11:04:54+00:00\",\"dateModified\":\"2024-04-08T16:06:30+00:00\",\"description\":\"{:en}Motorcycle Transport Services - Ireland\\\/Portugal. Regular monthly transport container service between Dublin and Algarve. Impressive Prices!{:es}Servicios de transporte de motocicletas - Irlanda \\\/ Portugal. Servicio de transporte regular mensual de contenedores entre Dubl\u00edn y Algarve. Precios Impresionantes!{:pt}Servi\u00e7os de Transporte de Motos - Irlanda \\\/ Portugal. Servi\u00e7o regular mensal de contentores de transporte entre Dublin e Algarve. Pre\u00e7os Impressionantes!{:ga}Seirbh\u00eds\u00ed Iompair Gluaisrothar - \u00c9ire\\\/An Phortaing\u00e9il. Seirbh\u00eds coime\u00e1d\u00e1n iompair m\u00edos\u00fail rialta idir Baile \u00c1tha Cliath agus an Algarve. Praghsanna iontach!{:}\",\"breadcrumb\":{\"@id\":\"https:\\\/\\\/motorcycles-go.com\\\/motorcycle-transport\\\/#breadcrumb\"},\"inLanguage\":\"es\",\"potentialAction\":[{\"@type\":\"ReadAction\",\"target\":[\"https:\\\/\\\/motorcycles-go.com\\\/motorcycle-transport\\\/\"]}]},{\"@type\":\"ImageObject\",\"inLanguage\":\"es\",\"@id\":\"https:\\\/\\\/motorcycles-go.com\\\/motorcycle-transport\\\/#primaryimage\",\"url\":\"https:\\\/\\\/motorcycles-go.com\\\/wp-content\\\/uploads\\\/2020\\\/07\\\/Motorcycles-Go-OG01.jpg\",\"contentUrl\":\"https:\\\/\\\/motorcycles-go.com\\\/wp-content\\\/uploads\\\/2020\\\/07\\\/Motorcycles-Go-OG01.jpg\"},{\"@type\":\"BreadcrumbList\",\"@id\":\"https:\\\/\\\/motorcycles-go.com\\\/motorcycle-transport\\\/#breadcrumb\",\"itemListElement\":[{\"@type\":\"ListItem\",\"position\":1,\"name\":\"Home\",\"item\":\"https:\\\/\\\/motorcycles-go.com\\\/\"},{\"@type\":\"ListItem\",\"position\":2,\"name\":\"Motorcycle Transport\"}]},{\"@type\":\"WebSite\",\"@id\":\"https:\\\/\\\/motorcycles-go.com\\\/#website\",\"url\":\"https:\\\/\\\/motorcycles-go.com\\\/\",\"name\":\"Motorcycles-Go.com\",\"description\":\"Motorcycle transport specialists.  UK, Spain, Portugal.\",\"publisher\":{\"@id\":\"https:\\\/\\\/motorcycles-go.com\\\/#organization\"},\"potentialAction\":[{\"@type\":\"SearchAction\",\"target\":{\"@type\":\"EntryPoint\",\"urlTemplate\":\"https:\\\/\\\/motorcycles-go.com\\\/?s={search_term_string}\"},\"query-input\":{\"@type\":\"PropertyValueSpecification\",\"valueRequired\":true,\"valueName\":\"search_term_string\"}}],\"inLanguage\":\"es\"},{\"@type\":\"Organization\",\"@id\":\"https:\\\/\\\/motorcycles-go.com\\\/#organization\",\"name\":\"Motorcycles-Go.com\",\"url\":\"https:\\\/\\\/motorcycles-go.com\\\/\",\"logo\":{\"@type\":\"ImageObject\",\"inLanguage\":\"es\",\"@id\":\"https:\\\/\\\/motorcycles-go.com\\\/#\\\/schema\\\/logo\\\/image\\\/\",\"url\":\"https:\\\/\\\/motorcycles-go.com\\\/wp-content\\\/uploads\\\/2020\\\/07\\\/Motrocycles-Go-Logo-Sml.png\",\"contentUrl\":\"https:\\\/\\\/motorcycles-go.com\\\/wp-content\\\/uploads\\\/2020\\\/07\\\/Motrocycles-Go-Logo-Sml.png\",\"width\":300,\"height\":45,\"caption\":\"Motorcycles-Go.com\"},\"image\":{\"@id\":\"https:\\\/\\\/motorcycles-go.com\\\/#\\\/schema\\\/logo\\\/image\\\/\"}},false]}<\/script>\n<!-- \/ Yoast SEO plugin. -->","yoast_head_json":{"title":"Transporte de motos - Portugal e Irlanda. \u00a1Servicio confiable, excelentes cotizaciones!","description":"Servicios de transporte de motocicletas - Irlanda \/ Portugal. Servicio de transporte regular mensual de contenedores entre Dubl\u00edn y Algarve. Precios Impresionantes!","robots":{"index":"index","follow":"follow","max-snippet":"max-snippet:-1","max-image-preview":"max-image-preview:large","max-video-preview":"max-video-preview:-1"},"canonical":"https:\/\/motorcycles-go.com\/motorcycle-transport\/","og_locale":"es_ES","og_type":"article","og_title":"[:en]Motorcycle Transport - Portugal & Ireland. Reliable Service, Great Quotes![:es]Transporte de motos - Portugal e Irlanda. \u00a1Servicio confiable, excelentes cotizaciones![:pt]Transporte de Motos - Portugal e Irlanda. Servi\u00e7o confi\u00e1vel, \u00f3timas cota\u00e7\u00f5es![:ga]Iompar Gluaisrothar - An Phortaing\u00e9il & \u00c9ire. Seirbh\u00eds Iontaofa, Sleachta iontach![:]","og_description":"{:en}Motorcycle Transport Services - Ireland\/Portugal. Regular monthly transport container service between Dublin and Algarve. Impressive Prices!{:es}Servicios de transporte de motocicletas - Irlanda \/ Portugal. Servicio de transporte regular mensual de contenedores entre Dubl\u00edn y Algarve. Precios Impresionantes!{:pt}Servi\u00e7os de Transporte de Motos - Irlanda \/ Portugal. Servi\u00e7o regular mensal de contentores de transporte entre Dublin e Algarve. Pre\u00e7os Impressionantes!{:ga}Seirbh\u00eds\u00ed Iompair Gluaisrothar - \u00c9ire\/An Phortaing\u00e9il. Seirbh\u00eds coime\u00e1d\u00e1n iompair m\u00edos\u00fail rialta idir Baile \u00c1tha Cliath agus an Algarve. Praghsanna iontach!{:}","og_url":"https:\/\/motorcycles-go.com\/motorcycle-transport\/","og_site_name":"Motorcycles-Go.com","article_modified_time":"2024-04-08T16:06:30+00:00","og_image":[{"url":"https:\/\/motorcycles-go.com\/wp-content\/uploads\/2020\/07\/Motorcycles-Go-OG01.jpg","type":"","width":"","height":""}],"twitter_card":"summary_large_image","twitter_misc":{"Tiempo de lectura":"10 minutos"},"schema":{"@context":"https:\/\/schema.org","@graph":[{"@type":"WebPage","@id":"https:\/\/motorcycles-go.com\/motorcycle-transport\/","url":"https:\/\/motorcycles-go.com\/motorcycle-transport\/","name":"[:en]Motorcycle Transport - Portugal & Ireland. Reliable Service, Great Quotes![:es]Transporte de motos - Portugal e Irlanda. \u00a1Servicio confiable, excelentes cotizaciones![:pt]Transporte de Motos - Portugal e Irlanda. Servi\u00e7o confi\u00e1vel, \u00f3timas cota\u00e7\u00f5es![:ga]Iompar Gluaisrothar - An Phortaing\u00e9il & \u00c9ire. Seirbh\u00eds Iontaofa, Sleachta iontach![:]","isPartOf":{"@id":"https:\/\/motorcycles-go.com\/#website"},"primaryImageOfPage":{"@id":"https:\/\/motorcycles-go.com\/motorcycle-transport\/#primaryimage"},"image":{"@id":"https:\/\/motorcycles-go.com\/motorcycle-transport\/#primaryimage"},"thumbnailUrl":"https:\/\/motorcycles-go.com\/wp-content\/uploads\/2020\/07\/Motorcycles-Go-OG01.jpg","datePublished":"2021-05-12T11:04:54+00:00","dateModified":"2024-04-08T16:06:30+00:00","description":"{:en}Motorcycle Transport Services - Ireland\/Portugal. Regular monthly transport container service between Dublin and Algarve. Impressive Prices!{:es}Servicios de transporte de motocicletas - Irlanda \/ Portugal. Servicio de transporte regular mensual de contenedores entre Dubl\u00edn y Algarve. Precios Impresionantes!{:pt}Servi\u00e7os de Transporte de Motos - Irlanda \/ Portugal. Servi\u00e7o regular mensal de contentores de transporte entre Dublin e Algarve. Pre\u00e7os Impressionantes!{:ga}Seirbh\u00eds\u00ed Iompair Gluaisrothar - \u00c9ire\/An Phortaing\u00e9il. Seirbh\u00eds coime\u00e1d\u00e1n iompair m\u00edos\u00fail rialta idir Baile \u00c1tha Cliath agus an Algarve. Praghsanna iontach!{:}","breadcrumb":{"@id":"https:\/\/motorcycles-go.com\/motorcycle-transport\/#breadcrumb"},"inLanguage":"es","potentialAction":[{"@type":"ReadAction","target":["https:\/\/motorcycles-go.com\/motorcycle-transport\/"]}]},{"@type":"ImageObject","inLanguage":"es","@id":"https:\/\/motorcycles-go.com\/motorcycle-transport\/#primaryimage","url":"https:\/\/motorcycles-go.com\/wp-content\/uploads\/2020\/07\/Motorcycles-Go-OG01.jpg","contentUrl":"https:\/\/motorcycles-go.com\/wp-content\/uploads\/2020\/07\/Motorcycles-Go-OG01.jpg"},{"@type":"BreadcrumbList","@id":"https:\/\/motorcycles-go.com\/motorcycle-transport\/#breadcrumb","itemListElement":[{"@type":"ListItem","position":1,"name":"Home","item":"https:\/\/motorcycles-go.com\/"},{"@type":"ListItem","position":2,"name":"Motorcycle Transport"}]},{"@type":"WebSite","@id":"https:\/\/motorcycles-go.com\/#website","url":"https:\/\/motorcycles-go.com\/","name":"Motorcycles-Go.com","description":"Motorcycle transport specialists.  UK, Spain, Portugal.","publisher":{"@id":"https:\/\/motorcycles-go.com\/#organization"},"potentialAction":[{"@type":"SearchAction","target":{"@type":"EntryPoint","urlTemplate":"https:\/\/motorcycles-go.com\/?s={search_term_string}"},"query-input":{"@type":"PropertyValueSpecification","valueRequired":true,"valueName":"search_term_string"}}],"inLanguage":"es"},{"@type":"Organization","@id":"https:\/\/motorcycles-go.com\/#organization","name":"Motorcycles-Go.com","url":"https:\/\/motorcycles-go.com\/","logo":{"@type":"ImageObject","inLanguage":"es","@id":"https:\/\/motorcycles-go.com\/#\/schema\/logo\/image\/","url":"https:\/\/motorcycles-go.com\/wp-content\/uploads\/2020\/07\/Motrocycles-Go-Logo-Sml.png","contentUrl":"https:\/\/motorcycles-go.com\/wp-content\/uploads\/2020\/07\/Motrocycles-Go-Logo-Sml.png","width":300,"height":45,"caption":"Motorcycles-Go.com"},"image":{"@id":"https:\/\/motorcycles-go.com\/#\/schema\/logo\/image\/"}},false]}},"yasr_visitor_votes":{"stars_attributes":{"read_only":false,"span_bottom":false},"number_of_votes":0,"sum_votes":0},"_links":{"self":[{"href":"https:\/\/motorcycles-go.com\/es\/wp-json\/wp\/v2\/pages\/411","targetHints":{"allow":["GET"]}}],"collection":[{"href":"https:\/\/motorcycles-go.com\/es\/wp-json\/wp\/v2\/pages"}],"about":[{"href":"https:\/\/motorcycles-go.com\/es\/wp-json\/wp\/v2\/types\/page"}],"author":[{"embeddable":true,"href":"https:\/\/motorcycles-go.com\/es\/wp-json\/wp\/v2\/users\/1"}],"replies":[{"embeddable":true,"href":"https:\/\/motorcycles-go.com\/es\/wp-json\/wp\/v2\/comments?post=411"}],"version-history":[{"count":10,"href":"https:\/\/motorcycles-go.com\/es\/wp-json\/wp\/v2\/pages\/411\/revisions"}],"predecessor-version":[{"id":520,"href":"https:\/\/motorcycles-go.com\/es\/wp-json\/wp\/v2\/pages\/411\/revisions\/520"}],"wp:attachment":[{"href":"https:\/\/motorcycles-go.com\/es\/wp-json\/wp\/v2\/media?parent=411"}],"curies":[{"name":"wp","href":"https:\/\/api.w.org\/{rel}","templated":true}]}}