{"id":9,"date":"2020-06-25T11:08:08","date_gmt":"2020-06-25T11:08:08","guid":{"rendered":"https:\/\/motorcycles-go.com\/?page_id=9"},"modified":"2024-04-08T16:10:12","modified_gmt":"2024-04-08T16:10:12","slug":"european-motorcycle-transport","status":"publish","type":"page","link":"https:\/\/motorcycles-go.com\/es\/transporte-europeo-de-motocicletas\/","title":{"rendered":"[:en]European Motorcycle Transport[:es]Transporte europeo de motocicletas[:pt]European Motorcycle Transport[:ga]Iompar Gluaisrothar na hEorpa[:]"},"content":{"rendered":"<p><strong>Servicios europeos de transporte de motocicletas de Motorcycles-Go.com. Somos un equipo dedicado de profesionales del transporte, \u00a1apasionados por las bicicletas! &#8211; Explotaci\u00f3n de tres dep\u00f3sitos de transporte en Reino Unido, Espa\u00f1a y Portugal. \u00a1Utilizamos nuestros propios contenedores para transportar su motocicleta, de forma segura y eficiente, desde la recogida hasta la entrega! \u00a1Un servicio de calidad!<\/strong><\/p>\n<figure id=\"attachment_209\" aria-describedby=\"caption-attachment-209\" style=\"width: 1200px\" class=\"wp-caption alignnone\"><img loading=\"lazy\" decoding=\"async\" class=\"wp-image-209 size-full\" src=\"https:\/\/motorcycles-go.com\/wp-content\/uploads\/2020\/07\/European-Motorcycle-Transport-Services-UK-Spain-Portugal-OG01.jpg\" alt=\"European Motorcycle Transport Services, UK, Spain, Portugal OG01\" width=\"1200\" height=\"630\" srcset=\"https:\/\/motorcycles-go.com\/wp-content\/uploads\/2020\/07\/European-Motorcycle-Transport-Services-UK-Spain-Portugal-OG01.jpg 1200w, https:\/\/motorcycles-go.com\/wp-content\/uploads\/2020\/07\/European-Motorcycle-Transport-Services-UK-Spain-Portugal-OG01-300x158.jpg 300w, https:\/\/motorcycles-go.com\/wp-content\/uploads\/2020\/07\/European-Motorcycle-Transport-Services-UK-Spain-Portugal-OG01-1024x538.jpg 1024w, https:\/\/motorcycles-go.com\/wp-content\/uploads\/2020\/07\/European-Motorcycle-Transport-Services-UK-Spain-Portugal-OG01-768x403.jpg 768w, https:\/\/motorcycles-go.com\/wp-content\/uploads\/2020\/07\/European-Motorcycle-Transport-Services-UK-Spain-Portugal-OG01-1x1.jpg 1w\" sizes=\"auto, (max-width: 1200px) 100vw, 1200px\" \/><figcaption id=\"caption-attachment-209\" class=\"wp-caption-text\">Servicios europeos de transporte de motocicletas, Reino Unido, Espa\u00f1a, Portugal.<\/figcaption><\/figure>\n<h2>Servicios confiables de transporte de motocicletas en toda Europa<\/h2>\n<p>Aqu\u00ed en Motorcycles-Go.com, conocemos el negocio del transporte, \u00a1especialmente las motos! Tenemos muchos a\u00f1os de experiencia en el transporte de motos entre el Reino Unido y las costas sur de Espa\u00f1a y Portugal.<\/p>\n<h3>\u00a1Obtenga su cotizaci\u00f3n europea de transporte de motocicletas!<\/h3>\n\n<div class=\"wpcf7 no-js\" id=\"wpcf7-f106-o2\" lang=\"en-US\" dir=\"ltr\" data-wpcf7-id=\"106\">\n<div class=\"screen-reader-response\"><p role=\"status\" aria-live=\"polite\" aria-atomic=\"true\"><\/p> <ul><\/ul><\/div>\n<form action=\"\/es\/wp-json\/wp\/v2\/pages\/9#wpcf7-f106-o2\" method=\"post\" class=\"wpcf7-form init\" aria-label=\"Contact form\" novalidate=\"novalidate\" data-status=\"init\">\n<fieldset class=\"hidden-fields-container\"><input type=\"hidden\" name=\"_wpcf7\" value=\"106\" \/><input type=\"hidden\" name=\"_wpcf7_version\" value=\"6.1.6\" \/><input type=\"hidden\" name=\"_wpcf7_locale\" value=\"en_US\" \/><input type=\"hidden\" name=\"_wpcf7_unit_tag\" value=\"wpcf7-f106-o2\" \/><input type=\"hidden\" name=\"_wpcf7_container_post\" value=\"0\" \/><input type=\"hidden\" name=\"_wpcf7_posted_data_hash\" value=\"\" \/>\n<\/fieldset>\n<div id=\"quote\">\n\t<p><span class=\"wpcf7-form-control-wrap\" data-name=\"mcg-name\"><input size=\"40\" maxlength=\"400\" class=\"wpcf7-form-control wpcf7-text wpcf7-validates-as-required mcg\" aria-required=\"true\" aria-invalid=\"false\" placeholder=\"su nombre\" value=\"\" type=\"text\" name=\"mcg-name\" \/><\/span><br \/>\n<span class=\"wpcf7-form-control-wrap\" data-name=\"mcg-phone\"><input size=\"40\" maxlength=\"400\" class=\"wpcf7-form-control wpcf7-tel wpcf7-validates-as-required wpcf7-text wpcf7-validates-as-tel mcg\" aria-required=\"true\" aria-invalid=\"false\" placeholder=\"un n\u00famero de tel\u00e9fono\" value=\"\" type=\"tel\" name=\"mcg-phone\" \/><\/span><br \/>\n<span class=\"wpcf7-form-control-wrap\" data-name=\"mcg-email\"><input size=\"40\" maxlength=\"400\" class=\"wpcf7-form-control wpcf7-email wpcf7-validates-as-required wpcf7-text wpcf7-validates-as-email mcg\" aria-required=\"true\" aria-invalid=\"false\" placeholder=\"tu correo electr\u00f3nico\" value=\"\" type=\"email\" name=\"mcg-email\" \/><\/span><br \/>\n\t<hr \/><br \/>\n<span class=\"wpcf7-form-control-wrap\" data-name=\"mcg-make\"><input size=\"40\" maxlength=\"400\" class=\"wpcf7-form-control wpcf7-text wpcf7-validates-as-required mcg\" aria-required=\"true\" aria-invalid=\"false\" placeholder=\"marca y modelo de tu motocicleta\" value=\"\" type=\"text\" name=\"mcg-make\" \/><\/span><br \/>\n<span class=\"wpcf7-form-control-wrap\" data-name=\"mcg-collection\"><input size=\"40\" maxlength=\"400\" class=\"wpcf7-form-control wpcf7-text wpcf7-validates-as-required mcg\" aria-required=\"true\" aria-invalid=\"false\" placeholder=\"colecci\u00f3n DE\" value=\"\" type=\"text\" name=\"mcg-collection\" \/><\/span><span class=\"wpcf7-form-control-wrap\" data-name=\"mcg-delivery\"><input size=\"40\" maxlength=\"400\" class=\"wpcf7-form-control wpcf7-text wpcf7-validates-as-required mcg\" aria-required=\"true\" aria-invalid=\"false\" placeholder=\"Entregar A\" value=\"\" type=\"text\" name=\"mcg-delivery\" \/><\/span><br \/>\n<br style=\"clear:both;\" \/>\n\t<hr \/><br \/>\n<span class=\"wpcf7-form-control-wrap\" data-name=\"fromdepot\"><span class=\"wpcf7-form-control wpcf7-checkbox wpcf7-exclusive-checkbox mcg\"><span class=\"wpcf7-list-item first\"><input type=\"checkbox\" name=\"fromdepot\" value=\"Me gustar\u00eda recoger y entregar a mi puerta.\" \/><span class=\"wpcf7-list-item-label\">Me gustar\u00eda recoger y entregar a mi puerta.<\/span><\/span><span class=\"wpcf7-list-item last\"><input type=\"checkbox\" name=\"fromdepot\" value=\"Puedo entregar y recoger en sus dep\u00f3sitos.\" \/><span class=\"wpcf7-list-item-label\">Puedo entregar y recoger en sus dep\u00f3sitos.<\/span><\/span><\/span><\/span><br \/>\n\t<hr \/><br \/>\n<span class=\"wpcf7-form-control-wrap\" data-name=\"mcgruns\"><span class=\"wpcf7-form-control wpcf7-checkbox wpcf7-exclusive-checkbox mcg\"><span class=\"wpcf7-list-item first\"><input type=\"checkbox\" name=\"mcgruns\" value=\"Mi motocicleta funciona correctamente.\" \/><span class=\"wpcf7-list-item-label\">Mi motocicleta funciona correctamente.<\/span><\/span><span class=\"wpcf7-list-item last\"><input type=\"checkbox\" name=\"mcgruns\" value=\"Mi motocicleta NO FUNCIONA.\" \/><span class=\"wpcf7-list-item-label\">Mi motocicleta NO FUNCIONA.<\/span><\/span><\/span><\/span><br \/>\n\t<hr \/>\n\t<\/p>\n\t<p>Si tiene una fecha espec\u00edfica en mente, av\u00edsenos; de lo contrario, d\u00e9nos una idea de cu\u00e1ndo desea que le env\u00eden la bicicleta. Por ejemplo, \"Finales de marzo\".\n\t<\/p>\n\t<p><span class=\"wpcf7-form-control-wrap\" data-name=\"mcg-date\"><input size=\"40\" maxlength=\"400\" class=\"wpcf7-form-control wpcf7-text wpcf7-validates-as-required mcg\" aria-required=\"true\" aria-invalid=\"false\" placeholder=\"fecha de recogida \/ entrega\" value=\"\" type=\"text\" name=\"mcg-date\" \/><\/span><br \/>\n<span class=\"wpcf7-form-control-wrap\" data-name=\"capital-quiz\"><label><span class=\"wpcf7-quiz-label\"><\/span> <input size=\"40\" class=\"wpcf7-form-control wpcf7-quiz\" autocomplete=\"off\" aria-required=\"true\" aria-invalid=\"false\" type=\"text\" name=\"capital-quiz\" \/><\/label><input type=\"hidden\" name=\"_wpcf7_quiz_answer_capital-quiz\" value=\"3545757b8cdd0395faa573380bc5a90d\" \/><\/span><br \/>\n\t<div class=\"wpcf7-response-output\" aria-hidden=\"true\"><\/div><br \/>\n<input class=\"wpcf7-form-control wpcf7-submit has-spinner mcg\" type=\"submit\" value=\"Obtenga su cotizaci\u00f3n!\" \/>\n\t<\/p>\n<\/div>\n<\/form>\n<\/div>\n\n<p>&nbsp;<\/p>\n<h3>Transporte de motos, Inglaterra, Espa\u00f1a y Portugal<\/h3>\n<p><em><strong>\u00a1Enviar motocicletas es lo que hacemos!<\/strong><\/em> Cuando desee que su motocicleta llegue de manera segura, r\u00e1pida y por un precio justo, podemos ayudarlo.<\/p>\n<ul>\n<li>Reino Unido Garage, Salford, Manchester.<\/li>\n<li>Garaje Espa\u00f1a, Antas, Almer\u00eda.<\/li>\n<li>Portugal Garage, Loule, Algarve.<\/li>\n<\/ul>\n<p>Hemos estado transportando motos, \u00a1y muchas otras cosas! &#8211; \u00a1entre el Reino Unido y las costas del sur de Espa\u00f1a y Portugal durante a\u00f1os! Estamos felices de decir que sabemos lo que estamos haciendo. Cuando solicite un presupuesto de transporte, le pediremos la marca y modelo de su bicicleta, recogida, destino y fecha y nos pondremos en contacto con usted con el mejor presupuesto que podamos. \u00a1Nos preocupan las bicicletas! \u00a1Nos preocupamos por tu bicicleta! No es solo otro flete. Nuestra atenci\u00f3n al cliente es insuperable y puedes hablar con nosotros en cualquier momento durante el transporte de tu moto.<\/p>\n<h3>Preparaci\u00f3n de su motocicleta para el transporte<\/h3>\n<p>Quite la llave. No deber\u00eda haber ninguna raz\u00f3n para que alguien necesite encender su motocicleta. La direcci\u00f3n debe estar desbloqueada y la bicicleta debe rodar libremente, as\u00ed que infle los neum\u00e1ticos si est\u00e1n bajos. Todas sus pertenencias personales deben retirarse de la bicicleta. El conductor documentar\u00e1 el estado de la motocicleta cuando la recoja. Su motocicleta est\u00e1 cubierta con una cobertura de valoraci\u00f3n de $ 7000 sin costo adicional.<\/p>\n<p>No es necesario drenar el combustible ni realizar ninguna preparaci\u00f3n mec\u00e1nica en su motocicleta. No necesita embalar ni empaquetar su motocicleta de ninguna manera.<\/p>\n<p>&nbsp;<\/p>\n<p>&nbsp;<\/p>\n<p>&nbsp;<\/p>\n<p><\/p>","protected":false},"excerpt":{"rendered":"<p>Servicios europeos de transporte de motocicletas de Motorcycles-Go.com. Somos un equipo dedicado de profesionales del transporte, \u00a1apasionados por las bicicletas! &#8211; Explotaci\u00f3n de tres dep\u00f3sitos de transporte en Reino Unido, Espa\u00f1a y Portugal. \u00a1Utilizamos nuestros propios contenedores para transportar su motocicleta, de forma segura y eficiente, desde la recogida hasta la entrega! \u00a1Un servicio de calidad!<\/p>\n","protected":false},"author":1,"featured_media":0,"parent":0,"menu_order":10,"comment_status":"closed","ping_status":"closed","template":"","meta":{"yasr_overall_rating":0,"yasr_post_is_review":"","yasr_auto_insert_disabled":"","yasr_review_type":"","footnotes":""},"class_list":["post-9","page","type-page","status-publish","hentry"],"yoast_head":"<!-- This site is optimized with the Yoast SEO plugin v27.6 - https:\/\/yoast.com\/product\/yoast-seo-wordpress\/ -->\n<title>Servicios europeos de transporte de motocicletas, Motorcycles-Go.com.<\/title>\n<meta name=\"description\" content=\"Transporte europeo de motocicletas, Reino Unido, Espa\u00f1a y Portugal. \u00a1Transporte su motocicleta de forma segura y eficiente! \u00a1Un servicio de calidad!{:pt]Transporte europeu de motocicletas, Reino Unido, Espanha e Portugal. Transporte sua motocicleta com seguran\u00e7a e efici\u00eancia! Um servi\u00e7o de qualidade!\" \/>\n<meta name=\"robots\" content=\"index, follow, max-snippet:-1, max-image-preview:large, max-video-preview:-1\" \/>\n<link rel=\"canonical\" href=\"https:\/\/motorcycles-go.com\/european-motorcycle-transport\/\" \/>\n<meta property=\"og:locale\" content=\"es_ES\" \/>\n<meta property=\"og:type\" content=\"article\" \/>\n<meta property=\"og:title\" content=\"[:en]European Motorcycle Transport Services, Motorcycles-Go.com.[:es]Servicios europeos de transporte de motocicletas, Motorcycles-Go.com.[:pt]Servi\u00e7os europeus de transporte de motocicletas, motocicletas-Go.com.[:ga]Seirbh\u00eds\u00ed Iompair Gluaisrothar na hEorpa, Motorcycles-Go.com.[:]\" \/>\n<meta property=\"og:description\" content=\"{:en}European Motorcycle Transport, UK, Spain &amp; Portugal. Transport your motorcycle, safely &amp; efficiently!\u00a0 A quality service!{:es}Transporte europeo de motocicletas, Reino Unido, Espa\u00f1a y Portugal. \u00a1Transporte su motocicleta de forma segura y eficiente! \u00a1Un servicio de calidad!{:pt]Transporte europeu de motocicletas, Reino Unido, Espanha e Portugal. Transporte sua motocicleta com seguran\u00e7a e efici\u00eancia! Um servi\u00e7o de qualidade!{:ga}Iompar Gluaisrothar na hEorpa, an RA, an Sp\u00e1inn agus an Phortaing\u00e9il. Iompar do ghluaisrothar, go s\u00e1bh\u00e1ilte agus go h\u00e9ifeachtach! Seirbh\u00eds ardchaighde\u00e1in!{:}\" \/>\n<meta property=\"og:url\" content=\"https:\/\/motorcycles-go.com\/european-motorcycle-transport\/\" \/>\n<meta property=\"og:site_name\" content=\"Motorcycles-Go.com\" \/>\n<meta property=\"article:modified_time\" content=\"2024-04-08T16:10:12+00:00\" \/>\n<meta property=\"og:image\" content=\"https:\/\/motorcycles-go.com\/wp-content\/uploads\/2020\/07\/European-Motorcycle-Transport-Services-UK-Spain-Portugal-OG01.jpg\" \/>\n<meta name=\"twitter:card\" content=\"summary_large_image\" \/>\n<meta name=\"twitter:label1\" content=\"Tiempo de lectura\" \/>\n\t<meta name=\"twitter:data1\" content=\"8 minutos\" \/>\n<script type=\"application\/ld+json\" class=\"yoast-schema-graph\">{\"@context\":\"https:\\\/\\\/schema.org\",\"@graph\":[{\"@type\":\"WebPage\",\"@id\":\"https:\\\/\\\/motorcycles-go.com\\\/european-motorcycle-transport\\\/\",\"url\":\"https:\\\/\\\/motorcycles-go.com\\\/european-motorcycle-transport\\\/\",\"name\":\"[:en]European Motorcycle Transport Services, Motorcycles-Go.com.[:es]Servicios europeos de transporte de motocicletas, Motorcycles-Go.com.[:pt]Servi\u00e7os europeus de transporte de motocicletas, motocicletas-Go.com.[:ga]Seirbh\u00eds\u00ed Iompair Gluaisrothar na hEorpa, Motorcycles-Go.com.[:]\",\"isPartOf\":{\"@id\":\"https:\\\/\\\/motorcycles-go.com\\\/#website\"},\"primaryImageOfPage\":{\"@id\":\"https:\\\/\\\/motorcycles-go.com\\\/european-motorcycle-transport\\\/#primaryimage\"},\"image\":{\"@id\":\"https:\\\/\\\/motorcycles-go.com\\\/european-motorcycle-transport\\\/#primaryimage\"},\"thumbnailUrl\":\"https:\\\/\\\/motorcycles-go.com\\\/wp-content\\\/uploads\\\/2020\\\/07\\\/European-Motorcycle-Transport-Services-UK-Spain-Portugal-OG01.jpg\",\"datePublished\":\"2020-06-25T11:08:08+00:00\",\"dateModified\":\"2024-04-08T16:10:12+00:00\",\"description\":\"{:en}European Motorcycle Transport, UK, Spain & Portugal. Transport your motorcycle, safely & efficiently!\u00a0 A quality service!{:es}Transporte europeo de motocicletas, Reino Unido, Espa\u00f1a y Portugal. \u00a1Transporte su motocicleta de forma segura y eficiente! \u00a1Un servicio de calidad!{:pt]Transporte europeu de motocicletas, Reino Unido, Espanha e Portugal. Transporte sua motocicleta com seguran\u00e7a e efici\u00eancia! Um servi\u00e7o de qualidade!{:ga}Iompar Gluaisrothar na hEorpa, an RA, an Sp\u00e1inn agus an Phortaing\u00e9il. Iompar do ghluaisrothar, go s\u00e1bh\u00e1ilte agus go h\u00e9ifeachtach! Seirbh\u00eds ardchaighde\u00e1in!{:}\",\"breadcrumb\":{\"@id\":\"https:\\\/\\\/motorcycles-go.com\\\/european-motorcycle-transport\\\/#breadcrumb\"},\"inLanguage\":\"es\",\"potentialAction\":[{\"@type\":\"ReadAction\",\"target\":[\"https:\\\/\\\/motorcycles-go.com\\\/european-motorcycle-transport\\\/\"]}]},{\"@type\":\"ImageObject\",\"inLanguage\":\"es\",\"@id\":\"https:\\\/\\\/motorcycles-go.com\\\/european-motorcycle-transport\\\/#primaryimage\",\"url\":\"https:\\\/\\\/motorcycles-go.com\\\/wp-content\\\/uploads\\\/2020\\\/07\\\/European-Motorcycle-Transport-Services-UK-Spain-Portugal-OG01.jpg\",\"contentUrl\":\"https:\\\/\\\/motorcycles-go.com\\\/wp-content\\\/uploads\\\/2020\\\/07\\\/European-Motorcycle-Transport-Services-UK-Spain-Portugal-OG01.jpg\"},{\"@type\":\"BreadcrumbList\",\"@id\":\"https:\\\/\\\/motorcycles-go.com\\\/european-motorcycle-transport\\\/#breadcrumb\",\"itemListElement\":[{\"@type\":\"ListItem\",\"position\":1,\"name\":\"Home\",\"item\":\"https:\\\/\\\/motorcycles-go.com\\\/\"},{\"@type\":\"ListItem\",\"position\":2,\"name\":\"[:en]European Motorcycle Transport[:es]Transporte Europeo de Motocicletas[:pt]Transporte Europeu de Motocicletas[:]\"}]},{\"@type\":\"WebSite\",\"@id\":\"https:\\\/\\\/motorcycles-go.com\\\/#website\",\"url\":\"https:\\\/\\\/motorcycles-go.com\\\/\",\"name\":\"Motorcycles-Go.com\",\"description\":\"Motorcycle transport specialists.  UK, Spain, Portugal.\",\"publisher\":{\"@id\":\"https:\\\/\\\/motorcycles-go.com\\\/#organization\"},\"potentialAction\":[{\"@type\":\"SearchAction\",\"target\":{\"@type\":\"EntryPoint\",\"urlTemplate\":\"https:\\\/\\\/motorcycles-go.com\\\/?s={search_term_string}\"},\"query-input\":{\"@type\":\"PropertyValueSpecification\",\"valueRequired\":true,\"valueName\":\"search_term_string\"}}],\"inLanguage\":\"es\"},{\"@type\":\"Organization\",\"@id\":\"https:\\\/\\\/motorcycles-go.com\\\/#organization\",\"name\":\"Motorcycles-Go.com\",\"url\":\"https:\\\/\\\/motorcycles-go.com\\\/\",\"logo\":{\"@type\":\"ImageObject\",\"inLanguage\":\"es\",\"@id\":\"https:\\\/\\\/motorcycles-go.com\\\/#\\\/schema\\\/logo\\\/image\\\/\",\"url\":\"https:\\\/\\\/motorcycles-go.com\\\/wp-content\\\/uploads\\\/2020\\\/07\\\/Motrocycles-Go-Logo-Sml.png\",\"contentUrl\":\"https:\\\/\\\/motorcycles-go.com\\\/wp-content\\\/uploads\\\/2020\\\/07\\\/Motrocycles-Go-Logo-Sml.png\",\"width\":300,\"height\":45,\"caption\":\"Motorcycles-Go.com\"},\"image\":{\"@id\":\"https:\\\/\\\/motorcycles-go.com\\\/#\\\/schema\\\/logo\\\/image\\\/\"}},false]}<\/script>\n<!-- \/ Yoast SEO plugin. -->","yoast_head_json":{"title":"Servicios europeos de transporte de motocicletas, Motorcycles-Go.com.","description":"Transporte europeo de motocicletas, Reino Unido, Espa\u00f1a y Portugal. \u00a1Transporte su motocicleta de forma segura y eficiente! \u00a1Un servicio de calidad!{:pt]Transporte europeu de motocicletas, Reino Unido, Espanha e Portugal. Transporte sua motocicleta com seguran\u00e7a e efici\u00eancia! Um servi\u00e7o de qualidade!","robots":{"index":"index","follow":"follow","max-snippet":"max-snippet:-1","max-image-preview":"max-image-preview:large","max-video-preview":"max-video-preview:-1"},"canonical":"https:\/\/motorcycles-go.com\/european-motorcycle-transport\/","og_locale":"es_ES","og_type":"article","og_title":"[:en]European Motorcycle Transport Services, Motorcycles-Go.com.[:es]Servicios europeos de transporte de motocicletas, Motorcycles-Go.com.[:pt]Servi\u00e7os europeus de transporte de motocicletas, motocicletas-Go.com.[:ga]Seirbh\u00eds\u00ed Iompair Gluaisrothar na hEorpa, Motorcycles-Go.com.[:]","og_description":"{:en}European Motorcycle Transport, UK, Spain & Portugal. Transport your motorcycle, safely & efficiently!\u00a0 A quality service!{:es}Transporte europeo de motocicletas, Reino Unido, Espa\u00f1a y Portugal. \u00a1Transporte su motocicleta de forma segura y eficiente! \u00a1Un servicio de calidad!{:pt]Transporte europeu de motocicletas, Reino Unido, Espanha e Portugal. Transporte sua motocicleta com seguran\u00e7a e efici\u00eancia! Um servi\u00e7o de qualidade!{:ga}Iompar Gluaisrothar na hEorpa, an RA, an Sp\u00e1inn agus an Phortaing\u00e9il. Iompar do ghluaisrothar, go s\u00e1bh\u00e1ilte agus go h\u00e9ifeachtach! Seirbh\u00eds ardchaighde\u00e1in!{:}","og_url":"https:\/\/motorcycles-go.com\/european-motorcycle-transport\/","og_site_name":"Motorcycles-Go.com","article_modified_time":"2024-04-08T16:10:12+00:00","og_image":[{"url":"https:\/\/motorcycles-go.com\/wp-content\/uploads\/2020\/07\/European-Motorcycle-Transport-Services-UK-Spain-Portugal-OG01.jpg","type":"","width":"","height":""}],"twitter_card":"summary_large_image","twitter_misc":{"Tiempo de lectura":"8 minutos"},"schema":{"@context":"https:\/\/schema.org","@graph":[{"@type":"WebPage","@id":"https:\/\/motorcycles-go.com\/european-motorcycle-transport\/","url":"https:\/\/motorcycles-go.com\/european-motorcycle-transport\/","name":"[:en]European Motorcycle Transport Services, Motorcycles-Go.com.[:es]Servicios europeos de transporte de motocicletas, Motorcycles-Go.com.[:pt]Servi\u00e7os europeus de transporte de motocicletas, motocicletas-Go.com.[:ga]Seirbh\u00eds\u00ed Iompair Gluaisrothar na hEorpa, Motorcycles-Go.com.[:]","isPartOf":{"@id":"https:\/\/motorcycles-go.com\/#website"},"primaryImageOfPage":{"@id":"https:\/\/motorcycles-go.com\/european-motorcycle-transport\/#primaryimage"},"image":{"@id":"https:\/\/motorcycles-go.com\/european-motorcycle-transport\/#primaryimage"},"thumbnailUrl":"https:\/\/motorcycles-go.com\/wp-content\/uploads\/2020\/07\/European-Motorcycle-Transport-Services-UK-Spain-Portugal-OG01.jpg","datePublished":"2020-06-25T11:08:08+00:00","dateModified":"2024-04-08T16:10:12+00:00","description":"{:en}European Motorcycle Transport, UK, Spain & Portugal. Transport your motorcycle, safely & efficiently!\u00a0 A quality service!{:es}Transporte europeo de motocicletas, Reino Unido, Espa\u00f1a y Portugal. \u00a1Transporte su motocicleta de forma segura y eficiente! \u00a1Un servicio de calidad!{:pt]Transporte europeu de motocicletas, Reino Unido, Espanha e Portugal. Transporte sua motocicleta com seguran\u00e7a e efici\u00eancia! Um servi\u00e7o de qualidade!{:ga}Iompar Gluaisrothar na hEorpa, an RA, an Sp\u00e1inn agus an Phortaing\u00e9il. Iompar do ghluaisrothar, go s\u00e1bh\u00e1ilte agus go h\u00e9ifeachtach! Seirbh\u00eds ardchaighde\u00e1in!{:}","breadcrumb":{"@id":"https:\/\/motorcycles-go.com\/european-motorcycle-transport\/#breadcrumb"},"inLanguage":"es","potentialAction":[{"@type":"ReadAction","target":["https:\/\/motorcycles-go.com\/european-motorcycle-transport\/"]}]},{"@type":"ImageObject","inLanguage":"es","@id":"https:\/\/motorcycles-go.com\/european-motorcycle-transport\/#primaryimage","url":"https:\/\/motorcycles-go.com\/wp-content\/uploads\/2020\/07\/European-Motorcycle-Transport-Services-UK-Spain-Portugal-OG01.jpg","contentUrl":"https:\/\/motorcycles-go.com\/wp-content\/uploads\/2020\/07\/European-Motorcycle-Transport-Services-UK-Spain-Portugal-OG01.jpg"},{"@type":"BreadcrumbList","@id":"https:\/\/motorcycles-go.com\/european-motorcycle-transport\/#breadcrumb","itemListElement":[{"@type":"ListItem","position":1,"name":"Home","item":"https:\/\/motorcycles-go.com\/"},{"@type":"ListItem","position":2,"name":"[:en]European Motorcycle Transport[:es]Transporte Europeo de Motocicletas[:pt]Transporte Europeu de Motocicletas[:]"}]},{"@type":"WebSite","@id":"https:\/\/motorcycles-go.com\/#website","url":"https:\/\/motorcycles-go.com\/","name":"Motorcycles-Go.com","description":"Motorcycle transport specialists.  UK, Spain, Portugal.","publisher":{"@id":"https:\/\/motorcycles-go.com\/#organization"},"potentialAction":[{"@type":"SearchAction","target":{"@type":"EntryPoint","urlTemplate":"https:\/\/motorcycles-go.com\/?s={search_term_string}"},"query-input":{"@type":"PropertyValueSpecification","valueRequired":true,"valueName":"search_term_string"}}],"inLanguage":"es"},{"@type":"Organization","@id":"https:\/\/motorcycles-go.com\/#organization","name":"Motorcycles-Go.com","url":"https:\/\/motorcycles-go.com\/","logo":{"@type":"ImageObject","inLanguage":"es","@id":"https:\/\/motorcycles-go.com\/#\/schema\/logo\/image\/","url":"https:\/\/motorcycles-go.com\/wp-content\/uploads\/2020\/07\/Motrocycles-Go-Logo-Sml.png","contentUrl":"https:\/\/motorcycles-go.com\/wp-content\/uploads\/2020\/07\/Motrocycles-Go-Logo-Sml.png","width":300,"height":45,"caption":"Motorcycles-Go.com"},"image":{"@id":"https:\/\/motorcycles-go.com\/#\/schema\/logo\/image\/"}},false]}},"yasr_visitor_votes":{"stars_attributes":{"read_only":false,"span_bottom":false},"number_of_votes":0,"sum_votes":0},"_links":{"self":[{"href":"https:\/\/motorcycles-go.com\/es\/wp-json\/wp\/v2\/pages\/9","targetHints":{"allow":["GET"]}}],"collection":[{"href":"https:\/\/motorcycles-go.com\/es\/wp-json\/wp\/v2\/pages"}],"about":[{"href":"https:\/\/motorcycles-go.com\/es\/wp-json\/wp\/v2\/types\/page"}],"author":[{"embeddable":true,"href":"https:\/\/motorcycles-go.com\/es\/wp-json\/wp\/v2\/users\/1"}],"replies":[{"embeddable":true,"href":"https:\/\/motorcycles-go.com\/es\/wp-json\/wp\/v2\/comments?post=9"}],"version-history":[{"count":17,"href":"https:\/\/motorcycles-go.com\/es\/wp-json\/wp\/v2\/pages\/9\/revisions"}],"predecessor-version":[{"id":525,"href":"https:\/\/motorcycles-go.com\/es\/wp-json\/wp\/v2\/pages\/9\/revisions\/525"}],"wp:attachment":[{"href":"https:\/\/motorcycles-go.com\/es\/wp-json\/wp\/v2\/media?parent=9"}],"curies":[{"name":"wp","href":"https:\/\/api.w.org\/{rel}","templated":true}]}}