{"id":154,"date":"2020-07-15T11:15:50","date_gmt":"2020-07-15T11:15:50","guid":{"rendered":"https:\/\/motorcycles-go.com\/?page_id=154"},"modified":"2024-04-08T16:12:26","modified_gmt":"2024-04-08T16:12:26","slug":"european-motorcycle-transport-storage-depots","status":"publish","type":"page","link":"https:\/\/motorcycles-go.com\/ga\/iostai-iompair-storala-gluaisrothar-na-heorpa\/","title":{"rendered":"[:en]European Motorcycle Transport &#038; Storage Depots[:es]Dep\u00f3sitos de almacenamiento y transporte de motocicletas europeos[:pt]Dep\u00f3sitos europeus de transporte e armazenamento de motocicletas[:ga]Iosta\u00ed Iompair &#038; St\u00f3r\u00e1la Gluaisrothar na hEorpa[:]"},"content":{"rendered":"<p><\/p>\n<p><strong>Iosta\u00ed Eorpacha Gluaisrothar Iompair &amp; St\u00f3r\u00e1la sa RA, sa Sp\u00e1inn agus sa Phortaing\u00e9il. T\u00e1 tr\u00ed iosta iompair agus st\u00f3r\u00e1la ag Motorcycles-Go.com. T\u00e1 \u00e1r n-iosta\u00ed i Salford i Greater Manchester, Antas in Almeria agus Loule san Algarve mar bhonn d\u00e1r ngr\u00e9as\u00e1n iompair Eorpach.<\/strong><\/p>\n<div id='gallery-4' class='gallery galleryid-154 gallery-columns-3 gallery-size-medium'><figure class='gallery-item'>\n\t\t\t<div class='gallery-icon landscape'>\n\t\t\t\t<a href='https:\/\/motorcycles-go.com\/ga\/iostai-iompair-storala-gluaisrothar-na-heorpa\/salford-manchester-transport-depot\/attachment\/motorcycle-transport-depot-salford-manchester-england-og01\/'><img loading=\"lazy\" decoding=\"async\" width=\"300\" height=\"158\" src=\"https:\/\/motorcycles-go.com\/wp-content\/uploads\/2020\/07\/Motorcycle-Transport-Depot-Salford-Manchester-England-OG01-300x158.jpg\" class=\"attachment-medium size-medium\" alt=\"Motorcycle Transport Depot Salford Manchester England OG01\" aria-describedby=\"gallery-4-186\" srcset=\"https:\/\/motorcycles-go.com\/wp-content\/uploads\/2020\/07\/Motorcycle-Transport-Depot-Salford-Manchester-England-OG01-300x158.jpg 300w, https:\/\/motorcycles-go.com\/wp-content\/uploads\/2020\/07\/Motorcycle-Transport-Depot-Salford-Manchester-England-OG01-1024x538.jpg 1024w, https:\/\/motorcycles-go.com\/wp-content\/uploads\/2020\/07\/Motorcycle-Transport-Depot-Salford-Manchester-England-OG01-768x403.jpg 768w, https:\/\/motorcycles-go.com\/wp-content\/uploads\/2020\/07\/Motorcycle-Transport-Depot-Salford-Manchester-England-OG01-1x1.jpg 1w, https:\/\/motorcycles-go.com\/wp-content\/uploads\/2020\/07\/Motorcycle-Transport-Depot-Salford-Manchester-England-OG01.jpg 1200w\" sizes=\"auto, (max-width: 300px) 100vw, 300px\" \/><\/a>\n\t\t\t<\/div>\n\t\t\t\t<figcaption class='wp-caption-text gallery-caption' id='gallery-4-186'>\n\t\t\t\t(English) Motorbike Transport Depot, Manchester, UK.\n\t\t\t\t<\/figcaption><\/figure><figure class='gallery-item'>\n\t\t\t<div class='gallery-icon landscape'>\n\t\t\t\t<a href='https:\/\/motorcycles-go.com\/ga\/iostai-iompair-storala-gluaisrothar-na-heorpa\/transport-depot-antas-almeria-spain\/attachment\/motorcycle-transport-depot-antas-almeria-spain-og01\/'><img loading=\"lazy\" decoding=\"async\" width=\"300\" height=\"158\" src=\"https:\/\/motorcycles-go.com\/wp-content\/uploads\/2020\/07\/Motorcycle-Transport-Depot-Antas-Almer\u00eda-Spain-OG01-300x158.jpg\" class=\"attachment-medium size-medium\" alt=\"Motorcycle Transport Depot Antas, Almer\u00eda, Spain OG01\" aria-describedby=\"gallery-4-189\" srcset=\"https:\/\/motorcycles-go.com\/wp-content\/uploads\/2020\/07\/Motorcycle-Transport-Depot-Antas-Almer\u00eda-Spain-OG01-300x158.jpg 300w, https:\/\/motorcycles-go.com\/wp-content\/uploads\/2020\/07\/Motorcycle-Transport-Depot-Antas-Almer\u00eda-Spain-OG01-1024x538.jpg 1024w, https:\/\/motorcycles-go.com\/wp-content\/uploads\/2020\/07\/Motorcycle-Transport-Depot-Antas-Almer\u00eda-Spain-OG01-768x403.jpg 768w, https:\/\/motorcycles-go.com\/wp-content\/uploads\/2020\/07\/Motorcycle-Transport-Depot-Antas-Almer\u00eda-Spain-OG01-1x1.jpg 1w, https:\/\/motorcycles-go.com\/wp-content\/uploads\/2020\/07\/Motorcycle-Transport-Depot-Antas-Almer\u00eda-Spain-OG01.jpg 1200w\" sizes=\"auto, (max-width: 300px) 100vw, 300px\" \/><\/a>\n\t\t\t<\/div>\n\t\t\t\t<figcaption class='wp-caption-text gallery-caption' id='gallery-4-189'>\n\t\t\t\t(English) Motorbike Transport Depot, Almer\u00eda, Spain.\n\t\t\t\t<\/figcaption><\/figure><figure class='gallery-item'>\n\t\t\t<div class='gallery-icon landscape'>\n\t\t\t\t<a href='https:\/\/motorcycles-go.com\/ga\/iostai-iompair-storala-gluaisrothar-na-heorpa\/loule-algarve-portugal\/attachment\/motorcycle-transport-depot-loule-algarve-portugal-og01\/'><img loading=\"lazy\" decoding=\"async\" width=\"300\" height=\"158\" src=\"https:\/\/motorcycles-go.com\/wp-content\/uploads\/2020\/07\/Motorcycle-Transport-Depot-Loule-Algarve-Portugal-OG01-300x158.jpg\" class=\"attachment-medium size-medium\" alt=\"Motorcycle Transport Depot Loule, Algarve, Portugal OG01\" aria-describedby=\"gallery-4-190\" srcset=\"https:\/\/motorcycles-go.com\/wp-content\/uploads\/2020\/07\/Motorcycle-Transport-Depot-Loule-Algarve-Portugal-OG01-300x158.jpg 300w, https:\/\/motorcycles-go.com\/wp-content\/uploads\/2020\/07\/Motorcycle-Transport-Depot-Loule-Algarve-Portugal-OG01-1024x538.jpg 1024w, https:\/\/motorcycles-go.com\/wp-content\/uploads\/2020\/07\/Motorcycle-Transport-Depot-Loule-Algarve-Portugal-OG01-768x403.jpg 768w, https:\/\/motorcycles-go.com\/wp-content\/uploads\/2020\/07\/Motorcycle-Transport-Depot-Loule-Algarve-Portugal-OG01-1x1.jpg 1w, https:\/\/motorcycles-go.com\/wp-content\/uploads\/2020\/07\/Motorcycle-Transport-Depot-Loule-Algarve-Portugal-OG01.jpg 1200w\" sizes=\"auto, (max-width: 300px) 100vw, 300px\" \/><\/a>\n\t\t\t<\/div>\n\t\t\t\t<figcaption class='wp-caption-text gallery-caption' id='gallery-4-190'>\n\t\t\t\t(English) Motorbike Transport Depot, Algarve, Portugal.\n\t\t\t\t<\/figcaption><\/figure>\n\t\t<\/div>\n\n<h2>Iosta\u00ed Iompair &amp; St\u00f3r\u00e1la Gluaisrothar na hEorpa<\/h2>\n<p>Is \u00e9 d&#8217;fheithicil \u00e1r dtosa\u00edocht! Sol\u00e1thra\u00edmid seirbh\u00eds loingseoireachta gluaisrothair tapa agus iontaofa idir an RA, an Sp\u00e1inn agus an Phortaing\u00e9il. Seolaimid rothair \u00f3n\u00e1r dtr\u00ed iosta\u00ed i Manchain, Almeria agus an Algarve. Sol\u00e1thra\u00edonn \u00e1r bhfoireann tiomnaithe de dhaoine gairmi\u00fala le taith\u00ed seirbh\u00eds shaincheaptha a oireann do do riachtanais nuair a sheolann t\u00fa do rothar thar lear.<\/p>\n<ul>\n<li><a href=\"https:\/\/motorcycles-go.com\/three-transport-storage-depots\/loule-algarve-portugal\/\"><strong>Iosta Iompair Gluaisrothar na Portaing\u00e9ile<\/strong><\/a><br \/>\nCamino Dos Giros, Quattro Estradas, Loule 8100-579, an Phortaing\u00e9il. Teileaf\u00f3n an Phortaing\u00e9il: (+351) 930 658 660.<\/li>\n<\/ul>\n<p>&nbsp;<\/p>\n<h2>Gluaisrothar Loingseoireacht ar fud na hEorpa<\/h2>\n<p>Cinnt\u00edonn \u00e1r ritheann iompair rialta idir an RA agus c\u00f3sta\u00ed theas na Sp\u00e1inne agus na Portaing\u00e9ile an luachan is fearr is f\u00e9idir! Cialla\u00edonn \u00e1r rialtacht gur f\u00e9idir linn an iliomad saincheist l\u00f3ist\u00edochta a phlean\u00e1il agus a fhorghn\u00edomh\u00fa chomh h\u00e9ifeachtach agus is f\u00e9idir, rud a chialla\u00edonn nach bhfuil ann ach na comhartha\u00ed athfhriotail is fearr!<\/p>\n<p>D\u00e9anaimid \u00e1r nd\u00edcheall a bheith i dteagmh\u00e1il i gc\u00f3na\u00ed agus do ghluaisrothar \u00e1 iompar. Uaireanta, n\u00ed f\u00e9idir \u00e9 seo a dh\u00e9anamh, ach t\u00e1imid br\u00f3d\u00fail as \u00e1r gc\u00faram custaim\u00e9ir\u00ed. Is f\u00e9idir leat teagmh\u00e1il a dh\u00e9anamh linn ag beagnach am ar bith le linn na seirbh\u00edse loingseoireachta. N\u00ed g\u00e1 a bheith buartha, t\u00e1 do rothar l\u00f3mhar i l\u00e1mha s\u00e1bh\u00e1ilte!<\/p>\n<p>Is f\u00e9idir linn st\u00f3r\u00e1il do ghluaisrothar a eagr\u00fa, freisin! T\u00e1 tr\u00ed iosta st\u00f3r\u00e1la againn i Manchain, Almeria agus an Algarve.<\/p>\n<h3>Motorcycles-Go.com agus Tuilleadh Roghanna Iompair Eorpacha<\/h3>\n<p>T\u00e1 Motorcycles-Go.com mar chuid de l\u00edonra n\u00edos leithne de speisialt\u00f3ir\u00ed iompair Eorpacha. C\u00e9 go nd\u00edr\u00edonn Motorcycles-Go.com ar ghluaisrothair, t\u00e1 WanderersTransport.eu d\u00edrithe ar aistri\u00fa agus st\u00f3r\u00e1il int\u00edre agus feidhm\u00edonn Cars-Go-Transport.com \u00e1r seirbh\u00eds carr-iompair RA\/Eoraip agus re\u00e1cht\u00e1lann BestCarTransport.eu seirbh\u00eds\u00ed loingseoireachta gluaiste\u00e1n idir \u00c9ire agus \u00c9ire. Poblacht) agus an Eoraip. Bealach amh\u00e1in n\u00f3 bealach eile, t\u00e1 do bhogadh cl\u00fadaithe againn!!<\/p>\n<h3>Seirbh\u00eds Iompair Iontaofa i dTr\u00ed Th\u00edortha<\/h3>\n<p>T\u00e1imid tar \u00e9is a bheith ag iompar gluaisrothair &#8211; agus go leor ruda\u00ed eile! \u2013 idir an RA agus c\u00f3sta\u00ed theas na Sp\u00e1inne agus na Portaing\u00e9ile ar feadh na mblianta! T\u00e1 \u00e1thas orainn a r\u00e1 go bhfuil a fhios againn cad at\u00e1 ar si\u00fal againn. Nuair a iarrann t\u00fa luachan iompair, iarrfaimid d\u00e9ant\u00fas agus m\u00fanla do rothair, do bhaili\u00fach\u00e1n, do cheann scr\u00edbe agus d\u00e1ta agus tiocfaimid ar ais chugat leis an luachan is fearr is f\u00e9idir linn! Is c\u00faram linn faoi rothair! Is c\u00faram linn do rothar! N\u00ed hamh\u00e1in gur p\u00edosa lasta eile \u00e9. T\u00e1 \u00e1r gc\u00faram custaim\u00e9ir\u00ed gan \u00edoc agus is f\u00e9idir leat labhairt linn ag am ar bith agus do ghluaisrothar \u00e1 iompar.<\/p>\n<p>&nbsp;<\/p>\n<p><\/p>","protected":false},"excerpt":{"rendered":"<p>Iosta\u00ed Eorpacha Gluaisrothar Iompair &amp; St\u00f3r\u00e1la sa RA, sa Sp\u00e1inn agus sa Phortaing\u00e9il. T\u00e1 tr\u00ed iosta iompair agus st\u00f3r\u00e1la ag Motorcycles-Go.com. T\u00e1 \u00e1r n-iosta\u00ed i Salford i Greater Manchester, Antas in Almeria agus Loule san Algarve mar bhonn d\u00e1r ngr\u00e9as\u00e1n iompair Eorpach. Iosta\u00ed Iompair &amp; St\u00f3r\u00e1la Gluaisrothar na hEorpa Is \u00e9 d&#8217;fheithicil \u00e1r dtosa\u00edocht! Sol\u00e1thra\u00edmid [&hellip;]<\/p>\n","protected":false},"author":1,"featured_media":0,"parent":0,"menu_order":20,"comment_status":"closed","ping_status":"closed","template":"","meta":{"yasr_overall_rating":0,"yasr_post_is_review":"","yasr_auto_insert_disabled":"","yasr_review_type":"","footnotes":""},"class_list":["post-154","page","type-page","status-publish","hentry"],"yoast_head":"<!-- This site is optimized with the Yoast SEO plugin v27.5 - https:\/\/yoast.com\/product\/yoast-seo-wordpress\/ -->\n<title>European Motorcycle Transport &amp; Storage Depots - Motorcycles-Go.com<\/title>\n<meta name=\"description\" content=\"European motorcycle transport in depots in Salford, Greater Manchester, Antas, Almeria &amp; Loule, Algarve. Great prices &amp; service.\" \/>\n<meta name=\"robots\" content=\"index, follow, max-snippet:-1, max-image-preview:large, max-video-preview:-1\" \/>\n<link rel=\"canonical\" href=\"https:\/\/motorcycles-go.com\/european-motorcycle-transport-storage-depots\/\" \/>\n<meta property=\"og:locale\" content=\"en_US\" \/>\n<meta property=\"og:type\" content=\"article\" \/>\n<meta property=\"og:title\" content=\"European Motorcycle Transport &amp; Storage Depots - Motorcycles-Go.com\" \/>\n<meta property=\"og:description\" content=\"European motorcycle transport in depots in Salford, Greater Manchester, Antas, Almeria &amp; Loule, Algarve. Great prices &amp; service.\" \/>\n<meta property=\"og:url\" content=\"https:\/\/motorcycles-go.com\/european-motorcycle-transport-storage-depots\/\" \/>\n<meta property=\"og:site_name\" content=\"Motorcycles-Go.com\" \/>\n<meta property=\"article:modified_time\" content=\"2024-04-08T16:12:26+00:00\" \/>\n<meta property=\"og:image\" content=\"https:\/\/motorcycles-go.com\/wp-content\/uploads\/2020\/07\/Motorcycle-Transport-Depot-Salford-Manchester-England-OG01-300x158.jpg\" \/>\n<meta name=\"twitter:card\" content=\"summary_large_image\" \/>\n<meta name=\"twitter:label1\" content=\"Est. reading time\" \/>\n\t<meta name=\"twitter:data1\" content=\"8 minutes\" \/>\n<script type=\"application\/ld+json\" class=\"yoast-schema-graph\">{\"@context\":\"https:\\\/\\\/schema.org\",\"@graph\":[{\"@type\":\"WebPage\",\"@id\":\"https:\\\/\\\/motorcycles-go.com\\\/european-motorcycle-transport-storage-depots\\\/\",\"url\":\"https:\\\/\\\/motorcycles-go.com\\\/european-motorcycle-transport-storage-depots\\\/\",\"name\":\"European Motorcycle Transport & Storage Depots - Motorcycles-Go.com\",\"isPartOf\":{\"@id\":\"https:\\\/\\\/motorcycles-go.com\\\/#website\"},\"datePublished\":\"2020-07-15T11:15:50+00:00\",\"dateModified\":\"2024-04-08T16:12:26+00:00\",\"description\":\"European motorcycle transport in depots in Salford, Greater Manchester, Antas, Almeria & Loule, Algarve. Great prices & service.\",\"breadcrumb\":{\"@id\":\"https:\\\/\\\/motorcycles-go.com\\\/european-motorcycle-transport-storage-depots\\\/#breadcrumb\"},\"inLanguage\":\"ga-GA\",\"potentialAction\":[{\"@type\":\"ReadAction\",\"target\":[\"https:\\\/\\\/motorcycles-go.com\\\/european-motorcycle-transport-storage-depots\\\/\"]}]},{\"@type\":\"BreadcrumbList\",\"@id\":\"https:\\\/\\\/motorcycles-go.com\\\/european-motorcycle-transport-storage-depots\\\/#breadcrumb\",\"itemListElement\":[{\"@type\":\"ListItem\",\"position\":1,\"name\":\"Home\",\"item\":\"https:\\\/\\\/motorcycles-go.com\\\/\"},{\"@type\":\"ListItem\",\"position\":2,\"name\":\"European Motorcycle Transport &#038; Storage Depots\"}]},{\"@type\":\"WebSite\",\"@id\":\"https:\\\/\\\/motorcycles-go.com\\\/#website\",\"url\":\"https:\\\/\\\/motorcycles-go.com\\\/\",\"name\":\"Motorcycles-Go.com\",\"description\":\"Motorcycle transport specialists.  UK, Spain, Portugal.\",\"publisher\":{\"@id\":\"https:\\\/\\\/motorcycles-go.com\\\/#organization\"},\"potentialAction\":[{\"@type\":\"SearchAction\",\"target\":{\"@type\":\"EntryPoint\",\"urlTemplate\":\"https:\\\/\\\/motorcycles-go.com\\\/?s={search_term_string}\"},\"query-input\":{\"@type\":\"PropertyValueSpecification\",\"valueRequired\":true,\"valueName\":\"search_term_string\"}}],\"inLanguage\":\"ga-GA\"},{\"@type\":\"Organization\",\"@id\":\"https:\\\/\\\/motorcycles-go.com\\\/#organization\",\"name\":\"Motorcycles-Go.com\",\"url\":\"https:\\\/\\\/motorcycles-go.com\\\/\",\"logo\":{\"@type\":\"ImageObject\",\"inLanguage\":\"ga-GA\",\"@id\":\"https:\\\/\\\/motorcycles-go.com\\\/#\\\/schema\\\/logo\\\/image\\\/\",\"url\":\"https:\\\/\\\/motorcycles-go.com\\\/wp-content\\\/uploads\\\/2020\\\/07\\\/Motrocycles-Go-Logo-Sml.png\",\"contentUrl\":\"https:\\\/\\\/motorcycles-go.com\\\/wp-content\\\/uploads\\\/2020\\\/07\\\/Motrocycles-Go-Logo-Sml.png\",\"width\":300,\"height\":45,\"caption\":\"Motorcycles-Go.com\"},\"image\":{\"@id\":\"https:\\\/\\\/motorcycles-go.com\\\/#\\\/schema\\\/logo\\\/image\\\/\"}},false]}<\/script>\n<!-- \/ Yoast SEO plugin. -->","yoast_head_json":{"title":"European Motorcycle Transport & Storage Depots - Motorcycles-Go.com","description":"European motorcycle transport in depots in Salford, Greater Manchester, Antas, Almeria & Loule, Algarve. Great prices & service.","robots":{"index":"index","follow":"follow","max-snippet":"max-snippet:-1","max-image-preview":"max-image-preview:large","max-video-preview":"max-video-preview:-1"},"canonical":"https:\/\/motorcycles-go.com\/european-motorcycle-transport-storage-depots\/","og_locale":"en_US","og_type":"article","og_title":"European Motorcycle Transport & Storage Depots - Motorcycles-Go.com","og_description":"European motorcycle transport in depots in Salford, Greater Manchester, Antas, Almeria & Loule, Algarve. Great prices & service.","og_url":"https:\/\/motorcycles-go.com\/european-motorcycle-transport-storage-depots\/","og_site_name":"Motorcycles-Go.com","article_modified_time":"2024-04-08T16:12:26+00:00","og_image":[{"url":"https:\/\/motorcycles-go.com\/wp-content\/uploads\/2020\/07\/Motorcycle-Transport-Depot-Salford-Manchester-England-OG01-300x158.jpg","type":"","width":"","height":""}],"twitter_card":"summary_large_image","twitter_misc":{"Est. reading time":"8 minutes"},"schema":{"@context":"https:\/\/schema.org","@graph":[{"@type":"WebPage","@id":"https:\/\/motorcycles-go.com\/european-motorcycle-transport-storage-depots\/","url":"https:\/\/motorcycles-go.com\/european-motorcycle-transport-storage-depots\/","name":"European Motorcycle Transport & Storage Depots - Motorcycles-Go.com","isPartOf":{"@id":"https:\/\/motorcycles-go.com\/#website"},"datePublished":"2020-07-15T11:15:50+00:00","dateModified":"2024-04-08T16:12:26+00:00","description":"European motorcycle transport in depots in Salford, Greater Manchester, Antas, Almeria & Loule, Algarve. Great prices & service.","breadcrumb":{"@id":"https:\/\/motorcycles-go.com\/european-motorcycle-transport-storage-depots\/#breadcrumb"},"inLanguage":"ga-GA","potentialAction":[{"@type":"ReadAction","target":["https:\/\/motorcycles-go.com\/european-motorcycle-transport-storage-depots\/"]}]},{"@type":"BreadcrumbList","@id":"https:\/\/motorcycles-go.com\/european-motorcycle-transport-storage-depots\/#breadcrumb","itemListElement":[{"@type":"ListItem","position":1,"name":"Home","item":"https:\/\/motorcycles-go.com\/"},{"@type":"ListItem","position":2,"name":"European Motorcycle Transport &#038; Storage Depots"}]},{"@type":"WebSite","@id":"https:\/\/motorcycles-go.com\/#website","url":"https:\/\/motorcycles-go.com\/","name":"Motorcycles-Go.com","description":"Motorcycle transport specialists.  UK, Spain, Portugal.","publisher":{"@id":"https:\/\/motorcycles-go.com\/#organization"},"potentialAction":[{"@type":"SearchAction","target":{"@type":"EntryPoint","urlTemplate":"https:\/\/motorcycles-go.com\/?s={search_term_string}"},"query-input":{"@type":"PropertyValueSpecification","valueRequired":true,"valueName":"search_term_string"}}],"inLanguage":"ga-GA"},{"@type":"Organization","@id":"https:\/\/motorcycles-go.com\/#organization","name":"Motorcycles-Go.com","url":"https:\/\/motorcycles-go.com\/","logo":{"@type":"ImageObject","inLanguage":"ga-GA","@id":"https:\/\/motorcycles-go.com\/#\/schema\/logo\/image\/","url":"https:\/\/motorcycles-go.com\/wp-content\/uploads\/2020\/07\/Motrocycles-Go-Logo-Sml.png","contentUrl":"https:\/\/motorcycles-go.com\/wp-content\/uploads\/2020\/07\/Motrocycles-Go-Logo-Sml.png","width":300,"height":45,"caption":"Motorcycles-Go.com"},"image":{"@id":"https:\/\/motorcycles-go.com\/#\/schema\/logo\/image\/"}},false]}},"yasr_visitor_votes":{"stars_attributes":{"read_only":false,"span_bottom":false},"number_of_votes":0,"sum_votes":0},"_links":{"self":[{"href":"https:\/\/motorcycles-go.com\/ga\/wp-json\/wp\/v2\/pages\/154","targetHints":{"allow":["GET"]}}],"collection":[{"href":"https:\/\/motorcycles-go.com\/ga\/wp-json\/wp\/v2\/pages"}],"about":[{"href":"https:\/\/motorcycles-go.com\/ga\/wp-json\/wp\/v2\/types\/page"}],"author":[{"embeddable":true,"href":"https:\/\/motorcycles-go.com\/ga\/wp-json\/wp\/v2\/users\/1"}],"replies":[{"embeddable":true,"href":"https:\/\/motorcycles-go.com\/ga\/wp-json\/wp\/v2\/comments?post=154"}],"version-history":[{"count":15,"href":"https:\/\/motorcycles-go.com\/ga\/wp-json\/wp\/v2\/pages\/154\/revisions"}],"predecessor-version":[{"id":529,"href":"https:\/\/motorcycles-go.com\/ga\/wp-json\/wp\/v2\/pages\/154\/revisions\/529"}],"wp:attachment":[{"href":"https:\/\/motorcycles-go.com\/ga\/wp-json\/wp\/v2\/media?parent=154"}],"curies":[{"name":"wp","href":"https:\/\/api.w.org\/{rel}","templated":true}]}}