{"id":17,"date":"2020-06-25T11:09:49","date_gmt":"2020-06-25T11:09:49","guid":{"rendered":"https:\/\/motorcycles-go.com\/?page_id=17"},"modified":"2024-04-08T16:10:44","modified_gmt":"2024-04-08T16:10:44","slug":"algarve-portugal","status":"publish","type":"page","link":"https:\/\/motorcycles-go.com\/ga\/iompar-gluaisrothar-na-heorpa\/iompar-gluaisrothar-an-algarve-an-phortaingeil\/","title":{"rendered":"[:en]Motorbike Transport, Algarve, Portugal[:es]Transporte de motos, Algarve, Portugal[:pt]Transporte de motos, Algarve, Portugal[:ga]Iompar Gluaisrothar, an Algarve, an Phortaing\u00e9il[:]"},"content":{"rendered":"<p><\/p>\n<p><strong>Seirbh\u00eds\u00ed iompair gluaisrothar i Loule, Algarve, ag freastal ar Lagos, Portim\u00e3o, Albufeira, Faro, Tavira agus na ceantair m\u00e1guaird. Gluaisrothair a sheoladh \u00f3n bPortaing\u00e9il go dt\u00ed an R\u00edocht Aontaithe. N\u00ed thairgeann Motorcycles-Go.com ach na praghsanna is fearr ar do ghluaisrothar a iompar \u00f3n bPortaing\u00e9il go dt\u00ed an RA. Is foireann ghairmi\u00fail d\u00edograiseoir\u00ed rothar sinn, at\u00e1 tiomanta do sheirbh\u00eds ardchaighde\u00e1in. Lig d\u00fainn ceangl\u00f3far!<\/strong><\/p>\n<figure id=\"attachment_23\" aria-describedby=\"caption-attachment-23\" style=\"width: 1200px\" class=\"wp-caption alignnone\"><img loading=\"lazy\" decoding=\"async\" class=\"wp-image-23 size-full\" src=\"https:\/\/motorcycles-go.com\/wp-content\/uploads\/2020\/06\/Algarve-Depot-Removals-Storage-Wanderers-Transport-OG01.jpg\" alt=\"\" width=\"1200\" height=\"630\" srcset=\"https:\/\/motorcycles-go.com\/wp-content\/uploads\/2020\/06\/Algarve-Depot-Removals-Storage-Wanderers-Transport-OG01.jpg 1200w, https:\/\/motorcycles-go.com\/wp-content\/uploads\/2020\/06\/Algarve-Depot-Removals-Storage-Wanderers-Transport-OG01-300x158.jpg 300w, https:\/\/motorcycles-go.com\/wp-content\/uploads\/2020\/06\/Algarve-Depot-Removals-Storage-Wanderers-Transport-OG01-1024x538.jpg 1024w, https:\/\/motorcycles-go.com\/wp-content\/uploads\/2020\/06\/Algarve-Depot-Removals-Storage-Wanderers-Transport-OG01-768x403.jpg 768w\" sizes=\"auto, (max-width: 1200px) 100vw, 1200px\" \/><figcaption id=\"caption-attachment-23\" class=\"wp-caption-text\">Motorbike Transport from The Algarve in Portugal to the UK. Motorcycles-Go.com.<\/figcaption><\/figure>\n<h2>Iompar Rothar, an Algarve, an Phortaing\u00e9il<\/h2>\n<p>Ag Motorcycles-Go.com, t\u00e1 a fhios againn go l\u00e9ir faoi ghluaisrothair a iompar \u00f3 \u00e1it amh\u00e1in go h\u00e1it eile! T\u00e1 s\u00e9 \u00e1 dh\u00e9anamh againn le blianta anuas \u2013 ar fud na hEorpa! Bainimid \u00fas\u00e1id as \u00e1r gcoime\u00e1d\u00e1n iompair f\u00e9in le haghaidh iompair gluaisrothar idir iarthuaisceart Shasana agus c\u00f3sta\u00ed theas na Sp\u00e1inne agus na Portaing\u00e9ile. Nuair a bheidh do ghluaisrothar \u00e1 seoladh le Motorcycles-Go.com, beidh s\u00e9 strap\u00e1ilte agus daingnithe go s\u00e1bh\u00e1ilte in\u00e1r gcoime\u00e1d\u00e1n 40 troigh. T\u00e1 an rogha agat seoladh d\u00edreach chuig do theach n\u00f3 titim agus piocadh suas ag ceann d\u00e1r dtr\u00ed iosta. Is leatsa na roghanna &#8211; is amhlaidh an coigilteas! Faigh do luachan loingseoireachta gluaisrothair saor in aisce anois!<\/p>\n<h3>Athfhriotail Iompar Gluaisrothar<\/h3>\n\n<div class=\"wpcf7 no-js\" id=\"wpcf7-f106-o4\" lang=\"en-US\" dir=\"ltr\" data-wpcf7-id=\"106\">\n<div class=\"screen-reader-response\"><p role=\"status\" aria-live=\"polite\" aria-atomic=\"true\"><\/p> <ul><\/ul><\/div>\n<form action=\"\/ga\/wp-json\/wp\/v2\/pages\/17#wpcf7-f106-o4\" method=\"post\" class=\"wpcf7-form init\" aria-label=\"Contact form\" novalidate=\"novalidate\" data-status=\"init\">\n<fieldset class=\"hidden-fields-container\"><input type=\"hidden\" name=\"_wpcf7\" value=\"106\" \/><input type=\"hidden\" name=\"_wpcf7_version\" value=\"6.1.6\" \/><input type=\"hidden\" name=\"_wpcf7_locale\" value=\"en_US\" \/><input type=\"hidden\" name=\"_wpcf7_unit_tag\" value=\"wpcf7-f106-o4\" \/><input type=\"hidden\" name=\"_wpcf7_container_post\" value=\"0\" \/><input type=\"hidden\" name=\"_wpcf7_posted_data_hash\" value=\"\" \/>\n<\/fieldset>\n<div id=\"quote\">\n\t<p><span class=\"wpcf7-form-control-wrap\" data-name=\"mcg-name\"><input size=\"40\" maxlength=\"400\" class=\"wpcf7-form-control wpcf7-text wpcf7-validates-as-required mcg\" aria-required=\"true\" aria-invalid=\"false\" placeholder=\"do ainm\" value=\"\" type=\"text\" name=\"mcg-name\" \/><\/span><br \/>\n<span class=\"wpcf7-form-control-wrap\" data-name=\"mcg-phone\"><input size=\"40\" maxlength=\"400\" class=\"wpcf7-form-control wpcf7-tel wpcf7-validates-as-required wpcf7-text wpcf7-validates-as-tel mcg\" aria-required=\"true\" aria-invalid=\"false\" placeholder=\"uimhir theileaf\u00f3in\" value=\"\" type=\"tel\" name=\"mcg-phone\" \/><\/span><br \/>\n<span class=\"wpcf7-form-control-wrap\" data-name=\"mcg-email\"><input size=\"40\" maxlength=\"400\" class=\"wpcf7-form-control wpcf7-email wpcf7-validates-as-required wpcf7-text wpcf7-validates-as-email mcg\" aria-required=\"true\" aria-invalid=\"false\" placeholder=\"do sheoladh r\u00edomhphoist\" value=\"\" type=\"email\" name=\"mcg-email\" \/><\/span><br \/>\n\t<hr \/><br \/>\n<span class=\"wpcf7-form-control-wrap\" data-name=\"mcg-make\"><input size=\"40\" maxlength=\"400\" class=\"wpcf7-form-control wpcf7-text wpcf7-validates-as-required mcg\" aria-required=\"true\" aria-invalid=\"false\" placeholder=\"d\u00e9anamh &amp; samhail de do ghluaisrothar\" value=\"\" type=\"text\" name=\"mcg-make\" \/><\/span><br \/>\n<span class=\"wpcf7-form-control-wrap\" data-name=\"mcg-collection\"><input size=\"40\" maxlength=\"400\" class=\"wpcf7-form-control wpcf7-text wpcf7-validates-as-required mcg\" aria-required=\"true\" aria-invalid=\"false\" placeholder=\"baili\u00fach\u00e1n \u00d3\" value=\"\" type=\"text\" name=\"mcg-collection\" \/><\/span><span class=\"wpcf7-form-control-wrap\" data-name=\"mcg-delivery\"><input size=\"40\" maxlength=\"400\" class=\"wpcf7-form-control wpcf7-text wpcf7-validates-as-required mcg\" aria-required=\"true\" aria-invalid=\"false\" placeholder=\"seachadadh TO\" value=\"\" type=\"text\" name=\"mcg-delivery\" \/><\/span><br \/>\n<br style=\"clear:both;\" \/>\n\t<hr \/><br \/>\n<span class=\"wpcf7-form-control-wrap\" data-name=\"fromdepot\"><span class=\"wpcf7-form-control wpcf7-checkbox wpcf7-exclusive-checkbox mcg\"><span class=\"wpcf7-list-item first\"><input type=\"checkbox\" name=\"fromdepot\" value=\"Ba mhaith liom baili\u00fa agus seachadadh chuig mo dhoras.\" \/><span class=\"wpcf7-list-item-label\">Ba mhaith liom baili\u00fa agus seachadadh chuig mo dhoras.<\/span><\/span><span class=\"wpcf7-list-item last\"><input type=\"checkbox\" name=\"fromdepot\" value=\"Is f\u00e9idir liom seachadadh chuig do iosta\u00ed agus iad a bhaili\u00fa uathu.\" \/><span class=\"wpcf7-list-item-label\">Is f\u00e9idir liom seachadadh chuig do iosta\u00ed agus iad a bhaili\u00fa uathu.<\/span><\/span><\/span><\/span><br \/>\n\t<hr \/><br \/>\n<span class=\"wpcf7-form-control-wrap\" data-name=\"mcgruns\"><span class=\"wpcf7-form-control wpcf7-checkbox wpcf7-exclusive-checkbox mcg\"><span class=\"wpcf7-list-item first\"><input type=\"checkbox\" name=\"mcgruns\" value=\"Ritheann mo ghluaisrothar i gceart.\" \/><span class=\"wpcf7-list-item-label\">Ritheann mo ghluaisrothar i gceart.<\/span><\/span><span class=\"wpcf7-list-item last\"><input type=\"checkbox\" name=\"mcgruns\" value=\"N\u00cd Rithfidh mo ghluaisrothar.\" \/><span class=\"wpcf7-list-item-label\">N\u00cd Rithfidh mo ghluaisrothar.<\/span><\/span><\/span><\/span><br \/>\n\t<hr \/>\n\t<\/p>\n\t<p>M\u00e1 t\u00e1 d\u00e1ta ar leith i gcuimhne agat, cuir in i\u00fal d\u00fainn, n\u00f3 tabhair tuairim d\u00fainn faoi cathain ar mhaith leat do rothar a sheoladh. E.g., \"Deireadh M\u00e1rta\".\n\t<\/p>\n\t<p><span class=\"wpcf7-form-control-wrap\" data-name=\"mcg-date\"><input size=\"40\" maxlength=\"400\" class=\"wpcf7-form-control wpcf7-text wpcf7-validates-as-required mcg\" aria-required=\"true\" aria-invalid=\"false\" placeholder=\"d\u00e1ta bailithe \/ seachadta\" value=\"\" type=\"text\" name=\"mcg-date\" \/><\/span><br \/>\n<span class=\"wpcf7-form-control-wrap\" data-name=\"capital-quiz\"><label><span class=\"wpcf7-quiz-label\">Chun stop a chur leis na spammers... An bhf\u00e9adf\u00e1 a r\u00e1 linn c\u00e9 acu uimhir is m\u00f3... 2 n\u00f3 8?<\/span> <input size=\"40\" class=\"wpcf7-form-control wpcf7-quiz\" autocomplete=\"off\" aria-required=\"true\" aria-invalid=\"false\" type=\"text\" name=\"capital-quiz\" \/><\/label><input type=\"hidden\" name=\"_wpcf7_quiz_answer_capital-quiz\" value=\"054089d0f1ed276ec24074ad115e1e09\" \/><\/span><br \/>\n\t<div class=\"wpcf7-response-output\" aria-hidden=\"true\"><\/div><br \/>\n<input class=\"wpcf7-form-control wpcf7-submit has-spinner mcg\" type=\"submit\" value=\"Faigh do luachan!\" \/>\n\t<\/p>\n<\/div>\n<\/form>\n<\/div>\n\n<p>&nbsp;<\/p>\n<h3>Loingseoireacht Gluaisrothar, an Phortaing\u00e9il, \u00c9ire &amp; an RA<\/h3>\n<p>Is sainchomhlacht iompair gluaisrothair \u00e9 Motorcycles-Go.com a bhfuil iosta seachadta agus baili\u00fach\u00e1in aige i Loule, an Algarve sa Phortaing\u00e9il. Cuirimid seirbh\u00eds loingseoireachta gluaisrothar iontaofa agus \u00e9ifeachtach ar f\u00e1il, ag iompar rothair idir an Phortaing\u00e9il, an R\u00edocht Aontaithe agus an Sp\u00e1inn. <strong>Is \u00ed d\u2019fheithicil \u00e1r bpr\u00edomhthosa\u00edocht!<\/strong> Sol\u00e1thra\u00edmid seirbh\u00eds loingseoireachta gluaisrothar \u00e9ifeachtach, iontaofa idir an Phortaing\u00e9il, an RA agus an Sp\u00e1inn. Seolaimid rothair \u00f3n\u00e1r dtr\u00ed iosta i Manchain, Almeria agus an Algarve. Sol\u00e1thra\u00edonn \u00e1r bhfoireann tiomanta de dhaoine gairmi\u00fala a bhfuil taith\u00ed acu seirbh\u00eds shaincheaptha a oireann do do riachtanais nuair a sheolann t\u00fa do rothar thar lear.<\/p>\n<h3>Iosta\u00ed Iompair Gluaisrothar sa RA, sa Sp\u00e1inn agus sa Phortaing\u00e9il<\/h3>\n<ul>\n<li><a href=\"https:\/\/motorcycles-go.com\/three-transport-storage-depots\/loule-algarve-portugal\/\"><strong>Loule, Algarve, Portugal<\/strong><\/a><br \/>\nCamino Dos Giros, Quattro Estradas, Loule 8100-579, Portugal.\u00a0 Telephone Portugal: 351 930 658 660.<\/li>\n<\/ul>\n<h3>Gluaisrothar &amp; Iompar Eile ar fud na hEorpa<\/h3>\n<p>T\u00e1 Motorcycles-Go.com ina bhall d\u2019fhoireann bheag, ach an-tiomanta de speisialt\u00f3ir\u00ed iompair Eorpacha. \u00c1r gcomhph\u00e1irtithe oibre, is f\u00e9idir linn riachtanais beagnach aon duine at\u00e1 ag lorg seirbh\u00eds\u00ed iompair san Eoraip a sh\u00e1samh.<\/p>\n<ul>\n<li><a href=\"https:\/\/wandererstransport.eu\/\" target=\"_blank\" rel=\"noopener noreferrer\"><strong>WanderersTransport.com<\/strong><\/a><\/li>\n<li><a href=\"https:\/\/cars-go-transport.com\/\" target=\"_blank\" rel=\"noopener noreferrer\"><strong>Cars-Go-Transport.com<\/strong><\/a><\/li>\n<li><a href=\"https:\/\/bestcartransport.eu\/\" target=\"_blank\" rel=\"noopener noreferrer\"><strong>BestCarTransport.eu<\/strong><\/a><\/li>\n<\/ul>\n<p>Is \u00e9 Motorcycles-Go.com an t-ainm tr\u00e1d\u00e1la ar sciath\u00e1n amh\u00e1in d\u00e1r n-oibr\u00edochta\u00ed iompair. I gcomhar len\u00e1r gcomhph\u00e1irtithe, t\u00e1imid go hioml\u00e1n cinnte gur f\u00e9idir linn an tseirbh\u00eds chomhcheangailte is fearr a thairiscint duit ag na praghsanna is fearr is f\u00e9idir. M\u00e1s rud \u00e9 nach bhfuil i do rothar ach ceann de na ruda\u00ed a theasta\u00edonn loingseoireachta, is cinnte gur f\u00e9idir linn labhairt le daoine! T\u00e1 s\u00fail againn cloiste\u00e1il uait go luath!<\/p>\n<p><\/p>","protected":false},"excerpt":{"rendered":"<p class=\"qtranxs-available-languages-message qtranxs-available-languages-message-ga\">Faraoir, n\u00edl an iontr\u00e1il seo ar f\u00e1il i nGaeilge f\u00f3s.<\/p>\n","protected":false},"author":1,"featured_media":57,"parent":9,"menu_order":0,"comment_status":"closed","ping_status":"closed","template":"","meta":{"yasr_overall_rating":0,"yasr_post_is_review":"","yasr_auto_insert_disabled":"","yasr_review_type":"","footnotes":""},"class_list":["post-17","page","type-page","status-publish","has-post-thumbnail","hentry"],"yoast_head":"<!-- This site is optimized with the Yoast SEO plugin v27.6 - https:\/\/yoast.com\/product\/yoast-seo-wordpress\/ -->\n<title>(English) Motorbike Transport from Portugal to the UK. Motorcycles-Go.com.<\/title>\n<meta name=\"description\" content=\"(English) Motorcycle transport services in Loule, Algarve, servicing Lagos, Portim\u00e3o, Albufeira, Faro, Tavira and surrounding areas.\" \/>\n<meta name=\"robots\" content=\"index, follow, max-snippet:-1, max-image-preview:large, max-video-preview:-1\" \/>\n<link rel=\"canonical\" href=\"https:\/\/motorcycles-go.com\/european-motorcycle-transport\/motorbike-transport-algarve-portugal\/\" \/>\n<meta property=\"og:locale\" content=\"en_US\" \/>\n<meta property=\"og:type\" content=\"article\" \/>\n<meta property=\"og:title\" content=\"[:en]Motorbike Transport from Portugal to the UK. Motorcycles-Go.com.[:es]Transporte de motos desde Portugal hasta Reino Unido. Motorcycles-Go.com.[:pt]Transporte de Motos de Portugal para o Reino Unido. Motorcycles-Go.com.[:]\" \/>\n<meta property=\"og:description\" content=\"{:en}Motorcycle transport services in Loule, Algarve, servicing Lagos, Portim\u00e3o, Albufeira, Faro, Tavira and surrounding areas.{:es}Servicios de transporte de motocicletas en Loule, Algarve, en Lagos, Portim\u00e3o, Albufeira, Faro, Tavira y sus alrededores.{:pt}Servi\u00e7os de transporte de motociclos em Loul\u00e9, Algarve, atendendo Lagos, Portim\u00e3o, Albufeira, Faro, Tavira e arredores.{:}\" \/>\n<meta property=\"og:url\" content=\"https:\/\/motorcycles-go.com\/european-motorcycle-transport\/motorbike-transport-algarve-portugal\/\" \/>\n<meta property=\"og:site_name\" content=\"Motorcycles-Go.com\" \/>\n<meta property=\"article:modified_time\" content=\"2024-04-08T16:10:44+00:00\" \/>\n<meta property=\"og:image\" content=\"https:\/\/motorcycles-go.com\/wp-content\/uploads\/2020\/06\/sl3.jpg\" \/>\n\t<meta property=\"og:image:width\" content=\"1600\" \/>\n\t<meta property=\"og:image:height\" content=\"633\" \/>\n\t<meta property=\"og:image:type\" content=\"image\/jpeg\" \/>\n<meta name=\"twitter:card\" content=\"summary_large_image\" \/>\n<meta name=\"twitter:label1\" content=\"Est. reading time\" \/>\n\t<meta name=\"twitter:data1\" content=\"9 minutes\" \/>\n<script type=\"application\/ld+json\" class=\"yoast-schema-graph\">{\"@context\":\"https:\\\/\\\/schema.org\",\"@graph\":[{\"@type\":\"WebPage\",\"@id\":\"https:\\\/\\\/motorcycles-go.com\\\/european-motorcycle-transport\\\/motorbike-transport-algarve-portugal\\\/\",\"url\":\"https:\\\/\\\/motorcycles-go.com\\\/european-motorcycle-transport\\\/motorbike-transport-algarve-portugal\\\/\",\"name\":\"[:en]Motorbike Transport from Portugal to the UK. Motorcycles-Go.com.[:es]Transporte de motos desde Portugal hasta Reino Unido. Motorcycles-Go.com.[:pt]Transporte de Motos de Portugal para o Reino Unido. Motorcycles-Go.com.[:]\",\"isPartOf\":{\"@id\":\"https:\\\/\\\/motorcycles-go.com\\\/#website\"},\"primaryImageOfPage\":{\"@id\":\"https:\\\/\\\/motorcycles-go.com\\\/european-motorcycle-transport\\\/motorbike-transport-algarve-portugal\\\/#primaryimage\"},\"image\":{\"@id\":\"https:\\\/\\\/motorcycles-go.com\\\/european-motorcycle-transport\\\/motorbike-transport-algarve-portugal\\\/#primaryimage\"},\"thumbnailUrl\":\"https:\\\/\\\/motorcycles-go.com\\\/wp-content\\\/uploads\\\/2020\\\/06\\\/sl3.jpg\",\"datePublished\":\"2020-06-25T11:09:49+00:00\",\"dateModified\":\"2024-04-08T16:10:44+00:00\",\"description\":\"{:en}Motorcycle transport services in Loule, Algarve, servicing Lagos, Portim\u00e3o, Albufeira, Faro, Tavira and surrounding areas.{:es}Servicios de transporte de motocicletas en Loule, Algarve, en Lagos, Portim\u00e3o, Albufeira, Faro, Tavira y sus alrededores.{:pt}Servi\u00e7os de transporte de motociclos em Loul\u00e9, Algarve, atendendo Lagos, Portim\u00e3o, Albufeira, Faro, Tavira e arredores.{:}\",\"breadcrumb\":{\"@id\":\"https:\\\/\\\/motorcycles-go.com\\\/european-motorcycle-transport\\\/motorbike-transport-algarve-portugal\\\/#breadcrumb\"},\"inLanguage\":\"ga-GA\",\"potentialAction\":[{\"@type\":\"ReadAction\",\"target\":[\"https:\\\/\\\/motorcycles-go.com\\\/european-motorcycle-transport\\\/motorbike-transport-algarve-portugal\\\/\"]}]},{\"@type\":\"ImageObject\",\"inLanguage\":\"ga-GA\",\"@id\":\"https:\\\/\\\/motorcycles-go.com\\\/european-motorcycle-transport\\\/motorbike-transport-algarve-portugal\\\/#primaryimage\",\"url\":\"https:\\\/\\\/motorcycles-go.com\\\/wp-content\\\/uploads\\\/2020\\\/06\\\/sl3.jpg\",\"contentUrl\":\"https:\\\/\\\/motorcycles-go.com\\\/wp-content\\\/uploads\\\/2020\\\/06\\\/sl3.jpg\",\"width\":1600,\"height\":633},{\"@type\":\"BreadcrumbList\",\"@id\":\"https:\\\/\\\/motorcycles-go.com\\\/european-motorcycle-transport\\\/motorbike-transport-algarve-portugal\\\/#breadcrumb\",\"itemListElement\":[{\"@type\":\"ListItem\",\"position\":1,\"name\":\"Home\",\"item\":\"https:\\\/\\\/motorcycles-go.com\\\/\"},{\"@type\":\"ListItem\",\"position\":2,\"name\":\"[:en]European Motorcycle Transport[:es]Transporte Europeo de Motocicletas[:pt]Transporte Europeu de Motocicletas[:]\",\"item\":\"https:\\\/\\\/motorcycles-go.com\\\/european-motorcycle-transport\\\/\"},{\"@type\":\"ListItem\",\"position\":3,\"name\":\"Motorbike Transport, Algarve, Portugal\"}]},{\"@type\":\"WebSite\",\"@id\":\"https:\\\/\\\/motorcycles-go.com\\\/#website\",\"url\":\"https:\\\/\\\/motorcycles-go.com\\\/\",\"name\":\"Motorcycles-Go.com\",\"description\":\"Motorcycle transport specialists.  UK, Spain, Portugal.\",\"publisher\":{\"@id\":\"https:\\\/\\\/motorcycles-go.com\\\/#organization\"},\"potentialAction\":[{\"@type\":\"SearchAction\",\"target\":{\"@type\":\"EntryPoint\",\"urlTemplate\":\"https:\\\/\\\/motorcycles-go.com\\\/?s={search_term_string}\"},\"query-input\":{\"@type\":\"PropertyValueSpecification\",\"valueRequired\":true,\"valueName\":\"search_term_string\"}}],\"inLanguage\":\"ga-GA\"},{\"@type\":\"Organization\",\"@id\":\"https:\\\/\\\/motorcycles-go.com\\\/#organization\",\"name\":\"Motorcycles-Go.com\",\"url\":\"https:\\\/\\\/motorcycles-go.com\\\/\",\"logo\":{\"@type\":\"ImageObject\",\"inLanguage\":\"ga-GA\",\"@id\":\"https:\\\/\\\/motorcycles-go.com\\\/#\\\/schema\\\/logo\\\/image\\\/\",\"url\":\"https:\\\/\\\/motorcycles-go.com\\\/wp-content\\\/uploads\\\/2020\\\/07\\\/Motrocycles-Go-Logo-Sml.png\",\"contentUrl\":\"https:\\\/\\\/motorcycles-go.com\\\/wp-content\\\/uploads\\\/2020\\\/07\\\/Motrocycles-Go-Logo-Sml.png\",\"width\":300,\"height\":45,\"caption\":\"Motorcycles-Go.com\"},\"image\":{\"@id\":\"https:\\\/\\\/motorcycles-go.com\\\/#\\\/schema\\\/logo\\\/image\\\/\"}},false]}<\/script>\n<!-- \/ Yoast SEO plugin. -->","yoast_head_json":{"title":"(English) Motorbike Transport from Portugal to the UK. Motorcycles-Go.com.","description":"(English) Motorcycle transport services in Loule, Algarve, servicing Lagos, Portim\u00e3o, Albufeira, Faro, Tavira and surrounding areas.","robots":{"index":"index","follow":"follow","max-snippet":"max-snippet:-1","max-image-preview":"max-image-preview:large","max-video-preview":"max-video-preview:-1"},"canonical":"https:\/\/motorcycles-go.com\/european-motorcycle-transport\/motorbike-transport-algarve-portugal\/","og_locale":"en_US","og_type":"article","og_title":"[:en]Motorbike Transport from Portugal to the UK. Motorcycles-Go.com.[:es]Transporte de motos desde Portugal hasta Reino Unido. Motorcycles-Go.com.[:pt]Transporte de Motos de Portugal para o Reino Unido. Motorcycles-Go.com.[:]","og_description":"{:en}Motorcycle transport services in Loule, Algarve, servicing Lagos, Portim\u00e3o, Albufeira, Faro, Tavira and surrounding areas.{:es}Servicios de transporte de motocicletas en Loule, Algarve, en Lagos, Portim\u00e3o, Albufeira, Faro, Tavira y sus alrededores.{:pt}Servi\u00e7os de transporte de motociclos em Loul\u00e9, Algarve, atendendo Lagos, Portim\u00e3o, Albufeira, Faro, Tavira e arredores.{:}","og_url":"https:\/\/motorcycles-go.com\/european-motorcycle-transport\/motorbike-transport-algarve-portugal\/","og_site_name":"Motorcycles-Go.com","article_modified_time":"2024-04-08T16:10:44+00:00","og_image":[{"width":1600,"height":633,"url":"https:\/\/motorcycles-go.com\/wp-content\/uploads\/2020\/06\/sl3.jpg","type":"image\/jpeg"}],"twitter_card":"summary_large_image","twitter_misc":{"Est. reading time":"9 minutes"},"schema":{"@context":"https:\/\/schema.org","@graph":[{"@type":"WebPage","@id":"https:\/\/motorcycles-go.com\/european-motorcycle-transport\/motorbike-transport-algarve-portugal\/","url":"https:\/\/motorcycles-go.com\/european-motorcycle-transport\/motorbike-transport-algarve-portugal\/","name":"[:en]Motorbike Transport from Portugal to the UK. Motorcycles-Go.com.[:es]Transporte de motos desde Portugal hasta Reino Unido. Motorcycles-Go.com.[:pt]Transporte de Motos de Portugal para o Reino Unido. Motorcycles-Go.com.[:]","isPartOf":{"@id":"https:\/\/motorcycles-go.com\/#website"},"primaryImageOfPage":{"@id":"https:\/\/motorcycles-go.com\/european-motorcycle-transport\/motorbike-transport-algarve-portugal\/#primaryimage"},"image":{"@id":"https:\/\/motorcycles-go.com\/european-motorcycle-transport\/motorbike-transport-algarve-portugal\/#primaryimage"},"thumbnailUrl":"https:\/\/motorcycles-go.com\/wp-content\/uploads\/2020\/06\/sl3.jpg","datePublished":"2020-06-25T11:09:49+00:00","dateModified":"2024-04-08T16:10:44+00:00","description":"{:en}Motorcycle transport services in Loule, Algarve, servicing Lagos, Portim\u00e3o, Albufeira, Faro, Tavira and surrounding areas.{:es}Servicios de transporte de motocicletas en Loule, Algarve, en Lagos, Portim\u00e3o, Albufeira, Faro, Tavira y sus alrededores.{:pt}Servi\u00e7os de transporte de motociclos em Loul\u00e9, Algarve, atendendo Lagos, Portim\u00e3o, Albufeira, Faro, Tavira e arredores.{:}","breadcrumb":{"@id":"https:\/\/motorcycles-go.com\/european-motorcycle-transport\/motorbike-transport-algarve-portugal\/#breadcrumb"},"inLanguage":"ga-GA","potentialAction":[{"@type":"ReadAction","target":["https:\/\/motorcycles-go.com\/european-motorcycle-transport\/motorbike-transport-algarve-portugal\/"]}]},{"@type":"ImageObject","inLanguage":"ga-GA","@id":"https:\/\/motorcycles-go.com\/european-motorcycle-transport\/motorbike-transport-algarve-portugal\/#primaryimage","url":"https:\/\/motorcycles-go.com\/wp-content\/uploads\/2020\/06\/sl3.jpg","contentUrl":"https:\/\/motorcycles-go.com\/wp-content\/uploads\/2020\/06\/sl3.jpg","width":1600,"height":633},{"@type":"BreadcrumbList","@id":"https:\/\/motorcycles-go.com\/european-motorcycle-transport\/motorbike-transport-algarve-portugal\/#breadcrumb","itemListElement":[{"@type":"ListItem","position":1,"name":"Home","item":"https:\/\/motorcycles-go.com\/"},{"@type":"ListItem","position":2,"name":"[:en]European Motorcycle Transport[:es]Transporte Europeo de Motocicletas[:pt]Transporte Europeu de Motocicletas[:]","item":"https:\/\/motorcycles-go.com\/european-motorcycle-transport\/"},{"@type":"ListItem","position":3,"name":"Motorbike Transport, Algarve, Portugal"}]},{"@type":"WebSite","@id":"https:\/\/motorcycles-go.com\/#website","url":"https:\/\/motorcycles-go.com\/","name":"Motorcycles-Go.com","description":"Motorcycle transport specialists.  UK, Spain, Portugal.","publisher":{"@id":"https:\/\/motorcycles-go.com\/#organization"},"potentialAction":[{"@type":"SearchAction","target":{"@type":"EntryPoint","urlTemplate":"https:\/\/motorcycles-go.com\/?s={search_term_string}"},"query-input":{"@type":"PropertyValueSpecification","valueRequired":true,"valueName":"search_term_string"}}],"inLanguage":"ga-GA"},{"@type":"Organization","@id":"https:\/\/motorcycles-go.com\/#organization","name":"Motorcycles-Go.com","url":"https:\/\/motorcycles-go.com\/","logo":{"@type":"ImageObject","inLanguage":"ga-GA","@id":"https:\/\/motorcycles-go.com\/#\/schema\/logo\/image\/","url":"https:\/\/motorcycles-go.com\/wp-content\/uploads\/2020\/07\/Motrocycles-Go-Logo-Sml.png","contentUrl":"https:\/\/motorcycles-go.com\/wp-content\/uploads\/2020\/07\/Motrocycles-Go-Logo-Sml.png","width":300,"height":45,"caption":"Motorcycles-Go.com"},"image":{"@id":"https:\/\/motorcycles-go.com\/#\/schema\/logo\/image\/"}},false]}},"yasr_visitor_votes":{"stars_attributes":{"read_only":false,"span_bottom":false},"number_of_votes":0,"sum_votes":0},"_links":{"self":[{"href":"https:\/\/motorcycles-go.com\/ga\/wp-json\/wp\/v2\/pages\/17","targetHints":{"allow":["GET"]}}],"collection":[{"href":"https:\/\/motorcycles-go.com\/ga\/wp-json\/wp\/v2\/pages"}],"about":[{"href":"https:\/\/motorcycles-go.com\/ga\/wp-json\/wp\/v2\/types\/page"}],"author":[{"embeddable":true,"href":"https:\/\/motorcycles-go.com\/ga\/wp-json\/wp\/v2\/users\/1"}],"replies":[{"embeddable":true,"href":"https:\/\/motorcycles-go.com\/ga\/wp-json\/wp\/v2\/comments?post=17"}],"version-history":[{"count":15,"href":"https:\/\/motorcycles-go.com\/ga\/wp-json\/wp\/v2\/pages\/17\/revisions"}],"predecessor-version":[{"id":526,"href":"https:\/\/motorcycles-go.com\/ga\/wp-json\/wp\/v2\/pages\/17\/revisions\/526"}],"up":[{"embeddable":true,"href":"https:\/\/motorcycles-go.com\/ga\/wp-json\/wp\/v2\/pages\/9"}],"wp:featuredmedia":[{"embeddable":true,"href":"https:\/\/motorcycles-go.com\/ga\/wp-json\/wp\/v2\/media\/57"}],"wp:attachment":[{"href":"https:\/\/motorcycles-go.com\/ga\/wp-json\/wp\/v2\/media?parent=17"}],"curies":[{"name":"wp","href":"https:\/\/api.w.org\/{rel}","templated":true}]}}