{"id":173,"date":"2020-07-16T09:46:04","date_gmt":"2020-07-16T09:46:04","guid":{"rendered":"https:\/\/motorcycles-go.com\/?page_id=173"},"modified":"2024-04-08T16:13:34","modified_gmt":"2024-04-08T16:13:34","slug":"antas-almeria-spain","status":"publish","type":"page","link":"https:\/\/motorcycles-go.com\/ga\/iostai-iompair-storala-gluaisrothar-na-heorpa\/transport-depot-antas-almeria-spain\/","title":{"rendered":"Transport Depot, Antas, Almer\u00eda, Spain"},"content":{"rendered":"<p><strong>Motorcycle transport Spain.\u00a0 Motorcycles-Go.com&#8217;s Spain transport and storage depot is in Antas, on the Almer\u00eda coast.\u00a0 Ideally suited to serve the <em>&#8216;Costas&#8217;<\/em> of Spain!\u00a0 We can collect your bike, or you are welcome to drop it at our depot &#8211; save a little money, too!\u00a0 Motorcycle transport services from Spain to the UK and Portugal.\u00a0 Guaranteed great quotes!<\/strong><\/p>\n<figure id=\"attachment_189\" aria-describedby=\"caption-attachment-189\" style=\"width: 1200px\" class=\"wp-caption alignnone\"><img loading=\"lazy\" decoding=\"async\" class=\"size-full wp-image-189\" src=\"https:\/\/motorcycles-go.com\/wp-content\/uploads\/2020\/07\/Motorcycle-Transport-Depot-Antas-Almer\u00eda-Spain-OG01.jpg\" alt=\"Motorcycle Transport Depot Antas, Almer\u00eda, Spain OG01\" width=\"1200\" height=\"630\" srcset=\"https:\/\/motorcycles-go.com\/wp-content\/uploads\/2020\/07\/Motorcycle-Transport-Depot-Antas-Almer\u00eda-Spain-OG01.jpg 1200w, https:\/\/motorcycles-go.com\/wp-content\/uploads\/2020\/07\/Motorcycle-Transport-Depot-Antas-Almer\u00eda-Spain-OG01-300x158.jpg 300w, https:\/\/motorcycles-go.com\/wp-content\/uploads\/2020\/07\/Motorcycle-Transport-Depot-Antas-Almer\u00eda-Spain-OG01-1024x538.jpg 1024w, https:\/\/motorcycles-go.com\/wp-content\/uploads\/2020\/07\/Motorcycle-Transport-Depot-Antas-Almer\u00eda-Spain-OG01-768x403.jpg 768w, https:\/\/motorcycles-go.com\/wp-content\/uploads\/2020\/07\/Motorcycle-Transport-Depot-Antas-Almer\u00eda-Spain-OG01-1x1.jpg 1w\" sizes=\"auto, (max-width: 1200px) 100vw, 1200px\" \/><figcaption id=\"caption-attachment-189\" class=\"wp-caption-text\">Motorcycle Transport Depot, Antas, Almer\u00eda, Spain.<\/figcaption><\/figure>\n<h2>Motorcycle Transport Depot, Almer\u00eda<\/h2>\n<p>Motorcycles-Go.com run regular transport containers from our depot in Antas, Almer\u00eda, Spain.\u00a0 Most motorbikes are transported to the UK in our 40ft container and can be collected from and delivered to your door, or drop your bike at our depot and save money!\u00a0 Get your motorcycle shipping quote from Almer\u00eda now!<\/p>\n<h3>Get your Free Motorbike Shipping Quote<\/h3>\n\n<div class=\"wpcf7 no-js\" id=\"wpcf7-f106-o1\" lang=\"en-US\" dir=\"ltr\" data-wpcf7-id=\"106\">\n<div class=\"screen-reader-response\"><p role=\"status\" aria-live=\"polite\" aria-atomic=\"true\"><\/p> <ul><\/ul><\/div>\n<form action=\"\/ga\/wp-json\/wp\/v2\/pages\/173#wpcf7-f106-o1\" method=\"post\" class=\"wpcf7-form init\" aria-label=\"Contact form\" novalidate=\"novalidate\" data-status=\"init\">\n<fieldset class=\"hidden-fields-container\"><input type=\"hidden\" name=\"_wpcf7\" value=\"106\" \/><input type=\"hidden\" name=\"_wpcf7_version\" value=\"6.1.5\" \/><input type=\"hidden\" name=\"_wpcf7_locale\" value=\"en_US\" \/><input type=\"hidden\" name=\"_wpcf7_unit_tag\" value=\"wpcf7-f106-o1\" \/><input type=\"hidden\" name=\"_wpcf7_container_post\" value=\"0\" \/><input type=\"hidden\" name=\"_wpcf7_posted_data_hash\" value=\"\" \/>\n<\/fieldset>\n<div id=\"quote\">\n\t<p><span class=\"wpcf7-form-control-wrap\" data-name=\"mcg-name\"><input size=\"40\" maxlength=\"400\" class=\"wpcf7-form-control wpcf7-text wpcf7-validates-as-required mcg\" id=\"mcg-name\" aria-required=\"true\" aria-invalid=\"false\" placeholder=\"do ainm\" value=\"\" type=\"text\" name=\"mcg-name\" \/><\/span><br \/>\n<span class=\"wpcf7-form-control-wrap\" data-name=\"mcg-phone\"><input size=\"40\" maxlength=\"400\" class=\"wpcf7-form-control wpcf7-tel wpcf7-validates-as-required wpcf7-text wpcf7-validates-as-tel mcg\" id=\"mcg-phone\" aria-required=\"true\" aria-invalid=\"false\" placeholder=\"uimhir theileaf\u00f3in\" value=\"\" type=\"tel\" name=\"mcg-phone\" \/><\/span><br \/>\n<span class=\"wpcf7-form-control-wrap\" data-name=\"mcg-email\"><input size=\"40\" maxlength=\"400\" class=\"wpcf7-form-control wpcf7-email wpcf7-validates-as-required wpcf7-text wpcf7-validates-as-email mcg\" id=\"mcg-email\" aria-required=\"true\" aria-invalid=\"false\" placeholder=\"do sheoladh r\u00edomhphoist\" value=\"\" type=\"email\" name=\"mcg-email\" \/><\/span><br \/>\n\t<hr \/><br \/>\n<span class=\"wpcf7-form-control-wrap\" data-name=\"mcg-make\"><input size=\"40\" maxlength=\"400\" class=\"wpcf7-form-control wpcf7-text wpcf7-validates-as-required mcg\" id=\"mcg-make\" aria-required=\"true\" aria-invalid=\"false\" placeholder=\"d\u00e9anamh &amp; samhail de do ghluaisrothar\" value=\"\" type=\"text\" name=\"mcg-make\" \/><\/span><br \/>\n<span class=\"wpcf7-form-control-wrap\" data-name=\"mcg-collection\"><input size=\"40\" maxlength=\"400\" class=\"wpcf7-form-control wpcf7-text wpcf7-validates-as-required mcg\" id=\"mcg-collection\" aria-required=\"true\" aria-invalid=\"false\" placeholder=\"baili\u00fach\u00e1n \u00d3\" value=\"\" type=\"text\" name=\"mcg-collection\" \/><\/span><span class=\"wpcf7-form-control-wrap\" data-name=\"mcg-delivery\"><input size=\"40\" maxlength=\"400\" class=\"wpcf7-form-control wpcf7-text wpcf7-validates-as-required mcg\" id=\"mcg-delivery\" aria-required=\"true\" aria-invalid=\"false\" placeholder=\"seachadadh TO\" value=\"\" type=\"text\" name=\"mcg-delivery\" \/><\/span><br \/>\n<br style=\"clear:both;\" \/>\n\t<hr \/><br \/>\n<span class=\"wpcf7-form-control-wrap\" data-name=\"fromdepot\"><span class=\"wpcf7-form-control wpcf7-checkbox wpcf7-exclusive-checkbox mcg\" id=\"mcg-fromdepot\"><span class=\"wpcf7-list-item first\"><input type=\"checkbox\" name=\"fromdepot\" value=\"Ba mhaith liom baili\u00fa agus seachadadh chuig mo dhoras.\" \/><span class=\"wpcf7-list-item-label\">Ba mhaith liom baili\u00fa agus seachadadh chuig mo dhoras.<\/span><\/span><span class=\"wpcf7-list-item last\"><input type=\"checkbox\" name=\"fromdepot\" value=\"Is f\u00e9idir liom seachadadh chuig do iosta\u00ed agus iad a bhaili\u00fa uathu.\" \/><span class=\"wpcf7-list-item-label\">Is f\u00e9idir liom seachadadh chuig do iosta\u00ed agus iad a bhaili\u00fa uathu.<\/span><\/span><\/span><\/span><br \/>\n\t<hr \/><br \/>\n<span class=\"wpcf7-form-control-wrap\" data-name=\"mcgruns\"><span class=\"wpcf7-form-control wpcf7-checkbox wpcf7-exclusive-checkbox mcg\" id=\"mcg-runs\"><span class=\"wpcf7-list-item first\"><input type=\"checkbox\" name=\"mcgruns\" value=\"Ritheann mo ghluaisrothar i gceart.\" \/><span class=\"wpcf7-list-item-label\">Ritheann mo ghluaisrothar i gceart.<\/span><\/span><span class=\"wpcf7-list-item last\"><input type=\"checkbox\" name=\"mcgruns\" value=\"N\u00cd Rithfidh mo ghluaisrothar.\" \/><span class=\"wpcf7-list-item-label\">N\u00cd Rithfidh mo ghluaisrothar.<\/span><\/span><\/span><\/span><br \/>\n\t<hr \/>\n\t<\/p>\n\t<p>M\u00e1 t\u00e1 d\u00e1ta ar leith i gcuimhne agat, cuir in i\u00fal d\u00fainn, n\u00f3 tabhair tuairim d\u00fainn faoi cathain ar mhaith leat do rothar a sheoladh. E.g., \"Deireadh M\u00e1rta\".\n\t<\/p>\n\t<p><span class=\"wpcf7-form-control-wrap\" data-name=\"mcg-date\"><input size=\"40\" maxlength=\"400\" class=\"wpcf7-form-control wpcf7-text wpcf7-validates-as-required mcg\" id=\"mcg-date\" aria-required=\"true\" aria-invalid=\"false\" placeholder=\"d\u00e1ta bailithe \/ seachadta\" value=\"\" type=\"text\" name=\"mcg-date\" \/><\/span><br \/>\n<span class=\"wpcf7-form-control-wrap\" data-name=\"capital-quiz\"><label><span class=\"wpcf7-quiz-label\">Chun stop a chur leis na spammers... An bhf\u00e9adf\u00e1 a r\u00e1 linn c\u00e9 acu uimhir is m\u00f3... 2 n\u00f3 8?<\/span> <input size=\"40\" class=\"wpcf7-form-control wpcf7-quiz\" autocomplete=\"off\" aria-required=\"true\" aria-invalid=\"false\" type=\"text\" name=\"capital-quiz\" \/><\/label><input type=\"hidden\" name=\"_wpcf7_quiz_answer_capital-quiz\" value=\"054089d0f1ed276ec24074ad115e1e09\" \/><\/span><br \/>\n\t<div class=\"wpcf7-response-output\" aria-hidden=\"true\"><\/div><br \/>\n<input class=\"wpcf7-form-control wpcf7-submit has-spinner mcg\" id=\"mcg-submit\" type=\"submit\" value=\"Faigh do luachan!\" \/>\n\t<\/p>\n<\/div>\n<\/form>\n<\/div>\n\n<p>&nbsp;<\/p>\n<h3><strong>Motorcycle Transport Spain &#8211; <\/strong>Collection &amp; Delivery along the Spanish Costas<\/h3>\n<p>We would be happy to collect your motorcycle from your door, depending on where you are, of course, or you are welcome to drop your bike at any of our depots.\u00a0 This is reflected in the price!\u00a0 We can, in theory, collect anywhere from Murcia to Gibraltar.<\/p>\n<h3>Our Three Motorbike Transport Depots<\/h3>\n<p>Spanning Europe from the north of England to the southern coasts of Spain and Portugal, Motorcycles-Go.com are your first choice if you need your precious bike moving!\u00a0 Let us quote, we know you&#8217;ll be happily surprised!<\/p>\n<ul>\n<li><a href=\"https:\/\/motorcycles-go.com\/three-transport-storage-depots\/loule-algarve-portugal\/\"><strong>Motorcycles-Go Portugal<\/strong><\/a><br \/>\nCamino Dos Giros, Quattro Estradas, Loule 8100-579, Portugal.\u00a0 Telephone Portugal: (+351) 930 658 660.<\/li>\n<\/ul>\n<p>&nbsp;<\/p>\n<p>We\u2019ve been transporting motorcycles for decades and have built trusted network of transporters, dealers, manufacturers, collectors and motorcycle enthusiasts alike. Our priority is always your motorbike!\u00a0 We ship over countless bikes every year, we confident in offering a reliable, safe, professional service.\u00a0 Ship your bike between the United Kingdom, Spain &amp; portugal with Motorcycles-Go.com.<\/p>\n<p>&nbsp;<\/p>\n<h3>A Family of Transport Services Throughout Europe<\/h3>\n<p>Motorcycles-Go.com is a member of a small, but very dedicated team of European transport specialists.\u00a0 Our working partners, we can satisfy the needs of almost anyone looking for transportation services in Europe.<\/p>\n<ul>\n<li><a href=\"https:\/\/wandererstransport.eu\/\" target=\"_blank\" rel=\"noopener noreferrer\"><strong>WanderersTransport.com<\/strong><\/a><\/li>\n<li><a href=\"https:\/\/cars-go-transport.com\/\" target=\"_blank\" rel=\"noopener noreferrer\"><strong>Cars-Go-Transport.com<\/strong><\/a><\/li>\n<li><a href=\"https:\/\/bestcartransport.eu\/\" target=\"_blank\" rel=\"noopener noreferrer\"><strong>BestCarTransport.eu<\/strong><\/a><\/li>\n<\/ul>\n<p>Motorcycles-Go.com is the trading name for just one wing of our transport operations.\u00a0 In conjunction with our partners, we are absolutely sure we can offer you the best combined service at the best possible prices.\u00a0 If your bike is just one of the things needed shipping, we are definitely the people to talk to!\u00a0 We hope to hear from you soon!<\/p>\n<p>&nbsp;<\/p>\n","protected":false},"excerpt":{"rendered":"<p>Motorcycles-Go.com&#8217;s Spain transport and storage depot is in Antas, on the Almer\u00eda coast.\u00a0 Ideally suited to serve the &#8216;Costas&#8217; of Spain!\u00a0 We can collect your bike, or you are welcome to drop it at our depot &#8211; save a little money, too!\u00a0 Motorcycle transport services from Spain to the UK and Portugal.\u00a0 Guaranteed great quotes!<\/p>\n","protected":false},"author":1,"featured_media":0,"parent":154,"menu_order":0,"comment_status":"closed","ping_status":"closed","template":"","meta":{"yasr_overall_rating":0,"yasr_post_is_review":"","yasr_auto_insert_disabled":"","yasr_review_type":"","footnotes":""},"class_list":["post-173","page","type-page","status-publish","hentry"],"yoast_head":"<!-- This site is optimized with the Yoast SEO plugin v27.5 - https:\/\/yoast.com\/product\/yoast-seo-wordpress\/ -->\n<title>Motorcycle Transport Depot. Antas, Almer\u00eda, Spain. Motorcycles-Go.com.<\/title>\n<meta name=\"description\" content=\"Motorcycle transport, shipping &amp; storage to\/from Almeria and the Costas of Spain. Reliable, professional service, guaranteed great quotes!\u00a0\u00a0\" \/>\n<meta name=\"robots\" content=\"index, follow, max-snippet:-1, max-image-preview:large, max-video-preview:-1\" \/>\n<link rel=\"canonical\" href=\"https:\/\/motorcycles-go.com\/european-motorcycle-transport-storage-depots\/transport-depot-antas-almeria-spain\/\" \/>\n<meta property=\"og:locale\" content=\"en_US\" \/>\n<meta property=\"og:type\" content=\"article\" \/>\n<meta property=\"og:title\" content=\"Motorcycle Transport Depot. Antas, Almer\u00eda, Spain. Motorcycles-Go.com.\" \/>\n<meta property=\"og:description\" content=\"Motorcycle transport, shipping &amp; storage to\/from Almeria and the Costas of Spain. Reliable, professional service, guaranteed great quotes!\u00a0\u00a0\" \/>\n<meta property=\"og:url\" content=\"https:\/\/motorcycles-go.com\/european-motorcycle-transport-storage-depots\/transport-depot-antas-almeria-spain\/\" \/>\n<meta property=\"og:site_name\" content=\"Motorcycles-Go.com\" \/>\n<meta property=\"article:modified_time\" content=\"2024-04-08T16:13:34+00:00\" \/>\n<meta name=\"twitter:card\" content=\"summary_large_image\" \/>\n<meta name=\"twitter:label1\" content=\"Est. reading time\" \/>\n\t<meta name=\"twitter:data1\" content=\"2 minutes\" \/>\n<script type=\"application\/ld+json\" class=\"yoast-schema-graph\">{\"@context\":\"https:\\\/\\\/schema.org\",\"@graph\":[{\"@type\":\"WebPage\",\"@id\":\"https:\\\/\\\/motorcycles-go.com\\\/european-motorcycle-transport-storage-depots\\\/transport-depot-antas-almeria-spain\\\/\",\"url\":\"https:\\\/\\\/motorcycles-go.com\\\/european-motorcycle-transport-storage-depots\\\/transport-depot-antas-almeria-spain\\\/\",\"name\":\"Motorcycle Transport Depot. Antas, Almer\u00eda, Spain. Motorcycles-Go.com.\",\"isPartOf\":{\"@id\":\"https:\\\/\\\/motorcycles-go.com\\\/#website\"},\"datePublished\":\"2020-07-16T09:46:04+00:00\",\"dateModified\":\"2024-04-08T16:13:34+00:00\",\"description\":\"Motorcycle transport, shipping & storage to\\\/from Almeria and the Costas of Spain. Reliable, professional service, guaranteed great quotes!\u00a0\u00a0\",\"breadcrumb\":{\"@id\":\"https:\\\/\\\/motorcycles-go.com\\\/european-motorcycle-transport-storage-depots\\\/transport-depot-antas-almeria-spain\\\/#breadcrumb\"},\"inLanguage\":\"ga-GA\",\"potentialAction\":[{\"@type\":\"ReadAction\",\"target\":[\"https:\\\/\\\/motorcycles-go.com\\\/european-motorcycle-transport-storage-depots\\\/transport-depot-antas-almeria-spain\\\/\"]}]},{\"@type\":\"BreadcrumbList\",\"@id\":\"https:\\\/\\\/motorcycles-go.com\\\/european-motorcycle-transport-storage-depots\\\/transport-depot-antas-almeria-spain\\\/#breadcrumb\",\"itemListElement\":[{\"@type\":\"ListItem\",\"position\":1,\"name\":\"Home\",\"item\":\"https:\\\/\\\/motorcycles-go.com\\\/\"},{\"@type\":\"ListItem\",\"position\":2,\"name\":\"European Motorcycle Transport &#038; Storage Depots\",\"item\":\"https:\\\/\\\/motorcycles-go.com\\\/european-motorcycle-transport-storage-depots\\\/\"},{\"@type\":\"ListItem\",\"position\":3,\"name\":\"Transport Depot, Antas, Almer\u00eda, Spain\"}]},{\"@type\":\"WebSite\",\"@id\":\"https:\\\/\\\/motorcycles-go.com\\\/#website\",\"url\":\"https:\\\/\\\/motorcycles-go.com\\\/\",\"name\":\"Motorcycles-Go.com\",\"description\":\"Motorcycle transport specialists.  UK, Spain, Portugal.\",\"publisher\":{\"@id\":\"https:\\\/\\\/motorcycles-go.com\\\/#organization\"},\"potentialAction\":[{\"@type\":\"SearchAction\",\"target\":{\"@type\":\"EntryPoint\",\"urlTemplate\":\"https:\\\/\\\/motorcycles-go.com\\\/?s={search_term_string}\"},\"query-input\":{\"@type\":\"PropertyValueSpecification\",\"valueRequired\":true,\"valueName\":\"search_term_string\"}}],\"inLanguage\":\"ga-GA\"},{\"@type\":\"Organization\",\"@id\":\"https:\\\/\\\/motorcycles-go.com\\\/#organization\",\"name\":\"Motorcycles-Go.com\",\"url\":\"https:\\\/\\\/motorcycles-go.com\\\/\",\"logo\":{\"@type\":\"ImageObject\",\"inLanguage\":\"ga-GA\",\"@id\":\"https:\\\/\\\/motorcycles-go.com\\\/#\\\/schema\\\/logo\\\/image\\\/\",\"url\":\"https:\\\/\\\/motorcycles-go.com\\\/wp-content\\\/uploads\\\/2020\\\/07\\\/Motrocycles-Go-Logo-Sml.png\",\"contentUrl\":\"https:\\\/\\\/motorcycles-go.com\\\/wp-content\\\/uploads\\\/2020\\\/07\\\/Motrocycles-Go-Logo-Sml.png\",\"width\":300,\"height\":45,\"caption\":\"Motorcycles-Go.com\"},\"image\":{\"@id\":\"https:\\\/\\\/motorcycles-go.com\\\/#\\\/schema\\\/logo\\\/image\\\/\"}},false]}<\/script>\n<!-- \/ Yoast SEO plugin. -->","yoast_head_json":{"title":"Motorcycle Transport Depot. Antas, Almer\u00eda, Spain. Motorcycles-Go.com.","description":"Motorcycle transport, shipping & storage to\/from Almeria and the Costas of Spain. Reliable, professional service, guaranteed great quotes!\u00a0\u00a0","robots":{"index":"index","follow":"follow","max-snippet":"max-snippet:-1","max-image-preview":"max-image-preview:large","max-video-preview":"max-video-preview:-1"},"canonical":"https:\/\/motorcycles-go.com\/european-motorcycle-transport-storage-depots\/transport-depot-antas-almeria-spain\/","og_locale":"en_US","og_type":"article","og_title":"Motorcycle Transport Depot. Antas, Almer\u00eda, Spain. Motorcycles-Go.com.","og_description":"Motorcycle transport, shipping & storage to\/from Almeria and the Costas of Spain. Reliable, professional service, guaranteed great quotes!\u00a0\u00a0","og_url":"https:\/\/motorcycles-go.com\/european-motorcycle-transport-storage-depots\/transport-depot-antas-almeria-spain\/","og_site_name":"Motorcycles-Go.com","article_modified_time":"2024-04-08T16:13:34+00:00","twitter_card":"summary_large_image","twitter_misc":{"Est. reading time":"2 minutes"},"schema":{"@context":"https:\/\/schema.org","@graph":[{"@type":"WebPage","@id":"https:\/\/motorcycles-go.com\/european-motorcycle-transport-storage-depots\/transport-depot-antas-almeria-spain\/","url":"https:\/\/motorcycles-go.com\/european-motorcycle-transport-storage-depots\/transport-depot-antas-almeria-spain\/","name":"Motorcycle Transport Depot. Antas, Almer\u00eda, Spain. Motorcycles-Go.com.","isPartOf":{"@id":"https:\/\/motorcycles-go.com\/#website"},"datePublished":"2020-07-16T09:46:04+00:00","dateModified":"2024-04-08T16:13:34+00:00","description":"Motorcycle transport, shipping & storage to\/from Almeria and the Costas of Spain. Reliable, professional service, guaranteed great quotes!\u00a0\u00a0","breadcrumb":{"@id":"https:\/\/motorcycles-go.com\/european-motorcycle-transport-storage-depots\/transport-depot-antas-almeria-spain\/#breadcrumb"},"inLanguage":"ga-GA","potentialAction":[{"@type":"ReadAction","target":["https:\/\/motorcycles-go.com\/european-motorcycle-transport-storage-depots\/transport-depot-antas-almeria-spain\/"]}]},{"@type":"BreadcrumbList","@id":"https:\/\/motorcycles-go.com\/european-motorcycle-transport-storage-depots\/transport-depot-antas-almeria-spain\/#breadcrumb","itemListElement":[{"@type":"ListItem","position":1,"name":"Home","item":"https:\/\/motorcycles-go.com\/"},{"@type":"ListItem","position":2,"name":"European Motorcycle Transport &#038; Storage Depots","item":"https:\/\/motorcycles-go.com\/european-motorcycle-transport-storage-depots\/"},{"@type":"ListItem","position":3,"name":"Transport Depot, Antas, Almer\u00eda, Spain"}]},{"@type":"WebSite","@id":"https:\/\/motorcycles-go.com\/#website","url":"https:\/\/motorcycles-go.com\/","name":"Motorcycles-Go.com","description":"Motorcycle transport specialists.  UK, Spain, Portugal.","publisher":{"@id":"https:\/\/motorcycles-go.com\/#organization"},"potentialAction":[{"@type":"SearchAction","target":{"@type":"EntryPoint","urlTemplate":"https:\/\/motorcycles-go.com\/?s={search_term_string}"},"query-input":{"@type":"PropertyValueSpecification","valueRequired":true,"valueName":"search_term_string"}}],"inLanguage":"ga-GA"},{"@type":"Organization","@id":"https:\/\/motorcycles-go.com\/#organization","name":"Motorcycles-Go.com","url":"https:\/\/motorcycles-go.com\/","logo":{"@type":"ImageObject","inLanguage":"ga-GA","@id":"https:\/\/motorcycles-go.com\/#\/schema\/logo\/image\/","url":"https:\/\/motorcycles-go.com\/wp-content\/uploads\/2020\/07\/Motrocycles-Go-Logo-Sml.png","contentUrl":"https:\/\/motorcycles-go.com\/wp-content\/uploads\/2020\/07\/Motrocycles-Go-Logo-Sml.png","width":300,"height":45,"caption":"Motorcycles-Go.com"},"image":{"@id":"https:\/\/motorcycles-go.com\/#\/schema\/logo\/image\/"}},false]}},"yasr_visitor_votes":{"stars_attributes":{"read_only":false,"span_bottom":false},"number_of_votes":0,"sum_votes":0},"_links":{"self":[{"href":"https:\/\/motorcycles-go.com\/ga\/wp-json\/wp\/v2\/pages\/173","targetHints":{"allow":["GET"]}}],"collection":[{"href":"https:\/\/motorcycles-go.com\/ga\/wp-json\/wp\/v2\/pages"}],"about":[{"href":"https:\/\/motorcycles-go.com\/ga\/wp-json\/wp\/v2\/types\/page"}],"author":[{"embeddable":true,"href":"https:\/\/motorcycles-go.com\/ga\/wp-json\/wp\/v2\/users\/1"}],"replies":[{"embeddable":true,"href":"https:\/\/motorcycles-go.com\/ga\/wp-json\/wp\/v2\/comments?post=173"}],"version-history":[{"count":7,"href":"https:\/\/motorcycles-go.com\/ga\/wp-json\/wp\/v2\/pages\/173\/revisions"}],"predecessor-version":[{"id":532,"href":"https:\/\/motorcycles-go.com\/ga\/wp-json\/wp\/v2\/pages\/173\/revisions\/532"}],"up":[{"embeddable":true,"href":"https:\/\/motorcycles-go.com\/ga\/wp-json\/wp\/v2\/pages\/154"}],"wp:attachment":[{"href":"https:\/\/motorcycles-go.com\/ga\/wp-json\/wp\/v2\/media?parent=173"}],"curies":[{"name":"wp","href":"https:\/\/api.w.org\/{rel}","templated":true}]}}