{"id":19,"date":"2020-06-25T11:10:41","date_gmt":"2020-06-25T11:10:41","guid":{"rendered":"https:\/\/motorcycles-go.com\/?page_id=19"},"modified":"2024-04-08T16:04:42","modified_gmt":"2024-04-08T16:04:42","slug":"motorcycles-go-com","status":"publish","type":"page","link":"https:\/\/motorcycles-go.com\/ga\/","title":{"rendered":"Motorcycles-Go.com"},"content":{"rendered":"<p><\/p>\n<p><strong>Is saineolaithe iad Motorcycles-Go ar iompar gluaisrothair go h\u00c9irinn, an Phortaing\u00e9il agus deisceart na Sp\u00e1inne agus uaidh. Oibr\u00edmid dh\u00e1 iosta iompair agus st\u00f3r\u00e1la i Loule ar an Algarve agus i mBaile \u00c1tha Cliath in \u00c9irinn. D\u00e9anann iompr\u00f3ir\u00ed m\u00edos\u00fala rialta an c\u00faram is fearr de do ghluaisrothar. Lig d\u00fainn a lua, beidh iontas ort!<\/strong><\/p>\n<figure id=\"attachment_462\" aria-describedby=\"caption-attachment-462\" style=\"width: 1200px\" class=\"wp-caption alignnone\"><img loading=\"lazy\" decoding=\"async\" class=\"wp-image-462 size-full\" src=\"https:\/\/motorcycles-go.com\/wp-content\/uploads\/2022\/06\/Motorcycles-Go_com-Seirbhisi-Iompair-Gluaisrothar-Eire-an-Phortaingeil.jpg\" alt=\"Motorcycles-Go.com - Seirbh\u00eds\u00ed Iompair Gluaisrothar, \u00c9ire-an Phortaing\u00e9il\" width=\"1200\" height=\"630\" srcset=\"https:\/\/motorcycles-go.com\/wp-content\/uploads\/2022\/06\/Motorcycles-Go_com-Seirbhisi-Iompair-Gluaisrothar-Eire-an-Phortaingeil.jpg 1200w, https:\/\/motorcycles-go.com\/wp-content\/uploads\/2022\/06\/Motorcycles-Go_com-Seirbhisi-Iompair-Gluaisrothar-Eire-an-Phortaingeil-300x158.jpg 300w, https:\/\/motorcycles-go.com\/wp-content\/uploads\/2022\/06\/Motorcycles-Go_com-Seirbhisi-Iompair-Gluaisrothar-Eire-an-Phortaingeil-1024x538.jpg 1024w, https:\/\/motorcycles-go.com\/wp-content\/uploads\/2022\/06\/Motorcycles-Go_com-Seirbhisi-Iompair-Gluaisrothar-Eire-an-Phortaingeil-768x403.jpg 768w, https:\/\/motorcycles-go.com\/wp-content\/uploads\/2022\/06\/Motorcycles-Go_com-Seirbhisi-Iompair-Gluaisrothar-Eire-an-Phortaingeil-1x1.jpg 1w\" sizes=\"auto, (max-width: 1200px) 100vw, 1200px\" \/><figcaption id=\"caption-attachment-462\" class=\"wp-caption-text\">Motorcycles-Go.com &#8211; Seirbh\u00eds\u00ed Iompair Gluaisrothar, \u00c9ire-an Phortaing\u00e9il<\/figcaption><\/figure>\n<h2>Iompar Gluaisrothar Athfhriotail<\/h2>\n\n<div class=\"wpcf7 no-js\" id=\"wpcf7-f106-o4\" lang=\"en-US\" dir=\"ltr\" data-wpcf7-id=\"106\">\n<div class=\"screen-reader-response\"><p role=\"status\" aria-live=\"polite\" aria-atomic=\"true\"><\/p> <ul><\/ul><\/div>\n<form action=\"\/ga\/wp-json\/wp\/v2\/pages\/19#wpcf7-f106-o4\" method=\"post\" class=\"wpcf7-form init\" aria-label=\"Contact form\" novalidate=\"novalidate\" data-status=\"init\">\n<fieldset class=\"hidden-fields-container\"><input type=\"hidden\" name=\"_wpcf7\" value=\"106\" \/><input type=\"hidden\" name=\"_wpcf7_version\" value=\"6.1.5\" \/><input type=\"hidden\" name=\"_wpcf7_locale\" value=\"en_US\" \/><input type=\"hidden\" name=\"_wpcf7_unit_tag\" value=\"wpcf7-f106-o4\" \/><input type=\"hidden\" name=\"_wpcf7_container_post\" value=\"0\" \/><input type=\"hidden\" name=\"_wpcf7_posted_data_hash\" value=\"\" \/>\n<\/fieldset>\n<div id=\"quote\">\n\t<p><span class=\"wpcf7-form-control-wrap\" data-name=\"mcg-name\"><input size=\"40\" maxlength=\"400\" class=\"wpcf7-form-control wpcf7-text wpcf7-validates-as-required mcg\" aria-required=\"true\" aria-invalid=\"false\" placeholder=\"do ainm\" value=\"\" type=\"text\" name=\"mcg-name\" \/><\/span><br \/>\n<span class=\"wpcf7-form-control-wrap\" data-name=\"mcg-phone\"><input size=\"40\" maxlength=\"400\" class=\"wpcf7-form-control wpcf7-tel wpcf7-validates-as-required wpcf7-text wpcf7-validates-as-tel mcg\" aria-required=\"true\" aria-invalid=\"false\" placeholder=\"uimhir theileaf\u00f3in\" value=\"\" type=\"tel\" name=\"mcg-phone\" \/><\/span><br \/>\n<span class=\"wpcf7-form-control-wrap\" data-name=\"mcg-email\"><input size=\"40\" maxlength=\"400\" class=\"wpcf7-form-control wpcf7-email wpcf7-validates-as-required wpcf7-text wpcf7-validates-as-email mcg\" aria-required=\"true\" aria-invalid=\"false\" placeholder=\"do sheoladh r\u00edomhphoist\" value=\"\" type=\"email\" name=\"mcg-email\" \/><\/span><br \/>\n\t<hr \/><br \/>\n<span class=\"wpcf7-form-control-wrap\" data-name=\"mcg-make\"><input size=\"40\" maxlength=\"400\" class=\"wpcf7-form-control wpcf7-text wpcf7-validates-as-required mcg\" aria-required=\"true\" aria-invalid=\"false\" placeholder=\"d\u00e9anamh &amp; samhail de do ghluaisrothar\" value=\"\" type=\"text\" name=\"mcg-make\" \/><\/span><br \/>\n<span class=\"wpcf7-form-control-wrap\" data-name=\"mcg-collection\"><input size=\"40\" maxlength=\"400\" class=\"wpcf7-form-control wpcf7-text wpcf7-validates-as-required mcg\" aria-required=\"true\" aria-invalid=\"false\" placeholder=\"baili\u00fach\u00e1n \u00d3\" value=\"\" type=\"text\" name=\"mcg-collection\" \/><\/span><span class=\"wpcf7-form-control-wrap\" data-name=\"mcg-delivery\"><input size=\"40\" maxlength=\"400\" class=\"wpcf7-form-control wpcf7-text wpcf7-validates-as-required mcg\" aria-required=\"true\" aria-invalid=\"false\" placeholder=\"seachadadh TO\" value=\"\" type=\"text\" name=\"mcg-delivery\" \/><\/span><br \/>\n<br style=\"clear:both;\" \/>\n\t<hr \/><br \/>\n<span class=\"wpcf7-form-control-wrap\" data-name=\"fromdepot\"><span class=\"wpcf7-form-control wpcf7-checkbox wpcf7-exclusive-checkbox mcg\"><span class=\"wpcf7-list-item first\"><input type=\"checkbox\" name=\"fromdepot\" value=\"Ba mhaith liom baili\u00fa agus seachadadh chuig mo dhoras.\" \/><span class=\"wpcf7-list-item-label\">Ba mhaith liom baili\u00fa agus seachadadh chuig mo dhoras.<\/span><\/span><span class=\"wpcf7-list-item last\"><input type=\"checkbox\" name=\"fromdepot\" value=\"Is f\u00e9idir liom seachadadh chuig do iosta\u00ed agus iad a bhaili\u00fa uathu.\" \/><span class=\"wpcf7-list-item-label\">Is f\u00e9idir liom seachadadh chuig do iosta\u00ed agus iad a bhaili\u00fa uathu.<\/span><\/span><\/span><\/span><br \/>\n\t<hr \/><br \/>\n<span class=\"wpcf7-form-control-wrap\" data-name=\"mcgruns\"><span class=\"wpcf7-form-control wpcf7-checkbox wpcf7-exclusive-checkbox mcg\"><span class=\"wpcf7-list-item first\"><input type=\"checkbox\" name=\"mcgruns\" value=\"Ritheann mo ghluaisrothar i gceart.\" \/><span class=\"wpcf7-list-item-label\">Ritheann mo ghluaisrothar i gceart.<\/span><\/span><span class=\"wpcf7-list-item last\"><input type=\"checkbox\" name=\"mcgruns\" value=\"N\u00cd Rithfidh mo ghluaisrothar.\" \/><span class=\"wpcf7-list-item-label\">N\u00cd Rithfidh mo ghluaisrothar.<\/span><\/span><\/span><\/span><br \/>\n\t<hr \/>\n\t<\/p>\n\t<p>M\u00e1 t\u00e1 d\u00e1ta ar leith i gcuimhne agat, cuir in i\u00fal d\u00fainn, n\u00f3 tabhair tuairim d\u00fainn faoi cathain ar mhaith leat do rothar a sheoladh. E.g., \"Deireadh M\u00e1rta\".\n\t<\/p>\n\t<p><span class=\"wpcf7-form-control-wrap\" data-name=\"mcg-date\"><input size=\"40\" maxlength=\"400\" class=\"wpcf7-form-control wpcf7-text wpcf7-validates-as-required mcg\" aria-required=\"true\" aria-invalid=\"false\" placeholder=\"d\u00e1ta bailithe \/ seachadta\" value=\"\" type=\"text\" name=\"mcg-date\" \/><\/span><br \/>\n<span class=\"wpcf7-form-control-wrap\" data-name=\"capital-quiz\"><label><span class=\"wpcf7-quiz-label\">Chun stop a chur leis na spammers... An bhf\u00e9adf\u00e1 a r\u00e1 linn c\u00e9 acu uimhir is m\u00f3... 2 n\u00f3 8?<\/span> <input size=\"40\" class=\"wpcf7-form-control wpcf7-quiz\" autocomplete=\"off\" aria-required=\"true\" aria-invalid=\"false\" type=\"text\" name=\"capital-quiz\" \/><\/label><input type=\"hidden\" name=\"_wpcf7_quiz_answer_capital-quiz\" value=\"054089d0f1ed276ec24074ad115e1e09\" \/><\/span><br \/>\n\t<div class=\"wpcf7-response-output\" aria-hidden=\"true\"><\/div><br \/>\n<input class=\"wpcf7-form-control wpcf7-submit has-spinner mcg\" type=\"submit\" value=\"Faigh do luachan!\" \/>\n\t<\/p>\n<\/div>\n<\/form>\n<\/div>\n\n<h2>Motorcycles-Go.com<\/h2>\n<p>Is f\u00e9idir le Motorcycles-Go.com post gairmi\u00fail agus \u00e9ifeachtach a chinnti\u00fa duit, ag seoladh do ghluaisrothar go h\u00c9irinn agus \u00f3n bPortaing\u00e9il agus \u00f3 dheas \u00f3n Sp\u00e1inn. B\u00ed ag s\u00fail le seirbh\u00eds f\u00edor-mhaith, t\u00e1 \u00e1r bhfoireann cairdi\u00fail agus gairmi\u00fail. T\u00e1imid ag bogadh rothair timpeall na hEorpa le blianta fada agus t\u00e1 a fhios againn cad at\u00e1 ar si\u00fal againn!<\/p>\n<figure id=\"attachment_463\" aria-describedby=\"caption-attachment-463\" style=\"width: 1200px\" class=\"wp-caption alignnone\"><img loading=\"lazy\" decoding=\"async\" class=\"wp-image-463 size-full\" src=\"https:\/\/motorcycles-go.com\/wp-content\/uploads\/2022\/06\/Gluaisrothair-Luchtaithe-le-haghaidh-Iompar-o-Eirinn-go-dti-an-Spainn-agus-an-Phortaingeil.jpg\" alt=\"Gluaisrothair Luchtaithe le haghaidh Iompar \u00f3 \u00c9irinn go dt\u00ed an Sp\u00e1inn agus an Phortaing\u00e9il\" width=\"1200\" height=\"630\" srcset=\"https:\/\/motorcycles-go.com\/wp-content\/uploads\/2022\/06\/Gluaisrothair-Luchtaithe-le-haghaidh-Iompar-o-Eirinn-go-dti-an-Spainn-agus-an-Phortaingeil.jpg 1200w, https:\/\/motorcycles-go.com\/wp-content\/uploads\/2022\/06\/Gluaisrothair-Luchtaithe-le-haghaidh-Iompar-o-Eirinn-go-dti-an-Spainn-agus-an-Phortaingeil-300x158.jpg 300w, https:\/\/motorcycles-go.com\/wp-content\/uploads\/2022\/06\/Gluaisrothair-Luchtaithe-le-haghaidh-Iompar-o-Eirinn-go-dti-an-Spainn-agus-an-Phortaingeil-1024x538.jpg 1024w, https:\/\/motorcycles-go.com\/wp-content\/uploads\/2022\/06\/Gluaisrothair-Luchtaithe-le-haghaidh-Iompar-o-Eirinn-go-dti-an-Spainn-agus-an-Phortaingeil-768x403.jpg 768w, https:\/\/motorcycles-go.com\/wp-content\/uploads\/2022\/06\/Gluaisrothair-Luchtaithe-le-haghaidh-Iompar-o-Eirinn-go-dti-an-Spainn-agus-an-Phortaingeil-1x1.jpg 1w\" sizes=\"auto, (max-width: 1200px) 100vw, 1200px\" \/><figcaption id=\"caption-attachment-463\" class=\"wp-caption-text\">Gluaisrothair Luchtaithe le haghaidh Iompar \u00f3 \u00c9irinn go dt\u00ed an Sp\u00e1inn agus an Phortaing\u00e9il<\/figcaption><\/figure>\n<p><strong>T\u00e1 \u00e1r gcuid praghsanna go hiontach freisin!!<\/strong> Comhl\u00e1naigh an fhoirm thapa agus tiocfaimid ar ais chugat l\u00e1ithreach bonn leis an luachan is fearr a gheobhaidh t\u00fa!!<\/p>\n<p>Bain sult as an suaimhneas intinne, a fhios agam go bhfuil do rothar l\u00f3mhara sna l\u00e1mha is iontaofa! Is bre\u00e1 linn rothair, t\u00e1 a fhios againn go bhfuil gach ceann speisialta &#8211; do chuid f\u00e9in san \u00e1ireamh! Cuirimid deimhni\u00fa ioml\u00e1n ar f\u00e1il duit go sroichfidh do rothar ceann scr\u00edbe sa riocht c\u00e9anna agus a bhailigh muid \u00e9. T\u00e1imid br\u00f3d\u00fail as \u00e1r dtiomantas do jab \u00e9ifeachtach iontaofa at\u00e1 d\u00e9anta go maith!<\/p>\n<h3>Gluaisrothar Loingseoireacht ar fud na hEorpa<\/h3>\n<p>Cinnt\u00edonn \u00e1r ritheann rialta iompair idir \u00c9irinn, an Phortaing\u00e9il agus c\u00f3sta\u00ed theas na Sp\u00e1inne an luachan is fearr is f\u00e9idir! Cialla\u00edonn \u00e1r rialtacht gur f\u00e9idir linn an iliomad saincheist l\u00f3ist\u00edochta a phlean\u00e1il agus a fhorghn\u00edomh\u00fa chomh h\u00e9ifeachtach agus is f\u00e9idir, rud a chialla\u00edonn nach bhfuil ann ach na comhartha\u00ed athfhriotail is fearr!<\/p>\n<p>D\u00e9anaimid \u00e1r nd\u00edcheall a bheith i dteagmh\u00e1il i gc\u00f3na\u00ed agus do ghluaisrothar \u00e1 iompar. Uaireanta, n\u00ed f\u00e9idir \u00e9 seo a dh\u00e9anamh, ach t\u00e1imid br\u00f3d\u00fail as \u00e1r gc\u00faram custaim\u00e9ir\u00ed. Is f\u00e9idir leat teagmh\u00e1il a dh\u00e9anamh linn ag beagnach am ar bith le linn na seirbh\u00edse loingseoireachta. N\u00ed g\u00e1 a bheith buartha, t\u00e1 do rothar l\u00f3mhar i l\u00e1mha s\u00e1bh\u00e1ilte!<\/p>\n<p>Is f\u00e9idir linn st\u00f3r\u00e1il do ghluaisrothar a eagr\u00fa, freisin! T\u00e1 tr\u00ed iosta st\u00f3r\u00e1la againn san Algarve agus i mBaile \u00c1tha Cliath.<\/p>\n<h3>Iosta\u00ed Iompair Gluaisrothar in \u00c9irinn, sa Phortaing\u00e9il agus sa Sp\u00e1inn<\/h3>\n<ul>\n<li><strong>Loule, an Algarve, an Phortaing\u00e9il<\/strong><br \/>\nCamino Dos Giros, Quattro Estradas, Loule 8100-579, an Phortaing\u00e9il. Teileaf\u00f3n An Phortaing\u00e9il: (+351) 930 658 660.<\/li>\n<li><strong>Baile \u00c1tha Cliath, \u00c9ire<\/strong><br \/>\nSeoladh \u00farnua \u00e1 dheimhni\u00fa agus m\u00e9 ag cl\u00f3scr\u00edobh.<\/li>\n<\/ul>\n<h3>Seirbh\u00eds Loingseoireachta C\u00e1il\u00edochta<\/h3>\n<p>Cuireann Motorcycles-Go.com seirbh\u00eds rialta ar f\u00e1il chuig an bPortaing\u00e9il, an Sp\u00e1inn agus go h\u00c9irinn, ag seoladh gluaisrothair i ngach treo. T\u00e1 \u00e1r n-iosta glactha in \u00c9irinn suite i mBaile \u00c1tha Cliath agus t\u00e1 \u00e1r n-iosta Portaing\u00e9ile i Loule ar an Algarve.<\/p>\n<p>Bainimid \u00fas\u00e1id as \u00e1r gcoime\u00e1d\u00e1n 40 troigh chun do rothar a iompar, agus is f\u00e9idir linn carranna cliath\u00e1nach agus sc\u00fatair a ghlacadh freisin.<\/p>\n<h3>Gluaisrothar &amp; Iompar Eile ar fud na hEorpa<\/h3>\n<p>T\u00e1 Motorcycles-Go.com ina bhall d\u2019fhoireann bheag, ach an-tiomanta de speisialt\u00f3ir\u00ed iompair Eorpacha. \u00c1r gcomhph\u00e1irtithe oibre, is f\u00e9idir linn riachtanais beagnach aon duine at\u00e1 ag lorg seirbh\u00eds\u00ed iompair san Eoraip a sh\u00e1samh.<\/p>\n<p>Is \u00e9 Motorcycles-Go.com an t-ainm tr\u00e1d\u00e1la ar sciath\u00e1n amh\u00e1in d\u00e1r n-oibr\u00edochta\u00ed iompair. I gcomhar len\u00e1r gcomhph\u00e1irtithe, t\u00e1imid go hioml\u00e1n cinnte gur f\u00e9idir linn an tseirbh\u00eds chomhcheangailte is fearr a thairiscint duit ag na praghsanna is fearr is f\u00e9idir. Mura bhfuil i do rothar ach ceann de na ruda\u00ed is g\u00e1 a sheoladh, is cinnte gur f\u00e9idir linn labhairt linn! T\u00e1 s\u00fail againn cloiste\u00e1il uait go luath!<\/p>\n<p><\/p>","protected":false},"excerpt":{"rendered":"<p class=\"qtranxs-available-languages-message qtranxs-available-languages-message-ga\">Faraoir, n\u00edl an iontr\u00e1il seo ar f\u00e1il i nGaeilge f\u00f3s.<\/p>\n","protected":false},"author":1,"featured_media":101,"parent":0,"menu_order":0,"comment_status":"closed","ping_status":"closed","template":"","meta":{"yasr_overall_rating":0,"yasr_post_is_review":"","yasr_auto_insert_disabled":"","yasr_review_type":"","footnotes":""},"class_list":["post-19","page","type-page","status-publish","has-post-thumbnail","hentry"],"yoast_head":"<!-- This site is optimized with the Yoast SEO plugin v27.5 - https:\/\/yoast.com\/product\/yoast-seo-wordpress\/ -->\n<title>Motorcycles-Go.com - \u00c9ire, Iompar Gluaiste\u00e1n na Portaing\u00e9ile.<\/title>\n<meta name=\"description\" content=\"Gluaisrothair-Go.com. Seirbh\u00eds\u00ed iompair gluaisrothair chuig agus \u00f3 \u00c9irinn agus an Phortaing\u00e9il agus deisceart na Sp\u00e1inne. Sleachta den Scoth!\" \/>\n<meta name=\"robots\" content=\"index, follow, max-snippet:-1, max-image-preview:large, max-video-preview:-1\" \/>\n<link rel=\"canonical\" href=\"https:\/\/motorcycles-go.com\/\" \/>\n<meta property=\"og:locale\" content=\"en_US\" \/>\n<meta property=\"og:type\" content=\"article\" \/>\n<meta property=\"og:title\" content=\"[:en]Motorcycles-Go.com - Ireland, Portugal Motorbike Transport.[:es]Motorcycles-Go.com. Servicios de transporte de motocicletas - Irlanda, Portugal y Espa\u00f1a.[:pt]Motorcycles-Go.com. Servi\u00e7os de transporte de motocicletas - Irlanda, Portugal e Espanha.[:ga]Motorcycles-Go.com - \u00c9ire, Iompar Gluaiste\u00e1n na Portaing\u00e9ile.[:]\" \/>\n<meta property=\"og:description\" content=\"{:en}Motorcycles-Go.com. Motorcycle transport services to and from Ireland and Portugal &amp; southern Spain. Outstanding Quotes!{:es}Motorcycles-Go.com. Servicios de transporte de motocicletas desde y hacia Irlanda y Portugal y el sur de Espa\u00f1a. Cotizaciones destacadas!{:pt}Motorcycles-Go.com. Servi\u00e7os de transporte de motocicletas de e para a Irlanda e Portugal e sul da Espanha. Cita\u00e7\u00f5es excelentes!{:ga}Gluaisrothair-Go.com. Seirbh\u00eds\u00ed iompair gluaisrothair chuig agus \u00f3 \u00c9irinn agus an Phortaing\u00e9il agus deisceart na Sp\u00e1inne. Sleachta den Scoth!{:}\" \/>\n<meta property=\"og:url\" content=\"https:\/\/motorcycles-go.com\/\" \/>\n<meta property=\"og:site_name\" content=\"Motorcycles-Go.com\" \/>\n<meta property=\"article:modified_time\" content=\"2024-04-08T16:04:42+00:00\" \/>\n<meta property=\"og:image\" content=\"https:\/\/motorcycles-go.com\/wp-content\/uploads\/2020\/07\/Motorcycles-Go-OG01.jpg\" \/>\n\t<meta property=\"og:image:width\" content=\"1200\" \/>\n\t<meta property=\"og:image:height\" content=\"630\" \/>\n\t<meta property=\"og:image:type\" content=\"image\/jpeg\" \/>\n<meta name=\"twitter:card\" content=\"summary_large_image\" \/>\n<meta name=\"twitter:label1\" content=\"Est. reading time\" \/>\n\t<meta name=\"twitter:data1\" content=\"12 minutes\" \/>\n<script type=\"application\/ld+json\" class=\"yoast-schema-graph\">{\"@context\":\"https:\\\/\\\/schema.org\",\"@graph\":[{\"@type\":\"WebPage\",\"@id\":\"https:\\\/\\\/motorcycles-go.com\\\/\",\"url\":\"https:\\\/\\\/motorcycles-go.com\\\/\",\"name\":\"[:en]Motorcycles-Go.com - Ireland, Portugal Motorbike Transport.[:es]Motorcycles-Go.com. Servicios de transporte de motocicletas - Irlanda, Portugal y Espa\u00f1a.[:pt]Motorcycles-Go.com. Servi\u00e7os de transporte de motocicletas - Irlanda, Portugal e Espanha.[:ga]Motorcycles-Go.com - \u00c9ire, Iompar Gluaiste\u00e1n na Portaing\u00e9ile.[:]\",\"isPartOf\":{\"@id\":\"https:\\\/\\\/motorcycles-go.com\\\/#website\"},\"primaryImageOfPage\":{\"@id\":\"https:\\\/\\\/motorcycles-go.com\\\/#primaryimage\"},\"image\":{\"@id\":\"https:\\\/\\\/motorcycles-go.com\\\/#primaryimage\"},\"thumbnailUrl\":\"https:\\\/\\\/motorcycles-go.com\\\/wp-content\\\/uploads\\\/2020\\\/07\\\/Motorcycles-Go-OG01.jpg\",\"datePublished\":\"2020-06-25T11:10:41+00:00\",\"dateModified\":\"2024-04-08T16:04:42+00:00\",\"description\":\"{:en}Motorcycles-Go.com. Motorcycle transport services to and from Ireland and Portugal & southern Spain. Outstanding Quotes!{:es}Motorcycles-Go.com. Servicios de transporte de motocicletas desde y hacia Irlanda y Portugal y el sur de Espa\u00f1a. Cotizaciones destacadas!{:pt}Motorcycles-Go.com. Servi\u00e7os de transporte de motocicletas de e para a Irlanda e Portugal e sul da Espanha. Cita\u00e7\u00f5es excelentes!{:ga}Gluaisrothair-Go.com. Seirbh\u00eds\u00ed iompair gluaisrothair chuig agus \u00f3 \u00c9irinn agus an Phortaing\u00e9il agus deisceart na Sp\u00e1inne. Sleachta den Scoth!{:}\",\"breadcrumb\":{\"@id\":\"https:\\\/\\\/motorcycles-go.com\\\/#breadcrumb\"},\"inLanguage\":\"ga-GA\",\"potentialAction\":[{\"@type\":\"ReadAction\",\"target\":[\"https:\\\/\\\/motorcycles-go.com\\\/\"]}]},{\"@type\":\"ImageObject\",\"inLanguage\":\"ga-GA\",\"@id\":\"https:\\\/\\\/motorcycles-go.com\\\/#primaryimage\",\"url\":\"https:\\\/\\\/motorcycles-go.com\\\/wp-content\\\/uploads\\\/2020\\\/07\\\/Motorcycles-Go-OG01.jpg\",\"contentUrl\":\"https:\\\/\\\/motorcycles-go.com\\\/wp-content\\\/uploads\\\/2020\\\/07\\\/Motorcycles-Go-OG01.jpg\",\"width\":1200,\"height\":630,\"caption\":\"Motorcycles-Go.com. Motorcycle transport services, UK, Spain & Portugal.\"},{\"@type\":\"BreadcrumbList\",\"@id\":\"https:\\\/\\\/motorcycles-go.com\\\/#breadcrumb\",\"itemListElement\":[{\"@type\":\"ListItem\",\"position\":1,\"name\":\"Home\",\"item\":\"https:\\\/\\\/motorcycles-go.com\\\/\"},{\"@type\":\"ListItem\",\"position\":2,\"name\":\"Motorcycles-Go.com\"}]},{\"@type\":\"WebSite\",\"@id\":\"https:\\\/\\\/motorcycles-go.com\\\/#website\",\"url\":\"https:\\\/\\\/motorcycles-go.com\\\/\",\"name\":\"Motorcycles-Go.com\",\"description\":\"Motorcycle transport specialists.  UK, Spain, Portugal.\",\"publisher\":{\"@id\":\"https:\\\/\\\/motorcycles-go.com\\\/#organization\"},\"potentialAction\":[{\"@type\":\"SearchAction\",\"target\":{\"@type\":\"EntryPoint\",\"urlTemplate\":\"https:\\\/\\\/motorcycles-go.com\\\/?s={search_term_string}\"},\"query-input\":{\"@type\":\"PropertyValueSpecification\",\"valueRequired\":true,\"valueName\":\"search_term_string\"}}],\"inLanguage\":\"ga-GA\"},{\"@type\":\"Organization\",\"@id\":\"https:\\\/\\\/motorcycles-go.com\\\/#organization\",\"name\":\"Motorcycles-Go.com\",\"url\":\"https:\\\/\\\/motorcycles-go.com\\\/\",\"logo\":{\"@type\":\"ImageObject\",\"inLanguage\":\"ga-GA\",\"@id\":\"https:\\\/\\\/motorcycles-go.com\\\/#\\\/schema\\\/logo\\\/image\\\/\",\"url\":\"https:\\\/\\\/motorcycles-go.com\\\/wp-content\\\/uploads\\\/2020\\\/07\\\/Motrocycles-Go-Logo-Sml.png\",\"contentUrl\":\"https:\\\/\\\/motorcycles-go.com\\\/wp-content\\\/uploads\\\/2020\\\/07\\\/Motrocycles-Go-Logo-Sml.png\",\"width\":300,\"height\":45,\"caption\":\"Motorcycles-Go.com\"},\"image\":{\"@id\":\"https:\\\/\\\/motorcycles-go.com\\\/#\\\/schema\\\/logo\\\/image\\\/\"}},false]}<\/script>\n<!-- \/ Yoast SEO plugin. -->","yoast_head_json":{"title":"Motorcycles-Go.com - \u00c9ire, Iompar Gluaiste\u00e1n na Portaing\u00e9ile.","description":"Gluaisrothair-Go.com. Seirbh\u00eds\u00ed iompair gluaisrothair chuig agus \u00f3 \u00c9irinn agus an Phortaing\u00e9il agus deisceart na Sp\u00e1inne. Sleachta den Scoth!","robots":{"index":"index","follow":"follow","max-snippet":"max-snippet:-1","max-image-preview":"max-image-preview:large","max-video-preview":"max-video-preview:-1"},"canonical":"https:\/\/motorcycles-go.com\/","og_locale":"en_US","og_type":"article","og_title":"[:en]Motorcycles-Go.com - Ireland, Portugal Motorbike Transport.[:es]Motorcycles-Go.com. Servicios de transporte de motocicletas - Irlanda, Portugal y Espa\u00f1a.[:pt]Motorcycles-Go.com. Servi\u00e7os de transporte de motocicletas - Irlanda, Portugal e Espanha.[:ga]Motorcycles-Go.com - \u00c9ire, Iompar Gluaiste\u00e1n na Portaing\u00e9ile.[:]","og_description":"{:en}Motorcycles-Go.com. Motorcycle transport services to and from Ireland and Portugal & southern Spain. Outstanding Quotes!{:es}Motorcycles-Go.com. Servicios de transporte de motocicletas desde y hacia Irlanda y Portugal y el sur de Espa\u00f1a. Cotizaciones destacadas!{:pt}Motorcycles-Go.com. Servi\u00e7os de transporte de motocicletas de e para a Irlanda e Portugal e sul da Espanha. Cita\u00e7\u00f5es excelentes!{:ga}Gluaisrothair-Go.com. Seirbh\u00eds\u00ed iompair gluaisrothair chuig agus \u00f3 \u00c9irinn agus an Phortaing\u00e9il agus deisceart na Sp\u00e1inne. Sleachta den Scoth!{:}","og_url":"https:\/\/motorcycles-go.com\/","og_site_name":"Motorcycles-Go.com","article_modified_time":"2024-04-08T16:04:42+00:00","og_image":[{"width":1200,"height":630,"url":"https:\/\/motorcycles-go.com\/wp-content\/uploads\/2020\/07\/Motorcycles-Go-OG01.jpg","type":"image\/jpeg"}],"twitter_card":"summary_large_image","twitter_misc":{"Est. reading time":"12 minutes"},"schema":{"@context":"https:\/\/schema.org","@graph":[{"@type":"WebPage","@id":"https:\/\/motorcycles-go.com\/","url":"https:\/\/motorcycles-go.com\/","name":"[:en]Motorcycles-Go.com - Ireland, Portugal Motorbike Transport.[:es]Motorcycles-Go.com. Servicios de transporte de motocicletas - Irlanda, Portugal y Espa\u00f1a.[:pt]Motorcycles-Go.com. Servi\u00e7os de transporte de motocicletas - Irlanda, Portugal e Espanha.[:ga]Motorcycles-Go.com - \u00c9ire, Iompar Gluaiste\u00e1n na Portaing\u00e9ile.[:]","isPartOf":{"@id":"https:\/\/motorcycles-go.com\/#website"},"primaryImageOfPage":{"@id":"https:\/\/motorcycles-go.com\/#primaryimage"},"image":{"@id":"https:\/\/motorcycles-go.com\/#primaryimage"},"thumbnailUrl":"https:\/\/motorcycles-go.com\/wp-content\/uploads\/2020\/07\/Motorcycles-Go-OG01.jpg","datePublished":"2020-06-25T11:10:41+00:00","dateModified":"2024-04-08T16:04:42+00:00","description":"{:en}Motorcycles-Go.com. Motorcycle transport services to and from Ireland and Portugal & southern Spain. Outstanding Quotes!{:es}Motorcycles-Go.com. Servicios de transporte de motocicletas desde y hacia Irlanda y Portugal y el sur de Espa\u00f1a. Cotizaciones destacadas!{:pt}Motorcycles-Go.com. Servi\u00e7os de transporte de motocicletas de e para a Irlanda e Portugal e sul da Espanha. Cita\u00e7\u00f5es excelentes!{:ga}Gluaisrothair-Go.com. Seirbh\u00eds\u00ed iompair gluaisrothair chuig agus \u00f3 \u00c9irinn agus an Phortaing\u00e9il agus deisceart na Sp\u00e1inne. Sleachta den Scoth!{:}","breadcrumb":{"@id":"https:\/\/motorcycles-go.com\/#breadcrumb"},"inLanguage":"ga-GA","potentialAction":[{"@type":"ReadAction","target":["https:\/\/motorcycles-go.com\/"]}]},{"@type":"ImageObject","inLanguage":"ga-GA","@id":"https:\/\/motorcycles-go.com\/#primaryimage","url":"https:\/\/motorcycles-go.com\/wp-content\/uploads\/2020\/07\/Motorcycles-Go-OG01.jpg","contentUrl":"https:\/\/motorcycles-go.com\/wp-content\/uploads\/2020\/07\/Motorcycles-Go-OG01.jpg","width":1200,"height":630,"caption":"Motorcycles-Go.com. Motorcycle transport services, UK, Spain & Portugal."},{"@type":"BreadcrumbList","@id":"https:\/\/motorcycles-go.com\/#breadcrumb","itemListElement":[{"@type":"ListItem","position":1,"name":"Home","item":"https:\/\/motorcycles-go.com\/"},{"@type":"ListItem","position":2,"name":"Motorcycles-Go.com"}]},{"@type":"WebSite","@id":"https:\/\/motorcycles-go.com\/#website","url":"https:\/\/motorcycles-go.com\/","name":"Motorcycles-Go.com","description":"Motorcycle transport specialists.  UK, Spain, Portugal.","publisher":{"@id":"https:\/\/motorcycles-go.com\/#organization"},"potentialAction":[{"@type":"SearchAction","target":{"@type":"EntryPoint","urlTemplate":"https:\/\/motorcycles-go.com\/?s={search_term_string}"},"query-input":{"@type":"PropertyValueSpecification","valueRequired":true,"valueName":"search_term_string"}}],"inLanguage":"ga-GA"},{"@type":"Organization","@id":"https:\/\/motorcycles-go.com\/#organization","name":"Motorcycles-Go.com","url":"https:\/\/motorcycles-go.com\/","logo":{"@type":"ImageObject","inLanguage":"ga-GA","@id":"https:\/\/motorcycles-go.com\/#\/schema\/logo\/image\/","url":"https:\/\/motorcycles-go.com\/wp-content\/uploads\/2020\/07\/Motrocycles-Go-Logo-Sml.png","contentUrl":"https:\/\/motorcycles-go.com\/wp-content\/uploads\/2020\/07\/Motrocycles-Go-Logo-Sml.png","width":300,"height":45,"caption":"Motorcycles-Go.com"},"image":{"@id":"https:\/\/motorcycles-go.com\/#\/schema\/logo\/image\/"}},false]}},"yasr_visitor_votes":{"stars_attributes":{"read_only":false,"span_bottom":false},"number_of_votes":1,"sum_votes":5},"_links":{"self":[{"href":"https:\/\/motorcycles-go.com\/ga\/wp-json\/wp\/v2\/pages\/19","targetHints":{"allow":["GET"]}}],"collection":[{"href":"https:\/\/motorcycles-go.com\/ga\/wp-json\/wp\/v2\/pages"}],"about":[{"href":"https:\/\/motorcycles-go.com\/ga\/wp-json\/wp\/v2\/types\/page"}],"author":[{"embeddable":true,"href":"https:\/\/motorcycles-go.com\/ga\/wp-json\/wp\/v2\/users\/1"}],"replies":[{"embeddable":true,"href":"https:\/\/motorcycles-go.com\/ga\/wp-json\/wp\/v2\/comments?post=19"}],"version-history":[{"count":33,"href":"https:\/\/motorcycles-go.com\/ga\/wp-json\/wp\/v2\/pages\/19\/revisions"}],"predecessor-version":[{"id":517,"href":"https:\/\/motorcycles-go.com\/ga\/wp-json\/wp\/v2\/pages\/19\/revisions\/517"}],"wp:featuredmedia":[{"embeddable":true,"href":"https:\/\/motorcycles-go.com\/ga\/wp-json\/wp\/v2\/media\/101"}],"wp:attachment":[{"href":"https:\/\/motorcycles-go.com\/ga\/wp-json\/wp\/v2\/media?parent=19"}],"curies":[{"name":"wp","href":"https:\/\/api.w.org\/{rel}","templated":true}]}}