{"id":197,"date":"2020-07-16T10:58:21","date_gmt":"2020-07-16T10:58:21","guid":{"rendered":"https:\/\/motorcycles-go.com\/?page_id=197"},"modified":"2022-06-22T12:03:12","modified_gmt":"2022-06-22T12:03:12","slug":"terms-conditions","status":"publish","type":"page","link":"https:\/\/motorcycles-go.com\/ga\/tearmai-agus-coinniollacha\/","title":{"rendered":"[:en]Terms &#038; Conditions[:es]T\u00e9rminos y condiciones[:pt]Termos e Condi\u00e7\u00f5es[:ga]T\u00e9arma\u00ed agus Coinn\u00edollacha[:]"},"content":{"rendered":"<p><\/p>\n<h2>T\u00e9arma\u00ed agus Coinn\u00edollacha<\/h2>\n<p><strong>F\u00e1ilte go Gluaisrothair-Go.com!<\/strong><\/p>\n<p>Leagann na t\u00e9arma\u00ed agus coinn\u00edollacha seo amach na rialacha agus na rialach\u00e1in maidir le h\u00fas\u00e1id L\u00e1ithre\u00e1n Gr\u00e9as\u00e1in Motorcycles-Go.com, at\u00e1 suite ag https:\/\/motorcycles-go.com.<\/p>\n<p>Tr\u00ed rochtain a fh\u00e1il ar an su\u00edomh Gr\u00e9as\u00e1in seo glacaimid leis go nglacann t\u00fa leis na t\u00e9arma\u00ed agus coinn\u00edollacha seo. N\u00e1 lean ar aghaidh ag \u00fas\u00e1id Motorcycles-Go.com mura n-aonta\u00edonn t\u00fa na t\u00e9arma\u00ed agus na coinn\u00edollacha go l\u00e9ir at\u00e1 luaite ar an leathanach seo a ghlacadh. Crutha\u00edodh \u00e1r dT\u00e9arma\u00ed agus Coinn\u00edollacha le cabhair \u00f3 Ghinead\u00f3ir na dT\u00e9arma\u00ed Agus Coinn\u00edollacha\u00a0agus \u00f3n\u00a0Ginead\u00f3ir\u00a0T\u00e9arma\u00ed &amp; Coinn\u00edollacha\u00a0Saor in Aisce.<\/p>\n<p>Baineann an t\u00e9arma\u00edocht seo a leanas leis na T\u00e9arma\u00ed agus Coinn\u00edollacha seo, R\u00e1iteas Pr\u00edobh\u00e1ideachta agus F\u00f3gra S\u00e9anta agus gach Comhaont\u00fa: Tagra\u00edonn &#8220;Cliant&#8221;, &#8220;T\u00fa&#8221; agus &#8220;Do&#8221; duit, log\u00e1il an duine ar an su\u00edomh Gr\u00e9as\u00e1in seo agus comhl\u00edontar t\u00e9arma\u00ed agus coinn\u00edollacha na Cuideachta. Tagra\u00edonn &#8220;An Chuideachta&#8221;, &#8220;Minn F\u00e9in&#8221;, &#8220;T\u00e1imid&#8221;, &#8220;\u00c1r&#8221; agus &#8220;Minn&#8221;, d\u00e1r gCuideachta. Tagra\u00edonn &#8220;P\u00e1irt\u00ed&#8221;, &#8220;P\u00e1irtithe&#8221;, n\u00f3 &#8220;Linn&#8221;, don Chliaint agus d\u00fainn f\u00e9in araon. Tagra\u00edonn na t\u00e9arma\u00ed go l\u00e9ir do thairiscint, glacadh agus breithni\u00fa ar \u00edoca\u00edocht at\u00e1 riachtanach chun an pr\u00f3iseas c\u00fanaimh don Chliant a dh\u00e9anamh ar an mbealach is oiri\u00fana\u00ed chun cr\u00edche sainr\u00e1ite freastal ar riachtanais an Chliaint maidir le seirbh\u00eds\u00ed sonraithe na Cuideachta a shol\u00e1thar, de r\u00e9ir agus faoi r\u00e9ir dhl\u00ed na h\u00cdsilt\u00edre at\u00e1 i r\u00e9im. Glactar leis go bhfuil aon \u00fas\u00e1id a bhaintear as an t\u00e9arma\u00edocht thuas n\u00f3 as focail eile san uatha, san iolra, sa cheannlitri\u00fa agus\/n\u00f3 san iolra, mar rud in-idirmhalartaithe agus d\u00e1 bhr\u00ed sin mar thagairt d\u00f3\/di.<\/p>\n<h3>Fian\u00e1in<\/h3>\n<p>Bainimid \u00fas\u00e1id as fian\u00e1in. Tr\u00ed rochtain a fh\u00e1il ar Motorcycles-Go.com, d\u2019aontaigh t\u00fa fian\u00e1in a \u00fas\u00e1id i gcomhaont\u00fa le Beartas Pr\u00edobh\u00e1ideachta Motorcycles-Go.com.<\/p>\n<p>\u00das\u00e1ideann formh\u00f3r na su\u00edomhanna gr\u00e9as\u00e1in idirghn\u00edomhacha fian\u00e1in chun sonra\u00ed an \u00fas\u00e1ideora a aisghabh\u00e1il le haghaidh gach cuairte. \u00das\u00e1ideann \u00e1r su\u00edomh Gr\u00e9as\u00e1in fian\u00e1in chun feidhmi\u00falacht r\u00e9ims\u00ed \u00e1irithe a chumas\u00fa chun \u00e9 a dh\u00e9anamh n\u00edos \u00e9asca do dhaoine a thugann cuairt ar \u00e1r su\u00edomh Gr\u00e9as\u00e1in. F\u00e9adfaidh roinnt d\u00e1r gcomhph\u00e1irtithe cleamhnaithe\/f\u00f3gr\u00e1in fian\u00e1in a \u00fas\u00e1id freisin.<\/p>\n<h3>Cead\u00fanas<\/h3>\n<p>Mura luaitear a mhalairt, is le Motorcycles-Go.com agus\/n\u00f3 a chead\u00fan\u00f3ir\u00ed na cearta maoine intleacht\u00fala le haghaidh gach \u00e1bhair ar Motorcycles-Go.com. T\u00e1 gach ceart maoine intleacht\u00fala forchoime\u00e1dta. Is f\u00e9idir leat \u00e9 seo a rochtain \u00f3 Motorcycles-Go.com le haghaidh do \u00fas\u00e1id phearsanta f\u00e9in faoi r\u00e9ir srianta at\u00e1 leagtha s\u00edos sna t\u00e9arma\u00ed agus coinn\u00edollacha seo.<\/p>\n<h3>N\u00ed m\u00f3r duit:<\/h3>\n<ul>\n<li>\u00c1bhar a athfhoilsi\u00fa \u00f3 Motorcycles-Go.com<\/li>\n<li>\u00c1bhar a dh\u00edol, a ligean ar c\u00edos n\u00f3 a fhochead\u00fa \u00f3 Motorcycles-Go.com<\/li>\n<li>D\u00e9an \u00e1bhar a at\u00e1irgeadh, a dh\u00fabailt n\u00f3 a ch\u00f3ipe\u00e1il \u00f3 Motorcycles-Go.com<\/li>\n<li>Athdh\u00e1il \u00e1bhar \u00f3 Motorcycles-Go.com<\/li>\n<\/ul>\n<h3>Tos\u00f3idh an Comhaont\u00fa seo ar dh\u00e1ta an Chomhaontaithe seo.<\/h3>\n<p>Tugann codanna den su\u00edomh Gr\u00e9as\u00e1in seo deis d\u2019\u00fas\u00e1ideoir\u00ed tuairim\u00ed agus faisn\u00e9is a phost\u00e1il agus a mhalart\u00fa i r\u00e9ims\u00ed \u00e1irithe den su\u00edomh Gr\u00e9as\u00e1in. N\u00ed dh\u00e9anann Motorcycles-Go.com Tr\u00e1chtanna a scagadh, a chur in eagar, a fhoilsi\u00fa n\u00e1 a athbhreithni\u00fa sula mb\u00edonn siad ar an su\u00edomh Gr\u00e9as\u00e1in. N\u00ed l\u00e9ir\u00edonn tuairim\u00ed tuairim\u00ed agus tuairim\u00ed Motorcycles-Go.com, a ghn\u00edomhair\u00ed agus\/n\u00f3 a chleamhnaithe. L\u00e9ir\u00edonn tuairim\u00ed tuairim\u00ed agus tuairim\u00ed an duine a chuireann a thuairim\u00ed agus a thuairim\u00ed in i\u00fal. A mh\u00e9id a cheada\u00edtear leis na dl\u00edthe is infheidhme, n\u00ed bheidh Motorcycles-Go.com faoi dhliteanas i leith na dTuairim\u00ed n\u00e1 as aon dliteanas, dam\u00e1ist\u00ed n\u00f3 speansais a tharla\u00edonn agus\/n\u00f3 a fulaing\u00edodh mar thoradh ar aon \u00fas\u00e1id a bhaintear as agus\/n\u00f3 post\u00e1il agus\/n\u00f3 l\u00e1ithri\u00fa de. na Tuairim\u00ed ar an su\u00edomh Gr\u00e9as\u00e1in seo.<\/p>\n<p>Forchoime\u00e1dann Motorcycles-Go.com an ceart chun monat\u00f3ireacht a dh\u00e9anamh ar gach Tr\u00e1cht agus aon Tuairim\u00ed a d\u2019fh\u00e9adfa\u00ed a mheas a bheith m\u00edchu\u00ed, maslach n\u00f3 is c\u00fais le s\u00e1r\u00fa ar na T\u00e9arma\u00ed agus Coinn\u00edollacha seo a bhaint.<\/p>\n<h3>Tugann t\u00fa bar\u00e1ntas agus seasann t\u00fa do:<\/h3>\n<ul>\n<li>T\u00e1 t\u00fa i dteideal na Tr\u00e1chtanna a phost\u00e1il ar \u00e1r su\u00edomh Gr\u00e9as\u00e1in agus gach cead\u00fanas agus toili\u00fa riachtanach a bheith agat chun \u00e9 sin a dh\u00e9anamh;<\/li>\n<li>N\u00ed dh\u00e9anann na Tuairim\u00ed ionradh ar aon cheart maoine intleacht\u00fala, lena n-\u00e1ir\u00edtear gan teorainn le c\u00f3ipcheart, paitinn n\u00f3 tr\u00e1dmharc aon tr\u00ed\u00fa p\u00e1irt\u00ed;<\/li>\n<li>N\u00edl aon \u00e1bhar cl\u00famhillteach, leabhlach, maslach, m\u00edgheanasach n\u00f3 neamhdhleathach ar bith eile at\u00e1 ina ionradh ar phr\u00edobh\u00e1ideachas sna Tr\u00e1chtanna.<\/li>\n<li>N\u00ed bhainfear \u00fas\u00e1id as na Tr\u00e1chtanna chun gn\u00f3 n\u00f3 saincheaptha a lorg n\u00f3 a chur chun cinn n\u00e1 chun gn\u00edomha\u00edochta\u00ed tr\u00e1cht\u00e1la n\u00f3 gn\u00edomha\u00edocht neamhdhleathach a chur i l\u00e1thair.<\/li>\n<\/ul>\n<p>Deona\u00edonn t\u00fa leis seo cead\u00fanas neamh-eisiatach do Motorcycles-Go.com chun daoine eile a \u00fas\u00e1id, a at\u00e1irgeadh, a chur in eagar agus a \u00fadar\u00fa chun aon cheann de do chuid Tr\u00e1chtanna a \u00fas\u00e1id, a at\u00e1irgeadh agus a chur in eagar in aon fhoirm, form\u00e1id n\u00f3 me\u00e1n.<\/p>\n<h3>Hyperlinking chuig \u00e1r n-\u00c1bhar<\/h3>\n<p>F\u00e9adfaidh na heagra\u00edochta\u00ed seo a leanas nasc a dh\u00e9anamh len\u00e1r L\u00e1ithre\u00e1n Gr\u00e9as\u00e1in gan cead i scr\u00edbhinn a fh\u00e1il roimh r\u00e9:<\/p>\n<ul>\n<li>gn\u00edomhaireachta\u00ed rialtais;<\/li>\n<li>Innill chuardaigh;<\/li>\n<li>Eagra\u00edochta\u00ed nuachta;<\/li>\n<li>F\u00e9adfaidh d\u00e1ileoir\u00ed eolaire ar l\u00edne nasc a dh\u00e9anamh len\u00e1r L\u00e1ithre\u00e1n Gr\u00e9as\u00e1in ar an mbealach c\u00e9anna agus a dh\u00e9anann siad hipearnasc le L\u00e1ithre\u00e1in Ghr\u00e9as\u00e1in gn\u00f3lachta\u00ed liostaithe eile; agus<\/li>\n<li>Gn\u00f3thais Chreidi\u00fanaithe ar fud an Ch\u00f3rais ach amh\u00e1in eagra\u00edochta\u00ed neamhbhrab\u00fais a lorg, ionaid siopad\u00f3ireachta carthanachta, agus gr\u00fapa\u00ed tiomsaithe airgid carthanachta nach bhf\u00e9adfadh<\/li>\n<li>hipearnasc a bheith acu len\u00e1r su\u00edomh Gr\u00e9as\u00e1in.<\/li>\n<\/ul>\n<p>F\u00e9adfaidh na heagra\u00edochta\u00ed seo nasc a dh\u00e9anamh len\u00e1r leathanach baile, le foilseach\u00e1in n\u00f3 le faisn\u00e9is eile ar an L\u00e1ithre\u00e1n Gr\u00e9as\u00e1in chomh fada agus: (a) nach bhfuil an nasc mealltach ar aon bhealach; (b) nach dtugann s\u00e9 le tuiscint go br\u00e9agach urra\u00edocht, formhuini\u00fa n\u00f3 formheas an ph\u00e1irt\u00ed nasctha agus a th\u00e1irg\u00ed agus\/n\u00f3 a sheirbh\u00eds\u00ed; agus (c) a lu\u00edonn laistigh de chomhth\u00e9acs shu\u00edomh an ph\u00e1irt\u00ed nasctha.<\/p>\n<p>F\u00e9adfaimid iarratais naisc eile \u00f3 na cine\u00e1lacha seo a leanas a mheas agus a chead\u00fa<\/p>\n<p><\/p>","protected":false},"excerpt":{"rendered":"<p>T\u00e9arma\u00ed agus Coinn\u00edollacha F\u00e1ilte go Gluaisrothair-Go.com! Leagann na t\u00e9arma\u00ed agus coinn\u00edollacha seo amach na rialacha agus na rialach\u00e1in maidir le h\u00fas\u00e1id L\u00e1ithre\u00e1n Gr\u00e9as\u00e1in Motorcycles-Go.com, at\u00e1 suite ag https:\/\/motorcycles-go.com. Tr\u00ed rochtain a fh\u00e1il ar an su\u00edomh Gr\u00e9as\u00e1in seo glacaimid leis go nglacann t\u00fa leis na t\u00e9arma\u00ed agus coinn\u00edollacha seo. N\u00e1 lean ar aghaidh ag \u00fas\u00e1id Motorcycles-Go.com [&hellip;]<\/p>\n","protected":false},"author":1,"featured_media":0,"parent":0,"menu_order":100,"comment_status":"closed","ping_status":"closed","template":"","meta":{"yasr_overall_rating":0,"yasr_post_is_review":"","yasr_auto_insert_disabled":"","yasr_review_type":"","footnotes":""},"class_list":["post-197","page","type-page","status-publish","hentry"],"yoast_head":"<!-- This site is optimized with the Yoast SEO plugin v27.5 - https:\/\/yoast.com\/product\/yoast-seo-wordpress\/ -->\n<title>T\u00e9arma\u00ed agus Coinn\u00edollacha - Motorcycles-Go.com<\/title>\n<meta name=\"robots\" content=\"index, follow, max-snippet:-1, max-image-preview:large, max-video-preview:-1\" \/>\n<link rel=\"canonical\" href=\"https:\/\/motorcycles-go.com\/ga\/tearmai-agus-coinniollacha\/\" \/>\n<meta property=\"og:locale\" content=\"en_US\" \/>\n<meta property=\"og:type\" content=\"article\" \/>\n<meta property=\"og:title\" content=\"T\u00e9arma\u00ed agus Coinn\u00edollacha - Motorcycles-Go.com\" \/>\n<meta property=\"og:description\" content=\"T\u00e9arma\u00ed agus Coinn\u00edollacha F\u00e1ilte go Gluaisrothair-Go.com! Leagann na t\u00e9arma\u00ed agus coinn\u00edollacha seo amach na rialacha agus na rialach\u00e1in maidir le h\u00fas\u00e1id L\u00e1ithre\u00e1n Gr\u00e9as\u00e1in Motorcycles-Go.com, at\u00e1 suite ag https:\/\/motorcycles-go.com. Tr\u00ed rochtain a fh\u00e1il ar an su\u00edomh Gr\u00e9as\u00e1in seo glacaimid leis go nglacann t\u00fa leis na t\u00e9arma\u00ed agus coinn\u00edollacha seo. N\u00e1 lean ar aghaidh ag \u00fas\u00e1id Motorcycles-Go.com [&hellip;]\" \/>\n<meta property=\"og:url\" content=\"https:\/\/motorcycles-go.com\/ga\/tearmai-agus-coinniollacha\/\" \/>\n<meta property=\"og:site_name\" content=\"Motorcycles-Go.com\" \/>\n<meta property=\"article:modified_time\" content=\"2022-06-22T12:03:12+00:00\" \/>\n<meta name=\"twitter:card\" content=\"summary_large_image\" \/>\n<meta name=\"twitter:label1\" content=\"Est. reading time\" \/>\n\t<meta name=\"twitter:data1\" content=\"31 minutes\" \/>\n<script type=\"application\/ld+json\" class=\"yoast-schema-graph\">{\"@context\":\"https:\\\/\\\/schema.org\",\"@graph\":[{\"@type\":\"WebPage\",\"@id\":\"https:\\\/\\\/motorcycles-go.com\\\/ga\\\/tearmai-agus-coinniollacha\\\/\",\"url\":\"https:\\\/\\\/motorcycles-go.com\\\/ga\\\/tearmai-agus-coinniollacha\\\/\",\"name\":\"T\u00e9arma\u00ed agus Coinn\u00edollacha - Motorcycles-Go.com\",\"isPartOf\":{\"@id\":\"https:\\\/\\\/motorcycles-go.com\\\/#website\"},\"datePublished\":\"2020-07-16T10:58:21+00:00\",\"dateModified\":\"2022-06-22T12:03:12+00:00\",\"breadcrumb\":{\"@id\":\"https:\\\/\\\/motorcycles-go.com\\\/ga\\\/tearmai-agus-coinniollacha\\\/#breadcrumb\"},\"inLanguage\":\"ga-GA\",\"potentialAction\":[{\"@type\":\"ReadAction\",\"target\":[\"https:\\\/\\\/motorcycles-go.com\\\/ga\\\/tearmai-agus-coinniollacha\\\/\"]}]},{\"@type\":\"BreadcrumbList\",\"@id\":\"https:\\\/\\\/motorcycles-go.com\\\/ga\\\/tearmai-agus-coinniollacha\\\/#breadcrumb\",\"itemListElement\":[{\"@type\":\"ListItem\",\"position\":1,\"name\":\"Home\",\"item\":\"https:\\\/\\\/motorcycles-go.com\\\/\"},{\"@type\":\"ListItem\",\"position\":2,\"name\":\"T\u00e9arma\u00ed agus Coinn\u00edollacha\"}]},{\"@type\":\"WebSite\",\"@id\":\"https:\\\/\\\/motorcycles-go.com\\\/#website\",\"url\":\"https:\\\/\\\/motorcycles-go.com\\\/\",\"name\":\"Motorcycles-Go.com\",\"description\":\"Motorcycle transport specialists.  UK, Spain, Portugal.\",\"publisher\":{\"@id\":\"https:\\\/\\\/motorcycles-go.com\\\/#organization\"},\"potentialAction\":[{\"@type\":\"SearchAction\",\"target\":{\"@type\":\"EntryPoint\",\"urlTemplate\":\"https:\\\/\\\/motorcycles-go.com\\\/?s={search_term_string}\"},\"query-input\":{\"@type\":\"PropertyValueSpecification\",\"valueRequired\":true,\"valueName\":\"search_term_string\"}}],\"inLanguage\":\"ga-GA\"},{\"@type\":\"Organization\",\"@id\":\"https:\\\/\\\/motorcycles-go.com\\\/#organization\",\"name\":\"Motorcycles-Go.com\",\"url\":\"https:\\\/\\\/motorcycles-go.com\\\/\",\"logo\":{\"@type\":\"ImageObject\",\"inLanguage\":\"ga-GA\",\"@id\":\"https:\\\/\\\/motorcycles-go.com\\\/#\\\/schema\\\/logo\\\/image\\\/\",\"url\":\"https:\\\/\\\/motorcycles-go.com\\\/wp-content\\\/uploads\\\/2020\\\/07\\\/Motrocycles-Go-Logo-Sml.png\",\"contentUrl\":\"https:\\\/\\\/motorcycles-go.com\\\/wp-content\\\/uploads\\\/2020\\\/07\\\/Motrocycles-Go-Logo-Sml.png\",\"width\":300,\"height\":45,\"caption\":\"Motorcycles-Go.com\"},\"image\":{\"@id\":\"https:\\\/\\\/motorcycles-go.com\\\/#\\\/schema\\\/logo\\\/image\\\/\"}},false]}<\/script>\n<!-- \/ Yoast SEO plugin. -->","yoast_head_json":{"title":"T\u00e9arma\u00ed agus Coinn\u00edollacha - Motorcycles-Go.com","robots":{"index":"index","follow":"follow","max-snippet":"max-snippet:-1","max-image-preview":"max-image-preview:large","max-video-preview":"max-video-preview:-1"},"canonical":"https:\/\/motorcycles-go.com\/ga\/tearmai-agus-coinniollacha\/","og_locale":"en_US","og_type":"article","og_title":"T\u00e9arma\u00ed agus Coinn\u00edollacha - Motorcycles-Go.com","og_description":"T\u00e9arma\u00ed agus Coinn\u00edollacha F\u00e1ilte go Gluaisrothair-Go.com! Leagann na t\u00e9arma\u00ed agus coinn\u00edollacha seo amach na rialacha agus na rialach\u00e1in maidir le h\u00fas\u00e1id L\u00e1ithre\u00e1n Gr\u00e9as\u00e1in Motorcycles-Go.com, at\u00e1 suite ag https:\/\/motorcycles-go.com. Tr\u00ed rochtain a fh\u00e1il ar an su\u00edomh Gr\u00e9as\u00e1in seo glacaimid leis go nglacann t\u00fa leis na t\u00e9arma\u00ed agus coinn\u00edollacha seo. N\u00e1 lean ar aghaidh ag \u00fas\u00e1id Motorcycles-Go.com [&hellip;]","og_url":"https:\/\/motorcycles-go.com\/ga\/tearmai-agus-coinniollacha\/","og_site_name":"Motorcycles-Go.com","article_modified_time":"2022-06-22T12:03:12+00:00","twitter_card":"summary_large_image","twitter_misc":{"Est. reading time":"31 minutes"},"schema":{"@context":"https:\/\/schema.org","@graph":[{"@type":"WebPage","@id":"https:\/\/motorcycles-go.com\/ga\/tearmai-agus-coinniollacha\/","url":"https:\/\/motorcycles-go.com\/ga\/tearmai-agus-coinniollacha\/","name":"T\u00e9arma\u00ed agus Coinn\u00edollacha - Motorcycles-Go.com","isPartOf":{"@id":"https:\/\/motorcycles-go.com\/#website"},"datePublished":"2020-07-16T10:58:21+00:00","dateModified":"2022-06-22T12:03:12+00:00","breadcrumb":{"@id":"https:\/\/motorcycles-go.com\/ga\/tearmai-agus-coinniollacha\/#breadcrumb"},"inLanguage":"ga-GA","potentialAction":[{"@type":"ReadAction","target":["https:\/\/motorcycles-go.com\/ga\/tearmai-agus-coinniollacha\/"]}]},{"@type":"BreadcrumbList","@id":"https:\/\/motorcycles-go.com\/ga\/tearmai-agus-coinniollacha\/#breadcrumb","itemListElement":[{"@type":"ListItem","position":1,"name":"Home","item":"https:\/\/motorcycles-go.com\/"},{"@type":"ListItem","position":2,"name":"T\u00e9arma\u00ed agus Coinn\u00edollacha"}]},{"@type":"WebSite","@id":"https:\/\/motorcycles-go.com\/#website","url":"https:\/\/motorcycles-go.com\/","name":"Motorcycles-Go.com","description":"Motorcycle transport specialists.  UK, Spain, Portugal.","publisher":{"@id":"https:\/\/motorcycles-go.com\/#organization"},"potentialAction":[{"@type":"SearchAction","target":{"@type":"EntryPoint","urlTemplate":"https:\/\/motorcycles-go.com\/?s={search_term_string}"},"query-input":{"@type":"PropertyValueSpecification","valueRequired":true,"valueName":"search_term_string"}}],"inLanguage":"ga-GA"},{"@type":"Organization","@id":"https:\/\/motorcycles-go.com\/#organization","name":"Motorcycles-Go.com","url":"https:\/\/motorcycles-go.com\/","logo":{"@type":"ImageObject","inLanguage":"ga-GA","@id":"https:\/\/motorcycles-go.com\/#\/schema\/logo\/image\/","url":"https:\/\/motorcycles-go.com\/wp-content\/uploads\/2020\/07\/Motrocycles-Go-Logo-Sml.png","contentUrl":"https:\/\/motorcycles-go.com\/wp-content\/uploads\/2020\/07\/Motrocycles-Go-Logo-Sml.png","width":300,"height":45,"caption":"Motorcycles-Go.com"},"image":{"@id":"https:\/\/motorcycles-go.com\/#\/schema\/logo\/image\/"}},false]}},"yasr_visitor_votes":{"stars_attributes":{"read_only":false,"span_bottom":false},"number_of_votes":0,"sum_votes":0},"_links":{"self":[{"href":"https:\/\/motorcycles-go.com\/ga\/wp-json\/wp\/v2\/pages\/197","targetHints":{"allow":["GET"]}}],"collection":[{"href":"https:\/\/motorcycles-go.com\/ga\/wp-json\/wp\/v2\/pages"}],"about":[{"href":"https:\/\/motorcycles-go.com\/ga\/wp-json\/wp\/v2\/types\/page"}],"author":[{"embeddable":true,"href":"https:\/\/motorcycles-go.com\/ga\/wp-json\/wp\/v2\/users\/1"}],"replies":[{"embeddable":true,"href":"https:\/\/motorcycles-go.com\/ga\/wp-json\/wp\/v2\/comments?post=197"}],"version-history":[{"count":5,"href":"https:\/\/motorcycles-go.com\/ga\/wp-json\/wp\/v2\/pages\/197\/revisions"}],"predecessor-version":[{"id":477,"href":"https:\/\/motorcycles-go.com\/ga\/wp-json\/wp\/v2\/pages\/197\/revisions\/477"}],"wp:attachment":[{"href":"https:\/\/motorcycles-go.com\/ga\/wp-json\/wp\/v2\/media?parent=197"}],"curies":[{"name":"wp","href":"https:\/\/api.w.org\/{rel}","templated":true}]}}