{"id":227,"date":"2020-07-18T10:37:19","date_gmt":"2020-07-18T10:37:19","guid":{"rendered":"https:\/\/motorcycles-go.com\/?page_id=227"},"modified":"2022-06-22T12:16:39","modified_gmt":"2022-06-22T12:16:39","slug":"sitemap","status":"publish","type":"page","link":"https:\/\/motorcycles-go.com\/ga\/learscail-an-tsuimh\/","title":{"rendered":"[:en]Sitemap[:es]Mapa del Sitio[:pt]Mapa do Site[:ga]L\u00e9arsc\u00e1il an tSu\u00edmh[:]"},"content":{"rendered":"<p><\/p>\n<h2>Motorcycles-Go.com<\/h2>\n<h2>L\u00e9arsc\u00e1il an tSu\u00edmh<\/h2>\n<p>Faigh an t-eolas at\u00e1 uait anseo, liosta de na leathanaigh ar fad ar an su\u00edomh Gr\u00e9as\u00e1in seo.<\/p>\n<ul class=\"list-pages-shortcode list-pages\"><li class=\"page_item page-item-407\"><a href=\"https:\/\/motorcycles-go.com\/ga\/iompar-gluaistean-na-heireann-na-portaingeile\/\">Iompar Gluaiste\u00e1n na h\u00c9ireann An Phortaing\u00e9il<\/a><\/li>\n<li class=\"page_item page-item-411\"><a href=\"https:\/\/motorcycles-go.com\/ga\/iompar-gluaisrothar\/\">Iompar Gluaisrothar<\/a><\/li>\n<li class=\"page_item page-item-392\"><a href=\"https:\/\/motorcycles-go.com\/ga\/gluaisrothar-iompar-eireann-go-dti-an-phortaingeil\/\">Motorcycle Transport Ireland to Portugal<\/a><\/li>\n<li class=\"page_item page-item-399\"><a href=\"https:\/\/motorcycles-go.com\/ga\/motorcycle-transport-portugal-to-ireland\/\">Motorcycle Transport Portugal to Ireland<\/a><\/li>\n<li class=\"page_item page-item-19\"><a href=\"https:\/\/motorcycles-go.com\/ga\/\">Motorcycles-Go.com<\/a><\/li>\n<li class=\"page_item page-item-9 page_item_has_children\"><a href=\"https:\/\/motorcycles-go.com\/ga\/iompar-gluaisrothar-na-heorpa\/\">Iompar Gluaisrothar na hEorpa<\/a>\n<ul class='children'>\n\t<li class=\"page_item page-item-17\"><a href=\"https:\/\/motorcycles-go.com\/ga\/iompar-gluaisrothar-na-heorpa\/iompar-gluaisrothar-an-algarve-an-phortaingeil\/\">Iompar Gluaisrothar, an Algarve, an Phortaing\u00e9il<\/a><\/li>\n\t<li class=\"page_item page-item-15\"><a href=\"https:\/\/motorcycles-go.com\/ga\/iompar-gluaisrothar-na-heorpa\/english-motorbike-transport-almeria-spain\/\">(English) Motorbike Transport, Almeria, Spain<\/a><\/li>\n\t<li class=\"page_item page-item-13\"><a href=\"https:\/\/motorcycles-go.com\/ga\/iompar-gluaisrothar-na-heorpa\/english-motorcycle-transport-from-the-uk\/\">(English) Motorcycle Transport from the UK<\/a><\/li>\n<\/ul>\n<\/li>\n<li class=\"page_item page-item-154 page_item_has_children\"><a href=\"https:\/\/motorcycles-go.com\/ga\/iostai-iompair-storala-gluaisrothar-na-heorpa\/\">Iosta\u00ed Iompair &#038; St\u00f3r\u00e1la Gluaisrothar na hEorpa<\/a>\n<ul class='children'>\n\t<li class=\"page_item page-item-175\"><a href=\"https:\/\/motorcycles-go.com\/ga\/iostai-iompair-storala-gluaisrothar-na-heorpa\/loule-algarve-portugal\/\">Loule, Algarve, Portugal<\/a><\/li>\n\t<li class=\"page_item page-item-171\"><a href=\"https:\/\/motorcycles-go.com\/ga\/iostai-iompair-storala-gluaisrothar-na-heorpa\/salford-manchester-transport-depot\/\">Salford, Manchester Transport Depot<\/a><\/li>\n\t<li class=\"page_item page-item-173\"><a href=\"https:\/\/motorcycles-go.com\/ga\/iostai-iompair-storala-gluaisrothar-na-heorpa\/transport-depot-antas-almeria-spain\/\">Transport Depot, Antas, Almer\u00eda, Spain<\/a><\/li>\n<\/ul>\n<\/li>\n<li class=\"page_item page-item-38\"><a href=\"https:\/\/motorcycles-go.com\/ga\/luachan-iompair-gluaisrothar\/\">Iompar Gluaisrothar Athfhriotail<\/a><\/li>\n<li class=\"page_item page-item-152\"><a href=\"https:\/\/motorcycles-go.com\/ga\/conas-a-oibrionn-se\/\">Conas a oibr\u00edonn s\u00e9<\/a><\/li>\n<li class=\"page_item page-item-197\"><a href=\"https:\/\/motorcycles-go.com\/ga\/tearmai-agus-coinniollacha\/\">T\u00e9arma\u00ed agus Coinn\u00edollacha<\/a><\/li>\n<li class=\"page_item page-item-3\"><a href=\"https:\/\/motorcycles-go.com\/ga\/beartas-priobhaideachais\/\">Beartas Pr\u00edobh\u00e1ideachais<\/a><\/li>\n<li class=\"page_item page-item-227\"><a href=\"https:\/\/motorcycles-go.com\/ga\/learscail-an-tsuimh\/\">L\u00e9arsc\u00e1il an tSu\u00edmh<\/a><\/li>\n<\/ul>\n<p><\/p>","protected":false},"excerpt":{"rendered":"<p>Motorcycles-Go.com L\u00e9arsc\u00e1il an tSu\u00edmh Faigh an t-eolas at\u00e1 uait anseo, liosta de na leathanaigh ar fad ar an su\u00edomh Gr\u00e9as\u00e1in seo.<\/p>\n","protected":false},"author":1,"featured_media":0,"parent":0,"menu_order":120,"comment_status":"closed","ping_status":"closed","template":"","meta":{"yasr_overall_rating":0,"yasr_post_is_review":"","yasr_auto_insert_disabled":"","yasr_review_type":"","footnotes":""},"class_list":["post-227","page","type-page","status-publish","hentry"],"yoast_head":"<!-- This site is optimized with the Yoast SEO plugin v27.5 - https:\/\/yoast.com\/product\/yoast-seo-wordpress\/ -->\n<title>L\u00e9arsc\u00e1il an tSu\u00edmh - Motorcycles-Go.com<\/title>\n<meta name=\"robots\" content=\"index, follow, max-snippet:-1, max-image-preview:large, max-video-preview:-1\" \/>\n<link rel=\"canonical\" href=\"https:\/\/motorcycles-go.com\/sitemap\/\" \/>\n<meta property=\"og:locale\" content=\"en_US\" \/>\n<meta property=\"og:type\" content=\"article\" \/>\n<meta property=\"og:title\" content=\"L\u00e9arsc\u00e1il an tSu\u00edmh - Motorcycles-Go.com\" \/>\n<meta property=\"og:description\" content=\"Motorcycles-Go.com L\u00e9arsc\u00e1il an tSu\u00edmh Faigh an t-eolas at\u00e1 uait anseo, liosta de na leathanaigh ar fad ar an su\u00edomh Gr\u00e9as\u00e1in seo.\" \/>\n<meta property=\"og:url\" content=\"https:\/\/motorcycles-go.com\/sitemap\/\" \/>\n<meta property=\"og:site_name\" content=\"Motorcycles-Go.com\" \/>\n<meta property=\"article:modified_time\" content=\"2022-06-22T12:16:39+00:00\" \/>\n<meta name=\"twitter:card\" content=\"summary_large_image\" \/>\n<script type=\"application\/ld+json\" class=\"yoast-schema-graph\">{\"@context\":\"https:\\\/\\\/schema.org\",\"@graph\":[{\"@type\":\"WebPage\",\"@id\":\"https:\\\/\\\/motorcycles-go.com\\\/sitemap\\\/\",\"url\":\"https:\\\/\\\/motorcycles-go.com\\\/sitemap\\\/\",\"name\":\"L\u00e9arsc\u00e1il an tSu\u00edmh - Motorcycles-Go.com\",\"isPartOf\":{\"@id\":\"https:\\\/\\\/motorcycles-go.com\\\/#website\"},\"datePublished\":\"2020-07-18T10:37:19+00:00\",\"dateModified\":\"2022-06-22T12:16:39+00:00\",\"breadcrumb\":{\"@id\":\"https:\\\/\\\/motorcycles-go.com\\\/sitemap\\\/#breadcrumb\"},\"inLanguage\":\"ga-GA\",\"potentialAction\":[{\"@type\":\"ReadAction\",\"target\":[\"https:\\\/\\\/motorcycles-go.com\\\/sitemap\\\/\"]}]},{\"@type\":\"BreadcrumbList\",\"@id\":\"https:\\\/\\\/motorcycles-go.com\\\/sitemap\\\/#breadcrumb\",\"itemListElement\":[{\"@type\":\"ListItem\",\"position\":1,\"name\":\"Home\",\"item\":\"https:\\\/\\\/motorcycles-go.com\\\/\"},{\"@type\":\"ListItem\",\"position\":2,\"name\":\"Sitemap\"}]},{\"@type\":\"WebSite\",\"@id\":\"https:\\\/\\\/motorcycles-go.com\\\/#website\",\"url\":\"https:\\\/\\\/motorcycles-go.com\\\/\",\"name\":\"Motorcycles-Go.com\",\"description\":\"Motorcycle transport specialists.  UK, Spain, Portugal.\",\"publisher\":{\"@id\":\"https:\\\/\\\/motorcycles-go.com\\\/#organization\"},\"potentialAction\":[{\"@type\":\"SearchAction\",\"target\":{\"@type\":\"EntryPoint\",\"urlTemplate\":\"https:\\\/\\\/motorcycles-go.com\\\/?s={search_term_string}\"},\"query-input\":{\"@type\":\"PropertyValueSpecification\",\"valueRequired\":true,\"valueName\":\"search_term_string\"}}],\"inLanguage\":\"ga-GA\"},{\"@type\":\"Organization\",\"@id\":\"https:\\\/\\\/motorcycles-go.com\\\/#organization\",\"name\":\"Motorcycles-Go.com\",\"url\":\"https:\\\/\\\/motorcycles-go.com\\\/\",\"logo\":{\"@type\":\"ImageObject\",\"inLanguage\":\"ga-GA\",\"@id\":\"https:\\\/\\\/motorcycles-go.com\\\/#\\\/schema\\\/logo\\\/image\\\/\",\"url\":\"https:\\\/\\\/motorcycles-go.com\\\/wp-content\\\/uploads\\\/2020\\\/07\\\/Motrocycles-Go-Logo-Sml.png\",\"contentUrl\":\"https:\\\/\\\/motorcycles-go.com\\\/wp-content\\\/uploads\\\/2020\\\/07\\\/Motrocycles-Go-Logo-Sml.png\",\"width\":300,\"height\":45,\"caption\":\"Motorcycles-Go.com\"},\"image\":{\"@id\":\"https:\\\/\\\/motorcycles-go.com\\\/#\\\/schema\\\/logo\\\/image\\\/\"}},false]}<\/script>\n<!-- \/ Yoast SEO plugin. -->","yoast_head_json":{"title":"L\u00e9arsc\u00e1il an tSu\u00edmh - Motorcycles-Go.com","robots":{"index":"index","follow":"follow","max-snippet":"max-snippet:-1","max-image-preview":"max-image-preview:large","max-video-preview":"max-video-preview:-1"},"canonical":"https:\/\/motorcycles-go.com\/sitemap\/","og_locale":"en_US","og_type":"article","og_title":"L\u00e9arsc\u00e1il an tSu\u00edmh - Motorcycles-Go.com","og_description":"Motorcycles-Go.com L\u00e9arsc\u00e1il an tSu\u00edmh Faigh an t-eolas at\u00e1 uait anseo, liosta de na leathanaigh ar fad ar an su\u00edomh Gr\u00e9as\u00e1in seo.","og_url":"https:\/\/motorcycles-go.com\/sitemap\/","og_site_name":"Motorcycles-Go.com","article_modified_time":"2022-06-22T12:16:39+00:00","twitter_card":"summary_large_image","schema":{"@context":"https:\/\/schema.org","@graph":[{"@type":"WebPage","@id":"https:\/\/motorcycles-go.com\/sitemap\/","url":"https:\/\/motorcycles-go.com\/sitemap\/","name":"L\u00e9arsc\u00e1il an tSu\u00edmh - Motorcycles-Go.com","isPartOf":{"@id":"https:\/\/motorcycles-go.com\/#website"},"datePublished":"2020-07-18T10:37:19+00:00","dateModified":"2022-06-22T12:16:39+00:00","breadcrumb":{"@id":"https:\/\/motorcycles-go.com\/sitemap\/#breadcrumb"},"inLanguage":"ga-GA","potentialAction":[{"@type":"ReadAction","target":["https:\/\/motorcycles-go.com\/sitemap\/"]}]},{"@type":"BreadcrumbList","@id":"https:\/\/motorcycles-go.com\/sitemap\/#breadcrumb","itemListElement":[{"@type":"ListItem","position":1,"name":"Home","item":"https:\/\/motorcycles-go.com\/"},{"@type":"ListItem","position":2,"name":"Sitemap"}]},{"@type":"WebSite","@id":"https:\/\/motorcycles-go.com\/#website","url":"https:\/\/motorcycles-go.com\/","name":"Motorcycles-Go.com","description":"Motorcycle transport specialists.  UK, Spain, Portugal.","publisher":{"@id":"https:\/\/motorcycles-go.com\/#organization"},"potentialAction":[{"@type":"SearchAction","target":{"@type":"EntryPoint","urlTemplate":"https:\/\/motorcycles-go.com\/?s={search_term_string}"},"query-input":{"@type":"PropertyValueSpecification","valueRequired":true,"valueName":"search_term_string"}}],"inLanguage":"ga-GA"},{"@type":"Organization","@id":"https:\/\/motorcycles-go.com\/#organization","name":"Motorcycles-Go.com","url":"https:\/\/motorcycles-go.com\/","logo":{"@type":"ImageObject","inLanguage":"ga-GA","@id":"https:\/\/motorcycles-go.com\/#\/schema\/logo\/image\/","url":"https:\/\/motorcycles-go.com\/wp-content\/uploads\/2020\/07\/Motrocycles-Go-Logo-Sml.png","contentUrl":"https:\/\/motorcycles-go.com\/wp-content\/uploads\/2020\/07\/Motrocycles-Go-Logo-Sml.png","width":300,"height":45,"caption":"Motorcycles-Go.com"},"image":{"@id":"https:\/\/motorcycles-go.com\/#\/schema\/logo\/image\/"}},false]}},"yasr_visitor_votes":{"stars_attributes":{"read_only":false,"span_bottom":false},"number_of_votes":0,"sum_votes":0},"_links":{"self":[{"href":"https:\/\/motorcycles-go.com\/ga\/wp-json\/wp\/v2\/pages\/227","targetHints":{"allow":["GET"]}}],"collection":[{"href":"https:\/\/motorcycles-go.com\/ga\/wp-json\/wp\/v2\/pages"}],"about":[{"href":"https:\/\/motorcycles-go.com\/ga\/wp-json\/wp\/v2\/types\/page"}],"author":[{"embeddable":true,"href":"https:\/\/motorcycles-go.com\/ga\/wp-json\/wp\/v2\/users\/1"}],"replies":[{"embeddable":true,"href":"https:\/\/motorcycles-go.com\/ga\/wp-json\/wp\/v2\/comments?post=227"}],"version-history":[{"count":6,"href":"https:\/\/motorcycles-go.com\/ga\/wp-json\/wp\/v2\/pages\/227\/revisions"}],"predecessor-version":[{"id":481,"href":"https:\/\/motorcycles-go.com\/ga\/wp-json\/wp\/v2\/pages\/227\/revisions\/481"}],"wp:attachment":[{"href":"https:\/\/motorcycles-go.com\/ga\/wp-json\/wp\/v2\/media?parent=227"}],"curies":[{"name":"wp","href":"https:\/\/api.w.org\/{rel}","templated":true}]}}