{"id":3,"date":"2020-06-24T12:03:16","date_gmt":"2020-06-24T12:03:16","guid":{"rendered":"https:\/\/motorcycles-go.com\/?page_id=3"},"modified":"2022-06-22T12:08:46","modified_gmt":"2022-06-22T12:08:46","slug":"privacy-policy","status":"publish","type":"page","link":"https:\/\/motorcycles-go.com\/ga\/beartas-priobhaideachais\/","title":{"rendered":"[:en]Privacy Policy[:es]Pol\u00edtica de privacidad[:pt]Pol\u00edtica de Privacidade[:ga]Beartas Pr\u00edobh\u00e1ideachais[:]"},"content":{"rendered":"<p><\/p>\n<p>&nbsp;<\/p>\n<p>&nbsp;<\/p>\n<h2>Beartas Pr\u00edobh\u00e1ideachta le haghaidh Motorcyles-Go.com<\/h2>\n<p>Ag Motorcycles-Go.com, inrochtana \u00f3 https:\/\/motorcycles-go.com, is \u00e9 pr\u00edobh\u00e1ideacht \u00e1r gcuairteoir\u00ed ceann d\u00e1r bpr\u00edomhthosa\u00edochta\u00ed. T\u00e1 sa doicim\u00e9ad Beartais Pr\u00edobh\u00e1ideachta seo cine\u00e1lacha faisn\u00e9ise a bhail\u00edonn agus a thaifeadann Motorcycles-Go.com agus conas a \u00fas\u00e1idimid \u00e9.<\/p>\n<p>M\u00e1 t\u00e1 ceisteanna breise agat n\u00f3 m\u00e1 t\u00e1 tuilleadh eolais uait faoin\u00e1r mBeartas Pr\u00edobh\u00e1ideachta, n\u00e1 b\u00edodh drogall ort teagmh\u00e1il a dh\u00e9anamh linn.<\/p>\n<p>N\u00ed bhaineann an Beartas Pr\u00edobh\u00e1ideachta seo ach len\u00e1r ngn\u00edomha\u00edochta\u00ed ar l\u00edne agus t\u00e1 s\u00e9 bail\u00ed do chuairteoir\u00ed ar \u00e1r su\u00edomh Gr\u00e9as\u00e1in maidir leis an bhfaisn\u00e9is a roinn siad agus\/n\u00f3 a bhail\u00edonn siad in Motorcycles-Go.com. N\u00edl an polasa\u00ed seo infheidhme maidir le haon fhaisn\u00e9is a bhail\u00edtear as l\u00edne n\u00f3 tr\u00ed chain\u00e9il eile seachas an su\u00edomh Gr\u00e9as\u00e1in seo.<\/p>\n<h2>Toili\u00fa<\/h2>\n<p>Tr\u00ed \u00fas\u00e1id a bhaint as \u00e1r su\u00edomh Gr\u00e9as\u00e1in, toil\u00edonn t\u00fa leis seo len\u00e1r mBeartas Pr\u00edobh\u00e1ideachta agus aonta\u00edonn t\u00fa lena th\u00e9arma\u00ed.<\/p>\n<h2>Eolas a bhail\u00edmid<\/h2>\n<p>D\u00e9anfar an fhaisn\u00e9is phearsanta a iarrtar ort a shol\u00e1thar, agus na f\u00e1thanna a n-iarrtar ort \u00ed a shol\u00e1thar, a shoil\u00e9iri\u00fa duit ag an bpointe a iarraimid ort do chuid faisn\u00e9ise pearsanta a shol\u00e1thar.<\/p>\n<p>M\u00e1 dh\u00e9anann t\u00fa teagmh\u00e1il linn go d\u00edreach, b\u2019fh\u00e9idir go bhfaighfimid faisn\u00e9is bhreise f\u00fat, mar d\u2019ainm, seoladh r\u00edomhphoist, uimhir theileaf\u00f3in, \u00e1bhar na teachtaireachta agus\/n\u00f3 ceangalt\u00e1n a d\u2019fh\u00e9adf\u00e1 a sheoladh chugainn, agus aon fhaisn\u00e9is eile a roghna\u00edonn t\u00fa a shol\u00e1thar.<\/p>\n<p>Nuair a chl\u00e1ra\u00edonn t\u00fa do Chuntas, f\u00e9adfaimid do chuid faisn\u00e9ise teagmh\u00e1la a iarraidh, lena n-\u00e1ir\u00edtear m\u00edreanna mar ainm, ainm cuideachta, seoladh, seoladh r\u00edomhphoist agus uimhir theileaf\u00f3in.<\/p>\n<h3>Conas a \u00fas\u00e1idimid do chuid faisn\u00e9ise<\/h3>\n<p>Bainimid \u00fas\u00e1id as an eolas a bhail\u00edmid ar bheala\u00ed \u00e9ags\u00fala, lena n-\u00e1ir\u00edtear chun:<\/p>\n<ul>\n<li>\u00c1r l\u00e1ithre\u00e1n gr\u00e9as\u00e1in a shol\u00e1thar, a oibri\u00fa agus a chothabh\u00e1il<\/li>\n<li>Feabhas a chur ar \u00e1r su\u00edomh Gr\u00e9as\u00e1in, a oiri\u00fan\u00fa agus a leathn\u00fa<\/li>\n<li>Tuig agus d\u00e9an anail\u00eds ar an gcaoi a n-\u00fas\u00e1ideann t\u00fa \u00e1r ngr\u00e9as\u00e1n<\/li>\n<li>T\u00e1irg\u00ed, seirbh\u00eds\u00ed, gn\u00e9ithe agus feidhmi\u00falacht nua a fhorbairt<\/li>\n<li>D\u00e9an cumars\u00e1id leat, go d\u00edreach n\u00f3 tr\u00ed cheann d\u00e1r gcomhph\u00e1irtithe, lena n-\u00e1ir\u00edtear le haghaidh seirbh\u00eds do chustaim\u00e9ir\u00ed, chun nuashonruithe agus faisn\u00e9is eile a shol\u00e1thar duit a bhaineann leis an ngr\u00e9as\u00e1n, agus chun cr\u00edocha marga\u00edochta agus cur chun cinn<\/li>\n<li>Seol r\u00edomhphoist chugat<\/li>\n<li>Calaois a aimsi\u00fa agus a chosc<\/li>\n<\/ul>\n<h2>Comhaid Log\u00e1la<\/h2>\n<p>Leanann Motorcycles-Go.com n\u00f3s imeachta caighde\u00e1nach maidir le comhaid log\u00e1la a \u00fas\u00e1id. Log\u00e1lann na comhaid seo cuairteoir\u00ed nuair a thugann siad cuairt ar l\u00e1ithre\u00e1in ghr\u00e9as\u00e1in. D\u00e9anann gach cuideachta \u00f3st\u00e1la \u00e9 seo agus cuid d\u2019anail\u00eds\u00edocht na seirbh\u00eds\u00ed \u00f3st\u00e1la. \u00c1ir\u00edtear leis an bhfaisn\u00e9is a bhail\u00edonn comhaid loga seolta\u00ed pr\u00f3tacail idirl\u00edn (IP), cine\u00e1l brabhs\u00e1la\u00ed, Sol\u00e1thra\u00ed Seirbh\u00edse Idirl\u00edn (ISP), stampa d\u00e1ta agus ama, leathanaigh thagartha\/amach, agus b\u2019fh\u00e9idir l\u00edon na gcliceanna. N\u00edl siad seo nasctha le haon fhaisn\u00e9is at\u00e1 inaitheanta go pearsanta. Is \u00e9 cusp\u00f3ir na faisn\u00e9ise n\u00e1 anail\u00eds a dh\u00e9anamh ar threochta\u00ed, an l\u00e1ithre\u00e1n a riar, gluaiseacht \u00fas\u00e1ideoir\u00ed ar an su\u00edomh Gr\u00e9as\u00e1in a rian\u00fa, agus faisn\u00e9is dh\u00e9imeagrafach a bhaili\u00fa. Crutha\u00edodh \u00e1r bPolasa\u00ed Pr\u00edobh\u00e1ideachta le cabhair \u00f3 Ghinead\u00f3ir an Bheartais Pr\u00edobh\u00e1ideachta\u00a0agus \u00f3n\u00a0Ginead\u00f3ir Beartais Pr\u00edobh\u00e1ideachta Ar L\u00edne.<\/p>\n<h2>Fian\u00e1in agus Rabhch\u00e1in Gr\u00e9as\u00e1in<\/h2>\n<p>Cos\u00fail le haon su\u00edomh Gr\u00e9as\u00e1in eile, \u00fas\u00e1ideann Motorcycles-Go.com &#8216;fian\u00e1in&#8217;. \u00das\u00e1idtear na fian\u00e1in seo chun faisn\u00e9is a st\u00f3r\u00e1il lena n-\u00e1ir\u00edtear sainroghanna cuairteoir\u00ed, agus na leathanaigh ar an su\u00edomh Gr\u00e9as\u00e1in ar thug an cuairteoir rochtain air n\u00f3 ar thug an cuairteoir cuairt air. \u00das\u00e1idtear an fhaisn\u00e9is chun taith\u00ed na n-\u00fas\u00e1ideoir\u00ed a bharrfheabhs\u00fa tr\u00ed \u00e1bhar \u00e1r leathanach gr\u00e9as\u00e1in a shaincheapadh bunaithe ar chine\u00e1l brabhs\u00e1la\u00ed na gcuairteoir\u00ed agus\/n\u00f3 ar fhaisn\u00e9is eile.<\/p>\n<p>Le haghaidh tuilleadh faisn\u00e9ise ginear\u00e1lta ar fhian\u00e1in, l\u00e9igh\u00a0&#8220;Cad is Fian\u00e1in&#8221;.<\/p>\n<h3>Polasaithe Pr\u00edobh\u00e1ideachta Comhph\u00e1irtithe F\u00f3gra\u00edochta<\/h3>\n<p>Is f\u00e9idir leat breathn\u00fa ar an liosta seo chun an Beartas Pr\u00edobh\u00e1ideachta a fh\u00e1il do gach ceann de na comhph\u00e1irtithe f\u00f3gra\u00edochta de chuid Motorcycles-Go.com.<\/p>\n<p>\u00das\u00e1ideann freastalaithe f\u00f3gra\u00edochta tr\u00ed\u00fa p\u00e1irt\u00ed n\u00f3 l\u00edonra\u00ed f\u00f3gra\u00ed teicneola\u00edochta\u00ed amhail fian\u00e1in, JavaScript, n\u00f3 Rabhch\u00e1in Ghr\u00e9as\u00e1in a \u00fas\u00e1idtear ina bhf\u00f3gra\u00ed faoi seach agus naisc a fheictear ar Motorcycles-Go.com, a sheoltar go d\u00edreach chuig brabhs\u00e1la\u00ed na n-\u00fas\u00e1ideoir\u00ed. Faigheann siad do sheoladh IP go huathoibr\u00edoch nuair a tharla\u00edonn s\u00e9 seo. \u00das\u00e1idtear na teicneola\u00edochta\u00ed seo chun \u00e9ifeachtacht a bhfeachtas f\u00f3gra\u00edochta a thomhas agus\/n\u00f3 chun an t-\u00e1bhar f\u00f3gra\u00edochta a fheiceann t\u00fa ar na su\u00edomhanna gr\u00e9as\u00e1in a dtugann t\u00fa cuairt orthu a phearsant\u00fa.<\/p>\n<p>Tabhair faoi deara nach bhfuil rochtain n\u00e1 smacht ag Motorcycles-Go.com ar na fian\u00e1in seo a \u00fas\u00e1ideann f\u00f3gr\u00f3ir\u00ed tr\u00ed\u00fa p\u00e1irt\u00ed.<\/p>\n<h3>Beartais Pr\u00edobh\u00e1ideachta Tr\u00ed\u00fa P\u00e1irt\u00ed<\/h3>\n<p>N\u00ed bhaineann Polasa\u00ed Pr\u00edobh\u00e1ideachta Motorcycles-Go.com le f\u00f3gr\u00f3ir\u00ed n\u00f3 su\u00edomhanna gr\u00e9as\u00e1in eile. Mar sin, moltar duit f\u00e9achaint le Beartais Pr\u00edobh\u00e1ideachta faoi seach na bhfreastalaithe f\u00f3gra\u00ed tr\u00ed\u00fa p\u00e1irt\u00ed seo le haghaidh faisn\u00e9ise n\u00edos mionsonraithe. D\u2019fh\u00e9adfadh go n-\u00e1ireofa\u00ed leis a gcleachtais agus a dtreoracha maidir le conas tarraingt siar as roghanna \u00e1irithe.<\/p>\n<p>Is f\u00e9idir leat fian\u00e1in a dh\u00edchumas\u00fa tr\u00ed do roghanna brabhs\u00e1la\u00ed aonair. Chun eolas n\u00edos mionsonraithe a fh\u00e1il faoi bhainisti\u00fa fian\u00e1n le brabhs\u00e1laithe gr\u00e9as\u00e1in ar leith, is f\u00e9idir \u00e9 a fh\u00e1il ar l\u00e1ithre\u00e1in ghr\u00e9as\u00e1in na mbrabhs\u00e1laithe faoi seach.<\/p>\n<h3>Cearta Pr\u00edobh\u00e1ideachta CCPA (N\u00e1 D\u00edol M\u2019Faisn\u00e9is Phearsanta)<\/h3>\n<p>Faoin CCPA, i measc cearta eile, t\u00e1 an ceart ag tomhalt\u00f3ir\u00ed California:<\/p>\n<p>Iarraidh ar ghn\u00f3thas a bhail\u00edonn sonra\u00ed pearsanta tomhalt\u00f3ra na catag\u00f3ir\u00ed agus na p\u00edosa\u00ed sonracha sonra\u00ed pearsanta at\u00e1 bailithe ag gn\u00f3 faoi thomhalt\u00f3ir\u00ed a nochtadh.<\/p>\n<p>Iarr ar ghn\u00f3thas aon sonra\u00ed pearsanta faoin tomhalt\u00f3ir at\u00e1 bailithe ag gn\u00f3lacht a scriosadh.<\/p>\n<p>Iarraidh nach nd\u00edolfaidh gn\u00f3lacht a dh\u00edolann sonra\u00ed pearsanta tomhalt\u00f3ra, sonra\u00ed pearsanta an tomhalt\u00f3ra.<\/p>\n<p>M\u00e1 dh\u00e9anann t\u00fa iarratas, t\u00e1 m\u00ed amh\u00e1in againn chun freagra a thabhairt duit. M\u00e1s mian leat aon cheann de na cearta seo a fheidhmi\u00fa, d\u00e9an teagmh\u00e1il linn le do thoil.<\/p>\n<h3>Cearta Cosanta Sonra\u00ed GDPR<\/h3>\n<p>Ba mhaith linn a chinnti\u00fa go bhfuil t\u00fa go hioml\u00e1n ar an eolas faoi do chearta cosanta sonra\u00ed go l\u00e9ir. T\u00e1 gach \u00fas\u00e1ideoir i dteideal na nithe seo a leanas:<\/p>\n<p>An ceart rochtana \u2013 T\u00e1 s\u00e9 de cheart agat c\u00f3ipeanna de do shonra\u00ed pearsanta a iarraidh. D\u2019fh\u00e9adfaimis t\u00e1ille bheag a ghearradh ort as an tseirbh\u00eds seo.<\/p>\n<p>An ceart chun ceart\u00fach\u00e1in \u2013 T\u00e1 s\u00e9 de cheart agat a iarraidh go gceart\u00f3imid aon fhaisn\u00e9is a chreideann t\u00fa at\u00e1 m\u00edchruinn. T\u00e1 s\u00e9 de cheart agat freisin iarraidh orainn an fhaisn\u00e9is a chreideann t\u00fa at\u00e1 neamhioml\u00e1n a chomhl\u00e1n\u00fa.<\/p>\n<p>An ceart chun scriosta \u2013 T\u00e1 s\u00e9 de cheart agat a iarraidh go scriosfaimid do shonra\u00ed pearsanta, faoi choinn\u00edollacha \u00e1irithe.<\/p>\n<p>An ceart chun pr\u00f3ise\u00e1il a shrianadh \u2013 T\u00e1 s\u00e9 de cheart agat a iarraidh go gcuirfimid srian ar phr\u00f3ise\u00e1il do shonra\u00ed pearsanta, faoi choinn\u00edollacha \u00e1irithe.<\/p>\n<p>An ceart ag\u00f3id a dh\u00e9anamh i gcoinne pr\u00f3ise\u00e1la \u2013 T\u00e1 s\u00e9 de cheart agat ag\u00f3id a dh\u00e9anamh i gcoinne \u00e1r bpr\u00f3ise\u00e1la ar do shonra\u00ed pearsanta, faoi choinn\u00edollacha \u00e1irithe.<\/p>\n<p>An ceart chun iniomparthacht sonra\u00ed \u2013 T\u00e1 s\u00e9 de cheart agat a iarraidh go n-aistr\u00edmid na sonra\u00ed at\u00e1 bailithe againn chuig eagra\u00edocht eile, n\u00f3 go d\u00edreach chugatsa, faoi choinn\u00edollacha \u00e1irithe.<\/p>\n<p>M\u00e1 dh\u00e9anann t\u00fa iarratas, t\u00e1 m\u00ed amh\u00e1in againn chun freagra a thabhairt duit. M\u00e1s mian leat aon cheann de na cearta seo a fheidhmi\u00fa, d\u00e9an teagmh\u00e1il linn le do thoil.<\/p>\n<h3>Eolas Leana\u00ed<\/h3>\n<p>Cuid eile d\u00e1r dtosa\u00edocht is ea cosaint a thabhairt do leana\u00ed agus iad ag \u00fas\u00e1id an idirl\u00edn. Spreagaimid tuismitheoir\u00ed agus caomhn\u00f3ir\u00ed a ngn\u00edomha\u00edocht ar l\u00edne a bhreathn\u00fa, a bheith rannph\u00e1irteach ann, agus\/n\u00f3 monat\u00f3ireacht a dh\u00e9anamh uirthi agus \u00ed a threor\u00fa.<\/p>\n<p>N\u00ed bhail\u00edonn Motorcycles-Go.com go feasach aon Fhaisn\u00e9is Inaitheanta Phearsanta \u00f3 leana\u00ed faoi bhun 13 bliana d\u2019aois. M\u00e1 cheapann t\u00fa gur chuir do leanbh an cine\u00e1l seo faisn\u00e9ise ar f\u00e1il ar \u00e1r su\u00edomh Gr\u00e9as\u00e1in, molaimid go l\u00e1idir duit teagmh\u00e1il a dh\u00e9anamh linn l\u00e1ithreach agus d\u00e9anfaimid \u00e1r nd\u00edcheall iarrachta\u00ed chun an fhaisn\u00e9is sin a bhaint go pras d\u00e1r dtaifid.<\/p>\n<p>&nbsp;<\/p>\n<p>&nbsp;<\/p>\n<p>&nbsp;<\/p>\n<p>&nbsp;<\/p>\n<p><\/p>","protected":false},"excerpt":{"rendered":"<p>&nbsp; &nbsp; Beartas Pr\u00edobh\u00e1ideachta le haghaidh Motorcyles-Go.com Ag Motorcycles-Go.com, inrochtana \u00f3 https:\/\/motorcycles-go.com, is \u00e9 pr\u00edobh\u00e1ideacht \u00e1r gcuairteoir\u00ed ceann d\u00e1r bpr\u00edomhthosa\u00edochta\u00ed. T\u00e1 sa doicim\u00e9ad Beartais Pr\u00edobh\u00e1ideachta seo cine\u00e1lacha faisn\u00e9ise a bhail\u00edonn agus a thaifeadann Motorcycles-Go.com agus conas a \u00fas\u00e1idimid \u00e9. M\u00e1 t\u00e1 ceisteanna breise agat n\u00f3 m\u00e1 t\u00e1 tuilleadh eolais uait faoin\u00e1r mBeartas Pr\u00edobh\u00e1ideachta, n\u00e1 b\u00edodh [&hellip;]<\/p>\n","protected":false},"author":1,"featured_media":0,"parent":0,"menu_order":110,"comment_status":"closed","ping_status":"closed","template":"","meta":{"yasr_overall_rating":0,"yasr_post_is_review":"","yasr_auto_insert_disabled":"","yasr_review_type":"","footnotes":""},"class_list":["post-3","page","type-page","status-publish","hentry"],"yoast_head":"<!-- This site is optimized with the Yoast SEO plugin v27.5 - https:\/\/yoast.com\/product\/yoast-seo-wordpress\/ -->\n<title>Beartas Pr\u00edobh\u00e1ideachais - Motorcycles-Go.com<\/title>\n<meta name=\"robots\" content=\"index, follow, max-snippet:-1, max-image-preview:large, max-video-preview:-1\" \/>\n<link rel=\"canonical\" href=\"https:\/\/motorcycles-go.com\/ga\/beartas-priobhaideachais\/\" \/>\n<meta property=\"og:locale\" content=\"en_US\" \/>\n<meta property=\"og:type\" content=\"article\" \/>\n<meta property=\"og:title\" content=\"Beartas Pr\u00edobh\u00e1ideachais - Motorcycles-Go.com\" \/>\n<meta property=\"og:description\" content=\"&nbsp; &nbsp; Beartas Pr\u00edobh\u00e1ideachta le haghaidh Motorcyles-Go.com Ag Motorcycles-Go.com, inrochtana \u00f3 https:\/\/motorcycles-go.com, is \u00e9 pr\u00edobh\u00e1ideacht \u00e1r gcuairteoir\u00ed ceann d\u00e1r bpr\u00edomhthosa\u00edochta\u00ed. T\u00e1 sa doicim\u00e9ad Beartais Pr\u00edobh\u00e1ideachta seo cine\u00e1lacha faisn\u00e9ise a bhail\u00edonn agus a thaifeadann Motorcycles-Go.com agus conas a \u00fas\u00e1idimid \u00e9. M\u00e1 t\u00e1 ceisteanna breise agat n\u00f3 m\u00e1 t\u00e1 tuilleadh eolais uait faoin\u00e1r mBeartas Pr\u00edobh\u00e1ideachta, n\u00e1 b\u00edodh [&hellip;]\" \/>\n<meta property=\"og:url\" content=\"https:\/\/motorcycles-go.com\/ga\/beartas-priobhaideachais\/\" \/>\n<meta property=\"og:site_name\" content=\"Motorcycles-Go.com\" \/>\n<meta property=\"article:modified_time\" content=\"2022-06-22T12:08:46+00:00\" \/>\n<meta name=\"twitter:card\" content=\"summary_large_image\" \/>\n<meta name=\"twitter:label1\" content=\"Est. reading time\" \/>\n\t<meta name=\"twitter:data1\" content=\"26 minutes\" \/>\n<script type=\"application\/ld+json\" class=\"yoast-schema-graph\">{\"@context\":\"https:\\\/\\\/schema.org\",\"@graph\":[{\"@type\":\"WebPage\",\"@id\":\"https:\\\/\\\/motorcycles-go.com\\\/ga\\\/beartas-priobhaideachais\\\/\",\"url\":\"https:\\\/\\\/motorcycles-go.com\\\/ga\\\/beartas-priobhaideachais\\\/\",\"name\":\"Beartas Pr\u00edobh\u00e1ideachais - Motorcycles-Go.com\",\"isPartOf\":{\"@id\":\"https:\\\/\\\/motorcycles-go.com\\\/#website\"},\"datePublished\":\"2020-06-24T12:03:16+00:00\",\"dateModified\":\"2022-06-22T12:08:46+00:00\",\"breadcrumb\":{\"@id\":\"https:\\\/\\\/motorcycles-go.com\\\/ga\\\/beartas-priobhaideachais\\\/#breadcrumb\"},\"inLanguage\":\"ga-GA\",\"potentialAction\":[{\"@type\":\"ReadAction\",\"target\":[\"https:\\\/\\\/motorcycles-go.com\\\/ga\\\/beartas-priobhaideachais\\\/\"]}]},{\"@type\":\"BreadcrumbList\",\"@id\":\"https:\\\/\\\/motorcycles-go.com\\\/ga\\\/beartas-priobhaideachais\\\/#breadcrumb\",\"itemListElement\":[{\"@type\":\"ListItem\",\"position\":1,\"name\":\"Home\",\"item\":\"https:\\\/\\\/motorcycles-go.com\\\/\"},{\"@type\":\"ListItem\",\"position\":2,\"name\":\"Beartas Pr\u00edobh\u00e1ideachais\"}]},{\"@type\":\"WebSite\",\"@id\":\"https:\\\/\\\/motorcycles-go.com\\\/#website\",\"url\":\"https:\\\/\\\/motorcycles-go.com\\\/\",\"name\":\"Motorcycles-Go.com\",\"description\":\"Motorcycle transport specialists.  UK, Spain, Portugal.\",\"publisher\":{\"@id\":\"https:\\\/\\\/motorcycles-go.com\\\/#organization\"},\"potentialAction\":[{\"@type\":\"SearchAction\",\"target\":{\"@type\":\"EntryPoint\",\"urlTemplate\":\"https:\\\/\\\/motorcycles-go.com\\\/?s={search_term_string}\"},\"query-input\":{\"@type\":\"PropertyValueSpecification\",\"valueRequired\":true,\"valueName\":\"search_term_string\"}}],\"inLanguage\":\"ga-GA\"},{\"@type\":\"Organization\",\"@id\":\"https:\\\/\\\/motorcycles-go.com\\\/#organization\",\"name\":\"Motorcycles-Go.com\",\"url\":\"https:\\\/\\\/motorcycles-go.com\\\/\",\"logo\":{\"@type\":\"ImageObject\",\"inLanguage\":\"ga-GA\",\"@id\":\"https:\\\/\\\/motorcycles-go.com\\\/#\\\/schema\\\/logo\\\/image\\\/\",\"url\":\"https:\\\/\\\/motorcycles-go.com\\\/wp-content\\\/uploads\\\/2020\\\/07\\\/Motrocycles-Go-Logo-Sml.png\",\"contentUrl\":\"https:\\\/\\\/motorcycles-go.com\\\/wp-content\\\/uploads\\\/2020\\\/07\\\/Motrocycles-Go-Logo-Sml.png\",\"width\":300,\"height\":45,\"caption\":\"Motorcycles-Go.com\"},\"image\":{\"@id\":\"https:\\\/\\\/motorcycles-go.com\\\/#\\\/schema\\\/logo\\\/image\\\/\"}},false]}<\/script>\n<!-- \/ Yoast SEO plugin. -->","yoast_head_json":{"title":"Beartas Pr\u00edobh\u00e1ideachais - Motorcycles-Go.com","robots":{"index":"index","follow":"follow","max-snippet":"max-snippet:-1","max-image-preview":"max-image-preview:large","max-video-preview":"max-video-preview:-1"},"canonical":"https:\/\/motorcycles-go.com\/ga\/beartas-priobhaideachais\/","og_locale":"en_US","og_type":"article","og_title":"Beartas Pr\u00edobh\u00e1ideachais - Motorcycles-Go.com","og_description":"&nbsp; &nbsp; Beartas Pr\u00edobh\u00e1ideachta le haghaidh Motorcyles-Go.com Ag Motorcycles-Go.com, inrochtana \u00f3 https:\/\/motorcycles-go.com, is \u00e9 pr\u00edobh\u00e1ideacht \u00e1r gcuairteoir\u00ed ceann d\u00e1r bpr\u00edomhthosa\u00edochta\u00ed. T\u00e1 sa doicim\u00e9ad Beartais Pr\u00edobh\u00e1ideachta seo cine\u00e1lacha faisn\u00e9ise a bhail\u00edonn agus a thaifeadann Motorcycles-Go.com agus conas a \u00fas\u00e1idimid \u00e9. M\u00e1 t\u00e1 ceisteanna breise agat n\u00f3 m\u00e1 t\u00e1 tuilleadh eolais uait faoin\u00e1r mBeartas Pr\u00edobh\u00e1ideachta, n\u00e1 b\u00edodh [&hellip;]","og_url":"https:\/\/motorcycles-go.com\/ga\/beartas-priobhaideachais\/","og_site_name":"Motorcycles-Go.com","article_modified_time":"2022-06-22T12:08:46+00:00","twitter_card":"summary_large_image","twitter_misc":{"Est. reading time":"26 minutes"},"schema":{"@context":"https:\/\/schema.org","@graph":[{"@type":"WebPage","@id":"https:\/\/motorcycles-go.com\/ga\/beartas-priobhaideachais\/","url":"https:\/\/motorcycles-go.com\/ga\/beartas-priobhaideachais\/","name":"Beartas Pr\u00edobh\u00e1ideachais - Motorcycles-Go.com","isPartOf":{"@id":"https:\/\/motorcycles-go.com\/#website"},"datePublished":"2020-06-24T12:03:16+00:00","dateModified":"2022-06-22T12:08:46+00:00","breadcrumb":{"@id":"https:\/\/motorcycles-go.com\/ga\/beartas-priobhaideachais\/#breadcrumb"},"inLanguage":"ga-GA","potentialAction":[{"@type":"ReadAction","target":["https:\/\/motorcycles-go.com\/ga\/beartas-priobhaideachais\/"]}]},{"@type":"BreadcrumbList","@id":"https:\/\/motorcycles-go.com\/ga\/beartas-priobhaideachais\/#breadcrumb","itemListElement":[{"@type":"ListItem","position":1,"name":"Home","item":"https:\/\/motorcycles-go.com\/"},{"@type":"ListItem","position":2,"name":"Beartas Pr\u00edobh\u00e1ideachais"}]},{"@type":"WebSite","@id":"https:\/\/motorcycles-go.com\/#website","url":"https:\/\/motorcycles-go.com\/","name":"Motorcycles-Go.com","description":"Motorcycle transport specialists.  UK, Spain, Portugal.","publisher":{"@id":"https:\/\/motorcycles-go.com\/#organization"},"potentialAction":[{"@type":"SearchAction","target":{"@type":"EntryPoint","urlTemplate":"https:\/\/motorcycles-go.com\/?s={search_term_string}"},"query-input":{"@type":"PropertyValueSpecification","valueRequired":true,"valueName":"search_term_string"}}],"inLanguage":"ga-GA"},{"@type":"Organization","@id":"https:\/\/motorcycles-go.com\/#organization","name":"Motorcycles-Go.com","url":"https:\/\/motorcycles-go.com\/","logo":{"@type":"ImageObject","inLanguage":"ga-GA","@id":"https:\/\/motorcycles-go.com\/#\/schema\/logo\/image\/","url":"https:\/\/motorcycles-go.com\/wp-content\/uploads\/2020\/07\/Motrocycles-Go-Logo-Sml.png","contentUrl":"https:\/\/motorcycles-go.com\/wp-content\/uploads\/2020\/07\/Motrocycles-Go-Logo-Sml.png","width":300,"height":45,"caption":"Motorcycles-Go.com"},"image":{"@id":"https:\/\/motorcycles-go.com\/#\/schema\/logo\/image\/"}},false]}},"yasr_visitor_votes":{"stars_attributes":{"read_only":false,"span_bottom":false},"number_of_votes":0,"sum_votes":0},"_links":{"self":[{"href":"https:\/\/motorcycles-go.com\/ga\/wp-json\/wp\/v2\/pages\/3","targetHints":{"allow":["GET"]}}],"collection":[{"href":"https:\/\/motorcycles-go.com\/ga\/wp-json\/wp\/v2\/pages"}],"about":[{"href":"https:\/\/motorcycles-go.com\/ga\/wp-json\/wp\/v2\/types\/page"}],"author":[{"embeddable":true,"href":"https:\/\/motorcycles-go.com\/ga\/wp-json\/wp\/v2\/users\/1"}],"replies":[{"embeddable":true,"href":"https:\/\/motorcycles-go.com\/ga\/wp-json\/wp\/v2\/comments?post=3"}],"version-history":[{"count":6,"href":"https:\/\/motorcycles-go.com\/ga\/wp-json\/wp\/v2\/pages\/3\/revisions"}],"predecessor-version":[{"id":478,"href":"https:\/\/motorcycles-go.com\/ga\/wp-json\/wp\/v2\/pages\/3\/revisions\/478"}],"wp:attachment":[{"href":"https:\/\/motorcycles-go.com\/ga\/wp-json\/wp\/v2\/media?parent=3"}],"curies":[{"name":"wp","href":"https:\/\/api.w.org\/{rel}","templated":true}]}}