{"id":38,"date":"2020-06-25T18:09:53","date_gmt":"2020-06-25T18:09:53","guid":{"rendered":"https:\/\/motorcycles-go.com\/?page_id=38"},"modified":"2024-04-08T16:08:16","modified_gmt":"2024-04-08T16:08:16","slug":"quote","status":"publish","type":"page","link":"https:\/\/motorcycles-go.com\/ga\/luachan-iompair-gluaisrothar\/","title":{"rendered":"[:en]Motorcycle Transport Quote[:es]Cotizaci\u00f3n de transporte de motos[:pt]Cota\u00e7\u00e3o de transporte de motocicleta[:ga]Iompar Gluaisrothar Athfhriotail[:]"},"content":{"rendered":"<p><\/p>\n<p><strong>Iompar Gluaisrothar Athfhriotail. Comhl\u00e1naigh an fhoirm thapa agus cuirfimid ar ais chugat go han-tapa le do luachan is fearr! Is iad \u00e1r seirbh\u00eds\u00ed iontaofa agus \u00e9ifeachtacha n\u00e1 do r\u00e1tha\u00edocht go nd\u00e9anfar jab ar ardchaighde\u00e1n! F\u00e1g do chuid sonra\u00ed th\u00edos agus b\u00edmis ag caint! Sleachta loingseoireachta gluaisrothair idir \u00c9ire agus an Phortaing\u00e9il, agus beag\u00e1n n\u00edos faide isteach sa Sp\u00e1inn.<\/strong><\/p>\n<p><a href=\"https:\/\/api.whatsapp.com\/send?phone=+34623300425\"><img loading=\"lazy\" decoding=\"async\" class=\"mobileonly alignnone wp-image-220 size-full\" src=\"https:\/\/motorcycles-go.com\/wp-content\/uploads\/2020\/07\/whatsapp-button2.png\" alt=\"\" width=\"720\" height=\"241\" srcset=\"https:\/\/motorcycles-go.com\/wp-content\/uploads\/2020\/07\/whatsapp-button2.png 720w, https:\/\/motorcycles-go.com\/wp-content\/uploads\/2020\/07\/whatsapp-button2-300x100.png 300w, https:\/\/motorcycles-go.com\/wp-content\/uploads\/2020\/07\/whatsapp-button2-1x1.png 1w\" sizes=\"auto, (max-width: 720px) 100vw, 720px\" \/><\/a><\/p>\n\n<div class=\"wpcf7 no-js\" id=\"wpcf7-f106-o4\" lang=\"en-US\" dir=\"ltr\" data-wpcf7-id=\"106\">\n<div class=\"screen-reader-response\"><p role=\"status\" aria-live=\"polite\" aria-atomic=\"true\"><\/p> <ul><\/ul><\/div>\n<form action=\"\/ga\/wp-json\/wp\/v2\/pages\/38#wpcf7-f106-o4\" method=\"post\" class=\"wpcf7-form init\" aria-label=\"Contact form\" novalidate=\"novalidate\" data-status=\"init\">\n<fieldset class=\"hidden-fields-container\"><input type=\"hidden\" name=\"_wpcf7\" value=\"106\" \/><input type=\"hidden\" name=\"_wpcf7_version\" value=\"6.1.5\" \/><input type=\"hidden\" name=\"_wpcf7_locale\" value=\"en_US\" \/><input type=\"hidden\" name=\"_wpcf7_unit_tag\" value=\"wpcf7-f106-o4\" \/><input type=\"hidden\" name=\"_wpcf7_container_post\" value=\"0\" \/><input type=\"hidden\" name=\"_wpcf7_posted_data_hash\" value=\"\" \/>\n<\/fieldset>\n<div id=\"quote\">\n\t<p><span class=\"wpcf7-form-control-wrap\" data-name=\"mcg-name\"><input size=\"40\" maxlength=\"400\" class=\"wpcf7-form-control wpcf7-text wpcf7-validates-as-required mcg\" aria-required=\"true\" aria-invalid=\"false\" placeholder=\"do ainm\" value=\"\" type=\"text\" name=\"mcg-name\" \/><\/span><br \/>\n<span class=\"wpcf7-form-control-wrap\" data-name=\"mcg-phone\"><input size=\"40\" maxlength=\"400\" class=\"wpcf7-form-control wpcf7-tel wpcf7-validates-as-required wpcf7-text wpcf7-validates-as-tel mcg\" aria-required=\"true\" aria-invalid=\"false\" placeholder=\"uimhir theileaf\u00f3in\" value=\"\" type=\"tel\" name=\"mcg-phone\" \/><\/span><br \/>\n<span class=\"wpcf7-form-control-wrap\" data-name=\"mcg-email\"><input size=\"40\" maxlength=\"400\" class=\"wpcf7-form-control wpcf7-email wpcf7-validates-as-required wpcf7-text wpcf7-validates-as-email mcg\" aria-required=\"true\" aria-invalid=\"false\" placeholder=\"do sheoladh r\u00edomhphoist\" value=\"\" type=\"email\" name=\"mcg-email\" \/><\/span><br \/>\n\t<hr \/><br \/>\n<span class=\"wpcf7-form-control-wrap\" data-name=\"mcg-make\"><input size=\"40\" maxlength=\"400\" class=\"wpcf7-form-control wpcf7-text wpcf7-validates-as-required mcg\" aria-required=\"true\" aria-invalid=\"false\" placeholder=\"d\u00e9anamh &amp; samhail de do ghluaisrothar\" value=\"\" type=\"text\" name=\"mcg-make\" \/><\/span><br \/>\n<span class=\"wpcf7-form-control-wrap\" data-name=\"mcg-collection\"><input size=\"40\" maxlength=\"400\" class=\"wpcf7-form-control wpcf7-text wpcf7-validates-as-required mcg\" aria-required=\"true\" aria-invalid=\"false\" placeholder=\"baili\u00fach\u00e1n \u00d3\" value=\"\" type=\"text\" name=\"mcg-collection\" \/><\/span><span class=\"wpcf7-form-control-wrap\" data-name=\"mcg-delivery\"><input size=\"40\" maxlength=\"400\" class=\"wpcf7-form-control wpcf7-text wpcf7-validates-as-required mcg\" aria-required=\"true\" aria-invalid=\"false\" placeholder=\"seachadadh TO\" value=\"\" type=\"text\" name=\"mcg-delivery\" \/><\/span><br \/>\n<br style=\"clear:both;\" \/>\n\t<hr \/><br \/>\n<span class=\"wpcf7-form-control-wrap\" data-name=\"fromdepot\"><span class=\"wpcf7-form-control wpcf7-checkbox wpcf7-exclusive-checkbox mcg\"><span class=\"wpcf7-list-item first\"><input type=\"checkbox\" name=\"fromdepot\" value=\"Ba mhaith liom baili\u00fa agus seachadadh chuig mo dhoras.\" \/><span class=\"wpcf7-list-item-label\">Ba mhaith liom baili\u00fa agus seachadadh chuig mo dhoras.<\/span><\/span><span class=\"wpcf7-list-item last\"><input type=\"checkbox\" name=\"fromdepot\" value=\"Is f\u00e9idir liom seachadadh chuig do iosta\u00ed agus iad a bhaili\u00fa uathu.\" \/><span class=\"wpcf7-list-item-label\">Is f\u00e9idir liom seachadadh chuig do iosta\u00ed agus iad a bhaili\u00fa uathu.<\/span><\/span><\/span><\/span><br \/>\n\t<hr \/><br \/>\n<span class=\"wpcf7-form-control-wrap\" data-name=\"mcgruns\"><span class=\"wpcf7-form-control wpcf7-checkbox wpcf7-exclusive-checkbox mcg\"><span class=\"wpcf7-list-item first\"><input type=\"checkbox\" name=\"mcgruns\" value=\"Ritheann mo ghluaisrothar i gceart.\" \/><span class=\"wpcf7-list-item-label\">Ritheann mo ghluaisrothar i gceart.<\/span><\/span><span class=\"wpcf7-list-item last\"><input type=\"checkbox\" name=\"mcgruns\" value=\"N\u00cd Rithfidh mo ghluaisrothar.\" \/><span class=\"wpcf7-list-item-label\">N\u00cd Rithfidh mo ghluaisrothar.<\/span><\/span><\/span><\/span><br \/>\n\t<hr \/>\n\t<\/p>\n\t<p>M\u00e1 t\u00e1 d\u00e1ta ar leith i gcuimhne agat, cuir in i\u00fal d\u00fainn, n\u00f3 tabhair tuairim d\u00fainn faoi cathain ar mhaith leat do rothar a sheoladh. E.g., \"Deireadh M\u00e1rta\".\n\t<\/p>\n\t<p><span class=\"wpcf7-form-control-wrap\" data-name=\"mcg-date\"><input size=\"40\" maxlength=\"400\" class=\"wpcf7-form-control wpcf7-text wpcf7-validates-as-required mcg\" aria-required=\"true\" aria-invalid=\"false\" placeholder=\"d\u00e1ta bailithe \/ seachadta\" value=\"\" type=\"text\" name=\"mcg-date\" \/><\/span><br \/>\n<span class=\"wpcf7-form-control-wrap\" data-name=\"capital-quiz\"><label><span class=\"wpcf7-quiz-label\">Chun stop a chur leis na spammers... An bhf\u00e9adf\u00e1 a r\u00e1 linn c\u00e9 acu uimhir is m\u00f3... 2 n\u00f3 8?<\/span> <input size=\"40\" class=\"wpcf7-form-control wpcf7-quiz\" autocomplete=\"off\" aria-required=\"true\" aria-invalid=\"false\" type=\"text\" name=\"capital-quiz\" \/><\/label><input type=\"hidden\" name=\"_wpcf7_quiz_answer_capital-quiz\" value=\"054089d0f1ed276ec24074ad115e1e09\" \/><\/span><br \/>\n\t<div class=\"wpcf7-response-output\" aria-hidden=\"true\"><\/div><br \/>\n<input class=\"wpcf7-form-control wpcf7-submit has-spinner mcg\" type=\"submit\" value=\"Faigh do luachan!\" \/>\n\t<\/p>\n<\/div>\n<\/form>\n<\/div>\n\n<p>&nbsp;<\/p>\n<h2>Iompar Gluaisrothar Athfhriotail<\/h2>\n<p>Lig d\u00fainn a lua m\u00e1 theasta\u00edonn uait do ghluaisrothar a iompar \u00f3 \u00c9irinn go dt\u00ed an Phortaing\u00e9il n\u00f3 an Sp\u00e1inn n\u00f3 uaithi. N\u00ed bheidh d\u00edom\u00e1 ort!<\/p>\n<figure id=\"attachment_469\" aria-describedby=\"caption-attachment-469\" style=\"width: 1200px\" class=\"wp-caption alignnone\"><img loading=\"lazy\" decoding=\"async\" class=\"notonmobile wp-image-469 size-full\" src=\"https:\/\/motorcycles-go.com\/wp-content\/uploads\/2022\/06\/Athfhriotail-Luach-Gluaisrothar-Iompar-Loingseoireacht-Gluaisrothar-o-Eirinn-go-dti-an-Phortaingeil.jpg\" alt=\"Athfhriotail - Luach Gluaisrothar Iompar, Loingseoireacht Gluaisrothar \u00f3 \u00c9irinn go dt\u00ed an Phortaing\u00e9il\" width=\"1200\" height=\"630\" srcset=\"https:\/\/motorcycles-go.com\/wp-content\/uploads\/2022\/06\/Athfhriotail-Luach-Gluaisrothar-Iompar-Loingseoireacht-Gluaisrothar-o-Eirinn-go-dti-an-Phortaingeil.jpg 1200w, https:\/\/motorcycles-go.com\/wp-content\/uploads\/2022\/06\/Athfhriotail-Luach-Gluaisrothar-Iompar-Loingseoireacht-Gluaisrothar-o-Eirinn-go-dti-an-Phortaingeil-300x158.jpg 300w, https:\/\/motorcycles-go.com\/wp-content\/uploads\/2022\/06\/Athfhriotail-Luach-Gluaisrothar-Iompar-Loingseoireacht-Gluaisrothar-o-Eirinn-go-dti-an-Phortaingeil-1024x538.jpg 1024w, https:\/\/motorcycles-go.com\/wp-content\/uploads\/2022\/06\/Athfhriotail-Luach-Gluaisrothar-Iompar-Loingseoireacht-Gluaisrothar-o-Eirinn-go-dti-an-Phortaingeil-768x403.jpg 768w, https:\/\/motorcycles-go.com\/wp-content\/uploads\/2022\/06\/Athfhriotail-Luach-Gluaisrothar-Iompar-Loingseoireacht-Gluaisrothar-o-Eirinn-go-dti-an-Phortaingeil-1x1.jpg 1w\" sizes=\"auto, (max-width: 1200px) 100vw, 1200px\" \/><figcaption id=\"caption-attachment-469\" class=\"wp-caption-text\">Athfhriotail &#8211; Luach Gluaisrothar Iompar, Loingseoireacht Gluaisrothar \u00f3 \u00c9irinn go dt\u00ed an Phortaing\u00e9il<\/figcaption><\/figure>\n<h3>Athfhriotail Loingseoireacht Gluaisrothar &#8211; \u00c9ire agus an Phortaing\u00e9il<\/h3>\n<p>Ritheann \u00e1r n-iompar rialta idir \u00c9irinn agus an Phortaing\u00e9il &#8211; agus n\u00edos faide ar feadh ch\u00f3sta\u00ed theas na Sp\u00e1inne &#8211; r\u00e1tha\u00edocht duit go bhfaighidh t\u00fa an luachan is fearr is f\u00e9idir! Cialla\u00edonn \u00e1r rialtacht gur f\u00e9idir linn an iliomad saincheist l\u00f3ist\u00edochta a phlean\u00e1il agus a fhorghn\u00edomh\u00fa chomh h\u00e9ifeachtach agus is f\u00e9idir, rud a chialla\u00edonn nach bhfuil ann ach na comhartha\u00ed athfhriotail is fearr!<\/p>\n<p>D\u00e9anaimid \u00e1r nd\u00edcheall a bheith i dteagmh\u00e1il i gc\u00f3na\u00ed agus do ghluaisrothar \u00e1 iompar. Uaireanta, n\u00ed f\u00e9idir \u00e9 seo a dh\u00e9anamh, ach t\u00e1imid br\u00f3d\u00fail as \u00e1r gc\u00faram custaim\u00e9ir\u00ed. Is f\u00e9idir leat teagmh\u00e1il a dh\u00e9anamh linn ag beagnach am ar bith le linn na seirbh\u00edse loingseoireachta. N\u00ed g\u00e1 a bheith buartha, t\u00e1 do rothar l\u00f3mhar i l\u00e1mha s\u00e1bh\u00e1ilte!<\/p>\n<p>Is f\u00e9idir linn st\u00f3r\u00e1il do ghluaisrothar a eagr\u00fa, freisin! T\u00e1 tr\u00ed iosta st\u00f3r\u00e1la againn i Manchain, Almeria agus an Algarve.<\/p>\n<h3>Iosta\u00ed Iompair Gluaisrothar in \u00c9irinn, sa Phortaing\u00e9il agus sa Sp\u00e1inn<\/h3>\n<ul>\n<li><strong>Loule, an Algarve, an Phortaing\u00e9il<\/strong><br \/>\nCamino Dos Giros, Quattro Estradas, Loule 8100-579, an Phortaing\u00e9il. Teileaf\u00f3n An Phortaing\u00e9il: (+351) 930 658 660.<\/li>\n<li><strong>Baile \u00c1tha Cliath, \u00c9ire<\/strong><br \/>\nSeoladh \u00farnua \u00e1 dheimhni\u00fa agus m\u00e9 ag cl\u00f3scr\u00edobh.<\/li>\n<\/ul>\n<p><\/p>","protected":false},"excerpt":{"rendered":"<p>Iompar Gluaisrothar Athfhriotail. Comhl\u00e1naigh an fhoirm thapa agus cuirfimid ar ais chugat go han-tapa le do luachan is fearr! Is iad \u00e1r seirbh\u00eds\u00ed iontaofa agus \u00e9ifeachtacha n\u00e1 do r\u00e1tha\u00edocht go nd\u00e9anfar jab ar ardchaighde\u00e1n! F\u00e1g do chuid sonra\u00ed th\u00edos agus b\u00edmis ag caint! Sleachta loingseoireachta gluaisrothair idir \u00c9ire agus an Phortaing\u00e9il, agus beag\u00e1n n\u00edos faide [&hellip;]<\/p>\n","protected":false},"author":1,"featured_media":248,"parent":0,"menu_order":50,"comment_status":"closed","ping_status":"closed","template":"","meta":{"yasr_overall_rating":0,"yasr_post_is_review":"","yasr_auto_insert_disabled":"","yasr_review_type":"","footnotes":""},"class_list":["post-38","page","type-page","status-publish","has-post-thumbnail","hentry"],"yoast_head":"<!-- This site is optimized with the Yoast SEO plugin v27.4 - https:\/\/yoast.com\/product\/yoast-seo-wordpress\/ -->\n<title>Iompar Gluaisrothar Athfhriotail. Seirbh\u00eds Loingseoireachta Gluaisrothar na hEorpa.<\/title>\n<meta name=\"description\" content=\"Iompar Gluaisrothar Athfhriotail. Comhl\u00e1naigh an fhoirm thapa agus cuirfimid ar ais chugat go han-tapa le do luachan is fearr!\" \/>\n<meta name=\"robots\" content=\"index, follow, max-snippet:-1, max-image-preview:large, max-video-preview:-1\" \/>\n<link rel=\"canonical\" href=\"https:\/\/motorcycles-go.com\/motorcycle-transport-quote\/\" \/>\n<meta property=\"og:locale\" content=\"en_US\" \/>\n<meta property=\"og:type\" content=\"article\" \/>\n<meta property=\"og:title\" content=\"[:en]Motorcycle Transport Quote. European Motorbike Shipping Service.[:es]Cotizaci\u00f3n de transporte de motos. Servicio de transporte europeo de motos.[:pt]Cota\u00e7\u00e3o de transporte de motocicleta. Servi\u00e7o Europeu de Transporte de Motos.[:ga]Iompar Gluaisrothar Athfhriotail. Seirbh\u00eds Loingseoireachta Gluaisrothar na hEorpa.[:]\" \/>\n<meta property=\"og:description\" content=\"{:en}Motorcycle Transport Quote.\u00a0 Complete the quick form and we&#039;ll get back to you very quickly with your best quote!{:es}Cotizaci\u00f3n de transporte de motos. Complete el formulario r\u00e1pido y nos comunicaremos con usted muy r\u00e1pidamente con su mejor cotizaci\u00f3n.{:pt}Cota\u00e7\u00e3o de transporte de motocicleta. Preencha o formul\u00e1rio r\u00e1pido e entraremos em contato com voc\u00ea rapidamente com sua melhor cota\u00e7\u00e3o!{:ga}Iompar Gluaisrothar Athfhriotail. Comhl\u00e1naigh an fhoirm thapa agus cuirfimid ar ais chugat go han-tapa le do luachan is fearr!{:}\" \/>\n<meta property=\"og:url\" content=\"https:\/\/motorcycles-go.com\/motorcycle-transport-quote\/\" \/>\n<meta property=\"og:site_name\" content=\"Motorcycles-Go.com\" \/>\n<meta property=\"article:modified_time\" content=\"2024-04-08T16:08:16+00:00\" \/>\n<meta property=\"og:image\" content=\"https:\/\/motorcycles-go.com\/wp-content\/uploads\/2020\/07\/Motorcycle-Transport-Quote-OG01.jpg\" \/>\n\t<meta property=\"og:image:width\" content=\"1200\" \/>\n\t<meta property=\"og:image:height\" content=\"630\" \/>\n\t<meta property=\"og:image:type\" content=\"image\/jpeg\" \/>\n<meta name=\"twitter:card\" content=\"summary_large_image\" \/>\n<meta name=\"twitter:label1\" content=\"Est. reading time\" \/>\n\t<meta name=\"twitter:data1\" content=\"7 minutes\" \/>\n<script type=\"application\/ld+json\" class=\"yoast-schema-graph\">{\"@context\":\"https:\\\/\\\/schema.org\",\"@graph\":[{\"@type\":\"WebPage\",\"@id\":\"https:\\\/\\\/motorcycles-go.com\\\/motorcycle-transport-quote\\\/\",\"url\":\"https:\\\/\\\/motorcycles-go.com\\\/motorcycle-transport-quote\\\/\",\"name\":\"[:en]Motorcycle Transport Quote. European Motorbike Shipping Service.[:es]Cotizaci\u00f3n de transporte de motos. Servicio de transporte europeo de motos.[:pt]Cota\u00e7\u00e3o de transporte de motocicleta. Servi\u00e7o Europeu de Transporte de Motos.[:ga]Iompar Gluaisrothar Athfhriotail. Seirbh\u00eds Loingseoireachta Gluaisrothar na hEorpa.[:]\",\"isPartOf\":{\"@id\":\"https:\\\/\\\/motorcycles-go.com\\\/#website\"},\"primaryImageOfPage\":{\"@id\":\"https:\\\/\\\/motorcycles-go.com\\\/motorcycle-transport-quote\\\/#primaryimage\"},\"image\":{\"@id\":\"https:\\\/\\\/motorcycles-go.com\\\/motorcycle-transport-quote\\\/#primaryimage\"},\"thumbnailUrl\":\"https:\\\/\\\/motorcycles-go.com\\\/wp-content\\\/uploads\\\/2020\\\/07\\\/Motorcycle-Transport-Quote-OG01.jpg\",\"datePublished\":\"2020-06-25T18:09:53+00:00\",\"dateModified\":\"2024-04-08T16:08:16+00:00\",\"description\":\"{:en}Motorcycle Transport Quote.\u00a0 Complete the quick form and we'll get back to you very quickly with your best quote!{:es}Cotizaci\u00f3n de transporte de motos. Complete el formulario r\u00e1pido y nos comunicaremos con usted muy r\u00e1pidamente con su mejor cotizaci\u00f3n.{:pt}Cota\u00e7\u00e3o de transporte de motocicleta. Preencha o formul\u00e1rio r\u00e1pido e entraremos em contato com voc\u00ea rapidamente com sua melhor cota\u00e7\u00e3o!{:ga}Iompar Gluaisrothar Athfhriotail. Comhl\u00e1naigh an fhoirm thapa agus cuirfimid ar ais chugat go han-tapa le do luachan is fearr!{:}\",\"breadcrumb\":{\"@id\":\"https:\\\/\\\/motorcycles-go.com\\\/motorcycle-transport-quote\\\/#breadcrumb\"},\"inLanguage\":\"ga-GA\",\"potentialAction\":[{\"@type\":\"ReadAction\",\"target\":[\"https:\\\/\\\/motorcycles-go.com\\\/motorcycle-transport-quote\\\/\"]}]},{\"@type\":\"ImageObject\",\"inLanguage\":\"ga-GA\",\"@id\":\"https:\\\/\\\/motorcycles-go.com\\\/motorcycle-transport-quote\\\/#primaryimage\",\"url\":\"https:\\\/\\\/motorcycles-go.com\\\/wp-content\\\/uploads\\\/2020\\\/07\\\/Motorcycle-Transport-Quote-OG01.jpg\",\"contentUrl\":\"https:\\\/\\\/motorcycles-go.com\\\/wp-content\\\/uploads\\\/2020\\\/07\\\/Motorcycle-Transport-Quote-OG01.jpg\",\"width\":1200,\"height\":630,\"caption\":\"Motorcycle Transport Quote OG01\"},{\"@type\":\"BreadcrumbList\",\"@id\":\"https:\\\/\\\/motorcycles-go.com\\\/motorcycle-transport-quote\\\/#breadcrumb\",\"itemListElement\":[{\"@type\":\"ListItem\",\"position\":1,\"name\":\"Home\",\"item\":\"https:\\\/\\\/motorcycles-go.com\\\/\"},{\"@type\":\"ListItem\",\"position\":2,\"name\":\"Motorcycle Transport Quote\"}]},{\"@type\":\"WebSite\",\"@id\":\"https:\\\/\\\/motorcycles-go.com\\\/#website\",\"url\":\"https:\\\/\\\/motorcycles-go.com\\\/\",\"name\":\"Motorcycles-Go.com\",\"description\":\"Motorcycle transport specialists.  UK, Spain, Portugal.\",\"publisher\":{\"@id\":\"https:\\\/\\\/motorcycles-go.com\\\/#organization\"},\"potentialAction\":[{\"@type\":\"SearchAction\",\"target\":{\"@type\":\"EntryPoint\",\"urlTemplate\":\"https:\\\/\\\/motorcycles-go.com\\\/?s={search_term_string}\"},\"query-input\":{\"@type\":\"PropertyValueSpecification\",\"valueRequired\":true,\"valueName\":\"search_term_string\"}}],\"inLanguage\":\"ga-GA\"},{\"@type\":\"Organization\",\"@id\":\"https:\\\/\\\/motorcycles-go.com\\\/#organization\",\"name\":\"Motorcycles-Go.com\",\"url\":\"https:\\\/\\\/motorcycles-go.com\\\/\",\"logo\":{\"@type\":\"ImageObject\",\"inLanguage\":\"ga-GA\",\"@id\":\"https:\\\/\\\/motorcycles-go.com\\\/#\\\/schema\\\/logo\\\/image\\\/\",\"url\":\"https:\\\/\\\/motorcycles-go.com\\\/wp-content\\\/uploads\\\/2020\\\/07\\\/Motrocycles-Go-Logo-Sml.png\",\"contentUrl\":\"https:\\\/\\\/motorcycles-go.com\\\/wp-content\\\/uploads\\\/2020\\\/07\\\/Motrocycles-Go-Logo-Sml.png\",\"width\":300,\"height\":45,\"caption\":\"Motorcycles-Go.com\"},\"image\":{\"@id\":\"https:\\\/\\\/motorcycles-go.com\\\/#\\\/schema\\\/logo\\\/image\\\/\"}},false]}<\/script>\n<!-- \/ Yoast SEO plugin. -->","yoast_head_json":{"title":"Iompar Gluaisrothar Athfhriotail. Seirbh\u00eds Loingseoireachta Gluaisrothar na hEorpa.","description":"Iompar Gluaisrothar Athfhriotail. Comhl\u00e1naigh an fhoirm thapa agus cuirfimid ar ais chugat go han-tapa le do luachan is fearr!","robots":{"index":"index","follow":"follow","max-snippet":"max-snippet:-1","max-image-preview":"max-image-preview:large","max-video-preview":"max-video-preview:-1"},"canonical":"https:\/\/motorcycles-go.com\/motorcycle-transport-quote\/","og_locale":"en_US","og_type":"article","og_title":"[:en]Motorcycle Transport Quote. European Motorbike Shipping Service.[:es]Cotizaci\u00f3n de transporte de motos. Servicio de transporte europeo de motos.[:pt]Cota\u00e7\u00e3o de transporte de motocicleta. Servi\u00e7o Europeu de Transporte de Motos.[:ga]Iompar Gluaisrothar Athfhriotail. Seirbh\u00eds Loingseoireachta Gluaisrothar na hEorpa.[:]","og_description":"{:en}Motorcycle Transport Quote.\u00a0 Complete the quick form and we'll get back to you very quickly with your best quote!{:es}Cotizaci\u00f3n de transporte de motos. Complete el formulario r\u00e1pido y nos comunicaremos con usted muy r\u00e1pidamente con su mejor cotizaci\u00f3n.{:pt}Cota\u00e7\u00e3o de transporte de motocicleta. Preencha o formul\u00e1rio r\u00e1pido e entraremos em contato com voc\u00ea rapidamente com sua melhor cota\u00e7\u00e3o!{:ga}Iompar Gluaisrothar Athfhriotail. Comhl\u00e1naigh an fhoirm thapa agus cuirfimid ar ais chugat go han-tapa le do luachan is fearr!{:}","og_url":"https:\/\/motorcycles-go.com\/motorcycle-transport-quote\/","og_site_name":"Motorcycles-Go.com","article_modified_time":"2024-04-08T16:08:16+00:00","og_image":[{"width":1200,"height":630,"url":"https:\/\/motorcycles-go.com\/wp-content\/uploads\/2020\/07\/Motorcycle-Transport-Quote-OG01.jpg","type":"image\/jpeg"}],"twitter_card":"summary_large_image","twitter_misc":{"Est. reading time":"7 minutes"},"schema":{"@context":"https:\/\/schema.org","@graph":[{"@type":"WebPage","@id":"https:\/\/motorcycles-go.com\/motorcycle-transport-quote\/","url":"https:\/\/motorcycles-go.com\/motorcycle-transport-quote\/","name":"[:en]Motorcycle Transport Quote. European Motorbike Shipping Service.[:es]Cotizaci\u00f3n de transporte de motos. Servicio de transporte europeo de motos.[:pt]Cota\u00e7\u00e3o de transporte de motocicleta. Servi\u00e7o Europeu de Transporte de Motos.[:ga]Iompar Gluaisrothar Athfhriotail. Seirbh\u00eds Loingseoireachta Gluaisrothar na hEorpa.[:]","isPartOf":{"@id":"https:\/\/motorcycles-go.com\/#website"},"primaryImageOfPage":{"@id":"https:\/\/motorcycles-go.com\/motorcycle-transport-quote\/#primaryimage"},"image":{"@id":"https:\/\/motorcycles-go.com\/motorcycle-transport-quote\/#primaryimage"},"thumbnailUrl":"https:\/\/motorcycles-go.com\/wp-content\/uploads\/2020\/07\/Motorcycle-Transport-Quote-OG01.jpg","datePublished":"2020-06-25T18:09:53+00:00","dateModified":"2024-04-08T16:08:16+00:00","description":"{:en}Motorcycle Transport Quote.\u00a0 Complete the quick form and we'll get back to you very quickly with your best quote!{:es}Cotizaci\u00f3n de transporte de motos. Complete el formulario r\u00e1pido y nos comunicaremos con usted muy r\u00e1pidamente con su mejor cotizaci\u00f3n.{:pt}Cota\u00e7\u00e3o de transporte de motocicleta. Preencha o formul\u00e1rio r\u00e1pido e entraremos em contato com voc\u00ea rapidamente com sua melhor cota\u00e7\u00e3o!{:ga}Iompar Gluaisrothar Athfhriotail. Comhl\u00e1naigh an fhoirm thapa agus cuirfimid ar ais chugat go han-tapa le do luachan is fearr!{:}","breadcrumb":{"@id":"https:\/\/motorcycles-go.com\/motorcycle-transport-quote\/#breadcrumb"},"inLanguage":"ga-GA","potentialAction":[{"@type":"ReadAction","target":["https:\/\/motorcycles-go.com\/motorcycle-transport-quote\/"]}]},{"@type":"ImageObject","inLanguage":"ga-GA","@id":"https:\/\/motorcycles-go.com\/motorcycle-transport-quote\/#primaryimage","url":"https:\/\/motorcycles-go.com\/wp-content\/uploads\/2020\/07\/Motorcycle-Transport-Quote-OG01.jpg","contentUrl":"https:\/\/motorcycles-go.com\/wp-content\/uploads\/2020\/07\/Motorcycle-Transport-Quote-OG01.jpg","width":1200,"height":630,"caption":"Motorcycle Transport Quote OG01"},{"@type":"BreadcrumbList","@id":"https:\/\/motorcycles-go.com\/motorcycle-transport-quote\/#breadcrumb","itemListElement":[{"@type":"ListItem","position":1,"name":"Home","item":"https:\/\/motorcycles-go.com\/"},{"@type":"ListItem","position":2,"name":"Motorcycle Transport Quote"}]},{"@type":"WebSite","@id":"https:\/\/motorcycles-go.com\/#website","url":"https:\/\/motorcycles-go.com\/","name":"Motorcycles-Go.com","description":"Motorcycle transport specialists.  UK, Spain, Portugal.","publisher":{"@id":"https:\/\/motorcycles-go.com\/#organization"},"potentialAction":[{"@type":"SearchAction","target":{"@type":"EntryPoint","urlTemplate":"https:\/\/motorcycles-go.com\/?s={search_term_string}"},"query-input":{"@type":"PropertyValueSpecification","valueRequired":true,"valueName":"search_term_string"}}],"inLanguage":"ga-GA"},{"@type":"Organization","@id":"https:\/\/motorcycles-go.com\/#organization","name":"Motorcycles-Go.com","url":"https:\/\/motorcycles-go.com\/","logo":{"@type":"ImageObject","inLanguage":"ga-GA","@id":"https:\/\/motorcycles-go.com\/#\/schema\/logo\/image\/","url":"https:\/\/motorcycles-go.com\/wp-content\/uploads\/2020\/07\/Motrocycles-Go-Logo-Sml.png","contentUrl":"https:\/\/motorcycles-go.com\/wp-content\/uploads\/2020\/07\/Motrocycles-Go-Logo-Sml.png","width":300,"height":45,"caption":"Motorcycles-Go.com"},"image":{"@id":"https:\/\/motorcycles-go.com\/#\/schema\/logo\/image\/"}},false]}},"yasr_visitor_votes":{"stars_attributes":{"read_only":false,"span_bottom":false},"number_of_votes":0,"sum_votes":0},"_links":{"self":[{"href":"https:\/\/motorcycles-go.com\/ga\/wp-json\/wp\/v2\/pages\/38","targetHints":{"allow":["GET"]}}],"collection":[{"href":"https:\/\/motorcycles-go.com\/ga\/wp-json\/wp\/v2\/pages"}],"about":[{"href":"https:\/\/motorcycles-go.com\/ga\/wp-json\/wp\/v2\/types\/page"}],"author":[{"embeddable":true,"href":"https:\/\/motorcycles-go.com\/ga\/wp-json\/wp\/v2\/users\/1"}],"replies":[{"embeddable":true,"href":"https:\/\/motorcycles-go.com\/ga\/wp-json\/wp\/v2\/comments?post=38"}],"version-history":[{"count":26,"href":"https:\/\/motorcycles-go.com\/ga\/wp-json\/wp\/v2\/pages\/38\/revisions"}],"predecessor-version":[{"id":522,"href":"https:\/\/motorcycles-go.com\/ga\/wp-json\/wp\/v2\/pages\/38\/revisions\/522"}],"wp:featuredmedia":[{"embeddable":true,"href":"https:\/\/motorcycles-go.com\/ga\/wp-json\/wp\/v2\/media\/248"}],"wp:attachment":[{"href":"https:\/\/motorcycles-go.com\/ga\/wp-json\/wp\/v2\/media?parent=38"}],"curies":[{"name":"wp","href":"https:\/\/api.w.org\/{rel}","templated":true}]}}