{"id":392,"date":"2021-05-11T11:35:43","date_gmt":"2021-05-11T11:35:43","guid":{"rendered":"https:\/\/motorcycles-go.com\/?page_id=392"},"modified":"2024-04-08T16:09:13","modified_gmt":"2024-04-08T16:09:13","slug":"motorcycle-transport-ireland-to-portugal","status":"publish","type":"page","link":"https:\/\/motorcycles-go.com\/ga\/gluaisrothar-iompar-eireann-go-dti-an-phortaingeil\/","title":{"rendered":"Motorcycle Transport Ireland to Portugal"},"content":{"rendered":"<p>ga<\/p>\n<p><\/p>","protected":false},"excerpt":{"rendered":"<p>Motorbike Shipping from Ireland to Portugal, it&#8217;s what we do best!\u00a0 Motorcycles-Go.com operate a container transport service for motorcycles\/motorbikes, between our Dublin depot in Ireland and our Portugal depot, down on the sunny Algarve!\u00a0 If you need your motorbike shipping between Ireland and Portugal &#8211; even the Spanish Costas, along the Marbella &#8211; we give a great service at a great price!\u00a0 Quote below.<\/p>\n","protected":false},"author":1,"featured_media":0,"parent":0,"menu_order":0,"comment_status":"closed","ping_status":"closed","template":"","meta":{"yasr_overall_rating":0,"yasr_post_is_review":"","yasr_auto_insert_disabled":"","yasr_review_type":"","footnotes":""},"class_list":["post-392","page","type-page","status-publish","hentry"],"yoast_head":"<!-- This site is optimized with the Yoast SEO plugin v27.3 - https:\/\/yoast.com\/product\/yoast-seo-wordpress\/ -->\n<title>Gluaisrothar Iompar \u00c9ireann go dt\u00ed an Phortaing\u00e9il. Sleachta is Fearr do Sheoladh Rothar.<\/title>\n<meta name=\"description\" content=\"Gluaisrothar Iompar \u00c9ireann go dt\u00ed an Phortaing\u00e9il. Iontaofa, seirbh\u00eds ghairmi\u00fail. Go mbainfidh t\u00fa taitneamh as \u00e1r n-Amhr\u00e1n! Gluaisrothair-Go.com.\" \/>\n<meta name=\"robots\" content=\"index, follow, max-snippet:-1, max-image-preview:large, max-video-preview:-1\" \/>\n<link rel=\"canonical\" href=\"https:\/\/motorcycles-go.com\/motorcycle-transport-ireland-to-portugal\/\" \/>\n<meta property=\"og:locale\" content=\"en_US\" \/>\n<meta property=\"og:type\" content=\"article\" \/>\n<meta property=\"og:title\" content=\"[:en]Motorcycle Transport Ireland to Portugal. Best Bike Shipping Quotes.[:es]Transporte de Motos de Irlanda a Portugal. Las mejores cotizaciones de env\u00edo de bicicletas.[:pt]Transporte de Motos da Irlanda para Portugal. Melhores Cota\u00e7\u00f5es de Transporte de Bicicletas.[:ga]Gluaisrothar Iompar \u00c9ireann go dt\u00ed an Phortaing\u00e9il. Sleachta is Fearr do Sheoladh Rothar.[:]\" \/>\n<meta property=\"og:description\" content=\"{:en}Motorcycle Transport Ireland to Portugal. Reliable, professional service. You&#039;ll like our Quote! Motorcycles-Go.com.{:es}Transporte de Motos de Irlanda a Portugal. Servicio confiable y profesional. \u00a1Te gustar\u00e1 nuestra cotizaci\u00f3n! Motos-Go.com.{:pt}Transporte de Motos da Irlanda para Portugal. Servi\u00e7o confi\u00e1vel e profissional. Voc\u00ea vai gostar do nosso or\u00e7amento! Motorcycles-Go. com.{:ga}Gluaisrothar Iompar \u00c9ireann go dt\u00ed an Phortaing\u00e9il. Iontaofa, seirbh\u00eds ghairmi\u00fail. Go mbainfidh t\u00fa taitneamh as \u00e1r n-Amhr\u00e1n! Gluaisrothair-Go.com.{:}\" \/>\n<meta property=\"og:url\" content=\"https:\/\/motorcycles-go.com\/motorcycle-transport-ireland-to-portugal\/\" \/>\n<meta property=\"og:site_name\" content=\"Motorcycles-Go.com\" \/>\n<meta property=\"article:modified_time\" content=\"2024-04-08T16:09:13+00:00\" \/>\n<meta property=\"og:image\" content=\"https:\/\/motorcycles-go.com\/wp-content\/uploads\/2021\/05\/Motorcycle-Transport-Ireland-to-Portugal.jpg\" \/>\n<meta name=\"twitter:card\" content=\"summary_large_image\" \/>\n<meta name=\"twitter:label1\" content=\"Est. reading time\" \/>\n\t<meta name=\"twitter:data1\" content=\"3 minutes\" \/>\n<script type=\"application\/ld+json\" class=\"yoast-schema-graph\">{\"@context\":\"https:\\\/\\\/schema.org\",\"@graph\":[{\"@type\":\"WebPage\",\"@id\":\"https:\\\/\\\/motorcycles-go.com\\\/motorcycle-transport-ireland-to-portugal\\\/\",\"url\":\"https:\\\/\\\/motorcycles-go.com\\\/motorcycle-transport-ireland-to-portugal\\\/\",\"name\":\"[:en]Motorcycle Transport Ireland to Portugal. Best Bike Shipping Quotes.[:es]Transporte de Motos de Irlanda a Portugal. Las mejores cotizaciones de env\u00edo de bicicletas.[:pt]Transporte de Motos da Irlanda para Portugal. Melhores Cota\u00e7\u00f5es de Transporte de Bicicletas.[:ga]Gluaisrothar Iompar \u00c9ireann go dt\u00ed an Phortaing\u00e9il. Sleachta is Fearr do Sheoladh Rothar.[:]\",\"isPartOf\":{\"@id\":\"https:\\\/\\\/motorcycles-go.com\\\/#website\"},\"primaryImageOfPage\":{\"@id\":\"https:\\\/\\\/motorcycles-go.com\\\/motorcycle-transport-ireland-to-portugal\\\/#primaryimage\"},\"image\":{\"@id\":\"https:\\\/\\\/motorcycles-go.com\\\/motorcycle-transport-ireland-to-portugal\\\/#primaryimage\"},\"thumbnailUrl\":\"https:\\\/\\\/motorcycles-go.com\\\/wp-content\\\/uploads\\\/2021\\\/05\\\/Motorcycle-Transport-Ireland-to-Portugal.jpg\",\"datePublished\":\"2021-05-11T11:35:43+00:00\",\"dateModified\":\"2024-04-08T16:09:13+00:00\",\"description\":\"{:en}Motorcycle Transport Ireland to Portugal. Reliable, professional service. You'll like our Quote! Motorcycles-Go.com.{:es}Transporte de Motos de Irlanda a Portugal. Servicio confiable y profesional. \u00a1Te gustar\u00e1 nuestra cotizaci\u00f3n! Motos-Go.com.{:pt}Transporte de Motos da Irlanda para Portugal. Servi\u00e7o confi\u00e1vel e profissional. Voc\u00ea vai gostar do nosso or\u00e7amento! Motorcycles-Go. com.{:ga}Gluaisrothar Iompar \u00c9ireann go dt\u00ed an Phortaing\u00e9il. Iontaofa, seirbh\u00eds ghairmi\u00fail. Go mbainfidh t\u00fa taitneamh as \u00e1r n-Amhr\u00e1n! Gluaisrothair-Go.com.{:}\",\"breadcrumb\":{\"@id\":\"https:\\\/\\\/motorcycles-go.com\\\/motorcycle-transport-ireland-to-portugal\\\/#breadcrumb\"},\"inLanguage\":\"ga-GA\",\"potentialAction\":[{\"@type\":\"ReadAction\",\"target\":[\"https:\\\/\\\/motorcycles-go.com\\\/motorcycle-transport-ireland-to-portugal\\\/\"]}]},{\"@type\":\"ImageObject\",\"inLanguage\":\"ga-GA\",\"@id\":\"https:\\\/\\\/motorcycles-go.com\\\/motorcycle-transport-ireland-to-portugal\\\/#primaryimage\",\"url\":\"https:\\\/\\\/motorcycles-go.com\\\/wp-content\\\/uploads\\\/2021\\\/05\\\/Motorcycle-Transport-Ireland-to-Portugal.jpg\",\"contentUrl\":\"https:\\\/\\\/motorcycles-go.com\\\/wp-content\\\/uploads\\\/2021\\\/05\\\/Motorcycle-Transport-Ireland-to-Portugal.jpg\"},{\"@type\":\"BreadcrumbList\",\"@id\":\"https:\\\/\\\/motorcycles-go.com\\\/motorcycle-transport-ireland-to-portugal\\\/#breadcrumb\",\"itemListElement\":[{\"@type\":\"ListItem\",\"position\":1,\"name\":\"Home\",\"item\":\"https:\\\/\\\/motorcycles-go.com\\\/\"},{\"@type\":\"ListItem\",\"position\":2,\"name\":\"Motorcycle Transport Ireland to Portugal\"}]},{\"@type\":\"WebSite\",\"@id\":\"https:\\\/\\\/motorcycles-go.com\\\/#website\",\"url\":\"https:\\\/\\\/motorcycles-go.com\\\/\",\"name\":\"Motorcycles-Go.com\",\"description\":\"Motorcycle transport specialists.  UK, Spain, Portugal.\",\"publisher\":{\"@id\":\"https:\\\/\\\/motorcycles-go.com\\\/#organization\"},\"potentialAction\":[{\"@type\":\"SearchAction\",\"target\":{\"@type\":\"EntryPoint\",\"urlTemplate\":\"https:\\\/\\\/motorcycles-go.com\\\/?s={search_term_string}\"},\"query-input\":{\"@type\":\"PropertyValueSpecification\",\"valueRequired\":true,\"valueName\":\"search_term_string\"}}],\"inLanguage\":\"ga-GA\"},{\"@type\":\"Organization\",\"@id\":\"https:\\\/\\\/motorcycles-go.com\\\/#organization\",\"name\":\"Motorcycles-Go.com\",\"url\":\"https:\\\/\\\/motorcycles-go.com\\\/\",\"logo\":{\"@type\":\"ImageObject\",\"inLanguage\":\"ga-GA\",\"@id\":\"https:\\\/\\\/motorcycles-go.com\\\/#\\\/schema\\\/logo\\\/image\\\/\",\"url\":\"https:\\\/\\\/motorcycles-go.com\\\/wp-content\\\/uploads\\\/2020\\\/07\\\/Motrocycles-Go-Logo-Sml.png\",\"contentUrl\":\"https:\\\/\\\/motorcycles-go.com\\\/wp-content\\\/uploads\\\/2020\\\/07\\\/Motrocycles-Go-Logo-Sml.png\",\"width\":300,\"height\":45,\"caption\":\"Motorcycles-Go.com\"},\"image\":{\"@id\":\"https:\\\/\\\/motorcycles-go.com\\\/#\\\/schema\\\/logo\\\/image\\\/\"}},false]}<\/script>\n<!-- \/ Yoast SEO plugin. -->","yoast_head_json":{"title":"Gluaisrothar Iompar \u00c9ireann go dt\u00ed an Phortaing\u00e9il. Sleachta is Fearr do Sheoladh Rothar.","description":"Gluaisrothar Iompar \u00c9ireann go dt\u00ed an Phortaing\u00e9il. Iontaofa, seirbh\u00eds ghairmi\u00fail. Go mbainfidh t\u00fa taitneamh as \u00e1r n-Amhr\u00e1n! Gluaisrothair-Go.com.","robots":{"index":"index","follow":"follow","max-snippet":"max-snippet:-1","max-image-preview":"max-image-preview:large","max-video-preview":"max-video-preview:-1"},"canonical":"https:\/\/motorcycles-go.com\/motorcycle-transport-ireland-to-portugal\/","og_locale":"en_US","og_type":"article","og_title":"[:en]Motorcycle Transport Ireland to Portugal. Best Bike Shipping Quotes.[:es]Transporte de Motos de Irlanda a Portugal. Las mejores cotizaciones de env\u00edo de bicicletas.[:pt]Transporte de Motos da Irlanda para Portugal. Melhores Cota\u00e7\u00f5es de Transporte de Bicicletas.[:ga]Gluaisrothar Iompar \u00c9ireann go dt\u00ed an Phortaing\u00e9il. Sleachta is Fearr do Sheoladh Rothar.[:]","og_description":"{:en}Motorcycle Transport Ireland to Portugal. Reliable, professional service. You'll like our Quote! Motorcycles-Go.com.{:es}Transporte de Motos de Irlanda a Portugal. Servicio confiable y profesional. \u00a1Te gustar\u00e1 nuestra cotizaci\u00f3n! Motos-Go.com.{:pt}Transporte de Motos da Irlanda para Portugal. Servi\u00e7o confi\u00e1vel e profissional. Voc\u00ea vai gostar do nosso or\u00e7amento! Motorcycles-Go. com.{:ga}Gluaisrothar Iompar \u00c9ireann go dt\u00ed an Phortaing\u00e9il. Iontaofa, seirbh\u00eds ghairmi\u00fail. Go mbainfidh t\u00fa taitneamh as \u00e1r n-Amhr\u00e1n! Gluaisrothair-Go.com.{:}","og_url":"https:\/\/motorcycles-go.com\/motorcycle-transport-ireland-to-portugal\/","og_site_name":"Motorcycles-Go.com","article_modified_time":"2024-04-08T16:09:13+00:00","og_image":[{"url":"https:\/\/motorcycles-go.com\/wp-content\/uploads\/2021\/05\/Motorcycle-Transport-Ireland-to-Portugal.jpg","type":"","width":"","height":""}],"twitter_card":"summary_large_image","twitter_misc":{"Est. reading time":"3 minutes"},"schema":{"@context":"https:\/\/schema.org","@graph":[{"@type":"WebPage","@id":"https:\/\/motorcycles-go.com\/motorcycle-transport-ireland-to-portugal\/","url":"https:\/\/motorcycles-go.com\/motorcycle-transport-ireland-to-portugal\/","name":"[:en]Motorcycle Transport Ireland to Portugal. Best Bike Shipping Quotes.[:es]Transporte de Motos de Irlanda a Portugal. Las mejores cotizaciones de env\u00edo de bicicletas.[:pt]Transporte de Motos da Irlanda para Portugal. Melhores Cota\u00e7\u00f5es de Transporte de Bicicletas.[:ga]Gluaisrothar Iompar \u00c9ireann go dt\u00ed an Phortaing\u00e9il. Sleachta is Fearr do Sheoladh Rothar.[:]","isPartOf":{"@id":"https:\/\/motorcycles-go.com\/#website"},"primaryImageOfPage":{"@id":"https:\/\/motorcycles-go.com\/motorcycle-transport-ireland-to-portugal\/#primaryimage"},"image":{"@id":"https:\/\/motorcycles-go.com\/motorcycle-transport-ireland-to-portugal\/#primaryimage"},"thumbnailUrl":"https:\/\/motorcycles-go.com\/wp-content\/uploads\/2021\/05\/Motorcycle-Transport-Ireland-to-Portugal.jpg","datePublished":"2021-05-11T11:35:43+00:00","dateModified":"2024-04-08T16:09:13+00:00","description":"{:en}Motorcycle Transport Ireland to Portugal. Reliable, professional service. You'll like our Quote! Motorcycles-Go.com.{:es}Transporte de Motos de Irlanda a Portugal. Servicio confiable y profesional. \u00a1Te gustar\u00e1 nuestra cotizaci\u00f3n! Motos-Go.com.{:pt}Transporte de Motos da Irlanda para Portugal. Servi\u00e7o confi\u00e1vel e profissional. Voc\u00ea vai gostar do nosso or\u00e7amento! Motorcycles-Go. com.{:ga}Gluaisrothar Iompar \u00c9ireann go dt\u00ed an Phortaing\u00e9il. Iontaofa, seirbh\u00eds ghairmi\u00fail. Go mbainfidh t\u00fa taitneamh as \u00e1r n-Amhr\u00e1n! Gluaisrothair-Go.com.{:}","breadcrumb":{"@id":"https:\/\/motorcycles-go.com\/motorcycle-transport-ireland-to-portugal\/#breadcrumb"},"inLanguage":"ga-GA","potentialAction":[{"@type":"ReadAction","target":["https:\/\/motorcycles-go.com\/motorcycle-transport-ireland-to-portugal\/"]}]},{"@type":"ImageObject","inLanguage":"ga-GA","@id":"https:\/\/motorcycles-go.com\/motorcycle-transport-ireland-to-portugal\/#primaryimage","url":"https:\/\/motorcycles-go.com\/wp-content\/uploads\/2021\/05\/Motorcycle-Transport-Ireland-to-Portugal.jpg","contentUrl":"https:\/\/motorcycles-go.com\/wp-content\/uploads\/2021\/05\/Motorcycle-Transport-Ireland-to-Portugal.jpg"},{"@type":"BreadcrumbList","@id":"https:\/\/motorcycles-go.com\/motorcycle-transport-ireland-to-portugal\/#breadcrumb","itemListElement":[{"@type":"ListItem","position":1,"name":"Home","item":"https:\/\/motorcycles-go.com\/"},{"@type":"ListItem","position":2,"name":"Motorcycle Transport Ireland to Portugal"}]},{"@type":"WebSite","@id":"https:\/\/motorcycles-go.com\/#website","url":"https:\/\/motorcycles-go.com\/","name":"Motorcycles-Go.com","description":"Motorcycle transport specialists.  UK, Spain, Portugal.","publisher":{"@id":"https:\/\/motorcycles-go.com\/#organization"},"potentialAction":[{"@type":"SearchAction","target":{"@type":"EntryPoint","urlTemplate":"https:\/\/motorcycles-go.com\/?s={search_term_string}"},"query-input":{"@type":"PropertyValueSpecification","valueRequired":true,"valueName":"search_term_string"}}],"inLanguage":"ga-GA"},{"@type":"Organization","@id":"https:\/\/motorcycles-go.com\/#organization","name":"Motorcycles-Go.com","url":"https:\/\/motorcycles-go.com\/","logo":{"@type":"ImageObject","inLanguage":"ga-GA","@id":"https:\/\/motorcycles-go.com\/#\/schema\/logo\/image\/","url":"https:\/\/motorcycles-go.com\/wp-content\/uploads\/2020\/07\/Motrocycles-Go-Logo-Sml.png","contentUrl":"https:\/\/motorcycles-go.com\/wp-content\/uploads\/2020\/07\/Motrocycles-Go-Logo-Sml.png","width":300,"height":45,"caption":"Motorcycles-Go.com"},"image":{"@id":"https:\/\/motorcycles-go.com\/#\/schema\/logo\/image\/"}},false]}},"yasr_visitor_votes":{"stars_attributes":{"read_only":false,"span_bottom":false},"number_of_votes":0,"sum_votes":0},"_links":{"self":[{"href":"https:\/\/motorcycles-go.com\/ga\/wp-json\/wp\/v2\/pages\/392","targetHints":{"allow":["GET"]}}],"collection":[{"href":"https:\/\/motorcycles-go.com\/ga\/wp-json\/wp\/v2\/pages"}],"about":[{"href":"https:\/\/motorcycles-go.com\/ga\/wp-json\/wp\/v2\/types\/page"}],"author":[{"embeddable":true,"href":"https:\/\/motorcycles-go.com\/ga\/wp-json\/wp\/v2\/users\/1"}],"replies":[{"embeddable":true,"href":"https:\/\/motorcycles-go.com\/ga\/wp-json\/wp\/v2\/comments?post=392"}],"version-history":[{"count":15,"href":"https:\/\/motorcycles-go.com\/ga\/wp-json\/wp\/v2\/pages\/392\/revisions"}],"predecessor-version":[{"id":523,"href":"https:\/\/motorcycles-go.com\/ga\/wp-json\/wp\/v2\/pages\/392\/revisions\/523"}],"wp:attachment":[{"href":"https:\/\/motorcycles-go.com\/ga\/wp-json\/wp\/v2\/media?parent=392"}],"curies":[{"name":"wp","href":"https:\/\/api.w.org\/{rel}","templated":true}]}}