{"id":399,"date":"2021-05-12T11:17:49","date_gmt":"2021-05-12T11:17:49","guid":{"rendered":"https:\/\/motorcycles-go.com\/?page_id=399"},"modified":"2024-04-08T16:09:41","modified_gmt":"2024-04-08T16:09:41","slug":"motorcycle-transport-portugal-to-ireland","status":"publish","type":"page","link":"https:\/\/motorcycles-go.com\/ga\/motorcycle-transport-portugal-to-ireland\/","title":{"rendered":"Motorcycle Transport Portugal to Ireland"},"content":{"rendered":"<p class=\"qtranxs-available-languages-message qtranxs-available-languages-message-ga\">Faraoir, n\u00edl an iontr\u00e1il seo ar f\u00e1il i nGaeilge f\u00f3s.<\/p>","protected":false},"excerpt":{"rendered":"<p>Motorcycle Transport, Portugal to Ireland.\u00a0 We specialise in motorbike shipping from the Algarve region of Portugal to Dublin in Ireland.\u00a0 It&#8217;s what we do best!\u00a0 Motorcycles-Go.com operate a regular shipping container transport service for motorcycles\/motorbikes, between our Dublin depot in Ireland and our Portugal depot, down on the sunny Algarve!<\/p>\n","protected":false},"author":1,"featured_media":0,"parent":0,"menu_order":0,"comment_status":"closed","ping_status":"closed","template":"","meta":{"yasr_overall_rating":0,"yasr_post_is_review":"","yasr_auto_insert_disabled":"","yasr_review_type":"","footnotes":""},"class_list":["post-399","page","type-page","status-publish","hentry"],"yoast_head":"<!-- This site is optimized with the Yoast SEO plugin v27.5 - https:\/\/yoast.com\/product\/yoast-seo-wordpress\/ -->\n<title>(English) Motorcycle Transport Portugal to Ireland<\/title>\n<meta name=\"description\" content=\"(English) Motorcycle Transport Portugal to Ireland.\" \/>\n<meta name=\"robots\" content=\"index, follow, max-snippet:-1, max-image-preview:large, max-video-preview:-1\" \/>\n<link rel=\"canonical\" href=\"https:\/\/motorcycles-go.com\/motorcycle-transport-portugal-to-ireland\/\" \/>\n<meta property=\"og:locale\" content=\"en_US\" \/>\n<meta property=\"og:type\" content=\"article\" \/>\n<meta property=\"og:title\" content=\"[:en]Motorcycle Transport Portugal to Ireland[:]\" \/>\n<meta property=\"og:description\" content=\"{:en}Motorcycle Transport Portugal to Ireland. {:}\" \/>\n<meta property=\"og:url\" content=\"https:\/\/motorcycles-go.com\/motorcycle-transport-portugal-to-ireland\/\" \/>\n<meta property=\"og:site_name\" content=\"Motorcycles-Go.com\" \/>\n<meta property=\"article:modified_time\" content=\"2024-04-08T16:09:41+00:00\" \/>\n<meta property=\"og:image\" content=\"https:\/\/motorcycles-go.com\/wp-content\/uploads\/2021\/05\/Ireland-Portugal-Motorbike-Transports.jpg\" \/>\n<meta name=\"twitter:card\" content=\"summary_large_image\" \/>\n<meta name=\"twitter:label1\" content=\"Est. reading time\" \/>\n\t<meta name=\"twitter:data1\" content=\"7 minutes\" \/>\n<script type=\"application\/ld+json\" class=\"yoast-schema-graph\">{\"@context\":\"https:\\\/\\\/schema.org\",\"@graph\":[{\"@type\":\"WebPage\",\"@id\":\"https:\\\/\\\/motorcycles-go.com\\\/motorcycle-transport-portugal-to-ireland\\\/\",\"url\":\"https:\\\/\\\/motorcycles-go.com\\\/motorcycle-transport-portugal-to-ireland\\\/\",\"name\":\"[:en]Motorcycle Transport Portugal to Ireland[:]\",\"isPartOf\":{\"@id\":\"https:\\\/\\\/motorcycles-go.com\\\/#website\"},\"primaryImageOfPage\":{\"@id\":\"https:\\\/\\\/motorcycles-go.com\\\/motorcycle-transport-portugal-to-ireland\\\/#primaryimage\"},\"image\":{\"@id\":\"https:\\\/\\\/motorcycles-go.com\\\/motorcycle-transport-portugal-to-ireland\\\/#primaryimage\"},\"thumbnailUrl\":\"https:\\\/\\\/motorcycles-go.com\\\/wp-content\\\/uploads\\\/2021\\\/05\\\/Ireland-Portugal-Motorbike-Transports.jpg\",\"datePublished\":\"2021-05-12T11:17:49+00:00\",\"dateModified\":\"2024-04-08T16:09:41+00:00\",\"description\":\"{:en}Motorcycle Transport Portugal to Ireland. {:}\",\"breadcrumb\":{\"@id\":\"https:\\\/\\\/motorcycles-go.com\\\/motorcycle-transport-portugal-to-ireland\\\/#breadcrumb\"},\"inLanguage\":\"ga-GA\",\"potentialAction\":[{\"@type\":\"ReadAction\",\"target\":[\"https:\\\/\\\/motorcycles-go.com\\\/motorcycle-transport-portugal-to-ireland\\\/\"]}]},{\"@type\":\"ImageObject\",\"inLanguage\":\"ga-GA\",\"@id\":\"https:\\\/\\\/motorcycles-go.com\\\/motorcycle-transport-portugal-to-ireland\\\/#primaryimage\",\"url\":\"https:\\\/\\\/motorcycles-go.com\\\/wp-content\\\/uploads\\\/2021\\\/05\\\/Ireland-Portugal-Motorbike-Transports.jpg\",\"contentUrl\":\"https:\\\/\\\/motorcycles-go.com\\\/wp-content\\\/uploads\\\/2021\\\/05\\\/Ireland-Portugal-Motorbike-Transports.jpg\"},{\"@type\":\"BreadcrumbList\",\"@id\":\"https:\\\/\\\/motorcycles-go.com\\\/motorcycle-transport-portugal-to-ireland\\\/#breadcrumb\",\"itemListElement\":[{\"@type\":\"ListItem\",\"position\":1,\"name\":\"Home\",\"item\":\"https:\\\/\\\/motorcycles-go.com\\\/\"},{\"@type\":\"ListItem\",\"position\":2,\"name\":\"Motorcycle Transport Portugal to Ireland\"}]},{\"@type\":\"WebSite\",\"@id\":\"https:\\\/\\\/motorcycles-go.com\\\/#website\",\"url\":\"https:\\\/\\\/motorcycles-go.com\\\/\",\"name\":\"Motorcycles-Go.com\",\"description\":\"Motorcycle transport specialists.  UK, Spain, Portugal.\",\"publisher\":{\"@id\":\"https:\\\/\\\/motorcycles-go.com\\\/#organization\"},\"potentialAction\":[{\"@type\":\"SearchAction\",\"target\":{\"@type\":\"EntryPoint\",\"urlTemplate\":\"https:\\\/\\\/motorcycles-go.com\\\/?s={search_term_string}\"},\"query-input\":{\"@type\":\"PropertyValueSpecification\",\"valueRequired\":true,\"valueName\":\"search_term_string\"}}],\"inLanguage\":\"ga-GA\"},{\"@type\":\"Organization\",\"@id\":\"https:\\\/\\\/motorcycles-go.com\\\/#organization\",\"name\":\"Motorcycles-Go.com\",\"url\":\"https:\\\/\\\/motorcycles-go.com\\\/\",\"logo\":{\"@type\":\"ImageObject\",\"inLanguage\":\"ga-GA\",\"@id\":\"https:\\\/\\\/motorcycles-go.com\\\/#\\\/schema\\\/logo\\\/image\\\/\",\"url\":\"https:\\\/\\\/motorcycles-go.com\\\/wp-content\\\/uploads\\\/2020\\\/07\\\/Motrocycles-Go-Logo-Sml.png\",\"contentUrl\":\"https:\\\/\\\/motorcycles-go.com\\\/wp-content\\\/uploads\\\/2020\\\/07\\\/Motrocycles-Go-Logo-Sml.png\",\"width\":300,\"height\":45,\"caption\":\"Motorcycles-Go.com\"},\"image\":{\"@id\":\"https:\\\/\\\/motorcycles-go.com\\\/#\\\/schema\\\/logo\\\/image\\\/\"}},false]}<\/script>\n<!-- \/ Yoast SEO plugin. -->","yoast_head_json":{"title":"(English) Motorcycle Transport Portugal to Ireland","description":"(English) Motorcycle Transport Portugal to Ireland.","robots":{"index":"index","follow":"follow","max-snippet":"max-snippet:-1","max-image-preview":"max-image-preview:large","max-video-preview":"max-video-preview:-1"},"canonical":"https:\/\/motorcycles-go.com\/motorcycle-transport-portugal-to-ireland\/","og_locale":"en_US","og_type":"article","og_title":"[:en]Motorcycle Transport Portugal to Ireland[:]","og_description":"{:en}Motorcycle Transport Portugal to Ireland. {:}","og_url":"https:\/\/motorcycles-go.com\/motorcycle-transport-portugal-to-ireland\/","og_site_name":"Motorcycles-Go.com","article_modified_time":"2024-04-08T16:09:41+00:00","og_image":[{"url":"https:\/\/motorcycles-go.com\/wp-content\/uploads\/2021\/05\/Ireland-Portugal-Motorbike-Transports.jpg","type":"","width":"","height":""}],"twitter_card":"summary_large_image","twitter_misc":{"Est. reading time":"7 minutes"},"schema":{"@context":"https:\/\/schema.org","@graph":[{"@type":"WebPage","@id":"https:\/\/motorcycles-go.com\/motorcycle-transport-portugal-to-ireland\/","url":"https:\/\/motorcycles-go.com\/motorcycle-transport-portugal-to-ireland\/","name":"[:en]Motorcycle Transport Portugal to Ireland[:]","isPartOf":{"@id":"https:\/\/motorcycles-go.com\/#website"},"primaryImageOfPage":{"@id":"https:\/\/motorcycles-go.com\/motorcycle-transport-portugal-to-ireland\/#primaryimage"},"image":{"@id":"https:\/\/motorcycles-go.com\/motorcycle-transport-portugal-to-ireland\/#primaryimage"},"thumbnailUrl":"https:\/\/motorcycles-go.com\/wp-content\/uploads\/2021\/05\/Ireland-Portugal-Motorbike-Transports.jpg","datePublished":"2021-05-12T11:17:49+00:00","dateModified":"2024-04-08T16:09:41+00:00","description":"{:en}Motorcycle Transport Portugal to Ireland. {:}","breadcrumb":{"@id":"https:\/\/motorcycles-go.com\/motorcycle-transport-portugal-to-ireland\/#breadcrumb"},"inLanguage":"ga-GA","potentialAction":[{"@type":"ReadAction","target":["https:\/\/motorcycles-go.com\/motorcycle-transport-portugal-to-ireland\/"]}]},{"@type":"ImageObject","inLanguage":"ga-GA","@id":"https:\/\/motorcycles-go.com\/motorcycle-transport-portugal-to-ireland\/#primaryimage","url":"https:\/\/motorcycles-go.com\/wp-content\/uploads\/2021\/05\/Ireland-Portugal-Motorbike-Transports.jpg","contentUrl":"https:\/\/motorcycles-go.com\/wp-content\/uploads\/2021\/05\/Ireland-Portugal-Motorbike-Transports.jpg"},{"@type":"BreadcrumbList","@id":"https:\/\/motorcycles-go.com\/motorcycle-transport-portugal-to-ireland\/#breadcrumb","itemListElement":[{"@type":"ListItem","position":1,"name":"Home","item":"https:\/\/motorcycles-go.com\/"},{"@type":"ListItem","position":2,"name":"Motorcycle Transport Portugal to Ireland"}]},{"@type":"WebSite","@id":"https:\/\/motorcycles-go.com\/#website","url":"https:\/\/motorcycles-go.com\/","name":"Motorcycles-Go.com","description":"Motorcycle transport specialists.  UK, Spain, Portugal.","publisher":{"@id":"https:\/\/motorcycles-go.com\/#organization"},"potentialAction":[{"@type":"SearchAction","target":{"@type":"EntryPoint","urlTemplate":"https:\/\/motorcycles-go.com\/?s={search_term_string}"},"query-input":{"@type":"PropertyValueSpecification","valueRequired":true,"valueName":"search_term_string"}}],"inLanguage":"ga-GA"},{"@type":"Organization","@id":"https:\/\/motorcycles-go.com\/#organization","name":"Motorcycles-Go.com","url":"https:\/\/motorcycles-go.com\/","logo":{"@type":"ImageObject","inLanguage":"ga-GA","@id":"https:\/\/motorcycles-go.com\/#\/schema\/logo\/image\/","url":"https:\/\/motorcycles-go.com\/wp-content\/uploads\/2020\/07\/Motrocycles-Go-Logo-Sml.png","contentUrl":"https:\/\/motorcycles-go.com\/wp-content\/uploads\/2020\/07\/Motrocycles-Go-Logo-Sml.png","width":300,"height":45,"caption":"Motorcycles-Go.com"},"image":{"@id":"https:\/\/motorcycles-go.com\/#\/schema\/logo\/image\/"}},false]}},"yasr_visitor_votes":{"stars_attributes":{"read_only":false,"span_bottom":false},"number_of_votes":0,"sum_votes":0},"_links":{"self":[{"href":"https:\/\/motorcycles-go.com\/ga\/wp-json\/wp\/v2\/pages\/399","targetHints":{"allow":["GET"]}}],"collection":[{"href":"https:\/\/motorcycles-go.com\/ga\/wp-json\/wp\/v2\/pages"}],"about":[{"href":"https:\/\/motorcycles-go.com\/ga\/wp-json\/wp\/v2\/types\/page"}],"author":[{"embeddable":true,"href":"https:\/\/motorcycles-go.com\/ga\/wp-json\/wp\/v2\/users\/1"}],"replies":[{"embeddable":true,"href":"https:\/\/motorcycles-go.com\/ga\/wp-json\/wp\/v2\/comments?post=399"}],"version-history":[{"count":3,"href":"https:\/\/motorcycles-go.com\/ga\/wp-json\/wp\/v2\/pages\/399\/revisions"}],"predecessor-version":[{"id":524,"href":"https:\/\/motorcycles-go.com\/ga\/wp-json\/wp\/v2\/pages\/399\/revisions\/524"}],"wp:attachment":[{"href":"https:\/\/motorcycles-go.com\/ga\/wp-json\/wp\/v2\/media?parent=399"}],"curies":[{"name":"wp","href":"https:\/\/api.w.org\/{rel}","templated":true}]}}