{"id":407,"date":"2021-05-12T10:53:02","date_gmt":"2021-05-12T10:53:02","guid":{"rendered":"https:\/\/motorcycles-go.com\/?page_id=407"},"modified":"2024-04-08T16:07:39","modified_gmt":"2024-04-08T16:07:39","slug":"ireland-portugal-motorbike-transports","status":"publish","type":"page","link":"https:\/\/motorcycles-go.com\/ga\/iompar-gluaistean-na-heireann-na-portaingeile\/","title":{"rendered":"[:en]Ireland Portugal Motorbike Transports[:es]Irlanda Portugal Transportes de Motos[:pt]Irlanda Portugal Transportes de Moto[:ga]Iompar Gluaiste\u00e1n na h\u00c9ireann An Phortaing\u00e9il[:]"},"content":{"rendered":"<p><\/p>\n<p><strong>\u00c9ire agus an Phortaing\u00e9il, sin iad \u00e1r dh\u00e1 iosta iompair gluaisrothar! Re\u00e1cht\u00e1laimid coime\u00e1d\u00e1n rialta m\u00edos\u00fail 40 troigh idir \u00c9ire na Portaing\u00e9ile, ag iompar go c\u00faramach gluaisrothair\/gluaisrothair \u00e1r gcliant idir \u00e1r iosta\u00ed i mBaile \u00c1tha Cliath agus an Algave. T\u00e1imid iontaofa, gairmi\u00fail agus c\u00fairt\u00e9iseach, t\u00e1 a fhios againn cad at\u00e1 ar si\u00fal againn. Lig d\u00fainn a lua anois!<\/strong><\/p>\n<figure id=\"attachment_472\" aria-describedby=\"caption-attachment-472\" style=\"width: 1200px\" class=\"wp-caption alignnone\"><img loading=\"lazy\" decoding=\"async\" class=\"wp-image-472 size-full\" src=\"https:\/\/motorcycles-go.com\/wp-content\/uploads\/2022\/06\/Seirbhisi-Iompair-Loingis-Gluaistean-na-hEireann-na-Portaingeile-Motorcycles-Go_com.jpg\" alt=\"Seirbh\u00eds\u00ed Iompair &amp; Loingis Gluaiste\u00e1n na h\u00c9ireann &amp; na Portaing\u00e9ile - Motorcycles-Go.com\" width=\"1200\" height=\"630\" srcset=\"https:\/\/motorcycles-go.com\/wp-content\/uploads\/2022\/06\/Seirbhisi-Iompair-Loingis-Gluaistean-na-hEireann-na-Portaingeile-Motorcycles-Go_com.jpg 1200w, https:\/\/motorcycles-go.com\/wp-content\/uploads\/2022\/06\/Seirbhisi-Iompair-Loingis-Gluaistean-na-hEireann-na-Portaingeile-Motorcycles-Go_com-300x158.jpg 300w, https:\/\/motorcycles-go.com\/wp-content\/uploads\/2022\/06\/Seirbhisi-Iompair-Loingis-Gluaistean-na-hEireann-na-Portaingeile-Motorcycles-Go_com-1024x538.jpg 1024w, https:\/\/motorcycles-go.com\/wp-content\/uploads\/2022\/06\/Seirbhisi-Iompair-Loingis-Gluaistean-na-hEireann-na-Portaingeile-Motorcycles-Go_com-768x403.jpg 768w, https:\/\/motorcycles-go.com\/wp-content\/uploads\/2022\/06\/Seirbhisi-Iompair-Loingis-Gluaistean-na-hEireann-na-Portaingeile-Motorcycles-Go_com-1x1.jpg 1w\" sizes=\"auto, (max-width: 1200px) 100vw, 1200px\" \/><figcaption id=\"caption-attachment-472\" class=\"wp-caption-text\">Seirbh\u00eds\u00ed Iompair &amp; Loingis Gluaiste\u00e1n na h\u00c9ireann &amp; na Portaing\u00e9ile &#8211; Motorcycles-Go.com<\/figcaption><\/figure>\n<h2>Loingseoireacht Gluaisrothar na h\u00c9ireann &amp; na Portaing\u00e9ile<\/h2>\n<p>Le iosta\u00ed i mBaile \u00c1tha Cliath agus i Loule, san Algarve, iompraimid gluaisrothair go h\u00c9irinn agus go dt\u00ed an Phortaing\u00e9il gach m\u00ed. T\u00e1 \u00e1r gcoime\u00e1d\u00e1n 40 troigh sl\u00e1n s\u00e1bh\u00e1ilte agus d\u00e9antar monat\u00f3ireacht air i gc\u00f3na\u00ed. Is minic a bh\u00edonn iompar \u00f3n iosta go dt\u00ed an iosta n\u00edos saoire ach t\u00e1imid s\u00e1sta do ghluaisrothair a eagr\u00fa, \u00f3 dhoras go doras!<\/p>\n<h3>Faigh do Luach Iompair Anois!<\/h3>\n\n<div class=\"wpcf7 no-js\" id=\"wpcf7-f106-o4\" lang=\"en-US\" dir=\"ltr\" data-wpcf7-id=\"106\">\n<div class=\"screen-reader-response\"><p role=\"status\" aria-live=\"polite\" aria-atomic=\"true\"><\/p> <ul><\/ul><\/div>\n<form action=\"\/ga\/wp-json\/wp\/v2\/pages\/407#wpcf7-f106-o4\" method=\"post\" class=\"wpcf7-form init\" aria-label=\"Contact form\" novalidate=\"novalidate\" data-status=\"init\">\n<fieldset class=\"hidden-fields-container\"><input type=\"hidden\" name=\"_wpcf7\" value=\"106\" \/><input type=\"hidden\" name=\"_wpcf7_version\" value=\"6.1.5\" \/><input type=\"hidden\" name=\"_wpcf7_locale\" value=\"en_US\" \/><input type=\"hidden\" name=\"_wpcf7_unit_tag\" value=\"wpcf7-f106-o4\" \/><input type=\"hidden\" name=\"_wpcf7_container_post\" value=\"0\" \/><input type=\"hidden\" name=\"_wpcf7_posted_data_hash\" value=\"\" \/>\n<\/fieldset>\n<div id=\"quote\">\n\t<p><span class=\"wpcf7-form-control-wrap\" data-name=\"mcg-name\"><input size=\"40\" maxlength=\"400\" class=\"wpcf7-form-control wpcf7-text wpcf7-validates-as-required mcg\" aria-required=\"true\" aria-invalid=\"false\" placeholder=\"do ainm\" value=\"\" type=\"text\" name=\"mcg-name\" \/><\/span><br \/>\n<span class=\"wpcf7-form-control-wrap\" data-name=\"mcg-phone\"><input size=\"40\" maxlength=\"400\" class=\"wpcf7-form-control wpcf7-tel wpcf7-validates-as-required wpcf7-text wpcf7-validates-as-tel mcg\" aria-required=\"true\" aria-invalid=\"false\" placeholder=\"uimhir theileaf\u00f3in\" value=\"\" type=\"tel\" name=\"mcg-phone\" \/><\/span><br \/>\n<span class=\"wpcf7-form-control-wrap\" data-name=\"mcg-email\"><input size=\"40\" maxlength=\"400\" class=\"wpcf7-form-control wpcf7-email wpcf7-validates-as-required wpcf7-text wpcf7-validates-as-email mcg\" aria-required=\"true\" aria-invalid=\"false\" placeholder=\"do sheoladh r\u00edomhphoist\" value=\"\" type=\"email\" name=\"mcg-email\" \/><\/span><br \/>\n\t<hr \/><br \/>\n<span class=\"wpcf7-form-control-wrap\" data-name=\"mcg-make\"><input size=\"40\" maxlength=\"400\" class=\"wpcf7-form-control wpcf7-text wpcf7-validates-as-required mcg\" aria-required=\"true\" aria-invalid=\"false\" placeholder=\"d\u00e9anamh &amp; samhail de do ghluaisrothar\" value=\"\" type=\"text\" name=\"mcg-make\" \/><\/span><br \/>\n<span class=\"wpcf7-form-control-wrap\" data-name=\"mcg-collection\"><input size=\"40\" maxlength=\"400\" class=\"wpcf7-form-control wpcf7-text wpcf7-validates-as-required mcg\" aria-required=\"true\" aria-invalid=\"false\" placeholder=\"baili\u00fach\u00e1n \u00d3\" value=\"\" type=\"text\" name=\"mcg-collection\" \/><\/span><span class=\"wpcf7-form-control-wrap\" data-name=\"mcg-delivery\"><input size=\"40\" maxlength=\"400\" class=\"wpcf7-form-control wpcf7-text wpcf7-validates-as-required mcg\" aria-required=\"true\" aria-invalid=\"false\" placeholder=\"seachadadh TO\" value=\"\" type=\"text\" name=\"mcg-delivery\" \/><\/span><br \/>\n<br style=\"clear:both;\" \/>\n\t<hr \/><br \/>\n<span class=\"wpcf7-form-control-wrap\" data-name=\"fromdepot\"><span class=\"wpcf7-form-control wpcf7-checkbox wpcf7-exclusive-checkbox mcg\"><span class=\"wpcf7-list-item first\"><input type=\"checkbox\" name=\"fromdepot\" value=\"Ba mhaith liom baili\u00fa agus seachadadh chuig mo dhoras.\" \/><span class=\"wpcf7-list-item-label\">Ba mhaith liom baili\u00fa agus seachadadh chuig mo dhoras.<\/span><\/span><span class=\"wpcf7-list-item last\"><input type=\"checkbox\" name=\"fromdepot\" value=\"Is f\u00e9idir liom seachadadh chuig do iosta\u00ed agus iad a bhaili\u00fa uathu.\" \/><span class=\"wpcf7-list-item-label\">Is f\u00e9idir liom seachadadh chuig do iosta\u00ed agus iad a bhaili\u00fa uathu.<\/span><\/span><\/span><\/span><br \/>\n\t<hr \/><br \/>\n<span class=\"wpcf7-form-control-wrap\" data-name=\"mcgruns\"><span class=\"wpcf7-form-control wpcf7-checkbox wpcf7-exclusive-checkbox mcg\"><span class=\"wpcf7-list-item first\"><input type=\"checkbox\" name=\"mcgruns\" value=\"Ritheann mo ghluaisrothar i gceart.\" \/><span class=\"wpcf7-list-item-label\">Ritheann mo ghluaisrothar i gceart.<\/span><\/span><span class=\"wpcf7-list-item last\"><input type=\"checkbox\" name=\"mcgruns\" value=\"N\u00cd Rithfidh mo ghluaisrothar.\" \/><span class=\"wpcf7-list-item-label\">N\u00cd Rithfidh mo ghluaisrothar.<\/span><\/span><\/span><\/span><br \/>\n\t<hr \/>\n\t<\/p>\n\t<p>M\u00e1 t\u00e1 d\u00e1ta ar leith i gcuimhne agat, cuir in i\u00fal d\u00fainn, n\u00f3 tabhair tuairim d\u00fainn faoi cathain ar mhaith leat do rothar a sheoladh. E.g., \"Deireadh M\u00e1rta\".\n\t<\/p>\n\t<p><span class=\"wpcf7-form-control-wrap\" data-name=\"mcg-date\"><input size=\"40\" maxlength=\"400\" class=\"wpcf7-form-control wpcf7-text wpcf7-validates-as-required mcg\" aria-required=\"true\" aria-invalid=\"false\" placeholder=\"d\u00e1ta bailithe \/ seachadta\" value=\"\" type=\"text\" name=\"mcg-date\" \/><\/span><br \/>\n<span class=\"wpcf7-form-control-wrap\" data-name=\"capital-quiz\"><label><span class=\"wpcf7-quiz-label\">Chun stop a chur leis na spammers... An bhf\u00e9adf\u00e1 a r\u00e1 linn c\u00e9 acu uimhir is m\u00f3... 2 n\u00f3 8?<\/span> <input size=\"40\" class=\"wpcf7-form-control wpcf7-quiz\" autocomplete=\"off\" aria-required=\"true\" aria-invalid=\"false\" type=\"text\" name=\"capital-quiz\" \/><\/label><input type=\"hidden\" name=\"_wpcf7_quiz_answer_capital-quiz\" value=\"054089d0f1ed276ec24074ad115e1e09\" \/><\/span><br \/>\n\t<div class=\"wpcf7-response-output\" aria-hidden=\"true\"><\/div><br \/>\n<input class=\"wpcf7-form-control wpcf7-submit has-spinner mcg\" type=\"submit\" value=\"Faigh do luachan!\" \/>\n\t<\/p>\n<\/div>\n<\/form>\n<\/div>\n\n<p>&nbsp;<\/p>\n<h3>Ag cl\u00fadach \u00c9ire &amp; an Phortaing\u00e9il<\/h3>\n<p>D\u00e9anaimid seirbh\u00eds ar fud na h\u00c9ireann, lena n-\u00e1ir\u00edtear, ach gan a bheith teoranta do, an Mh\u00ed, Cill Dara, Cill Mhant\u00e1in, Loch Garman, Cill Chainnigh, Port L\u00e1irge, Cor, Ciarra\u00ed, Luimneach, Tiobraid \u00c1rann, Contaetha an Chl\u00e1ir, Gaillimh, Maigh Eo agus U\u00edbh Fhail\u00ed, an Iarmh\u00ed agus Ros Com\u00e1in!<\/p>\n<p>Sa Phortaing\u00e9il, is f\u00e9idir linn do dhoras a sheachadadh ar\u00eds, ar fud r\u00e9igi\u00fan Alrgarve, Loule, Tavira, Faro, Albufeira, Portim\u00e3o, Lagos, agus n\u00edos faide \u00f3 thuaidh go Liosp\u00f3in, Coimbra agus Porto.<\/p>\n<p>D\u00e9anaimid \u00e1r nd\u00edcheall i gc\u00f3na\u00ed a bheith i dteagmh\u00e1il le do ghluaisrothar i gc\u00f3na\u00ed ar feadh an iompair. Anois is ar\u00eds, n\u00ed f\u00e9idir \u00e9 seo a dh\u00e9anamh, ach t\u00e1imid br\u00f3d\u00fail as \u00e1r gc\u00faram custaim\u00e9ir\u00ed ar ardchaighde\u00e1n &#8211; agus as an gc\u00faram a thugtar do do rothar! Is f\u00e9idir leat teagmh\u00e1il a dh\u00e9anamh linn ag beagnach am ar bith le linn na seirbh\u00edse loingseoireachta &amp; iompair. N\u00ed g\u00e1 a bheith buartha, t\u00e1 do rothar l\u00f3mhar i l\u00e1mha s\u00e1bh\u00e1ilte!<\/p>\n<p>Is f\u00e9idir linn st\u00f3r\u00e1il do ghluaisrothar a eagr\u00fa, freisin! T\u00e1 tr\u00ed iosta st\u00f3r\u00e1la againn san Algarve agus i mBaile \u00c1tha Cliath.<\/p>\n<p>&nbsp;<\/p>\n<p><\/p>","protected":false},"excerpt":{"rendered":"<p>\u00c9ire agus an Phortaing\u00e9il, sin iad \u00e1r dh\u00e1 iosta iompair gluaisrothar! Re\u00e1cht\u00e1laimid coime\u00e1d\u00e1n rialta m\u00edos\u00fail 40 troigh idir \u00c9ire na Portaing\u00e9ile, ag iompar go c\u00faramach gluaisrothair\/gluaisrothair \u00e1r gcliant idir \u00e1r iosta\u00ed i mBaile \u00c1tha Cliath agus an Algave. T\u00e1imid iontaofa, gairmi\u00fail agus c\u00fairt\u00e9iseach, t\u00e1 a fhios againn cad at\u00e1 ar si\u00fal againn. Lig d\u00fainn a [&hellip;]<\/p>\n","protected":false},"author":1,"featured_media":0,"parent":0,"menu_order":0,"comment_status":"closed","ping_status":"closed","template":"","meta":{"yasr_overall_rating":0,"yasr_post_is_review":"","yasr_auto_insert_disabled":"","yasr_review_type":"","footnotes":""},"class_list":["post-407","page","type-page","status-publish","hentry"],"yoast_head":"<!-- This site is optimized with the Yoast SEO plugin v27.5 - https:\/\/yoast.com\/product\/yoast-seo-wordpress\/ -->\n<title>Seirbh\u00eds Gluaisrothar\/Gluaisrothar &amp; Loingis na h\u00c9ireann &amp; na Portaing\u00e9ile.<\/title>\n<meta name=\"description\" content=\"Iompar Rothar na h\u00c9ireann &amp; na Portaing\u00e9ile. Seirbh\u00eds iontaofa, ghairmi\u00fail idir \u00c9ire, an Phortaing\u00e9il agus codanna den Sp\u00e1inn. Sleachta iontach, freisin!\" \/>\n<meta name=\"robots\" content=\"index, follow, max-snippet:-1, max-image-preview:large, max-video-preview:-1\" \/>\n<link rel=\"canonical\" href=\"https:\/\/motorcycles-go.com\/ireland-portugal-motorbike-transports\/\" \/>\n<meta property=\"og:locale\" content=\"en_US\" \/>\n<meta property=\"og:type\" content=\"article\" \/>\n<meta property=\"og:title\" content=\"[:en]Ireland &amp; Portugal Motorbike\/Motorcycle Transport &amp; Shipping Service.[:es]Irlanda y Portugal Servicio de transporte y env\u00edo de motocicletas \/ motocicletas.[:pt]Irlanda e Portugal Servi\u00e7o de Transporte e Envio de Motos \/ Motos.[:ga]Seirbh\u00eds Gluaisrothar\/Gluaisrothar &amp; Loingis na h\u00c9ireann &amp; na Portaing\u00e9ile.[:]\" \/>\n<meta property=\"og:description\" content=\"{:en}Ireland &amp; Portugal Bike Transport. Reliable, professional service between Ireland, Portugal and parts of Spain. Great quotes, too!{:es}Transporte en bicicleta de Irlanda y Portugal. Servicio profesional y confiable entre Irlanda, Portugal y partes de Espa\u00f1a. \u00a1Grandes citas tambi\u00e9n!{:pt}Transporte de bicicletas na Irlanda e em Portugal. Servi\u00e7o confi\u00e1vel e profissional entre Irlanda, Portugal e partes da Espanha. \u00d3timas cita\u00e7\u00f5es tamb\u00e9m!{:ga}Iompar Rothar na h\u00c9ireann &amp; na Portaing\u00e9ile. Seirbh\u00eds iontaofa, ghairmi\u00fail idir \u00c9ire, an Phortaing\u00e9il agus codanna den Sp\u00e1inn. Sleachta iontach, freisin!{:}\" \/>\n<meta property=\"og:url\" content=\"https:\/\/motorcycles-go.com\/ireland-portugal-motorbike-transports\/\" \/>\n<meta property=\"og:site_name\" content=\"Motorcycles-Go.com\" \/>\n<meta property=\"article:modified_time\" content=\"2024-04-08T16:07:39+00:00\" \/>\n<meta property=\"og:image\" content=\"https:\/\/motorcycles-go.com\/wp-content\/uploads\/2021\/05\/Ireland-Portugal-Motorbike-Transports.jpg\" \/>\n<meta name=\"twitter:card\" content=\"summary_large_image\" \/>\n<meta name=\"twitter:label1\" content=\"Est. reading time\" \/>\n\t<meta name=\"twitter:data1\" content=\"6 minutes\" \/>\n<script type=\"application\/ld+json\" class=\"yoast-schema-graph\">{\"@context\":\"https:\\\/\\\/schema.org\",\"@graph\":[{\"@type\":\"WebPage\",\"@id\":\"https:\\\/\\\/motorcycles-go.com\\\/ireland-portugal-motorbike-transports\\\/\",\"url\":\"https:\\\/\\\/motorcycles-go.com\\\/ireland-portugal-motorbike-transports\\\/\",\"name\":\"[:en]Ireland & Portugal Motorbike\\\/Motorcycle Transport & Shipping Service.[:es]Irlanda y Portugal Servicio de transporte y env\u00edo de motocicletas \\\/ motocicletas.[:pt]Irlanda e Portugal Servi\u00e7o de Transporte e Envio de Motos \\\/ Motos.[:ga]Seirbh\u00eds Gluaisrothar\\\/Gluaisrothar & Loingis na h\u00c9ireann & na Portaing\u00e9ile.[:]\",\"isPartOf\":{\"@id\":\"https:\\\/\\\/motorcycles-go.com\\\/#website\"},\"primaryImageOfPage\":{\"@id\":\"https:\\\/\\\/motorcycles-go.com\\\/ireland-portugal-motorbike-transports\\\/#primaryimage\"},\"image\":{\"@id\":\"https:\\\/\\\/motorcycles-go.com\\\/ireland-portugal-motorbike-transports\\\/#primaryimage\"},\"thumbnailUrl\":\"https:\\\/\\\/motorcycles-go.com\\\/wp-content\\\/uploads\\\/2021\\\/05\\\/Ireland-Portugal-Motorbike-Transports.jpg\",\"datePublished\":\"2021-05-12T10:53:02+00:00\",\"dateModified\":\"2024-04-08T16:07:39+00:00\",\"description\":\"{:en}Ireland & Portugal Bike Transport. Reliable, professional service between Ireland, Portugal and parts of Spain. Great quotes, too!{:es}Transporte en bicicleta de Irlanda y Portugal. Servicio profesional y confiable entre Irlanda, Portugal y partes de Espa\u00f1a. \u00a1Grandes citas tambi\u00e9n!{:pt}Transporte de bicicletas na Irlanda e em Portugal. Servi\u00e7o confi\u00e1vel e profissional entre Irlanda, Portugal e partes da Espanha. \u00d3timas cita\u00e7\u00f5es tamb\u00e9m!{:ga}Iompar Rothar na h\u00c9ireann & na Portaing\u00e9ile. Seirbh\u00eds iontaofa, ghairmi\u00fail idir \u00c9ire, an Phortaing\u00e9il agus codanna den Sp\u00e1inn. Sleachta iontach, freisin!{:}\",\"breadcrumb\":{\"@id\":\"https:\\\/\\\/motorcycles-go.com\\\/ireland-portugal-motorbike-transports\\\/#breadcrumb\"},\"inLanguage\":\"ga-GA\",\"potentialAction\":[{\"@type\":\"ReadAction\",\"target\":[\"https:\\\/\\\/motorcycles-go.com\\\/ireland-portugal-motorbike-transports\\\/\"]}]},{\"@type\":\"ImageObject\",\"inLanguage\":\"ga-GA\",\"@id\":\"https:\\\/\\\/motorcycles-go.com\\\/ireland-portugal-motorbike-transports\\\/#primaryimage\",\"url\":\"https:\\\/\\\/motorcycles-go.com\\\/wp-content\\\/uploads\\\/2021\\\/05\\\/Ireland-Portugal-Motorbike-Transports.jpg\",\"contentUrl\":\"https:\\\/\\\/motorcycles-go.com\\\/wp-content\\\/uploads\\\/2021\\\/05\\\/Ireland-Portugal-Motorbike-Transports.jpg\"},{\"@type\":\"BreadcrumbList\",\"@id\":\"https:\\\/\\\/motorcycles-go.com\\\/ireland-portugal-motorbike-transports\\\/#breadcrumb\",\"itemListElement\":[{\"@type\":\"ListItem\",\"position\":1,\"name\":\"Home\",\"item\":\"https:\\\/\\\/motorcycles-go.com\\\/\"},{\"@type\":\"ListItem\",\"position\":2,\"name\":\"Ireland Portugal Motorbike Transports\"}]},{\"@type\":\"WebSite\",\"@id\":\"https:\\\/\\\/motorcycles-go.com\\\/#website\",\"url\":\"https:\\\/\\\/motorcycles-go.com\\\/\",\"name\":\"Motorcycles-Go.com\",\"description\":\"Motorcycle transport specialists.  UK, Spain, Portugal.\",\"publisher\":{\"@id\":\"https:\\\/\\\/motorcycles-go.com\\\/#organization\"},\"potentialAction\":[{\"@type\":\"SearchAction\",\"target\":{\"@type\":\"EntryPoint\",\"urlTemplate\":\"https:\\\/\\\/motorcycles-go.com\\\/?s={search_term_string}\"},\"query-input\":{\"@type\":\"PropertyValueSpecification\",\"valueRequired\":true,\"valueName\":\"search_term_string\"}}],\"inLanguage\":\"ga-GA\"},{\"@type\":\"Organization\",\"@id\":\"https:\\\/\\\/motorcycles-go.com\\\/#organization\",\"name\":\"Motorcycles-Go.com\",\"url\":\"https:\\\/\\\/motorcycles-go.com\\\/\",\"logo\":{\"@type\":\"ImageObject\",\"inLanguage\":\"ga-GA\",\"@id\":\"https:\\\/\\\/motorcycles-go.com\\\/#\\\/schema\\\/logo\\\/image\\\/\",\"url\":\"https:\\\/\\\/motorcycles-go.com\\\/wp-content\\\/uploads\\\/2020\\\/07\\\/Motrocycles-Go-Logo-Sml.png\",\"contentUrl\":\"https:\\\/\\\/motorcycles-go.com\\\/wp-content\\\/uploads\\\/2020\\\/07\\\/Motrocycles-Go-Logo-Sml.png\",\"width\":300,\"height\":45,\"caption\":\"Motorcycles-Go.com\"},\"image\":{\"@id\":\"https:\\\/\\\/motorcycles-go.com\\\/#\\\/schema\\\/logo\\\/image\\\/\"}},false]}<\/script>\n<!-- \/ Yoast SEO plugin. -->","yoast_head_json":{"title":"Seirbh\u00eds Gluaisrothar\/Gluaisrothar & Loingis na h\u00c9ireann & na Portaing\u00e9ile.","description":"Iompar Rothar na h\u00c9ireann & na Portaing\u00e9ile. Seirbh\u00eds iontaofa, ghairmi\u00fail idir \u00c9ire, an Phortaing\u00e9il agus codanna den Sp\u00e1inn. Sleachta iontach, freisin!","robots":{"index":"index","follow":"follow","max-snippet":"max-snippet:-1","max-image-preview":"max-image-preview:large","max-video-preview":"max-video-preview:-1"},"canonical":"https:\/\/motorcycles-go.com\/ireland-portugal-motorbike-transports\/","og_locale":"en_US","og_type":"article","og_title":"[:en]Ireland & Portugal Motorbike\/Motorcycle Transport & Shipping Service.[:es]Irlanda y Portugal Servicio de transporte y env\u00edo de motocicletas \/ motocicletas.[:pt]Irlanda e Portugal Servi\u00e7o de Transporte e Envio de Motos \/ Motos.[:ga]Seirbh\u00eds Gluaisrothar\/Gluaisrothar & Loingis na h\u00c9ireann & na Portaing\u00e9ile.[:]","og_description":"{:en}Ireland & Portugal Bike Transport. Reliable, professional service between Ireland, Portugal and parts of Spain. Great quotes, too!{:es}Transporte en bicicleta de Irlanda y Portugal. Servicio profesional y confiable entre Irlanda, Portugal y partes de Espa\u00f1a. \u00a1Grandes citas tambi\u00e9n!{:pt}Transporte de bicicletas na Irlanda e em Portugal. Servi\u00e7o confi\u00e1vel e profissional entre Irlanda, Portugal e partes da Espanha. \u00d3timas cita\u00e7\u00f5es tamb\u00e9m!{:ga}Iompar Rothar na h\u00c9ireann & na Portaing\u00e9ile. Seirbh\u00eds iontaofa, ghairmi\u00fail idir \u00c9ire, an Phortaing\u00e9il agus codanna den Sp\u00e1inn. Sleachta iontach, freisin!{:}","og_url":"https:\/\/motorcycles-go.com\/ireland-portugal-motorbike-transports\/","og_site_name":"Motorcycles-Go.com","article_modified_time":"2024-04-08T16:07:39+00:00","og_image":[{"url":"https:\/\/motorcycles-go.com\/wp-content\/uploads\/2021\/05\/Ireland-Portugal-Motorbike-Transports.jpg","type":"","width":"","height":""}],"twitter_card":"summary_large_image","twitter_misc":{"Est. reading time":"6 minutes"},"schema":{"@context":"https:\/\/schema.org","@graph":[{"@type":"WebPage","@id":"https:\/\/motorcycles-go.com\/ireland-portugal-motorbike-transports\/","url":"https:\/\/motorcycles-go.com\/ireland-portugal-motorbike-transports\/","name":"[:en]Ireland & Portugal Motorbike\/Motorcycle Transport & Shipping Service.[:es]Irlanda y Portugal Servicio de transporte y env\u00edo de motocicletas \/ motocicletas.[:pt]Irlanda e Portugal Servi\u00e7o de Transporte e Envio de Motos \/ Motos.[:ga]Seirbh\u00eds Gluaisrothar\/Gluaisrothar & Loingis na h\u00c9ireann & na Portaing\u00e9ile.[:]","isPartOf":{"@id":"https:\/\/motorcycles-go.com\/#website"},"primaryImageOfPage":{"@id":"https:\/\/motorcycles-go.com\/ireland-portugal-motorbike-transports\/#primaryimage"},"image":{"@id":"https:\/\/motorcycles-go.com\/ireland-portugal-motorbike-transports\/#primaryimage"},"thumbnailUrl":"https:\/\/motorcycles-go.com\/wp-content\/uploads\/2021\/05\/Ireland-Portugal-Motorbike-Transports.jpg","datePublished":"2021-05-12T10:53:02+00:00","dateModified":"2024-04-08T16:07:39+00:00","description":"{:en}Ireland & Portugal Bike Transport. Reliable, professional service between Ireland, Portugal and parts of Spain. Great quotes, too!{:es}Transporte en bicicleta de Irlanda y Portugal. Servicio profesional y confiable entre Irlanda, Portugal y partes de Espa\u00f1a. \u00a1Grandes citas tambi\u00e9n!{:pt}Transporte de bicicletas na Irlanda e em Portugal. Servi\u00e7o confi\u00e1vel e profissional entre Irlanda, Portugal e partes da Espanha. \u00d3timas cita\u00e7\u00f5es tamb\u00e9m!{:ga}Iompar Rothar na h\u00c9ireann & na Portaing\u00e9ile. Seirbh\u00eds iontaofa, ghairmi\u00fail idir \u00c9ire, an Phortaing\u00e9il agus codanna den Sp\u00e1inn. Sleachta iontach, freisin!{:}","breadcrumb":{"@id":"https:\/\/motorcycles-go.com\/ireland-portugal-motorbike-transports\/#breadcrumb"},"inLanguage":"ga-GA","potentialAction":[{"@type":"ReadAction","target":["https:\/\/motorcycles-go.com\/ireland-portugal-motorbike-transports\/"]}]},{"@type":"ImageObject","inLanguage":"ga-GA","@id":"https:\/\/motorcycles-go.com\/ireland-portugal-motorbike-transports\/#primaryimage","url":"https:\/\/motorcycles-go.com\/wp-content\/uploads\/2021\/05\/Ireland-Portugal-Motorbike-Transports.jpg","contentUrl":"https:\/\/motorcycles-go.com\/wp-content\/uploads\/2021\/05\/Ireland-Portugal-Motorbike-Transports.jpg"},{"@type":"BreadcrumbList","@id":"https:\/\/motorcycles-go.com\/ireland-portugal-motorbike-transports\/#breadcrumb","itemListElement":[{"@type":"ListItem","position":1,"name":"Home","item":"https:\/\/motorcycles-go.com\/"},{"@type":"ListItem","position":2,"name":"Ireland Portugal Motorbike Transports"}]},{"@type":"WebSite","@id":"https:\/\/motorcycles-go.com\/#website","url":"https:\/\/motorcycles-go.com\/","name":"Motorcycles-Go.com","description":"Motorcycle transport specialists.  UK, Spain, Portugal.","publisher":{"@id":"https:\/\/motorcycles-go.com\/#organization"},"potentialAction":[{"@type":"SearchAction","target":{"@type":"EntryPoint","urlTemplate":"https:\/\/motorcycles-go.com\/?s={search_term_string}"},"query-input":{"@type":"PropertyValueSpecification","valueRequired":true,"valueName":"search_term_string"}}],"inLanguage":"ga-GA"},{"@type":"Organization","@id":"https:\/\/motorcycles-go.com\/#organization","name":"Motorcycles-Go.com","url":"https:\/\/motorcycles-go.com\/","logo":{"@type":"ImageObject","inLanguage":"ga-GA","@id":"https:\/\/motorcycles-go.com\/#\/schema\/logo\/image\/","url":"https:\/\/motorcycles-go.com\/wp-content\/uploads\/2020\/07\/Motrocycles-Go-Logo-Sml.png","contentUrl":"https:\/\/motorcycles-go.com\/wp-content\/uploads\/2020\/07\/Motrocycles-Go-Logo-Sml.png","width":300,"height":45,"caption":"Motorcycles-Go.com"},"image":{"@id":"https:\/\/motorcycles-go.com\/#\/schema\/logo\/image\/"}},false]}},"yasr_visitor_votes":{"stars_attributes":{"read_only":false,"span_bottom":false},"number_of_votes":0,"sum_votes":0},"_links":{"self":[{"href":"https:\/\/motorcycles-go.com\/ga\/wp-json\/wp\/v2\/pages\/407","targetHints":{"allow":["GET"]}}],"collection":[{"href":"https:\/\/motorcycles-go.com\/ga\/wp-json\/wp\/v2\/pages"}],"about":[{"href":"https:\/\/motorcycles-go.com\/ga\/wp-json\/wp\/v2\/types\/page"}],"author":[{"embeddable":true,"href":"https:\/\/motorcycles-go.com\/ga\/wp-json\/wp\/v2\/users\/1"}],"replies":[{"embeddable":true,"href":"https:\/\/motorcycles-go.com\/ga\/wp-json\/wp\/v2\/comments?post=407"}],"version-history":[{"count":10,"href":"https:\/\/motorcycles-go.com\/ga\/wp-json\/wp\/v2\/pages\/407\/revisions"}],"predecessor-version":[{"id":521,"href":"https:\/\/motorcycles-go.com\/ga\/wp-json\/wp\/v2\/pages\/407\/revisions\/521"}],"wp:attachment":[{"href":"https:\/\/motorcycles-go.com\/ga\/wp-json\/wp\/v2\/media?parent=407"}],"curies":[{"name":"wp","href":"https:\/\/api.w.org\/{rel}","templated":true}]}}