{"id":411,"date":"2021-05-12T11:04:54","date_gmt":"2021-05-12T11:04:54","guid":{"rendered":"https:\/\/motorcycles-go.com\/?page_id=411"},"modified":"2024-04-08T16:06:30","modified_gmt":"2024-04-08T16:06:30","slug":"motorcycle-transport","status":"publish","type":"page","link":"https:\/\/motorcycles-go.com\/ga\/iompar-gluaisrothar\/","title":{"rendered":"[:en]Motorcycle Transport[:es]Transporte de Motocicletas[:pt]Transporte de motocicleta[:ga]Iompar Gluaisrothar[:]"},"content":{"rendered":"<p><\/p>\n<p><strong>Iompar Gluaisrothar&#8230; Sin \u00e9 a dh\u00e9anaimid! Anseo ag Motorcycles-Go.com, t\u00e1imid ag seoladh gluaisrothair luachmhara \u00e1r gcliant anonn is anall idir \u00c9irinn agus an Phortaing\u00e9il (agus an RA go dt\u00ed Brexit!) le breis agus deich mbliana anuas agus t\u00e1 a fhios againn go bhfuil \u00e1r gcliaint s\u00e1sta len\u00e1r seirbh\u00eds. M\u00e1 t\u00e1 g\u00e1 agat le seirbh\u00eds\u00ed iompair do do rothar, seolfaimid luachan chugat, beidh t\u00fa an-t\u00f3gtha!<\/strong><\/p>\n<figure id=\"attachment_460\" aria-describedby=\"caption-attachment-460\" style=\"width: 1200px\" class=\"wp-caption alignnone\"><img loading=\"lazy\" decoding=\"async\" class=\"wp-image-460 size-full\" src=\"https:\/\/motorcycles-go.com\/wp-content\/uploads\/2022\/06\/Iompar-Gluaisrothar-idir-Eire-agus-an-Phortaingeil-Motorcycles-Go_com.jpg\" alt=\"Iompar Gluaisrothar idir \u00c9ire agus an Phortaing\u00e9il - Motorcycles-Go.com\" width=\"1200\" height=\"630\" srcset=\"https:\/\/motorcycles-go.com\/wp-content\/uploads\/2022\/06\/Iompar-Gluaisrothar-idir-Eire-agus-an-Phortaingeil-Motorcycles-Go_com.jpg 1200w, https:\/\/motorcycles-go.com\/wp-content\/uploads\/2022\/06\/Iompar-Gluaisrothar-idir-Eire-agus-an-Phortaingeil-Motorcycles-Go_com-300x158.jpg 300w, https:\/\/motorcycles-go.com\/wp-content\/uploads\/2022\/06\/Iompar-Gluaisrothar-idir-Eire-agus-an-Phortaingeil-Motorcycles-Go_com-1024x538.jpg 1024w, https:\/\/motorcycles-go.com\/wp-content\/uploads\/2022\/06\/Iompar-Gluaisrothar-idir-Eire-agus-an-Phortaingeil-Motorcycles-Go_com-768x403.jpg 768w, https:\/\/motorcycles-go.com\/wp-content\/uploads\/2022\/06\/Iompar-Gluaisrothar-idir-Eire-agus-an-Phortaingeil-Motorcycles-Go_com-1x1.jpg 1w\" sizes=\"auto, (max-width: 1200px) 100vw, 1200px\" \/><figcaption id=\"caption-attachment-460\" class=\"wp-caption-text\">Iompar Gluaisrothar idir \u00c9ire agus an Phortaing\u00e9il &#8211; Motorcycles-Go.com<\/figcaption><\/figure>\n<h2>Iompar Gluaisrothar Athfhriotail<\/h2>\n<p>Iompra\u00edonn \u00e1r gcoime\u00e1d\u00e1n iompair 40 troigh gluaisrothair idir an Phortaing\u00e9il agus \u00c9ire, ar sceideal rialta lastais den mh\u00ed, ag coinne\u00e1il costais s\u00edos &#8230; ag coinne\u00e1il do luachan s\u00edos!! F\u00e1g roinnt sonra\u00ed anseo agus tiocfaimid ar ais chugat le luachan iontach!<\/p>\n\n<div class=\"wpcf7 no-js\" id=\"wpcf7-f106-o4\" lang=\"en-US\" dir=\"ltr\" data-wpcf7-id=\"106\">\n<div class=\"screen-reader-response\"><p role=\"status\" aria-live=\"polite\" aria-atomic=\"true\"><\/p> <ul><\/ul><\/div>\n<form action=\"\/ga\/wp-json\/wp\/v2\/pages\/411#wpcf7-f106-o4\" method=\"post\" class=\"wpcf7-form init\" aria-label=\"Contact form\" novalidate=\"novalidate\" data-status=\"init\">\n<fieldset class=\"hidden-fields-container\"><input type=\"hidden\" name=\"_wpcf7\" value=\"106\" \/><input type=\"hidden\" name=\"_wpcf7_version\" value=\"6.1.5\" \/><input type=\"hidden\" name=\"_wpcf7_locale\" value=\"en_US\" \/><input type=\"hidden\" name=\"_wpcf7_unit_tag\" value=\"wpcf7-f106-o4\" \/><input type=\"hidden\" name=\"_wpcf7_container_post\" value=\"0\" \/><input type=\"hidden\" name=\"_wpcf7_posted_data_hash\" value=\"\" \/>\n<\/fieldset>\n<div id=\"quote\">\n\t<p><span class=\"wpcf7-form-control-wrap\" data-name=\"mcg-name\"><input size=\"40\" maxlength=\"400\" class=\"wpcf7-form-control wpcf7-text wpcf7-validates-as-required mcg\" aria-required=\"true\" aria-invalid=\"false\" placeholder=\"do ainm\" value=\"\" type=\"text\" name=\"mcg-name\" \/><\/span><br \/>\n<span class=\"wpcf7-form-control-wrap\" data-name=\"mcg-phone\"><input size=\"40\" maxlength=\"400\" class=\"wpcf7-form-control wpcf7-tel wpcf7-validates-as-required wpcf7-text wpcf7-validates-as-tel mcg\" aria-required=\"true\" aria-invalid=\"false\" placeholder=\"uimhir theileaf\u00f3in\" value=\"\" type=\"tel\" name=\"mcg-phone\" \/><\/span><br \/>\n<span class=\"wpcf7-form-control-wrap\" data-name=\"mcg-email\"><input size=\"40\" maxlength=\"400\" class=\"wpcf7-form-control wpcf7-email wpcf7-validates-as-required wpcf7-text wpcf7-validates-as-email mcg\" aria-required=\"true\" aria-invalid=\"false\" placeholder=\"do sheoladh r\u00edomhphoist\" value=\"\" type=\"email\" name=\"mcg-email\" \/><\/span><br \/>\n\t<hr \/><br \/>\n<span class=\"wpcf7-form-control-wrap\" data-name=\"mcg-make\"><input size=\"40\" maxlength=\"400\" class=\"wpcf7-form-control wpcf7-text wpcf7-validates-as-required mcg\" aria-required=\"true\" aria-invalid=\"false\" placeholder=\"d\u00e9anamh &amp; samhail de do ghluaisrothar\" value=\"\" type=\"text\" name=\"mcg-make\" \/><\/span><br \/>\n<span class=\"wpcf7-form-control-wrap\" data-name=\"mcg-collection\"><input size=\"40\" maxlength=\"400\" class=\"wpcf7-form-control wpcf7-text wpcf7-validates-as-required mcg\" aria-required=\"true\" aria-invalid=\"false\" placeholder=\"baili\u00fach\u00e1n \u00d3\" value=\"\" type=\"text\" name=\"mcg-collection\" \/><\/span><span class=\"wpcf7-form-control-wrap\" data-name=\"mcg-delivery\"><input size=\"40\" maxlength=\"400\" class=\"wpcf7-form-control wpcf7-text wpcf7-validates-as-required mcg\" aria-required=\"true\" aria-invalid=\"false\" placeholder=\"seachadadh TO\" value=\"\" type=\"text\" name=\"mcg-delivery\" \/><\/span><br \/>\n<br style=\"clear:both;\" \/>\n\t<hr \/><br \/>\n<span class=\"wpcf7-form-control-wrap\" data-name=\"fromdepot\"><span class=\"wpcf7-form-control wpcf7-checkbox wpcf7-exclusive-checkbox mcg\"><span class=\"wpcf7-list-item first\"><input type=\"checkbox\" name=\"fromdepot\" value=\"Ba mhaith liom baili\u00fa agus seachadadh chuig mo dhoras.\" \/><span class=\"wpcf7-list-item-label\">Ba mhaith liom baili\u00fa agus seachadadh chuig mo dhoras.<\/span><\/span><span class=\"wpcf7-list-item last\"><input type=\"checkbox\" name=\"fromdepot\" value=\"Is f\u00e9idir liom seachadadh chuig do iosta\u00ed agus iad a bhaili\u00fa uathu.\" \/><span class=\"wpcf7-list-item-label\">Is f\u00e9idir liom seachadadh chuig do iosta\u00ed agus iad a bhaili\u00fa uathu.<\/span><\/span><\/span><\/span><br \/>\n\t<hr \/><br \/>\n<span class=\"wpcf7-form-control-wrap\" data-name=\"mcgruns\"><span class=\"wpcf7-form-control wpcf7-checkbox wpcf7-exclusive-checkbox mcg\"><span class=\"wpcf7-list-item first\"><input type=\"checkbox\" name=\"mcgruns\" value=\"Ritheann mo ghluaisrothar i gceart.\" \/><span class=\"wpcf7-list-item-label\">Ritheann mo ghluaisrothar i gceart.<\/span><\/span><span class=\"wpcf7-list-item last\"><input type=\"checkbox\" name=\"mcgruns\" value=\"N\u00cd Rithfidh mo ghluaisrothar.\" \/><span class=\"wpcf7-list-item-label\">N\u00cd Rithfidh mo ghluaisrothar.<\/span><\/span><\/span><\/span><br \/>\n\t<hr \/>\n\t<\/p>\n\t<p>M\u00e1 t\u00e1 d\u00e1ta ar leith i gcuimhne agat, cuir in i\u00fal d\u00fainn, n\u00f3 tabhair tuairim d\u00fainn faoi cathain ar mhaith leat do rothar a sheoladh. E.g., \"Deireadh M\u00e1rta\".\n\t<\/p>\n\t<p><span class=\"wpcf7-form-control-wrap\" data-name=\"mcg-date\"><input size=\"40\" maxlength=\"400\" class=\"wpcf7-form-control wpcf7-text wpcf7-validates-as-required mcg\" aria-required=\"true\" aria-invalid=\"false\" placeholder=\"d\u00e1ta bailithe \/ seachadta\" value=\"\" type=\"text\" name=\"mcg-date\" \/><\/span><br \/>\n<span class=\"wpcf7-form-control-wrap\" data-name=\"capital-quiz\"><label><span class=\"wpcf7-quiz-label\">Chun stop a chur leis na spammers... An bhf\u00e9adf\u00e1 a r\u00e1 linn c\u00e9 acu uimhir is m\u00f3... 2 n\u00f3 8?<\/span> <input size=\"40\" class=\"wpcf7-form-control wpcf7-quiz\" autocomplete=\"off\" aria-required=\"true\" aria-invalid=\"false\" type=\"text\" name=\"capital-quiz\" \/><\/label><input type=\"hidden\" name=\"_wpcf7_quiz_answer_capital-quiz\" value=\"054089d0f1ed276ec24074ad115e1e09\" \/><\/span><br \/>\n\t<div class=\"wpcf7-response-output\" aria-hidden=\"true\"><\/div><br \/>\n<input class=\"wpcf7-form-control wpcf7-submit has-spinner mcg\" type=\"submit\" value=\"Faigh do luachan!\" \/>\n\t<\/p>\n<\/div>\n<\/form>\n<\/div>\n\n<p>&nbsp;<\/p>\n<h3>Gluaisrothar Loingseoireacht ar fud na hEorpa<\/h3>\n<p>Cinnt\u00edonn \u00e1r ritheann rialta iompair idir \u00c9irinn, an Phortaing\u00e9il agus c\u00f3sta\u00ed theas na Sp\u00e1inne an luachan is fearr is f\u00e9idir! Cialla\u00edonn \u00e1r rialtacht gur f\u00e9idir linn an iliomad saincheist l\u00f3ist\u00edochta a phlean\u00e1il agus a fhorghn\u00edomh\u00fa chomh h\u00e9ifeachtach agus is f\u00e9idir, rud a chialla\u00edonn nach bhfuil ann ach na comhartha\u00ed athfhriotail is fearr!<\/p>\n<p>D\u00e9anaimid \u00e1r nd\u00edcheall a bheith i dteagmh\u00e1il i gc\u00f3na\u00ed agus do ghluaisrothar \u00e1 iompar. Uaireanta, n\u00ed f\u00e9idir \u00e9 seo a dh\u00e9anamh, ach t\u00e1imid br\u00f3d\u00fail as \u00e1r gc\u00faram custaim\u00e9ir\u00ed. Is f\u00e9idir leat teagmh\u00e1il a dh\u00e9anamh linn ag beagnach am ar bith le linn na seirbh\u00edse loingseoireachta. N\u00ed g\u00e1 a bheith buartha, t\u00e1 do rothar l\u00f3mhar i l\u00e1mha s\u00e1bh\u00e1ilte!<\/p>\n<p>Is f\u00e9idir linn st\u00f3r\u00e1il do ghluaisrothar a eagr\u00fa, freisin! T\u00e1 tr\u00ed iosta st\u00f3r\u00e1la againn san Algarve agus i mBaile \u00c1tha Cliath.<\/p>\n<h3>Iosta\u00ed Iompair Gluaisrothar in \u00c9irinn, sa Phortaing\u00e9il agus sa Sp\u00e1inn<\/h3>\n<ul>\n<li><strong>Loule, Algarve, an Phortaing\u00e9il<\/strong><br \/>\nCamino Dos Giros, Quattro Estradas, Loule 8100-579, an Phortaing\u00e9il.\u00a0 Teileaf\u00f3n an Phortaing\u00e9il: (+351) 930 658 660.<\/li>\n<li><strong>Baile \u00c1tha Cliath, \u00c9ire<\/strong><br \/>\nSeoladh \u00farnua \u00e1 dheimhni\u00fa agus m\u00e9 ag cl\u00f3scr\u00edobh.<\/li>\n<\/ul>\n<h2>Iompar Gluaisrothar<\/h2>\n<p>Le iosta\u00ed i mBaile \u00c1tha Cliath agus i Loule, san Algarve, iompraimid gluaisrothair go h\u00c9irinn agus go dt\u00ed an Phortaing\u00e9il gach m\u00ed. T\u00e1 \u00e1r gcoime\u00e1d\u00e1n 40 troigh sl\u00e1n s\u00e1bh\u00e1ilte agus d\u00e9antar monat\u00f3ireacht air i gc\u00f3na\u00ed. Is minic a bh\u00edonn iompar \u00f3n iosta go dt\u00ed an iosta n\u00edos saoire ach t\u00e1imid s\u00e1sta do ghluaisrothair a eagr\u00fa, \u00f3 dhoras go doras! D\u00e9anaimid seirbh\u00eds ar fud na h\u00c9ireann, lena n-\u00e1ir\u00edtear, ach gan a bheith teoranta do, an Mh\u00ed, Cill Dara, Cill Mhant\u00e1in, Loch Garman, Cill Chainnigh, Port L\u00e1irge, Cor, Ciarra\u00ed, Luimneach, Tiobraid \u00c1rann, Contaetha an Chl\u00e1ir, Gaillimh, Maigh Eo agus U\u00edbh Fhail\u00ed, an Iarmh\u00ed agus Ros Com\u00e1in!<\/p>\n<p>Sa Phortaing\u00e9il, is f\u00e9idir linn do dhoras a sheachadadh ar\u00eds, ar fud r\u00e9igi\u00fan Alrgarve, Loule, Tavira, Faro, Albufeira, Portim\u00e3o, Lagos, agus n\u00edos faide \u00f3 thuaidh go Liosp\u00f3in, Coimbra agus Porto.<\/p>\n<p>D\u00e9anaimid \u00e1r nd\u00edcheall i gc\u00f3na\u00ed a bheith i dteagmh\u00e1il le do ghluaisrothar i gc\u00f3na\u00ed ar feadh an iompair. Anois is ar\u00eds, n\u00ed f\u00e9idir \u00e9 seo a dh\u00e9anamh, ach t\u00e1imid br\u00f3d\u00fail as \u00e1r gc\u00faram custaim\u00e9ir\u00ed ar ardchaighde\u00e1n &#8211; agus as an gc\u00faram a thugtar do do rothar! Is f\u00e9idir leat teagmh\u00e1il a dh\u00e9anamh linn ag beagnach am ar bith le linn na seirbh\u00edse loingseoireachta &amp; iompair. N\u00ed g\u00e1 a bheith buartha, t\u00e1 do rothar l\u00f3mhar i l\u00e1mha s\u00e1bh\u00e1ilte!<\/p>\n<p><em>Labhr\u00f3idh muid leat go luath!<\/em><\/p>\n<p><\/p>","protected":false},"excerpt":{"rendered":"<p>Iompar Gluaisrothar&#8230; Sin \u00e9 a dh\u00e9anaimid! Anseo ag Motorcycles-Go.com, t\u00e1imid ag seoladh gluaisrothair luachmhara \u00e1r gcliant anonn is anall idir \u00c9irinn agus an Phortaing\u00e9il (agus an RA go dt\u00ed Brexit!) le breis agus deich mbliana anuas agus t\u00e1 a fhios againn go bhfuil \u00e1r gcliaint s\u00e1sta len\u00e1r seirbh\u00eds. M\u00e1 t\u00e1 g\u00e1 agat le seirbh\u00eds\u00ed iompair [&hellip;]<\/p>\n","protected":false},"author":1,"featured_media":0,"parent":0,"menu_order":0,"comment_status":"closed","ping_status":"closed","template":"","meta":{"yasr_overall_rating":0,"yasr_post_is_review":"","yasr_auto_insert_disabled":"","yasr_review_type":"","footnotes":""},"class_list":["post-411","page","type-page","status-publish","hentry"],"yoast_head":"<!-- This site is optimized with the Yoast SEO plugin v27.5 - https:\/\/yoast.com\/product\/yoast-seo-wordpress\/ -->\n<title>Iompar Gluaisrothar - An Phortaing\u00e9il &amp; \u00c9ire. Seirbh\u00eds Iontaofa, Sleachta iontach!<\/title>\n<meta name=\"description\" content=\"Seirbh\u00eds\u00ed Iompair Gluaisrothar - \u00c9ire\/An Phortaing\u00e9il. Seirbh\u00eds coime\u00e1d\u00e1n iompair m\u00edos\u00fail rialta idir Baile \u00c1tha Cliath agus an Algarve. Praghsanna iontach!\" \/>\n<meta name=\"robots\" content=\"index, follow, max-snippet:-1, max-image-preview:large, max-video-preview:-1\" \/>\n<link rel=\"canonical\" href=\"https:\/\/motorcycles-go.com\/motorcycle-transport\/\" \/>\n<meta property=\"og:locale\" content=\"en_US\" \/>\n<meta property=\"og:type\" content=\"article\" \/>\n<meta property=\"og:title\" content=\"[:en]Motorcycle Transport - Portugal &amp; Ireland. Reliable Service, Great Quotes![:es]Transporte de motos - Portugal e Irlanda. \u00a1Servicio confiable, excelentes cotizaciones![:pt]Transporte de Motos - Portugal e Irlanda. Servi\u00e7o confi\u00e1vel, \u00f3timas cota\u00e7\u00f5es![:ga]Iompar Gluaisrothar - An Phortaing\u00e9il &amp; \u00c9ire. Seirbh\u00eds Iontaofa, Sleachta iontach![:]\" \/>\n<meta property=\"og:description\" content=\"{:en}Motorcycle Transport Services - Ireland\/Portugal. Regular monthly transport container service between Dublin and Algarve. Impressive Prices!{:es}Servicios de transporte de motocicletas - Irlanda \/ Portugal. Servicio de transporte regular mensual de contenedores entre Dubl\u00edn y Algarve. Precios Impresionantes!{:pt}Servi\u00e7os de Transporte de Motos - Irlanda \/ Portugal. Servi\u00e7o regular mensal de contentores de transporte entre Dublin e Algarve. Pre\u00e7os Impressionantes!{:ga}Seirbh\u00eds\u00ed Iompair Gluaisrothar - \u00c9ire\/An Phortaing\u00e9il. Seirbh\u00eds coime\u00e1d\u00e1n iompair m\u00edos\u00fail rialta idir Baile \u00c1tha Cliath agus an Algarve. Praghsanna iontach!{:}\" \/>\n<meta property=\"og:url\" content=\"https:\/\/motorcycles-go.com\/motorcycle-transport\/\" \/>\n<meta property=\"og:site_name\" content=\"Motorcycles-Go.com\" \/>\n<meta property=\"article:modified_time\" content=\"2024-04-08T16:06:30+00:00\" \/>\n<meta property=\"og:image\" content=\"https:\/\/motorcycles-go.com\/wp-content\/uploads\/2020\/07\/Motorcycles-Go-OG01.jpg\" \/>\n<meta name=\"twitter:card\" content=\"summary_large_image\" \/>\n<meta name=\"twitter:label1\" content=\"Est. reading time\" \/>\n\t<meta name=\"twitter:data1\" content=\"10 minutes\" \/>\n<script type=\"application\/ld+json\" class=\"yoast-schema-graph\">{\"@context\":\"https:\\\/\\\/schema.org\",\"@graph\":[{\"@type\":\"WebPage\",\"@id\":\"https:\\\/\\\/motorcycles-go.com\\\/motorcycle-transport\\\/\",\"url\":\"https:\\\/\\\/motorcycles-go.com\\\/motorcycle-transport\\\/\",\"name\":\"[:en]Motorcycle Transport - Portugal & Ireland. Reliable Service, Great Quotes![:es]Transporte de motos - Portugal e Irlanda. \u00a1Servicio confiable, excelentes cotizaciones![:pt]Transporte de Motos - Portugal e Irlanda. Servi\u00e7o confi\u00e1vel, \u00f3timas cota\u00e7\u00f5es![:ga]Iompar Gluaisrothar - An Phortaing\u00e9il & \u00c9ire. Seirbh\u00eds Iontaofa, Sleachta iontach![:]\",\"isPartOf\":{\"@id\":\"https:\\\/\\\/motorcycles-go.com\\\/#website\"},\"primaryImageOfPage\":{\"@id\":\"https:\\\/\\\/motorcycles-go.com\\\/motorcycle-transport\\\/#primaryimage\"},\"image\":{\"@id\":\"https:\\\/\\\/motorcycles-go.com\\\/motorcycle-transport\\\/#primaryimage\"},\"thumbnailUrl\":\"https:\\\/\\\/motorcycles-go.com\\\/wp-content\\\/uploads\\\/2020\\\/07\\\/Motorcycles-Go-OG01.jpg\",\"datePublished\":\"2021-05-12T11:04:54+00:00\",\"dateModified\":\"2024-04-08T16:06:30+00:00\",\"description\":\"{:en}Motorcycle Transport Services - Ireland\\\/Portugal. Regular monthly transport container service between Dublin and Algarve. Impressive Prices!{:es}Servicios de transporte de motocicletas - Irlanda \\\/ Portugal. Servicio de transporte regular mensual de contenedores entre Dubl\u00edn y Algarve. Precios Impresionantes!{:pt}Servi\u00e7os de Transporte de Motos - Irlanda \\\/ Portugal. Servi\u00e7o regular mensal de contentores de transporte entre Dublin e Algarve. Pre\u00e7os Impressionantes!{:ga}Seirbh\u00eds\u00ed Iompair Gluaisrothar - \u00c9ire\\\/An Phortaing\u00e9il. Seirbh\u00eds coime\u00e1d\u00e1n iompair m\u00edos\u00fail rialta idir Baile \u00c1tha Cliath agus an Algarve. Praghsanna iontach!{:}\",\"breadcrumb\":{\"@id\":\"https:\\\/\\\/motorcycles-go.com\\\/motorcycle-transport\\\/#breadcrumb\"},\"inLanguage\":\"ga-GA\",\"potentialAction\":[{\"@type\":\"ReadAction\",\"target\":[\"https:\\\/\\\/motorcycles-go.com\\\/motorcycle-transport\\\/\"]}]},{\"@type\":\"ImageObject\",\"inLanguage\":\"ga-GA\",\"@id\":\"https:\\\/\\\/motorcycles-go.com\\\/motorcycle-transport\\\/#primaryimage\",\"url\":\"https:\\\/\\\/motorcycles-go.com\\\/wp-content\\\/uploads\\\/2020\\\/07\\\/Motorcycles-Go-OG01.jpg\",\"contentUrl\":\"https:\\\/\\\/motorcycles-go.com\\\/wp-content\\\/uploads\\\/2020\\\/07\\\/Motorcycles-Go-OG01.jpg\"},{\"@type\":\"BreadcrumbList\",\"@id\":\"https:\\\/\\\/motorcycles-go.com\\\/motorcycle-transport\\\/#breadcrumb\",\"itemListElement\":[{\"@type\":\"ListItem\",\"position\":1,\"name\":\"Home\",\"item\":\"https:\\\/\\\/motorcycles-go.com\\\/\"},{\"@type\":\"ListItem\",\"position\":2,\"name\":\"Motorcycle Transport\"}]},{\"@type\":\"WebSite\",\"@id\":\"https:\\\/\\\/motorcycles-go.com\\\/#website\",\"url\":\"https:\\\/\\\/motorcycles-go.com\\\/\",\"name\":\"Motorcycles-Go.com\",\"description\":\"Motorcycle transport specialists.  UK, Spain, Portugal.\",\"publisher\":{\"@id\":\"https:\\\/\\\/motorcycles-go.com\\\/#organization\"},\"potentialAction\":[{\"@type\":\"SearchAction\",\"target\":{\"@type\":\"EntryPoint\",\"urlTemplate\":\"https:\\\/\\\/motorcycles-go.com\\\/?s={search_term_string}\"},\"query-input\":{\"@type\":\"PropertyValueSpecification\",\"valueRequired\":true,\"valueName\":\"search_term_string\"}}],\"inLanguage\":\"ga-GA\"},{\"@type\":\"Organization\",\"@id\":\"https:\\\/\\\/motorcycles-go.com\\\/#organization\",\"name\":\"Motorcycles-Go.com\",\"url\":\"https:\\\/\\\/motorcycles-go.com\\\/\",\"logo\":{\"@type\":\"ImageObject\",\"inLanguage\":\"ga-GA\",\"@id\":\"https:\\\/\\\/motorcycles-go.com\\\/#\\\/schema\\\/logo\\\/image\\\/\",\"url\":\"https:\\\/\\\/motorcycles-go.com\\\/wp-content\\\/uploads\\\/2020\\\/07\\\/Motrocycles-Go-Logo-Sml.png\",\"contentUrl\":\"https:\\\/\\\/motorcycles-go.com\\\/wp-content\\\/uploads\\\/2020\\\/07\\\/Motrocycles-Go-Logo-Sml.png\",\"width\":300,\"height\":45,\"caption\":\"Motorcycles-Go.com\"},\"image\":{\"@id\":\"https:\\\/\\\/motorcycles-go.com\\\/#\\\/schema\\\/logo\\\/image\\\/\"}},false]}<\/script>\n<!-- \/ Yoast SEO plugin. -->","yoast_head_json":{"title":"Iompar Gluaisrothar - An Phortaing\u00e9il & \u00c9ire. Seirbh\u00eds Iontaofa, Sleachta iontach!","description":"Seirbh\u00eds\u00ed Iompair Gluaisrothar - \u00c9ire\/An Phortaing\u00e9il. Seirbh\u00eds coime\u00e1d\u00e1n iompair m\u00edos\u00fail rialta idir Baile \u00c1tha Cliath agus an Algarve. Praghsanna iontach!","robots":{"index":"index","follow":"follow","max-snippet":"max-snippet:-1","max-image-preview":"max-image-preview:large","max-video-preview":"max-video-preview:-1"},"canonical":"https:\/\/motorcycles-go.com\/motorcycle-transport\/","og_locale":"en_US","og_type":"article","og_title":"[:en]Motorcycle Transport - Portugal & Ireland. Reliable Service, Great Quotes![:es]Transporte de motos - Portugal e Irlanda. \u00a1Servicio confiable, excelentes cotizaciones![:pt]Transporte de Motos - Portugal e Irlanda. Servi\u00e7o confi\u00e1vel, \u00f3timas cota\u00e7\u00f5es![:ga]Iompar Gluaisrothar - An Phortaing\u00e9il & \u00c9ire. Seirbh\u00eds Iontaofa, Sleachta iontach![:]","og_description":"{:en}Motorcycle Transport Services - Ireland\/Portugal. Regular monthly transport container service between Dublin and Algarve. Impressive Prices!{:es}Servicios de transporte de motocicletas - Irlanda \/ Portugal. Servicio de transporte regular mensual de contenedores entre Dubl\u00edn y Algarve. Precios Impresionantes!{:pt}Servi\u00e7os de Transporte de Motos - Irlanda \/ Portugal. Servi\u00e7o regular mensal de contentores de transporte entre Dublin e Algarve. Pre\u00e7os Impressionantes!{:ga}Seirbh\u00eds\u00ed Iompair Gluaisrothar - \u00c9ire\/An Phortaing\u00e9il. Seirbh\u00eds coime\u00e1d\u00e1n iompair m\u00edos\u00fail rialta idir Baile \u00c1tha Cliath agus an Algarve. Praghsanna iontach!{:}","og_url":"https:\/\/motorcycles-go.com\/motorcycle-transport\/","og_site_name":"Motorcycles-Go.com","article_modified_time":"2024-04-08T16:06:30+00:00","og_image":[{"url":"https:\/\/motorcycles-go.com\/wp-content\/uploads\/2020\/07\/Motorcycles-Go-OG01.jpg","type":"","width":"","height":""}],"twitter_card":"summary_large_image","twitter_misc":{"Est. reading time":"10 minutes"},"schema":{"@context":"https:\/\/schema.org","@graph":[{"@type":"WebPage","@id":"https:\/\/motorcycles-go.com\/motorcycle-transport\/","url":"https:\/\/motorcycles-go.com\/motorcycle-transport\/","name":"[:en]Motorcycle Transport - Portugal & Ireland. Reliable Service, Great Quotes![:es]Transporte de motos - Portugal e Irlanda. \u00a1Servicio confiable, excelentes cotizaciones![:pt]Transporte de Motos - Portugal e Irlanda. Servi\u00e7o confi\u00e1vel, \u00f3timas cota\u00e7\u00f5es![:ga]Iompar Gluaisrothar - An Phortaing\u00e9il & \u00c9ire. Seirbh\u00eds Iontaofa, Sleachta iontach![:]","isPartOf":{"@id":"https:\/\/motorcycles-go.com\/#website"},"primaryImageOfPage":{"@id":"https:\/\/motorcycles-go.com\/motorcycle-transport\/#primaryimage"},"image":{"@id":"https:\/\/motorcycles-go.com\/motorcycle-transport\/#primaryimage"},"thumbnailUrl":"https:\/\/motorcycles-go.com\/wp-content\/uploads\/2020\/07\/Motorcycles-Go-OG01.jpg","datePublished":"2021-05-12T11:04:54+00:00","dateModified":"2024-04-08T16:06:30+00:00","description":"{:en}Motorcycle Transport Services - Ireland\/Portugal. Regular monthly transport container service between Dublin and Algarve. Impressive Prices!{:es}Servicios de transporte de motocicletas - Irlanda \/ Portugal. Servicio de transporte regular mensual de contenedores entre Dubl\u00edn y Algarve. Precios Impresionantes!{:pt}Servi\u00e7os de Transporte de Motos - Irlanda \/ Portugal. Servi\u00e7o regular mensal de contentores de transporte entre Dublin e Algarve. Pre\u00e7os Impressionantes!{:ga}Seirbh\u00eds\u00ed Iompair Gluaisrothar - \u00c9ire\/An Phortaing\u00e9il. Seirbh\u00eds coime\u00e1d\u00e1n iompair m\u00edos\u00fail rialta idir Baile \u00c1tha Cliath agus an Algarve. Praghsanna iontach!{:}","breadcrumb":{"@id":"https:\/\/motorcycles-go.com\/motorcycle-transport\/#breadcrumb"},"inLanguage":"ga-GA","potentialAction":[{"@type":"ReadAction","target":["https:\/\/motorcycles-go.com\/motorcycle-transport\/"]}]},{"@type":"ImageObject","inLanguage":"ga-GA","@id":"https:\/\/motorcycles-go.com\/motorcycle-transport\/#primaryimage","url":"https:\/\/motorcycles-go.com\/wp-content\/uploads\/2020\/07\/Motorcycles-Go-OG01.jpg","contentUrl":"https:\/\/motorcycles-go.com\/wp-content\/uploads\/2020\/07\/Motorcycles-Go-OG01.jpg"},{"@type":"BreadcrumbList","@id":"https:\/\/motorcycles-go.com\/motorcycle-transport\/#breadcrumb","itemListElement":[{"@type":"ListItem","position":1,"name":"Home","item":"https:\/\/motorcycles-go.com\/"},{"@type":"ListItem","position":2,"name":"Motorcycle Transport"}]},{"@type":"WebSite","@id":"https:\/\/motorcycles-go.com\/#website","url":"https:\/\/motorcycles-go.com\/","name":"Motorcycles-Go.com","description":"Motorcycle transport specialists.  UK, Spain, Portugal.","publisher":{"@id":"https:\/\/motorcycles-go.com\/#organization"},"potentialAction":[{"@type":"SearchAction","target":{"@type":"EntryPoint","urlTemplate":"https:\/\/motorcycles-go.com\/?s={search_term_string}"},"query-input":{"@type":"PropertyValueSpecification","valueRequired":true,"valueName":"search_term_string"}}],"inLanguage":"ga-GA"},{"@type":"Organization","@id":"https:\/\/motorcycles-go.com\/#organization","name":"Motorcycles-Go.com","url":"https:\/\/motorcycles-go.com\/","logo":{"@type":"ImageObject","inLanguage":"ga-GA","@id":"https:\/\/motorcycles-go.com\/#\/schema\/logo\/image\/","url":"https:\/\/motorcycles-go.com\/wp-content\/uploads\/2020\/07\/Motrocycles-Go-Logo-Sml.png","contentUrl":"https:\/\/motorcycles-go.com\/wp-content\/uploads\/2020\/07\/Motrocycles-Go-Logo-Sml.png","width":300,"height":45,"caption":"Motorcycles-Go.com"},"image":{"@id":"https:\/\/motorcycles-go.com\/#\/schema\/logo\/image\/"}},false]}},"yasr_visitor_votes":{"stars_attributes":{"read_only":false,"span_bottom":false},"number_of_votes":0,"sum_votes":0},"_links":{"self":[{"href":"https:\/\/motorcycles-go.com\/ga\/wp-json\/wp\/v2\/pages\/411","targetHints":{"allow":["GET"]}}],"collection":[{"href":"https:\/\/motorcycles-go.com\/ga\/wp-json\/wp\/v2\/pages"}],"about":[{"href":"https:\/\/motorcycles-go.com\/ga\/wp-json\/wp\/v2\/types\/page"}],"author":[{"embeddable":true,"href":"https:\/\/motorcycles-go.com\/ga\/wp-json\/wp\/v2\/users\/1"}],"replies":[{"embeddable":true,"href":"https:\/\/motorcycles-go.com\/ga\/wp-json\/wp\/v2\/comments?post=411"}],"version-history":[{"count":10,"href":"https:\/\/motorcycles-go.com\/ga\/wp-json\/wp\/v2\/pages\/411\/revisions"}],"predecessor-version":[{"id":520,"href":"https:\/\/motorcycles-go.com\/ga\/wp-json\/wp\/v2\/pages\/411\/revisions\/520"}],"wp:attachment":[{"href":"https:\/\/motorcycles-go.com\/ga\/wp-json\/wp\/v2\/media?parent=411"}],"curies":[{"name":"wp","href":"https:\/\/api.w.org\/{rel}","templated":true}]}}