{"id":9,"date":"2020-06-25T11:08:08","date_gmt":"2020-06-25T11:08:08","guid":{"rendered":"https:\/\/motorcycles-go.com\/?page_id=9"},"modified":"2024-04-08T16:10:12","modified_gmt":"2024-04-08T16:10:12","slug":"european-motorcycle-transport","status":"publish","type":"page","link":"https:\/\/motorcycles-go.com\/ga\/iompar-gluaisrothar-na-heorpa\/","title":{"rendered":"[:en]European Motorcycle Transport[:es]Transporte europeo de motocicletas[:pt]European Motorcycle Transport[:ga]Iompar Gluaisrothar na hEorpa[:]"},"content":{"rendered":"<p><\/p>\n<p><strong>Seirbh\u00eds\u00ed iompair gluaisrothar Eorpacha \u00f3 Motorcycles-Go.com. T\u00e1 foireann thiomanta de ghairmithe iompair againn &#8211; le paisean do rothair! &#8211; tr\u00ed iosta iompair a oibri\u00fa sa RA, sa Sp\u00e1inn agus sa Phortaing\u00e9il. Bainimid \u00fas\u00e1id as \u00e1r gcoime\u00e1d\u00e1in f\u00e9in chun do ghluaisrothar a iompar, go s\u00e1bh\u00e1ilte agus go h\u00e9ifeachtach, \u00f3 bhaili\u00fa go seachadadh! Seirbh\u00eds ardchaighde\u00e1in!<\/strong><\/p>\n<figure id=\"attachment_209\" aria-describedby=\"caption-attachment-209\" style=\"width: 1200px\" class=\"wp-caption alignnone\"><img loading=\"lazy\" decoding=\"async\" class=\"wp-image-209 size-full\" src=\"https:\/\/motorcycles-go.com\/wp-content\/uploads\/2020\/07\/European-Motorcycle-Transport-Services-UK-Spain-Portugal-OG01.jpg\" alt=\"European Motorcycle Transport Services, UK, Spain, Portugal OG01\" width=\"1200\" height=\"630\" srcset=\"https:\/\/motorcycles-go.com\/wp-content\/uploads\/2020\/07\/European-Motorcycle-Transport-Services-UK-Spain-Portugal-OG01.jpg 1200w, https:\/\/motorcycles-go.com\/wp-content\/uploads\/2020\/07\/European-Motorcycle-Transport-Services-UK-Spain-Portugal-OG01-300x158.jpg 300w, https:\/\/motorcycles-go.com\/wp-content\/uploads\/2020\/07\/European-Motorcycle-Transport-Services-UK-Spain-Portugal-OG01-1024x538.jpg 1024w, https:\/\/motorcycles-go.com\/wp-content\/uploads\/2020\/07\/European-Motorcycle-Transport-Services-UK-Spain-Portugal-OG01-768x403.jpg 768w, https:\/\/motorcycles-go.com\/wp-content\/uploads\/2020\/07\/European-Motorcycle-Transport-Services-UK-Spain-Portugal-OG01-1x1.jpg 1w\" sizes=\"auto, (max-width: 1200px) 100vw, 1200px\" \/><figcaption id=\"caption-attachment-209\" class=\"wp-caption-text\">European Motorcycle Transport Services, UK, Spain, Portugal.<\/figcaption><\/figure>\n<h2>Seirbh\u00eds\u00ed Iontaofa Gluaisrothar Iompair Ar fud na hEorpa<\/h2>\n<p>Anseo ag Motorcycles-Go.com, t\u00e1 eolas againn faoin ngn\u00f3 iompair &#8211; go h\u00e1irithe gluaisrothair!! T\u00e1 taith\u00ed na mblianta againn ar ghluaisrothair a iompar idir an RA agus c\u00f3sta\u00ed theas na Sp\u00e1inne agus na Portaing\u00e9ile.<\/p>\n<h3>Faigh do Luach Eorpach um Iompar Gluaisrothar!<\/h3>\n\n<div class=\"wpcf7 no-js\" id=\"wpcf7-f106-o4\" lang=\"en-US\" dir=\"ltr\" data-wpcf7-id=\"106\">\n<div class=\"screen-reader-response\"><p role=\"status\" aria-live=\"polite\" aria-atomic=\"true\"><\/p> <ul><\/ul><\/div>\n<form action=\"\/ga\/wp-json\/wp\/v2\/pages\/9#wpcf7-f106-o4\" method=\"post\" class=\"wpcf7-form init\" aria-label=\"Contact form\" novalidate=\"novalidate\" data-status=\"init\">\n<fieldset class=\"hidden-fields-container\"><input type=\"hidden\" name=\"_wpcf7\" value=\"106\" \/><input type=\"hidden\" name=\"_wpcf7_version\" value=\"6.1.5\" \/><input type=\"hidden\" name=\"_wpcf7_locale\" value=\"en_US\" \/><input type=\"hidden\" name=\"_wpcf7_unit_tag\" value=\"wpcf7-f106-o4\" \/><input type=\"hidden\" name=\"_wpcf7_container_post\" value=\"0\" \/><input type=\"hidden\" name=\"_wpcf7_posted_data_hash\" value=\"\" \/>\n<\/fieldset>\n<div id=\"quote\">\n\t<p><span class=\"wpcf7-form-control-wrap\" data-name=\"mcg-name\"><input size=\"40\" maxlength=\"400\" class=\"wpcf7-form-control wpcf7-text wpcf7-validates-as-required mcg\" aria-required=\"true\" aria-invalid=\"false\" placeholder=\"do ainm\" value=\"\" type=\"text\" name=\"mcg-name\" \/><\/span><br \/>\n<span class=\"wpcf7-form-control-wrap\" data-name=\"mcg-phone\"><input size=\"40\" maxlength=\"400\" class=\"wpcf7-form-control wpcf7-tel wpcf7-validates-as-required wpcf7-text wpcf7-validates-as-tel mcg\" aria-required=\"true\" aria-invalid=\"false\" placeholder=\"uimhir theileaf\u00f3in\" value=\"\" type=\"tel\" name=\"mcg-phone\" \/><\/span><br \/>\n<span class=\"wpcf7-form-control-wrap\" data-name=\"mcg-email\"><input size=\"40\" maxlength=\"400\" class=\"wpcf7-form-control wpcf7-email wpcf7-validates-as-required wpcf7-text wpcf7-validates-as-email mcg\" aria-required=\"true\" aria-invalid=\"false\" placeholder=\"do sheoladh r\u00edomhphoist\" value=\"\" type=\"email\" name=\"mcg-email\" \/><\/span><br \/>\n\t<hr \/><br \/>\n<span class=\"wpcf7-form-control-wrap\" data-name=\"mcg-make\"><input size=\"40\" maxlength=\"400\" class=\"wpcf7-form-control wpcf7-text wpcf7-validates-as-required mcg\" aria-required=\"true\" aria-invalid=\"false\" placeholder=\"d\u00e9anamh &amp; samhail de do ghluaisrothar\" value=\"\" type=\"text\" name=\"mcg-make\" \/><\/span><br \/>\n<span class=\"wpcf7-form-control-wrap\" data-name=\"mcg-collection\"><input size=\"40\" maxlength=\"400\" class=\"wpcf7-form-control wpcf7-text wpcf7-validates-as-required mcg\" aria-required=\"true\" aria-invalid=\"false\" placeholder=\"baili\u00fach\u00e1n \u00d3\" value=\"\" type=\"text\" name=\"mcg-collection\" \/><\/span><span class=\"wpcf7-form-control-wrap\" data-name=\"mcg-delivery\"><input size=\"40\" maxlength=\"400\" class=\"wpcf7-form-control wpcf7-text wpcf7-validates-as-required mcg\" aria-required=\"true\" aria-invalid=\"false\" placeholder=\"seachadadh TO\" value=\"\" type=\"text\" name=\"mcg-delivery\" \/><\/span><br \/>\n<br style=\"clear:both;\" \/>\n\t<hr \/><br \/>\n<span class=\"wpcf7-form-control-wrap\" data-name=\"fromdepot\"><span class=\"wpcf7-form-control wpcf7-checkbox wpcf7-exclusive-checkbox mcg\"><span class=\"wpcf7-list-item first\"><input type=\"checkbox\" name=\"fromdepot\" value=\"Ba mhaith liom baili\u00fa agus seachadadh chuig mo dhoras.\" \/><span class=\"wpcf7-list-item-label\">Ba mhaith liom baili\u00fa agus seachadadh chuig mo dhoras.<\/span><\/span><span class=\"wpcf7-list-item last\"><input type=\"checkbox\" name=\"fromdepot\" value=\"Is f\u00e9idir liom seachadadh chuig do iosta\u00ed agus iad a bhaili\u00fa uathu.\" \/><span class=\"wpcf7-list-item-label\">Is f\u00e9idir liom seachadadh chuig do iosta\u00ed agus iad a bhaili\u00fa uathu.<\/span><\/span><\/span><\/span><br \/>\n\t<hr \/><br \/>\n<span class=\"wpcf7-form-control-wrap\" data-name=\"mcgruns\"><span class=\"wpcf7-form-control wpcf7-checkbox wpcf7-exclusive-checkbox mcg\"><span class=\"wpcf7-list-item first\"><input type=\"checkbox\" name=\"mcgruns\" value=\"Ritheann mo ghluaisrothar i gceart.\" \/><span class=\"wpcf7-list-item-label\">Ritheann mo ghluaisrothar i gceart.<\/span><\/span><span class=\"wpcf7-list-item last\"><input type=\"checkbox\" name=\"mcgruns\" value=\"N\u00cd Rithfidh mo ghluaisrothar.\" \/><span class=\"wpcf7-list-item-label\">N\u00cd Rithfidh mo ghluaisrothar.<\/span><\/span><\/span><\/span><br \/>\n\t<hr \/>\n\t<\/p>\n\t<p>M\u00e1 t\u00e1 d\u00e1ta ar leith i gcuimhne agat, cuir in i\u00fal d\u00fainn, n\u00f3 tabhair tuairim d\u00fainn faoi cathain ar mhaith leat do rothar a sheoladh. E.g., \"Deireadh M\u00e1rta\".\n\t<\/p>\n\t<p><span class=\"wpcf7-form-control-wrap\" data-name=\"mcg-date\"><input size=\"40\" maxlength=\"400\" class=\"wpcf7-form-control wpcf7-text wpcf7-validates-as-required mcg\" aria-required=\"true\" aria-invalid=\"false\" placeholder=\"d\u00e1ta bailithe \/ seachadta\" value=\"\" type=\"text\" name=\"mcg-date\" \/><\/span><br \/>\n<span class=\"wpcf7-form-control-wrap\" data-name=\"capital-quiz\"><label><span class=\"wpcf7-quiz-label\">Chun stop a chur leis na spammers... An bhf\u00e9adf\u00e1 a r\u00e1 linn c\u00e9 acu uimhir is m\u00f3... 2 n\u00f3 8?<\/span> <input size=\"40\" class=\"wpcf7-form-control wpcf7-quiz\" autocomplete=\"off\" aria-required=\"true\" aria-invalid=\"false\" type=\"text\" name=\"capital-quiz\" \/><\/label><input type=\"hidden\" name=\"_wpcf7_quiz_answer_capital-quiz\" value=\"054089d0f1ed276ec24074ad115e1e09\" \/><\/span><br \/>\n\t<div class=\"wpcf7-response-output\" aria-hidden=\"true\"><\/div><br \/>\n<input class=\"wpcf7-form-control wpcf7-submit has-spinner mcg\" type=\"submit\" value=\"Faigh do luachan!\" \/>\n\t<\/p>\n<\/div>\n<\/form>\n<\/div>\n\n<p>&nbsp;<\/p>\n<h3>Iompar Gluaisrothar, Sasana, an Sp\u00e1inn agus an Phortaing\u00e9il<\/h3>\n<p>Is \u00e9 iompar gluaisrothair a dh\u00e9anaimid! Nuair is mian leat do ghluaisrothar a shroicheadh \u200b\u200bgo s\u00e1bh\u00e1ilte, go tapa agus ar phraghas cothrom is f\u00e9idir linn cabhr\u00fa leat.<\/p>\n<ul>\n<li>Iosta na h\u00c9ireann, Baile \u00c1tha Cliath.<\/li>\n<li>Iosta na R\u00edochta Aontaithe, Salford, Greater Manchester.<\/li>\n<li>Iosta na Sp\u00e1inne, Antas, Almeria.<\/li>\n<li>Iosta na Portaing\u00e9ile, Loule, an Algarve.<\/li>\n<\/ul>\n<p>T\u00e1imid tar \u00e9is a bheith ag iompar gluaisrothair &#8211; agus go leor ruda\u00ed eile! &#8211; idir an RA agus c\u00f3sta\u00ed theas na Sp\u00e1inne agus na Portaing\u00e9ile le blianta! T\u00e1 \u00e1thas orainn a r\u00e1 go bhfuil a fhios againn cad at\u00e1 ar si\u00fal againn. Nuair a iarrann t\u00fa luachan iompair, iarrfaimid d\u00e9ant\u00fas agus m\u00fanla do rothair, do bhaili\u00fach\u00e1n, do cheann scr\u00edbe agus d\u00e1ta agus tiocfaimid ar ais chugat leis an luachan is fearr is f\u00e9idir linn! Is c\u00faram linn faoi rothair! Is c\u00faram linn do rothar! N\u00ed p\u00edosa eile lasta \u00e9. T\u00e1 \u00e1r gc\u00faram custaim\u00e9ir\u00ed gan \u00edoc agus is f\u00e9idir leat labhairt linn ag am ar bith agus do ghluaisrothar \u00e1 iompar.<\/p>\n<h3>Ag Ullmh\u00fa do Ghluaisrothar don Iompar<\/h3>\n<p>Bain an eochair. N\u00edor cheart go mbeadh aon ch\u00fais ag teast\u00e1il \u00f3 dhuine ar bith do ghluaisrothar a thos\u00fa. Ba ch\u00f3ir do sti\u00fartha a dh\u00edghlas\u00e1il agus ba ch\u00f3ir go mbeadh an rothar ag rolladh go r\u00e9idh, mar sin infoil do bhoinn m\u00e1 t\u00e1 siad \u00edseal. Ba ch\u00f3ir do chuid earra\u00ed pearsanta go l\u00e9ir a bhaint den rothar. D\u00e9anfaidh an tiom\u00e1na\u00ed staid an ghluaisrothair a dhoicim\u00e9ad\u00fa nuair a phiocadh suas \u00e9. T\u00e1 cl\u00fadach luach\u00e1la $7000 ar do ghluaisrothar gan aon chostas breise.<\/p>\n<p>N\u00ed g\u00e1 duit an breosla a dhraen\u00e1il n\u00e1 aon ullmh\u00fach\u00e1n meicni\u00fail a dh\u00e9anamh le do ghluaisrothar. N\u00ed g\u00e1 duit do ghluaisrothar a chliabh\u00e1n n\u00f3 a phac\u00e1isti\u00fa ar bhealach ar bith.<\/p>\n<p>&nbsp;<\/p>\n<p><\/p>","protected":false},"excerpt":{"rendered":"<p class=\"qtranxs-available-languages-message qtranxs-available-languages-message-ga\">Faraoir, n\u00edl an iontr\u00e1il seo ar f\u00e1il i nGaeilge f\u00f3s.<\/p>\n","protected":false},"author":1,"featured_media":0,"parent":0,"menu_order":10,"comment_status":"closed","ping_status":"closed","template":"","meta":{"yasr_overall_rating":0,"yasr_post_is_review":"","yasr_auto_insert_disabled":"","yasr_review_type":"","footnotes":""},"class_list":["post-9","page","type-page","status-publish","hentry"],"yoast_head":"<!-- This site is optimized with the Yoast SEO plugin v27.4 - https:\/\/yoast.com\/product\/yoast-seo-wordpress\/ -->\n<title>Seirbh\u00eds\u00ed Iompair Gluaisrothar na hEorpa, Motorcycles-Go.com.<\/title>\n<meta name=\"description\" content=\"Iompar Gluaisrothar na hEorpa, an RA, an Sp\u00e1inn agus an Phortaing\u00e9il. Iompar do ghluaisrothar, go s\u00e1bh\u00e1ilte agus go h\u00e9ifeachtach! Seirbh\u00eds ardchaighde\u00e1in!\" \/>\n<meta name=\"robots\" content=\"index, follow, max-snippet:-1, max-image-preview:large, max-video-preview:-1\" \/>\n<link rel=\"canonical\" href=\"https:\/\/motorcycles-go.com\/european-motorcycle-transport\/\" \/>\n<meta property=\"og:locale\" content=\"en_US\" \/>\n<meta property=\"og:type\" content=\"article\" \/>\n<meta property=\"og:title\" content=\"[:en]European Motorcycle Transport Services, Motorcycles-Go.com.[:es]Servicios europeos de transporte de motocicletas, Motorcycles-Go.com.[:pt]Servi\u00e7os europeus de transporte de motocicletas, motocicletas-Go.com.[:ga]Seirbh\u00eds\u00ed Iompair Gluaisrothar na hEorpa, Motorcycles-Go.com.[:]\" \/>\n<meta property=\"og:description\" content=\"{:en}European Motorcycle Transport, UK, Spain &amp; Portugal. Transport your motorcycle, safely &amp; efficiently!\u00a0 A quality service!{:es}Transporte europeo de motocicletas, Reino Unido, Espa\u00f1a y Portugal. \u00a1Transporte su motocicleta de forma segura y eficiente! \u00a1Un servicio de calidad!{:pt]Transporte europeu de motocicletas, Reino Unido, Espanha e Portugal. Transporte sua motocicleta com seguran\u00e7a e efici\u00eancia! Um servi\u00e7o de qualidade!{:ga}Iompar Gluaisrothar na hEorpa, an RA, an Sp\u00e1inn agus an Phortaing\u00e9il. Iompar do ghluaisrothar, go s\u00e1bh\u00e1ilte agus go h\u00e9ifeachtach! Seirbh\u00eds ardchaighde\u00e1in!{:}\" \/>\n<meta property=\"og:url\" content=\"https:\/\/motorcycles-go.com\/european-motorcycle-transport\/\" \/>\n<meta property=\"og:site_name\" content=\"Motorcycles-Go.com\" \/>\n<meta property=\"article:modified_time\" content=\"2024-04-08T16:10:12+00:00\" \/>\n<meta property=\"og:image\" content=\"https:\/\/motorcycles-go.com\/wp-content\/uploads\/2020\/07\/European-Motorcycle-Transport-Services-UK-Spain-Portugal-OG01.jpg\" \/>\n<meta name=\"twitter:card\" content=\"summary_large_image\" \/>\n<meta name=\"twitter:label1\" content=\"Est. reading time\" \/>\n\t<meta name=\"twitter:data1\" content=\"8 minutes\" \/>\n<script type=\"application\/ld+json\" class=\"yoast-schema-graph\">{\"@context\":\"https:\\\/\\\/schema.org\",\"@graph\":[{\"@type\":\"WebPage\",\"@id\":\"https:\\\/\\\/motorcycles-go.com\\\/european-motorcycle-transport\\\/\",\"url\":\"https:\\\/\\\/motorcycles-go.com\\\/european-motorcycle-transport\\\/\",\"name\":\"[:en]European Motorcycle Transport Services, Motorcycles-Go.com.[:es]Servicios europeos de transporte de motocicletas, Motorcycles-Go.com.[:pt]Servi\u00e7os europeus de transporte de motocicletas, motocicletas-Go.com.[:ga]Seirbh\u00eds\u00ed Iompair Gluaisrothar na hEorpa, Motorcycles-Go.com.[:]\",\"isPartOf\":{\"@id\":\"https:\\\/\\\/motorcycles-go.com\\\/#website\"},\"primaryImageOfPage\":{\"@id\":\"https:\\\/\\\/motorcycles-go.com\\\/european-motorcycle-transport\\\/#primaryimage\"},\"image\":{\"@id\":\"https:\\\/\\\/motorcycles-go.com\\\/european-motorcycle-transport\\\/#primaryimage\"},\"thumbnailUrl\":\"https:\\\/\\\/motorcycles-go.com\\\/wp-content\\\/uploads\\\/2020\\\/07\\\/European-Motorcycle-Transport-Services-UK-Spain-Portugal-OG01.jpg\",\"datePublished\":\"2020-06-25T11:08:08+00:00\",\"dateModified\":\"2024-04-08T16:10:12+00:00\",\"description\":\"{:en}European Motorcycle Transport, UK, Spain & Portugal. Transport your motorcycle, safely & efficiently!\u00a0 A quality service!{:es}Transporte europeo de motocicletas, Reino Unido, Espa\u00f1a y Portugal. \u00a1Transporte su motocicleta de forma segura y eficiente! \u00a1Un servicio de calidad!{:pt]Transporte europeu de motocicletas, Reino Unido, Espanha e Portugal. Transporte sua motocicleta com seguran\u00e7a e efici\u00eancia! Um servi\u00e7o de qualidade!{:ga}Iompar Gluaisrothar na hEorpa, an RA, an Sp\u00e1inn agus an Phortaing\u00e9il. Iompar do ghluaisrothar, go s\u00e1bh\u00e1ilte agus go h\u00e9ifeachtach! Seirbh\u00eds ardchaighde\u00e1in!{:}\",\"breadcrumb\":{\"@id\":\"https:\\\/\\\/motorcycles-go.com\\\/european-motorcycle-transport\\\/#breadcrumb\"},\"inLanguage\":\"ga-GA\",\"potentialAction\":[{\"@type\":\"ReadAction\",\"target\":[\"https:\\\/\\\/motorcycles-go.com\\\/european-motorcycle-transport\\\/\"]}]},{\"@type\":\"ImageObject\",\"inLanguage\":\"ga-GA\",\"@id\":\"https:\\\/\\\/motorcycles-go.com\\\/european-motorcycle-transport\\\/#primaryimage\",\"url\":\"https:\\\/\\\/motorcycles-go.com\\\/wp-content\\\/uploads\\\/2020\\\/07\\\/European-Motorcycle-Transport-Services-UK-Spain-Portugal-OG01.jpg\",\"contentUrl\":\"https:\\\/\\\/motorcycles-go.com\\\/wp-content\\\/uploads\\\/2020\\\/07\\\/European-Motorcycle-Transport-Services-UK-Spain-Portugal-OG01.jpg\"},{\"@type\":\"BreadcrumbList\",\"@id\":\"https:\\\/\\\/motorcycles-go.com\\\/european-motorcycle-transport\\\/#breadcrumb\",\"itemListElement\":[{\"@type\":\"ListItem\",\"position\":1,\"name\":\"Home\",\"item\":\"https:\\\/\\\/motorcycles-go.com\\\/\"},{\"@type\":\"ListItem\",\"position\":2,\"name\":\"[:en]European Motorcycle Transport[:es]Transporte Europeo de Motocicletas[:pt]Transporte Europeu de Motocicletas[:]\"}]},{\"@type\":\"WebSite\",\"@id\":\"https:\\\/\\\/motorcycles-go.com\\\/#website\",\"url\":\"https:\\\/\\\/motorcycles-go.com\\\/\",\"name\":\"Motorcycles-Go.com\",\"description\":\"Motorcycle transport specialists.  UK, Spain, Portugal.\",\"publisher\":{\"@id\":\"https:\\\/\\\/motorcycles-go.com\\\/#organization\"},\"potentialAction\":[{\"@type\":\"SearchAction\",\"target\":{\"@type\":\"EntryPoint\",\"urlTemplate\":\"https:\\\/\\\/motorcycles-go.com\\\/?s={search_term_string}\"},\"query-input\":{\"@type\":\"PropertyValueSpecification\",\"valueRequired\":true,\"valueName\":\"search_term_string\"}}],\"inLanguage\":\"ga-GA\"},{\"@type\":\"Organization\",\"@id\":\"https:\\\/\\\/motorcycles-go.com\\\/#organization\",\"name\":\"Motorcycles-Go.com\",\"url\":\"https:\\\/\\\/motorcycles-go.com\\\/\",\"logo\":{\"@type\":\"ImageObject\",\"inLanguage\":\"ga-GA\",\"@id\":\"https:\\\/\\\/motorcycles-go.com\\\/#\\\/schema\\\/logo\\\/image\\\/\",\"url\":\"https:\\\/\\\/motorcycles-go.com\\\/wp-content\\\/uploads\\\/2020\\\/07\\\/Motrocycles-Go-Logo-Sml.png\",\"contentUrl\":\"https:\\\/\\\/motorcycles-go.com\\\/wp-content\\\/uploads\\\/2020\\\/07\\\/Motrocycles-Go-Logo-Sml.png\",\"width\":300,\"height\":45,\"caption\":\"Motorcycles-Go.com\"},\"image\":{\"@id\":\"https:\\\/\\\/motorcycles-go.com\\\/#\\\/schema\\\/logo\\\/image\\\/\"}},false]}<\/script>\n<!-- \/ Yoast SEO plugin. -->","yoast_head_json":{"title":"Seirbh\u00eds\u00ed Iompair Gluaisrothar na hEorpa, Motorcycles-Go.com.","description":"Iompar Gluaisrothar na hEorpa, an RA, an Sp\u00e1inn agus an Phortaing\u00e9il. Iompar do ghluaisrothar, go s\u00e1bh\u00e1ilte agus go h\u00e9ifeachtach! Seirbh\u00eds ardchaighde\u00e1in!","robots":{"index":"index","follow":"follow","max-snippet":"max-snippet:-1","max-image-preview":"max-image-preview:large","max-video-preview":"max-video-preview:-1"},"canonical":"https:\/\/motorcycles-go.com\/european-motorcycle-transport\/","og_locale":"en_US","og_type":"article","og_title":"[:en]European Motorcycle Transport Services, Motorcycles-Go.com.[:es]Servicios europeos de transporte de motocicletas, Motorcycles-Go.com.[:pt]Servi\u00e7os europeus de transporte de motocicletas, motocicletas-Go.com.[:ga]Seirbh\u00eds\u00ed Iompair Gluaisrothar na hEorpa, Motorcycles-Go.com.[:]","og_description":"{:en}European Motorcycle Transport, UK, Spain & Portugal. Transport your motorcycle, safely & efficiently!\u00a0 A quality service!{:es}Transporte europeo de motocicletas, Reino Unido, Espa\u00f1a y Portugal. \u00a1Transporte su motocicleta de forma segura y eficiente! \u00a1Un servicio de calidad!{:pt]Transporte europeu de motocicletas, Reino Unido, Espanha e Portugal. Transporte sua motocicleta com seguran\u00e7a e efici\u00eancia! Um servi\u00e7o de qualidade!{:ga}Iompar Gluaisrothar na hEorpa, an RA, an Sp\u00e1inn agus an Phortaing\u00e9il. Iompar do ghluaisrothar, go s\u00e1bh\u00e1ilte agus go h\u00e9ifeachtach! Seirbh\u00eds ardchaighde\u00e1in!{:}","og_url":"https:\/\/motorcycles-go.com\/european-motorcycle-transport\/","og_site_name":"Motorcycles-Go.com","article_modified_time":"2024-04-08T16:10:12+00:00","og_image":[{"url":"https:\/\/motorcycles-go.com\/wp-content\/uploads\/2020\/07\/European-Motorcycle-Transport-Services-UK-Spain-Portugal-OG01.jpg","type":"","width":"","height":""}],"twitter_card":"summary_large_image","twitter_misc":{"Est. reading time":"8 minutes"},"schema":{"@context":"https:\/\/schema.org","@graph":[{"@type":"WebPage","@id":"https:\/\/motorcycles-go.com\/european-motorcycle-transport\/","url":"https:\/\/motorcycles-go.com\/european-motorcycle-transport\/","name":"[:en]European Motorcycle Transport Services, Motorcycles-Go.com.[:es]Servicios europeos de transporte de motocicletas, Motorcycles-Go.com.[:pt]Servi\u00e7os europeus de transporte de motocicletas, motocicletas-Go.com.[:ga]Seirbh\u00eds\u00ed Iompair Gluaisrothar na hEorpa, Motorcycles-Go.com.[:]","isPartOf":{"@id":"https:\/\/motorcycles-go.com\/#website"},"primaryImageOfPage":{"@id":"https:\/\/motorcycles-go.com\/european-motorcycle-transport\/#primaryimage"},"image":{"@id":"https:\/\/motorcycles-go.com\/european-motorcycle-transport\/#primaryimage"},"thumbnailUrl":"https:\/\/motorcycles-go.com\/wp-content\/uploads\/2020\/07\/European-Motorcycle-Transport-Services-UK-Spain-Portugal-OG01.jpg","datePublished":"2020-06-25T11:08:08+00:00","dateModified":"2024-04-08T16:10:12+00:00","description":"{:en}European Motorcycle Transport, UK, Spain & Portugal. Transport your motorcycle, safely & efficiently!\u00a0 A quality service!{:es}Transporte europeo de motocicletas, Reino Unido, Espa\u00f1a y Portugal. \u00a1Transporte su motocicleta de forma segura y eficiente! \u00a1Un servicio de calidad!{:pt]Transporte europeu de motocicletas, Reino Unido, Espanha e Portugal. Transporte sua motocicleta com seguran\u00e7a e efici\u00eancia! Um servi\u00e7o de qualidade!{:ga}Iompar Gluaisrothar na hEorpa, an RA, an Sp\u00e1inn agus an Phortaing\u00e9il. Iompar do ghluaisrothar, go s\u00e1bh\u00e1ilte agus go h\u00e9ifeachtach! Seirbh\u00eds ardchaighde\u00e1in!{:}","breadcrumb":{"@id":"https:\/\/motorcycles-go.com\/european-motorcycle-transport\/#breadcrumb"},"inLanguage":"ga-GA","potentialAction":[{"@type":"ReadAction","target":["https:\/\/motorcycles-go.com\/european-motorcycle-transport\/"]}]},{"@type":"ImageObject","inLanguage":"ga-GA","@id":"https:\/\/motorcycles-go.com\/european-motorcycle-transport\/#primaryimage","url":"https:\/\/motorcycles-go.com\/wp-content\/uploads\/2020\/07\/European-Motorcycle-Transport-Services-UK-Spain-Portugal-OG01.jpg","contentUrl":"https:\/\/motorcycles-go.com\/wp-content\/uploads\/2020\/07\/European-Motorcycle-Transport-Services-UK-Spain-Portugal-OG01.jpg"},{"@type":"BreadcrumbList","@id":"https:\/\/motorcycles-go.com\/european-motorcycle-transport\/#breadcrumb","itemListElement":[{"@type":"ListItem","position":1,"name":"Home","item":"https:\/\/motorcycles-go.com\/"},{"@type":"ListItem","position":2,"name":"[:en]European Motorcycle Transport[:es]Transporte Europeo de Motocicletas[:pt]Transporte Europeu de Motocicletas[:]"}]},{"@type":"WebSite","@id":"https:\/\/motorcycles-go.com\/#website","url":"https:\/\/motorcycles-go.com\/","name":"Motorcycles-Go.com","description":"Motorcycle transport specialists.  UK, Spain, Portugal.","publisher":{"@id":"https:\/\/motorcycles-go.com\/#organization"},"potentialAction":[{"@type":"SearchAction","target":{"@type":"EntryPoint","urlTemplate":"https:\/\/motorcycles-go.com\/?s={search_term_string}"},"query-input":{"@type":"PropertyValueSpecification","valueRequired":true,"valueName":"search_term_string"}}],"inLanguage":"ga-GA"},{"@type":"Organization","@id":"https:\/\/motorcycles-go.com\/#organization","name":"Motorcycles-Go.com","url":"https:\/\/motorcycles-go.com\/","logo":{"@type":"ImageObject","inLanguage":"ga-GA","@id":"https:\/\/motorcycles-go.com\/#\/schema\/logo\/image\/","url":"https:\/\/motorcycles-go.com\/wp-content\/uploads\/2020\/07\/Motrocycles-Go-Logo-Sml.png","contentUrl":"https:\/\/motorcycles-go.com\/wp-content\/uploads\/2020\/07\/Motrocycles-Go-Logo-Sml.png","width":300,"height":45,"caption":"Motorcycles-Go.com"},"image":{"@id":"https:\/\/motorcycles-go.com\/#\/schema\/logo\/image\/"}},false]}},"yasr_visitor_votes":{"stars_attributes":{"read_only":false,"span_bottom":false},"number_of_votes":0,"sum_votes":0},"_links":{"self":[{"href":"https:\/\/motorcycles-go.com\/ga\/wp-json\/wp\/v2\/pages\/9","targetHints":{"allow":["GET"]}}],"collection":[{"href":"https:\/\/motorcycles-go.com\/ga\/wp-json\/wp\/v2\/pages"}],"about":[{"href":"https:\/\/motorcycles-go.com\/ga\/wp-json\/wp\/v2\/types\/page"}],"author":[{"embeddable":true,"href":"https:\/\/motorcycles-go.com\/ga\/wp-json\/wp\/v2\/users\/1"}],"replies":[{"embeddable":true,"href":"https:\/\/motorcycles-go.com\/ga\/wp-json\/wp\/v2\/comments?post=9"}],"version-history":[{"count":17,"href":"https:\/\/motorcycles-go.com\/ga\/wp-json\/wp\/v2\/pages\/9\/revisions"}],"predecessor-version":[{"id":525,"href":"https:\/\/motorcycles-go.com\/ga\/wp-json\/wp\/v2\/pages\/9\/revisions\/525"}],"wp:attachment":[{"href":"https:\/\/motorcycles-go.com\/ga\/wp-json\/wp\/v2\/media?parent=9"}],"curies":[{"name":"wp","href":"https:\/\/api.w.org\/{rel}","templated":true}]}}