{"id":154,"date":"2020-07-15T11:15:50","date_gmt":"2020-07-15T11:15:50","guid":{"rendered":"https:\/\/motorcycles-go.com\/?page_id=154"},"modified":"2024-04-08T16:12:26","modified_gmt":"2024-04-08T16:12:26","slug":"european-motorcycle-transport-storage-depots","status":"publish","type":"page","link":"https:\/\/motorcycles-go.com\/pt\/depositos-europeus-de-transporte-e-armazenamento-de-motocicletas\/","title":{"rendered":"[:en]European Motorcycle Transport &#038; Storage Depots[:es]Dep\u00f3sitos de almacenamiento y transporte de motocicletas europeos[:pt]Dep\u00f3sitos europeus de transporte e armazenamento de motocicletas[:ga]Iosta\u00ed Iompair &#038; St\u00f3r\u00e1la Gluaisrothar na hEorpa[:]"},"content":{"rendered":"<p><strong>Dep\u00f3sitos europeus de transporte e armazenamento de motocicletas no Reino Unido, Espanha e Portugal. Motorcycles-Go.com possui tr\u00eas dep\u00f3sitos de transporte e armazenamento. Os nossos dep\u00f3sitos em Salford na Grande Manchester, Antas em Almeria e Loul\u00e9 no Algarve s\u00e3o a base da nossa rede de transportes europeia.<\/strong><\/p>\n<div id='gallery-3' class='gallery galleryid-154 gallery-columns-3 gallery-size-medium'><figure class='gallery-item'>\n\t\t\t<div class='gallery-icon landscape'>\n\t\t\t\t<a href='https:\/\/motorcycles-go.com\/pt\/depositos-europeus-de-transporte-e-armazenamento-de-motocicletas\/salford-manchester-transport-depot\/attachment\/motorcycle-transport-depot-salford-manchester-england-og01\/'><img loading=\"lazy\" decoding=\"async\" width=\"300\" height=\"158\" src=\"https:\/\/motorcycles-go.com\/wp-content\/uploads\/2020\/07\/Motorcycle-Transport-Depot-Salford-Manchester-England-OG01-300x158.jpg\" class=\"attachment-medium size-medium\" alt=\"Motorcycle Transport Depot Salford Manchester England OG01\" aria-describedby=\"gallery-3-186\" srcset=\"https:\/\/motorcycles-go.com\/wp-content\/uploads\/2020\/07\/Motorcycle-Transport-Depot-Salford-Manchester-England-OG01-300x158.jpg 300w, https:\/\/motorcycles-go.com\/wp-content\/uploads\/2020\/07\/Motorcycle-Transport-Depot-Salford-Manchester-England-OG01-1024x538.jpg 1024w, https:\/\/motorcycles-go.com\/wp-content\/uploads\/2020\/07\/Motorcycle-Transport-Depot-Salford-Manchester-England-OG01-768x403.jpg 768w, https:\/\/motorcycles-go.com\/wp-content\/uploads\/2020\/07\/Motorcycle-Transport-Depot-Salford-Manchester-England-OG01-1x1.jpg 1w, https:\/\/motorcycles-go.com\/wp-content\/uploads\/2020\/07\/Motorcycle-Transport-Depot-Salford-Manchester-England-OG01.jpg 1200w\" sizes=\"auto, (max-width: 300px) 100vw, 300px\" \/><\/a>\n\t\t\t<\/div>\n\t\t\t\t<figcaption class='wp-caption-text gallery-caption' id='gallery-3-186'>\n\t\t\t\tMotorbike Transport Depot, Manchester, Reino Unido.\n\t\t\t\t<\/figcaption><\/figure><figure class='gallery-item'>\n\t\t\t<div class='gallery-icon landscape'>\n\t\t\t\t<a href='https:\/\/motorcycles-go.com\/pt\/depositos-europeus-de-transporte-e-armazenamento-de-motocicletas\/transport-depot-antas-almeria-spain\/attachment\/motorcycle-transport-depot-antas-almeria-spain-og01\/'><img loading=\"lazy\" decoding=\"async\" width=\"300\" height=\"158\" src=\"https:\/\/motorcycles-go.com\/wp-content\/uploads\/2020\/07\/Motorcycle-Transport-Depot-Antas-Almer\u00eda-Spain-OG01-300x158.jpg\" class=\"attachment-medium size-medium\" alt=\"Motorcycle Transport Depot Antas, Almer\u00eda, Spain OG01\" aria-describedby=\"gallery-3-189\" srcset=\"https:\/\/motorcycles-go.com\/wp-content\/uploads\/2020\/07\/Motorcycle-Transport-Depot-Antas-Almer\u00eda-Spain-OG01-300x158.jpg 300w, https:\/\/motorcycles-go.com\/wp-content\/uploads\/2020\/07\/Motorcycle-Transport-Depot-Antas-Almer\u00eda-Spain-OG01-1024x538.jpg 1024w, https:\/\/motorcycles-go.com\/wp-content\/uploads\/2020\/07\/Motorcycle-Transport-Depot-Antas-Almer\u00eda-Spain-OG01-768x403.jpg 768w, https:\/\/motorcycles-go.com\/wp-content\/uploads\/2020\/07\/Motorcycle-Transport-Depot-Antas-Almer\u00eda-Spain-OG01-1x1.jpg 1w, https:\/\/motorcycles-go.com\/wp-content\/uploads\/2020\/07\/Motorcycle-Transport-Depot-Antas-Almer\u00eda-Spain-OG01.jpg 1200w\" sizes=\"auto, (max-width: 300px) 100vw, 300px\" \/><\/a>\n\t\t\t<\/div>\n\t\t\t\t<figcaption class='wp-caption-text gallery-caption' id='gallery-3-189'>\n\t\t\t\tDep\u00f3sito de transporte de motocicletas, Almer\u00eda, Espanha.\n\t\t\t\t<\/figcaption><\/figure><figure class='gallery-item'>\n\t\t\t<div class='gallery-icon landscape'>\n\t\t\t\t<a href='https:\/\/motorcycles-go.com\/pt\/depositos-europeus-de-transporte-e-armazenamento-de-motocicletas\/loule-algarve-portugal\/attachment\/motorcycle-transport-depot-loule-algarve-portugal-og01\/'><img loading=\"lazy\" decoding=\"async\" width=\"300\" height=\"158\" src=\"https:\/\/motorcycles-go.com\/wp-content\/uploads\/2020\/07\/Motorcycle-Transport-Depot-Loule-Algarve-Portugal-OG01-300x158.jpg\" class=\"attachment-medium size-medium\" alt=\"Motorcycle Transport Depot Loule, Algarve, Portugal OG01\" aria-describedby=\"gallery-3-190\" srcset=\"https:\/\/motorcycles-go.com\/wp-content\/uploads\/2020\/07\/Motorcycle-Transport-Depot-Loule-Algarve-Portugal-OG01-300x158.jpg 300w, https:\/\/motorcycles-go.com\/wp-content\/uploads\/2020\/07\/Motorcycle-Transport-Depot-Loule-Algarve-Portugal-OG01-1024x538.jpg 1024w, https:\/\/motorcycles-go.com\/wp-content\/uploads\/2020\/07\/Motorcycle-Transport-Depot-Loule-Algarve-Portugal-OG01-768x403.jpg 768w, https:\/\/motorcycles-go.com\/wp-content\/uploads\/2020\/07\/Motorcycle-Transport-Depot-Loule-Algarve-Portugal-OG01-1x1.jpg 1w, https:\/\/motorcycles-go.com\/wp-content\/uploads\/2020\/07\/Motorcycle-Transport-Depot-Loule-Algarve-Portugal-OG01.jpg 1200w\" sizes=\"auto, (max-width: 300px) 100vw, 300px\" \/><\/a>\n\t\t\t<\/div>\n\t\t\t\t<figcaption class='wp-caption-text gallery-caption' id='gallery-3-190'>\n\t\t\t\tDep\u00f3sito de transporte de motocicletas, Algarve, Portugal.\n\t\t\t\t<\/figcaption><\/figure>\n\t\t<\/div>\n\n<h2>Dep\u00f3sitos europeus de transporte e armazenamento de motocicletas<\/h2>\n<p>Seu ve\u00edculo \u00e9 nossa prioridade! Oferecemos um servi\u00e7o r\u00e1pido e confi\u00e1vel de transporte de motos entre o Reino Unido, Espanha e Portugal. Enviamos bicicletas a partir dos nossos tr\u00eas dep\u00f3sitos em Manchester, Almeria e Algarve. Nossa equipe dedicada de profissionais experientes oferece um servi\u00e7o personalizado para atender \u00e0s suas necessidades quando voc\u00ea envia sua bicicleta para o exterior.<\/p>\n<ul>\n<li>Loul\u00e9, Algarve, Portugal Dep\u00f3sito de transporte de motocicletas<br \/>\nCamino Dos Giros, Quattro Estradas, Loul\u00e9 8100-579, Portugal. Telefone para Portugal: (+351) 930 658 660.<\/li>\n<\/ul>\n<p>&nbsp;<\/p>\n<h3>Transporte de motos na Europa<\/h3>\n<p>Os nossos transportes regulares entre o Reino Unido e a costa sul da Espanha e Portugal s\u00e3o a sua garantia do melhor or\u00e7amento poss\u00edvel! Nossa regularidade significa que podemos planejar e executar muitos problemas log\u00edsticos da forma mais eficiente poss\u00edvel, ou seja, apenas as melhores cota\u00e7\u00f5es!<\/p>\n<p>Fazemos o poss\u00edvel para estar sempre em contato durante o transporte de sua motocicleta. \u00c0s vezes, isso simplesmente n\u00e3o \u00e9 poss\u00edvel, mas nos orgulhamos de nosso atendimento ao cliente. Voc\u00ea pode entrar em contato conosco a qualquer momento durante o servi\u00e7o de transporte. N\u00e3o precisa se preocupar, sua preciosa bicicleta est\u00e1 em boas m\u00e3os!<\/p>\n<p>Podemos organizar o armazenamento de sua moto, se necess\u00e1rio! Temos tr\u00eas dep\u00f3sitos em Manchester, Almer\u00eda e Algarve.<\/p>\n<h2>Motorcycles-Go.com e mais op\u00e7\u00f5es de transporte europeias<\/h2>\n<p>Motorcycles-Go.com faz parte de uma rede mais ampla de especialistas europeus em transporte. Enquanto Motorcycles-Go.com se concentra em motocicletas, WanderersTransport.eu \u00e9 voltado para remo\u00e7\u00f5es dom\u00e9sticas e armazenamento e Cars-Go-Transport.com opera nosso servi\u00e7o de transporte de autom\u00f3veis para o Reino Unido \/ Europa e BestCarTransport.eu opera servi\u00e7os de transporte de autom\u00f3veis entre a Irlanda (os irlandeses Rep\u00fablica) e Europa. De uma forma ou de outra, n\u00f3s cuidamos de sua mudan\u00e7a !!<\/p>\n<h3>Um servi\u00e7o de transporte confi\u00e1vel em tr\u00eas pa\u00edses<\/h3>\n<p>Temos transportado motos &#8211; e muitas outras coisas! &#8211; entre o Reino Unido e a costa sul de Espanha e Portugal durante anos! Temos o prazer de dizer que sabemos o que estamos fazendo. Quando voc\u00ea solicita um or\u00e7amento de transporte, pedimos a marca e o modelo da sua bicicleta, coleta, destino e data e responderemos com a melhor cota\u00e7\u00e3o que pudermos! Nos preocupamos com as bicicletas! Nos preocupamos com a sua bicicleta! N\u00e3o \u00e9 apenas mais uma carga. Nosso atendimento ao cliente \u00e9 incompar\u00e1vel e voc\u00ea pode falar conosco a qualquer momento durante o transporte de sua motocicleta.<\/p>\n<p><\/p>","protected":false},"excerpt":{"rendered":"<p>Dep\u00f3sitos europeus de transporte e armazenamento de motocicletas no Reino Unido, Espanha e Portugal. Motorcycles-Go.com possui tr\u00eas dep\u00f3sitos de transporte e armazenamento. Os nossos dep\u00f3sitos em Salford na Grande Manchester, Antas em Almeria e Loul\u00e9 no Algarve s\u00e3o a base da nossa rede de transportes europeia. Dep\u00f3sitos europeus de transporte e armazenamento de motocicletas Seu [&hellip;]<\/p>\n","protected":false},"author":1,"featured_media":0,"parent":0,"menu_order":20,"comment_status":"closed","ping_status":"closed","template":"","meta":{"yasr_overall_rating":0,"yasr_post_is_review":"","yasr_auto_insert_disabled":"","yasr_review_type":"","footnotes":""},"class_list":["post-154","page","type-page","status-publish","hentry"],"yoast_head":"<!-- This site is optimized with the Yoast SEO plugin v27.5 - https:\/\/yoast.com\/product\/yoast-seo-wordpress\/ -->\n<title>European Motorcycle Transport &amp; Storage Depots - Motorcycles-Go.com<\/title>\n<meta name=\"description\" content=\"European motorcycle transport in depots in Salford, Greater Manchester, Antas, Almeria &amp; Loule, Algarve. Great prices &amp; service.\" \/>\n<meta name=\"robots\" content=\"index, follow, max-snippet:-1, max-image-preview:large, max-video-preview:-1\" \/>\n<link rel=\"canonical\" href=\"https:\/\/motorcycles-go.com\/european-motorcycle-transport-storage-depots\/\" \/>\n<meta property=\"og:locale\" content=\"pt_PT\" \/>\n<meta property=\"og:type\" content=\"article\" \/>\n<meta property=\"og:title\" content=\"European Motorcycle Transport &amp; Storage Depots - Motorcycles-Go.com\" \/>\n<meta property=\"og:description\" content=\"European motorcycle transport in depots in Salford, Greater Manchester, Antas, Almeria &amp; Loule, Algarve. Great prices &amp; service.\" \/>\n<meta property=\"og:url\" content=\"https:\/\/motorcycles-go.com\/european-motorcycle-transport-storage-depots\/\" \/>\n<meta property=\"og:site_name\" content=\"Motorcycles-Go.com\" \/>\n<meta property=\"article:modified_time\" content=\"2024-04-08T16:12:26+00:00\" \/>\n<meta property=\"og:image\" content=\"https:\/\/motorcycles-go.com\/wp-content\/uploads\/2020\/07\/Motorcycle-Transport-Depot-Salford-Manchester-England-OG01-300x158.jpg\" \/>\n<meta name=\"twitter:card\" content=\"summary_large_image\" \/>\n<meta name=\"twitter:label1\" content=\"Tempo estimado de leitura\" \/>\n\t<meta name=\"twitter:data1\" content=\"8 minutos\" \/>\n<script type=\"application\/ld+json\" class=\"yoast-schema-graph\">{\"@context\":\"https:\\\/\\\/schema.org\",\"@graph\":[{\"@type\":\"WebPage\",\"@id\":\"https:\\\/\\\/motorcycles-go.com\\\/european-motorcycle-transport-storage-depots\\\/\",\"url\":\"https:\\\/\\\/motorcycles-go.com\\\/european-motorcycle-transport-storage-depots\\\/\",\"name\":\"European Motorcycle Transport & Storage Depots - Motorcycles-Go.com\",\"isPartOf\":{\"@id\":\"https:\\\/\\\/motorcycles-go.com\\\/#website\"},\"datePublished\":\"2020-07-15T11:15:50+00:00\",\"dateModified\":\"2024-04-08T16:12:26+00:00\",\"description\":\"European motorcycle transport in depots in Salford, Greater Manchester, Antas, Almeria & Loule, Algarve. Great prices & service.\",\"breadcrumb\":{\"@id\":\"https:\\\/\\\/motorcycles-go.com\\\/european-motorcycle-transport-storage-depots\\\/#breadcrumb\"},\"inLanguage\":\"pt-PT\",\"potentialAction\":[{\"@type\":\"ReadAction\",\"target\":[\"https:\\\/\\\/motorcycles-go.com\\\/european-motorcycle-transport-storage-depots\\\/\"]}]},{\"@type\":\"BreadcrumbList\",\"@id\":\"https:\\\/\\\/motorcycles-go.com\\\/european-motorcycle-transport-storage-depots\\\/#breadcrumb\",\"itemListElement\":[{\"@type\":\"ListItem\",\"position\":1,\"name\":\"Home\",\"item\":\"https:\\\/\\\/motorcycles-go.com\\\/\"},{\"@type\":\"ListItem\",\"position\":2,\"name\":\"European Motorcycle Transport &#038; Storage Depots\"}]},{\"@type\":\"WebSite\",\"@id\":\"https:\\\/\\\/motorcycles-go.com\\\/#website\",\"url\":\"https:\\\/\\\/motorcycles-go.com\\\/\",\"name\":\"Motorcycles-Go.com\",\"description\":\"Motorcycle transport specialists.  UK, Spain, Portugal.\",\"publisher\":{\"@id\":\"https:\\\/\\\/motorcycles-go.com\\\/#organization\"},\"potentialAction\":[{\"@type\":\"SearchAction\",\"target\":{\"@type\":\"EntryPoint\",\"urlTemplate\":\"https:\\\/\\\/motorcycles-go.com\\\/?s={search_term_string}\"},\"query-input\":{\"@type\":\"PropertyValueSpecification\",\"valueRequired\":true,\"valueName\":\"search_term_string\"}}],\"inLanguage\":\"pt-PT\"},{\"@type\":\"Organization\",\"@id\":\"https:\\\/\\\/motorcycles-go.com\\\/#organization\",\"name\":\"Motorcycles-Go.com\",\"url\":\"https:\\\/\\\/motorcycles-go.com\\\/\",\"logo\":{\"@type\":\"ImageObject\",\"inLanguage\":\"pt-PT\",\"@id\":\"https:\\\/\\\/motorcycles-go.com\\\/#\\\/schema\\\/logo\\\/image\\\/\",\"url\":\"https:\\\/\\\/motorcycles-go.com\\\/wp-content\\\/uploads\\\/2020\\\/07\\\/Motrocycles-Go-Logo-Sml.png\",\"contentUrl\":\"https:\\\/\\\/motorcycles-go.com\\\/wp-content\\\/uploads\\\/2020\\\/07\\\/Motrocycles-Go-Logo-Sml.png\",\"width\":300,\"height\":45,\"caption\":\"Motorcycles-Go.com\"},\"image\":{\"@id\":\"https:\\\/\\\/motorcycles-go.com\\\/#\\\/schema\\\/logo\\\/image\\\/\"}},false]}<\/script>\n<!-- \/ Yoast SEO plugin. -->","yoast_head_json":{"title":"European Motorcycle Transport & Storage Depots - Motorcycles-Go.com","description":"European motorcycle transport in depots in Salford, Greater Manchester, Antas, Almeria & Loule, Algarve. Great prices & service.","robots":{"index":"index","follow":"follow","max-snippet":"max-snippet:-1","max-image-preview":"max-image-preview:large","max-video-preview":"max-video-preview:-1"},"canonical":"https:\/\/motorcycles-go.com\/european-motorcycle-transport-storage-depots\/","og_locale":"pt_PT","og_type":"article","og_title":"European Motorcycle Transport & Storage Depots - Motorcycles-Go.com","og_description":"European motorcycle transport in depots in Salford, Greater Manchester, Antas, Almeria & Loule, Algarve. Great prices & service.","og_url":"https:\/\/motorcycles-go.com\/european-motorcycle-transport-storage-depots\/","og_site_name":"Motorcycles-Go.com","article_modified_time":"2024-04-08T16:12:26+00:00","og_image":[{"url":"https:\/\/motorcycles-go.com\/wp-content\/uploads\/2020\/07\/Motorcycle-Transport-Depot-Salford-Manchester-England-OG01-300x158.jpg","type":"","width":"","height":""}],"twitter_card":"summary_large_image","twitter_misc":{"Tempo estimado de leitura":"8 minutos"},"schema":{"@context":"https:\/\/schema.org","@graph":[{"@type":"WebPage","@id":"https:\/\/motorcycles-go.com\/european-motorcycle-transport-storage-depots\/","url":"https:\/\/motorcycles-go.com\/european-motorcycle-transport-storage-depots\/","name":"European Motorcycle Transport & Storage Depots - Motorcycles-Go.com","isPartOf":{"@id":"https:\/\/motorcycles-go.com\/#website"},"datePublished":"2020-07-15T11:15:50+00:00","dateModified":"2024-04-08T16:12:26+00:00","description":"European motorcycle transport in depots in Salford, Greater Manchester, Antas, Almeria & Loule, Algarve. Great prices & service.","breadcrumb":{"@id":"https:\/\/motorcycles-go.com\/european-motorcycle-transport-storage-depots\/#breadcrumb"},"inLanguage":"pt-PT","potentialAction":[{"@type":"ReadAction","target":["https:\/\/motorcycles-go.com\/european-motorcycle-transport-storage-depots\/"]}]},{"@type":"BreadcrumbList","@id":"https:\/\/motorcycles-go.com\/european-motorcycle-transport-storage-depots\/#breadcrumb","itemListElement":[{"@type":"ListItem","position":1,"name":"Home","item":"https:\/\/motorcycles-go.com\/"},{"@type":"ListItem","position":2,"name":"European Motorcycle Transport &#038; Storage Depots"}]},{"@type":"WebSite","@id":"https:\/\/motorcycles-go.com\/#website","url":"https:\/\/motorcycles-go.com\/","name":"Motorcycles-Go.com","description":"Motorcycle transport specialists.  UK, Spain, Portugal.","publisher":{"@id":"https:\/\/motorcycles-go.com\/#organization"},"potentialAction":[{"@type":"SearchAction","target":{"@type":"EntryPoint","urlTemplate":"https:\/\/motorcycles-go.com\/?s={search_term_string}"},"query-input":{"@type":"PropertyValueSpecification","valueRequired":true,"valueName":"search_term_string"}}],"inLanguage":"pt-PT"},{"@type":"Organization","@id":"https:\/\/motorcycles-go.com\/#organization","name":"Motorcycles-Go.com","url":"https:\/\/motorcycles-go.com\/","logo":{"@type":"ImageObject","inLanguage":"pt-PT","@id":"https:\/\/motorcycles-go.com\/#\/schema\/logo\/image\/","url":"https:\/\/motorcycles-go.com\/wp-content\/uploads\/2020\/07\/Motrocycles-Go-Logo-Sml.png","contentUrl":"https:\/\/motorcycles-go.com\/wp-content\/uploads\/2020\/07\/Motrocycles-Go-Logo-Sml.png","width":300,"height":45,"caption":"Motorcycles-Go.com"},"image":{"@id":"https:\/\/motorcycles-go.com\/#\/schema\/logo\/image\/"}},false]}},"yasr_visitor_votes":{"stars_attributes":{"read_only":false,"span_bottom":false},"number_of_votes":0,"sum_votes":0},"_links":{"self":[{"href":"https:\/\/motorcycles-go.com\/pt\/wp-json\/wp\/v2\/pages\/154","targetHints":{"allow":["GET"]}}],"collection":[{"href":"https:\/\/motorcycles-go.com\/pt\/wp-json\/wp\/v2\/pages"}],"about":[{"href":"https:\/\/motorcycles-go.com\/pt\/wp-json\/wp\/v2\/types\/page"}],"author":[{"embeddable":true,"href":"https:\/\/motorcycles-go.com\/pt\/wp-json\/wp\/v2\/users\/1"}],"replies":[{"embeddable":true,"href":"https:\/\/motorcycles-go.com\/pt\/wp-json\/wp\/v2\/comments?post=154"}],"version-history":[{"count":15,"href":"https:\/\/motorcycles-go.com\/pt\/wp-json\/wp\/v2\/pages\/154\/revisions"}],"predecessor-version":[{"id":529,"href":"https:\/\/motorcycles-go.com\/pt\/wp-json\/wp\/v2\/pages\/154\/revisions\/529"}],"wp:attachment":[{"href":"https:\/\/motorcycles-go.com\/pt\/wp-json\/wp\/v2\/media?parent=154"}],"curies":[{"name":"wp","href":"https:\/\/api.w.org\/{rel}","templated":true}]}}