{"id":19,"date":"2020-06-25T11:10:41","date_gmt":"2020-06-25T11:10:41","guid":{"rendered":"https:\/\/motorcycles-go.com\/?page_id=19"},"modified":"2024-04-08T16:04:42","modified_gmt":"2024-04-08T16:04:42","slug":"motorcycles-go-com","status":"publish","type":"page","link":"https:\/\/motorcycles-go.com\/pt\/","title":{"rendered":"Motorcycles-Go.com"},"content":{"rendered":"<p><strong>Motorcylces-Go s\u00e3o especialistas no transporte de motos de e para a Inglaterra e sul de Espanha e Portugal. Operamos tr\u00eas dep\u00f3sitos de transporte e armazenamento em Manchester, Algarve e Costa Almeria.<\/strong><\/p>\n<figure id=\"attachment_428\" aria-describedby=\"caption-attachment-428\" style=\"width: 1200px\" class=\"wp-caption alignnone\"><img loading=\"lazy\" decoding=\"async\" class=\"wp-image-428 size-full\" src=\"https:\/\/motorcycles-go.com\/wp-content\/uploads\/2021\/05\/Servicos-de-transporte-de-motocicletas-Irlanda-Portugal.jpg\" alt=\"Servi\u00e7os de transporte de motocicletas Irlanda Portugal\" width=\"1200\" height=\"630\" srcset=\"https:\/\/motorcycles-go.com\/wp-content\/uploads\/2021\/05\/Servicos-de-transporte-de-motocicletas-Irlanda-Portugal.jpg 1200w, https:\/\/motorcycles-go.com\/wp-content\/uploads\/2021\/05\/Servicos-de-transporte-de-motocicletas-Irlanda-Portugal-300x158.jpg 300w, https:\/\/motorcycles-go.com\/wp-content\/uploads\/2021\/05\/Servicos-de-transporte-de-motocicletas-Irlanda-Portugal-1024x538.jpg 1024w, https:\/\/motorcycles-go.com\/wp-content\/uploads\/2021\/05\/Servicos-de-transporte-de-motocicletas-Irlanda-Portugal-768x403.jpg 768w, https:\/\/motorcycles-go.com\/wp-content\/uploads\/2021\/05\/Servicos-de-transporte-de-motocicletas-Irlanda-Portugal-1x1.jpg 1w\" sizes=\"auto, (max-width: 1200px) 100vw, 1200px\" \/><figcaption id=\"caption-attachment-428\" class=\"wp-caption-text\">Servi\u00e7os de transporte de motocicletas Irlanda Portugal<\/figcaption><\/figure>\n<h2>Motorcycles-Go.com<\/h2>\n<p>Motorcycles-Go.com pode garantir-lhe um trabalho profissional e eficiente, enviando a sua motocicleta de e para o Reino Unido e Espanha e Portugal. Espere um servi\u00e7o seriamente bom, nossa equipe \u00e9 amig\u00e1vel e profissional. H\u00e1 d\u00e9cadas que transportamos bicicletas pela Europa e sabemos o que fazemos!<\/p>\n<figure id=\"attachment_286\" aria-describedby=\"caption-attachment-286\" style=\"width: 1200px\" class=\"wp-caption alignnone\"><img loading=\"lazy\" decoding=\"async\" class=\"wp-image-286 size-full\" src=\"https:\/\/motorcycles-go.com\/wp-content\/uploads\/2020\/08\/Motorbikes-Loaded-for-Transport-from-the-UK-to-Spain-Portugal-OG01.jpg\" alt=\"Motorbikes Loaded for Transport from the UK to Spain &amp; Portugal OG01\" width=\"1200\" height=\"630\" srcset=\"https:\/\/motorcycles-go.com\/wp-content\/uploads\/2020\/08\/Motorbikes-Loaded-for-Transport-from-the-UK-to-Spain-Portugal-OG01.jpg 1200w, https:\/\/motorcycles-go.com\/wp-content\/uploads\/2020\/08\/Motorbikes-Loaded-for-Transport-from-the-UK-to-Spain-Portugal-OG01-300x158.jpg 300w, https:\/\/motorcycles-go.com\/wp-content\/uploads\/2020\/08\/Motorbikes-Loaded-for-Transport-from-the-UK-to-Spain-Portugal-OG01-1024x538.jpg 1024w, https:\/\/motorcycles-go.com\/wp-content\/uploads\/2020\/08\/Motorbikes-Loaded-for-Transport-from-the-UK-to-Spain-Portugal-OG01-768x403.jpg 768w, https:\/\/motorcycles-go.com\/wp-content\/uploads\/2020\/08\/Motorbikes-Loaded-for-Transport-from-the-UK-to-Spain-Portugal-OG01-1x1.jpg 1w\" sizes=\"auto, (max-width: 1200px) 100vw, 1200px\" \/><figcaption id=\"caption-attachment-286\" class=\"wp-caption-text\">Motos carregadas para transporte do Reino Unido para a Espanha e Portugal.<\/figcaption><\/figure>\n<p>Nossos pre\u00e7os s\u00e3o \u00f3timos tamb\u00e9m !! Basta preencher o formul\u00e1rio r\u00e1pido e entraremos em contato com voc\u00ea imediatamente com a melhor cota\u00e7\u00e3o que voc\u00ea conseguir !!<\/p>\n<h3>Cota\u00e7\u00e3o de transporte de motocicleta<\/h3>\n\n<div class=\"wpcf7 no-js\" id=\"wpcf7-f106-o3\" lang=\"en-US\" dir=\"ltr\" data-wpcf7-id=\"106\">\n<div class=\"screen-reader-response\"><p role=\"status\" aria-live=\"polite\" aria-atomic=\"true\"><\/p> <ul><\/ul><\/div>\n<form action=\"\/pt\/wp-json\/wp\/v2\/pages\/19#wpcf7-f106-o3\" method=\"post\" class=\"wpcf7-form init\" aria-label=\"Contact form\" novalidate=\"novalidate\" data-status=\"init\">\n<fieldset class=\"hidden-fields-container\"><input type=\"hidden\" name=\"_wpcf7\" value=\"106\" \/><input type=\"hidden\" name=\"_wpcf7_version\" value=\"6.1.5\" \/><input type=\"hidden\" name=\"_wpcf7_locale\" value=\"en_US\" \/><input type=\"hidden\" name=\"_wpcf7_unit_tag\" value=\"wpcf7-f106-o3\" \/><input type=\"hidden\" name=\"_wpcf7_container_post\" value=\"0\" \/><input type=\"hidden\" name=\"_wpcf7_posted_data_hash\" value=\"\" \/>\n<\/fieldset>\n<div id=\"quote\">\n\t<p><span class=\"wpcf7-form-control-wrap\" data-name=\"mcg-name\"><input size=\"40\" maxlength=\"400\" class=\"wpcf7-form-control wpcf7-text wpcf7-validates-as-required mcg\" aria-required=\"true\" aria-invalid=\"false\" placeholder=\"seu nome\" value=\"\" type=\"text\" name=\"mcg-name\" \/><\/span><br \/>\n<span class=\"wpcf7-form-control-wrap\" data-name=\"mcg-phone\"><input size=\"40\" maxlength=\"400\" class=\"wpcf7-form-control wpcf7-tel wpcf7-validates-as-required wpcf7-text wpcf7-validates-as-tel mcg\" aria-required=\"true\" aria-invalid=\"false\" placeholder=\"um n\u00famero de telefone\" value=\"\" type=\"tel\" name=\"mcg-phone\" \/><\/span><br \/>\n<span class=\"wpcf7-form-control-wrap\" data-name=\"mcg-email\"><input size=\"40\" maxlength=\"400\" class=\"wpcf7-form-control wpcf7-email wpcf7-validates-as-required wpcf7-text wpcf7-validates-as-email mcg\" aria-required=\"true\" aria-invalid=\"false\" placeholder=\"seu endere\u00e7o de email\" value=\"\" type=\"email\" name=\"mcg-email\" \/><\/span><br \/>\n\t<hr \/><br \/>\n<span class=\"wpcf7-form-control-wrap\" data-name=\"mcg-make\"><input size=\"40\" maxlength=\"400\" class=\"wpcf7-form-control wpcf7-text wpcf7-validates-as-required mcg\" aria-required=\"true\" aria-invalid=\"false\" placeholder=\"marca e modelo da sua motocicleta\" value=\"\" type=\"text\" name=\"mcg-make\" \/><\/span><br \/>\n<span class=\"wpcf7-form-control-wrap\" data-name=\"mcg-collection\"><input size=\"40\" maxlength=\"400\" class=\"wpcf7-form-control wpcf7-text wpcf7-validates-as-required mcg\" aria-required=\"true\" aria-invalid=\"false\" placeholder=\"cole\u00e7\u00e3o DE\" value=\"\" type=\"text\" name=\"mcg-collection\" \/><\/span><span class=\"wpcf7-form-control-wrap\" data-name=\"mcg-delivery\"><input size=\"40\" maxlength=\"400\" class=\"wpcf7-form-control wpcf7-text wpcf7-validates-as-required mcg\" aria-required=\"true\" aria-invalid=\"false\" placeholder=\"entrega PARA\" value=\"\" type=\"text\" name=\"mcg-delivery\" \/><\/span><br \/>\n<br style=\"clear:both;\" \/>\n\t<hr \/><br \/>\n<span class=\"wpcf7-form-control-wrap\" data-name=\"fromdepot\"><span class=\"wpcf7-form-control wpcf7-checkbox wpcf7-exclusive-checkbox mcg\"><span class=\"wpcf7-list-item first\"><input type=\"checkbox\" name=\"fromdepot\" value=\"Eu gostaria de coleta e entrega na minha porta.\" \/><span class=\"wpcf7-list-item-label\">Eu gostaria de coleta e entrega na minha porta.<\/span><\/span><span class=\"wpcf7-list-item last\"><input type=\"checkbox\" name=\"fromdepot\" value=\"Posso entregar e coletar de seus dep\u00f3sitos.\" \/><span class=\"wpcf7-list-item-label\">Posso entregar e coletar de seus dep\u00f3sitos.<\/span><\/span><\/span><\/span><br \/>\n\t<hr \/><br \/>\n<span class=\"wpcf7-form-control-wrap\" data-name=\"mcgruns\"><span class=\"wpcf7-form-control wpcf7-checkbox wpcf7-exclusive-checkbox mcg\"><span class=\"wpcf7-list-item first\"><input type=\"checkbox\" name=\"mcgruns\" value=\"Minha motocicleta funciona corretamente.\" \/><span class=\"wpcf7-list-item-label\">Minha motocicleta funciona corretamente.<\/span><\/span><span class=\"wpcf7-list-item last\"><input type=\"checkbox\" name=\"mcgruns\" value=\"Minha motocicleta N\u00c3O FUNCIONA.\" \/><span class=\"wpcf7-list-item-label\">Minha motocicleta N\u00c3O FUNCIONA.<\/span><\/span><\/span><\/span><br \/>\n\t<hr \/>\n\t<\/p>\n\t<p>Se voc\u00ea tem uma data espec\u00edfica em mente, avise-nos, caso contr\u00e1rio, d\u00ea-nos uma ideia de quando voc\u00ea gostaria de enviar bicicletas. Por exemplo, \"Fim de mar\u00e7o\".\n\t<\/p>\n\t<p><span class=\"wpcf7-form-control-wrap\" data-name=\"mcg-date\"><input size=\"40\" maxlength=\"400\" class=\"wpcf7-form-control wpcf7-text wpcf7-validates-as-required mcg\" aria-required=\"true\" aria-invalid=\"false\" placeholder=\"data de coleta \/ entrega\" value=\"\" type=\"text\" name=\"mcg-date\" \/><\/span><br \/>\n<span class=\"wpcf7-form-control-wrap\" data-name=\"capital-quiz\"><label><span class=\"wpcf7-quiz-label\"><\/span> <input size=\"40\" class=\"wpcf7-form-control wpcf7-quiz\" autocomplete=\"off\" aria-required=\"true\" aria-invalid=\"false\" type=\"text\" name=\"capital-quiz\" \/><\/label><input type=\"hidden\" name=\"_wpcf7_quiz_answer_capital-quiz\" value=\"3545757b8cdd0395faa573380bc5a90d\" \/><\/span><br \/>\n\t<div class=\"wpcf7-response-output\" aria-hidden=\"true\"><\/div><br \/>\n<input class=\"wpcf7-form-control wpcf7-submit has-spinner mcg\" type=\"submit\" value=\"Obtenha seu or\u00e7amento!\" \/>\n\t<\/p>\n<\/div>\n<\/form>\n<\/div>\n\n<p>&nbsp;<\/p>\n<p>Desfrute da tranquilidade, sabendo que a sua preciosa bicicleta est\u00e1 nas m\u00e3os mais confi\u00e1veis! Amamos bicicletas, sabemos que cada uma \u00e9 especial &#8211; incluindo a sua! Oferecemos a voc\u00ea a certeza absoluta de que sua bicicleta chegar\u00e1 ao destino exatamente nas mesmas condi\u00e7\u00f5es em que a recolhemos. Temos orgulho de nosso compromisso com um trabalho eficiente e confi\u00e1vel bem executado!<\/p>\n<h3>Transporte de motos na Europa<\/h3>\n<p>Os nossos transportes regulares entre o Reino Unido e a costa sul da Espanha e Portugal s\u00e3o a sua garantia do melhor or\u00e7amento poss\u00edvel! Nossa regularidade significa que podemos planejar e executar muitos problemas log\u00edsticos da forma mais eficiente poss\u00edvel, ou seja, apenas as melhores cota\u00e7\u00f5es!<\/p>\n<p>Fazemos o poss\u00edvel para estar sempre em contato durante o transporte de sua motocicleta. \u00c0s vezes, isso simplesmente n\u00e3o \u00e9 poss\u00edvel, mas nos orgulhamos de nosso atendimento ao cliente. Voc\u00ea pode entrar em contato conosco a qualquer momento durante o servi\u00e7o de transporte. N\u00e3o precisa se preocupar, sua preciosa bicicleta est\u00e1 em boas m\u00e3os!<\/p>\n<p>Podemos organizar o armazenamento de sua moto, se necess\u00e1rio! Temos tr\u00eas dep\u00f3sitos em Manchester, Almer\u00eda e Algarve.<\/p>\n<h3>Dep\u00f3sitos de transporte de motocicletas no Reino Unido, Espanha e Portugal<\/h3>\n<p>&nbsp;<\/p>\n<ul>\n<li><strong>Loul\u00e9, Algarve, Portugal<\/strong><br \/>\nCamino Dos Giros, Quattro Estradas, Loul\u00e9 8100-579, Portugal. Telefone para Portugal: (+351) 930 658 660.<\/li>\n<\/ul>\n<p>&nbsp;<\/p>\n<h3>Servi\u00e7o de transporte de qualidade<\/h3>\n<p>Motorcycles-Go.com oferece um servi\u00e7o regular de e para Espanha, Portugal e Inglaterra, enviando motocicletas em cada dire\u00e7\u00e3o. Nosso dep\u00f3sito de recebimento no Reino Unido est\u00e1 localizado em Manchester e nosso dep\u00f3sito na Espanha em Antas, Almeria, na costa sul.<\/p>\n<p>Usamos nossos cont\u00eaineres de 40 p\u00e9s para transportar sua bicicleta e tamb\u00e9m podemos levar carros laterais e scooters.<\/p>\n<h3>Motos e outros transportes pela Europa<\/h3>\n<p>Motorcycles-Go.com \u00e9 membro de uma pequena, mas muito dedicada equipa de especialistas europeus em transportes. Nossos parceiros de trabalho, podemos satisfazer as necessidades de quase quem procura servi\u00e7os de transporte na Europa.<\/p>\n<p>Motorcycles-Go.com \u00e9 o nome comercial de apenas uma ala de nossas opera\u00e7\u00f5es de transporte. Em conjunto com os nossos parceiros, temos a certeza que podemos oferecer-lhe o melhor servi\u00e7o combinado com os melhores pre\u00e7os poss\u00edveis. Se sua bicicleta \u00e9 apenas uma das coisas necess\u00e1rias para o envio, definitivamente somos as pessoas com quem conversar! Esperamos ter not\u00edcia de voc\u00ea em breve!<\/p>\n<p><\/p>","protected":false},"excerpt":{"rendered":"<p>Motorcylces-Go s\u00e3o especialistas no transporte de motos de e para o noroeste da Inglaterra e sul da Espanha e Portugal. Operamos tr\u00eas dep\u00f3sitos de transporte e armazenamento em Manchester, Algarve e Costa Almeria.<\/p>\n","protected":false},"author":1,"featured_media":101,"parent":0,"menu_order":0,"comment_status":"closed","ping_status":"closed","template":"","meta":{"yasr_overall_rating":0,"yasr_post_is_review":"","yasr_auto_insert_disabled":"","yasr_review_type":"","footnotes":""},"class_list":["post-19","page","type-page","status-publish","has-post-thumbnail","hentry"],"yoast_head":"<!-- This site is optimized with the Yoast SEO plugin v27.4 - https:\/\/yoast.com\/product\/yoast-seo-wordpress\/ -->\n<title>Motorcycles-Go.com. Servi\u00e7os de transporte de motocicletas - Irlanda, Portugal e Espanha.<\/title>\n<meta name=\"description\" content=\"Motorcycles-Go.com. Servi\u00e7os de transporte de motocicletas de e para a Irlanda e Portugal e sul da Espanha. Cita\u00e7\u00f5es excelentes!\" \/>\n<meta name=\"robots\" content=\"index, follow, max-snippet:-1, max-image-preview:large, max-video-preview:-1\" \/>\n<link rel=\"canonical\" href=\"https:\/\/motorcycles-go.com\/\" \/>\n<meta property=\"og:locale\" content=\"pt_PT\" \/>\n<meta property=\"og:type\" content=\"article\" \/>\n<meta property=\"og:title\" content=\"[:en]Motorcycles-Go.com - Ireland, Portugal Motorbike Transport.[:es]Motorcycles-Go.com. Servicios de transporte de motocicletas - Irlanda, Portugal y Espa\u00f1a.[:pt]Motorcycles-Go.com. Servi\u00e7os de transporte de motocicletas - Irlanda, Portugal e Espanha.[:ga]Motorcycles-Go.com - \u00c9ire, Iompar Gluaiste\u00e1n na Portaing\u00e9ile.[:]\" \/>\n<meta property=\"og:description\" content=\"{:en}Motorcycles-Go.com. Motorcycle transport services to and from Ireland and Portugal &amp; southern Spain. Outstanding Quotes!{:es}Motorcycles-Go.com. Servicios de transporte de motocicletas desde y hacia Irlanda y Portugal y el sur de Espa\u00f1a. Cotizaciones destacadas!{:pt}Motorcycles-Go.com. Servi\u00e7os de transporte de motocicletas de e para a Irlanda e Portugal e sul da Espanha. Cita\u00e7\u00f5es excelentes!{:ga}Gluaisrothair-Go.com. Seirbh\u00eds\u00ed iompair gluaisrothair chuig agus \u00f3 \u00c9irinn agus an Phortaing\u00e9il agus deisceart na Sp\u00e1inne. Sleachta den Scoth!{:}\" \/>\n<meta property=\"og:url\" content=\"https:\/\/motorcycles-go.com\/\" \/>\n<meta property=\"og:site_name\" content=\"Motorcycles-Go.com\" \/>\n<meta property=\"article:modified_time\" content=\"2024-04-08T16:04:42+00:00\" \/>\n<meta property=\"og:image\" content=\"https:\/\/motorcycles-go.com\/wp-content\/uploads\/2020\/07\/Motorcycles-Go-OG01.jpg\" \/>\n\t<meta property=\"og:image:width\" content=\"1200\" \/>\n\t<meta property=\"og:image:height\" content=\"630\" \/>\n\t<meta property=\"og:image:type\" content=\"image\/jpeg\" \/>\n<meta name=\"twitter:card\" content=\"summary_large_image\" \/>\n<meta name=\"twitter:label1\" content=\"Tempo estimado de leitura\" \/>\n\t<meta name=\"twitter:data1\" content=\"12 minutos\" \/>\n<script type=\"application\/ld+json\" class=\"yoast-schema-graph\">{\"@context\":\"https:\\\/\\\/schema.org\",\"@graph\":[{\"@type\":\"WebPage\",\"@id\":\"https:\\\/\\\/motorcycles-go.com\\\/\",\"url\":\"https:\\\/\\\/motorcycles-go.com\\\/\",\"name\":\"[:en]Motorcycles-Go.com - Ireland, Portugal Motorbike Transport.[:es]Motorcycles-Go.com. Servicios de transporte de motocicletas - Irlanda, Portugal y Espa\u00f1a.[:pt]Motorcycles-Go.com. Servi\u00e7os de transporte de motocicletas - Irlanda, Portugal e Espanha.[:ga]Motorcycles-Go.com - \u00c9ire, Iompar Gluaiste\u00e1n na Portaing\u00e9ile.[:]\",\"isPartOf\":{\"@id\":\"https:\\\/\\\/motorcycles-go.com\\\/#website\"},\"primaryImageOfPage\":{\"@id\":\"https:\\\/\\\/motorcycles-go.com\\\/#primaryimage\"},\"image\":{\"@id\":\"https:\\\/\\\/motorcycles-go.com\\\/#primaryimage\"},\"thumbnailUrl\":\"https:\\\/\\\/motorcycles-go.com\\\/wp-content\\\/uploads\\\/2020\\\/07\\\/Motorcycles-Go-OG01.jpg\",\"datePublished\":\"2020-06-25T11:10:41+00:00\",\"dateModified\":\"2024-04-08T16:04:42+00:00\",\"description\":\"{:en}Motorcycles-Go.com. Motorcycle transport services to and from Ireland and Portugal & southern Spain. Outstanding Quotes!{:es}Motorcycles-Go.com. Servicios de transporte de motocicletas desde y hacia Irlanda y Portugal y el sur de Espa\u00f1a. Cotizaciones destacadas!{:pt}Motorcycles-Go.com. Servi\u00e7os de transporte de motocicletas de e para a Irlanda e Portugal e sul da Espanha. Cita\u00e7\u00f5es excelentes!{:ga}Gluaisrothair-Go.com. Seirbh\u00eds\u00ed iompair gluaisrothair chuig agus \u00f3 \u00c9irinn agus an Phortaing\u00e9il agus deisceart na Sp\u00e1inne. Sleachta den Scoth!{:}\",\"breadcrumb\":{\"@id\":\"https:\\\/\\\/motorcycles-go.com\\\/#breadcrumb\"},\"inLanguage\":\"pt-PT\",\"potentialAction\":[{\"@type\":\"ReadAction\",\"target\":[\"https:\\\/\\\/motorcycles-go.com\\\/\"]}]},{\"@type\":\"ImageObject\",\"inLanguage\":\"pt-PT\",\"@id\":\"https:\\\/\\\/motorcycles-go.com\\\/#primaryimage\",\"url\":\"https:\\\/\\\/motorcycles-go.com\\\/wp-content\\\/uploads\\\/2020\\\/07\\\/Motorcycles-Go-OG01.jpg\",\"contentUrl\":\"https:\\\/\\\/motorcycles-go.com\\\/wp-content\\\/uploads\\\/2020\\\/07\\\/Motorcycles-Go-OG01.jpg\",\"width\":1200,\"height\":630,\"caption\":\"Motorcycles-Go.com. Motorcycle transport services, UK, Spain & Portugal.\"},{\"@type\":\"BreadcrumbList\",\"@id\":\"https:\\\/\\\/motorcycles-go.com\\\/#breadcrumb\",\"itemListElement\":[{\"@type\":\"ListItem\",\"position\":1,\"name\":\"Home\",\"item\":\"https:\\\/\\\/motorcycles-go.com\\\/\"},{\"@type\":\"ListItem\",\"position\":2,\"name\":\"Motorcycles-Go.com\"}]},{\"@type\":\"WebSite\",\"@id\":\"https:\\\/\\\/motorcycles-go.com\\\/#website\",\"url\":\"https:\\\/\\\/motorcycles-go.com\\\/\",\"name\":\"Motorcycles-Go.com\",\"description\":\"Motorcycle transport specialists.  UK, Spain, Portugal.\",\"publisher\":{\"@id\":\"https:\\\/\\\/motorcycles-go.com\\\/#organization\"},\"potentialAction\":[{\"@type\":\"SearchAction\",\"target\":{\"@type\":\"EntryPoint\",\"urlTemplate\":\"https:\\\/\\\/motorcycles-go.com\\\/?s={search_term_string}\"},\"query-input\":{\"@type\":\"PropertyValueSpecification\",\"valueRequired\":true,\"valueName\":\"search_term_string\"}}],\"inLanguage\":\"pt-PT\"},{\"@type\":\"Organization\",\"@id\":\"https:\\\/\\\/motorcycles-go.com\\\/#organization\",\"name\":\"Motorcycles-Go.com\",\"url\":\"https:\\\/\\\/motorcycles-go.com\\\/\",\"logo\":{\"@type\":\"ImageObject\",\"inLanguage\":\"pt-PT\",\"@id\":\"https:\\\/\\\/motorcycles-go.com\\\/#\\\/schema\\\/logo\\\/image\\\/\",\"url\":\"https:\\\/\\\/motorcycles-go.com\\\/wp-content\\\/uploads\\\/2020\\\/07\\\/Motrocycles-Go-Logo-Sml.png\",\"contentUrl\":\"https:\\\/\\\/motorcycles-go.com\\\/wp-content\\\/uploads\\\/2020\\\/07\\\/Motrocycles-Go-Logo-Sml.png\",\"width\":300,\"height\":45,\"caption\":\"Motorcycles-Go.com\"},\"image\":{\"@id\":\"https:\\\/\\\/motorcycles-go.com\\\/#\\\/schema\\\/logo\\\/image\\\/\"}},false]}<\/script>\n<!-- \/ Yoast SEO plugin. -->","yoast_head_json":{"title":"Motorcycles-Go.com. Servi\u00e7os de transporte de motocicletas - Irlanda, Portugal e Espanha.","description":"Motorcycles-Go.com. Servi\u00e7os de transporte de motocicletas de e para a Irlanda e Portugal e sul da Espanha. Cita\u00e7\u00f5es excelentes!","robots":{"index":"index","follow":"follow","max-snippet":"max-snippet:-1","max-image-preview":"max-image-preview:large","max-video-preview":"max-video-preview:-1"},"canonical":"https:\/\/motorcycles-go.com\/","og_locale":"pt_PT","og_type":"article","og_title":"[:en]Motorcycles-Go.com - Ireland, Portugal Motorbike Transport.[:es]Motorcycles-Go.com. Servicios de transporte de motocicletas - Irlanda, Portugal y Espa\u00f1a.[:pt]Motorcycles-Go.com. Servi\u00e7os de transporte de motocicletas - Irlanda, Portugal e Espanha.[:ga]Motorcycles-Go.com - \u00c9ire, Iompar Gluaiste\u00e1n na Portaing\u00e9ile.[:]","og_description":"{:en}Motorcycles-Go.com. Motorcycle transport services to and from Ireland and Portugal & southern Spain. Outstanding Quotes!{:es}Motorcycles-Go.com. Servicios de transporte de motocicletas desde y hacia Irlanda y Portugal y el sur de Espa\u00f1a. Cotizaciones destacadas!{:pt}Motorcycles-Go.com. Servi\u00e7os de transporte de motocicletas de e para a Irlanda e Portugal e sul da Espanha. Cita\u00e7\u00f5es excelentes!{:ga}Gluaisrothair-Go.com. Seirbh\u00eds\u00ed iompair gluaisrothair chuig agus \u00f3 \u00c9irinn agus an Phortaing\u00e9il agus deisceart na Sp\u00e1inne. Sleachta den Scoth!{:}","og_url":"https:\/\/motorcycles-go.com\/","og_site_name":"Motorcycles-Go.com","article_modified_time":"2024-04-08T16:04:42+00:00","og_image":[{"width":1200,"height":630,"url":"https:\/\/motorcycles-go.com\/wp-content\/uploads\/2020\/07\/Motorcycles-Go-OG01.jpg","type":"image\/jpeg"}],"twitter_card":"summary_large_image","twitter_misc":{"Tempo estimado de leitura":"12 minutos"},"schema":{"@context":"https:\/\/schema.org","@graph":[{"@type":"WebPage","@id":"https:\/\/motorcycles-go.com\/","url":"https:\/\/motorcycles-go.com\/","name":"[:en]Motorcycles-Go.com - Ireland, Portugal Motorbike Transport.[:es]Motorcycles-Go.com. Servicios de transporte de motocicletas - Irlanda, Portugal y Espa\u00f1a.[:pt]Motorcycles-Go.com. Servi\u00e7os de transporte de motocicletas - Irlanda, Portugal e Espanha.[:ga]Motorcycles-Go.com - \u00c9ire, Iompar Gluaiste\u00e1n na Portaing\u00e9ile.[:]","isPartOf":{"@id":"https:\/\/motorcycles-go.com\/#website"},"primaryImageOfPage":{"@id":"https:\/\/motorcycles-go.com\/#primaryimage"},"image":{"@id":"https:\/\/motorcycles-go.com\/#primaryimage"},"thumbnailUrl":"https:\/\/motorcycles-go.com\/wp-content\/uploads\/2020\/07\/Motorcycles-Go-OG01.jpg","datePublished":"2020-06-25T11:10:41+00:00","dateModified":"2024-04-08T16:04:42+00:00","description":"{:en}Motorcycles-Go.com. Motorcycle transport services to and from Ireland and Portugal & southern Spain. Outstanding Quotes!{:es}Motorcycles-Go.com. Servicios de transporte de motocicletas desde y hacia Irlanda y Portugal y el sur de Espa\u00f1a. Cotizaciones destacadas!{:pt}Motorcycles-Go.com. Servi\u00e7os de transporte de motocicletas de e para a Irlanda e Portugal e sul da Espanha. Cita\u00e7\u00f5es excelentes!{:ga}Gluaisrothair-Go.com. Seirbh\u00eds\u00ed iompair gluaisrothair chuig agus \u00f3 \u00c9irinn agus an Phortaing\u00e9il agus deisceart na Sp\u00e1inne. Sleachta den Scoth!{:}","breadcrumb":{"@id":"https:\/\/motorcycles-go.com\/#breadcrumb"},"inLanguage":"pt-PT","potentialAction":[{"@type":"ReadAction","target":["https:\/\/motorcycles-go.com\/"]}]},{"@type":"ImageObject","inLanguage":"pt-PT","@id":"https:\/\/motorcycles-go.com\/#primaryimage","url":"https:\/\/motorcycles-go.com\/wp-content\/uploads\/2020\/07\/Motorcycles-Go-OG01.jpg","contentUrl":"https:\/\/motorcycles-go.com\/wp-content\/uploads\/2020\/07\/Motorcycles-Go-OG01.jpg","width":1200,"height":630,"caption":"Motorcycles-Go.com. Motorcycle transport services, UK, Spain & Portugal."},{"@type":"BreadcrumbList","@id":"https:\/\/motorcycles-go.com\/#breadcrumb","itemListElement":[{"@type":"ListItem","position":1,"name":"Home","item":"https:\/\/motorcycles-go.com\/"},{"@type":"ListItem","position":2,"name":"Motorcycles-Go.com"}]},{"@type":"WebSite","@id":"https:\/\/motorcycles-go.com\/#website","url":"https:\/\/motorcycles-go.com\/","name":"Motorcycles-Go.com","description":"Motorcycle transport specialists.  UK, Spain, Portugal.","publisher":{"@id":"https:\/\/motorcycles-go.com\/#organization"},"potentialAction":[{"@type":"SearchAction","target":{"@type":"EntryPoint","urlTemplate":"https:\/\/motorcycles-go.com\/?s={search_term_string}"},"query-input":{"@type":"PropertyValueSpecification","valueRequired":true,"valueName":"search_term_string"}}],"inLanguage":"pt-PT"},{"@type":"Organization","@id":"https:\/\/motorcycles-go.com\/#organization","name":"Motorcycles-Go.com","url":"https:\/\/motorcycles-go.com\/","logo":{"@type":"ImageObject","inLanguage":"pt-PT","@id":"https:\/\/motorcycles-go.com\/#\/schema\/logo\/image\/","url":"https:\/\/motorcycles-go.com\/wp-content\/uploads\/2020\/07\/Motrocycles-Go-Logo-Sml.png","contentUrl":"https:\/\/motorcycles-go.com\/wp-content\/uploads\/2020\/07\/Motrocycles-Go-Logo-Sml.png","width":300,"height":45,"caption":"Motorcycles-Go.com"},"image":{"@id":"https:\/\/motorcycles-go.com\/#\/schema\/logo\/image\/"}},false]}},"yasr_visitor_votes":{"stars_attributes":{"read_only":false,"span_bottom":false},"number_of_votes":1,"sum_votes":5},"_links":{"self":[{"href":"https:\/\/motorcycles-go.com\/pt\/wp-json\/wp\/v2\/pages\/19","targetHints":{"allow":["GET"]}}],"collection":[{"href":"https:\/\/motorcycles-go.com\/pt\/wp-json\/wp\/v2\/pages"}],"about":[{"href":"https:\/\/motorcycles-go.com\/pt\/wp-json\/wp\/v2\/types\/page"}],"author":[{"embeddable":true,"href":"https:\/\/motorcycles-go.com\/pt\/wp-json\/wp\/v2\/users\/1"}],"replies":[{"embeddable":true,"href":"https:\/\/motorcycles-go.com\/pt\/wp-json\/wp\/v2\/comments?post=19"}],"version-history":[{"count":33,"href":"https:\/\/motorcycles-go.com\/pt\/wp-json\/wp\/v2\/pages\/19\/revisions"}],"predecessor-version":[{"id":517,"href":"https:\/\/motorcycles-go.com\/pt\/wp-json\/wp\/v2\/pages\/19\/revisions\/517"}],"wp:featuredmedia":[{"embeddable":true,"href":"https:\/\/motorcycles-go.com\/pt\/wp-json\/wp\/v2\/media\/101"}],"wp:attachment":[{"href":"https:\/\/motorcycles-go.com\/pt\/wp-json\/wp\/v2\/media?parent=19"}],"curies":[{"name":"wp","href":"https:\/\/api.w.org\/{rel}","templated":true}]}}