{"id":38,"date":"2020-06-25T18:09:53","date_gmt":"2020-06-25T18:09:53","guid":{"rendered":"https:\/\/motorcycles-go.com\/?page_id=38"},"modified":"2024-04-08T16:08:16","modified_gmt":"2024-04-08T16:08:16","slug":"quote","status":"publish","type":"page","link":"https:\/\/motorcycles-go.com\/pt\/cotacao-de-transporte-de-motocicleta\/","title":{"rendered":"[:en]Motorcycle Transport Quote[:es]Cotizaci\u00f3n de transporte de motos[:pt]Cota\u00e7\u00e3o de transporte de motocicleta[:ga]Iompar Gluaisrothar Athfhriotail[:]"},"content":{"rendered":"<p><strong>Cota\u00e7\u00e3o de transporte de motocicleta. Preencha o formul\u00e1rio r\u00e1pido e entraremos em contato com voc\u00ea em breve com sua melhor cota\u00e7\u00e3o! Nossos servi\u00e7os confi\u00e1veis e eficientes s\u00e3o a sua garantia de um trabalho de qualidade realizado! Deixe seus dados abaixo e vamos conversar! O frete de motocicletas \u00e9 cotado entre a Irlanda e Portugal, e um pouco mais adiante para a Espanha.<\/strong><\/p>\n<p><a href=\"https:\/\/api.whatsapp.com\/send?phone=+34623300425\"><img loading=\"lazy\" decoding=\"async\" class=\"mobileonly alignnone wp-image-220 size-full\" src=\"https:\/\/motorcycles-go.com\/wp-content\/uploads\/2020\/07\/whatsapp-button2.png\" alt=\"\" width=\"720\" height=\"241\" srcset=\"https:\/\/motorcycles-go.com\/wp-content\/uploads\/2020\/07\/whatsapp-button2.png 720w, https:\/\/motorcycles-go.com\/wp-content\/uploads\/2020\/07\/whatsapp-button2-300x100.png 300w, https:\/\/motorcycles-go.com\/wp-content\/uploads\/2020\/07\/whatsapp-button2-1x1.png 1w\" sizes=\"auto, (max-width: 720px) 100vw, 720px\" \/><\/a><\/p>\n\n<div class=\"wpcf7 no-js\" id=\"wpcf7-f106-o3\" lang=\"en-US\" dir=\"ltr\" data-wpcf7-id=\"106\">\n<div class=\"screen-reader-response\"><p role=\"status\" aria-live=\"polite\" aria-atomic=\"true\"><\/p> <ul><\/ul><\/div>\n<form action=\"\/pt\/wp-json\/wp\/v2\/pages\/38#wpcf7-f106-o3\" method=\"post\" class=\"wpcf7-form init\" aria-label=\"Contact form\" novalidate=\"novalidate\" data-status=\"init\">\n<fieldset class=\"hidden-fields-container\"><input type=\"hidden\" name=\"_wpcf7\" value=\"106\" \/><input type=\"hidden\" name=\"_wpcf7_version\" value=\"6.1.5\" \/><input type=\"hidden\" name=\"_wpcf7_locale\" value=\"en_US\" \/><input type=\"hidden\" name=\"_wpcf7_unit_tag\" value=\"wpcf7-f106-o3\" \/><input type=\"hidden\" name=\"_wpcf7_container_post\" value=\"0\" \/><input type=\"hidden\" name=\"_wpcf7_posted_data_hash\" value=\"\" \/>\n<\/fieldset>\n<div id=\"quote\">\n\t<p><span class=\"wpcf7-form-control-wrap\" data-name=\"mcg-name\"><input size=\"40\" maxlength=\"400\" class=\"wpcf7-form-control wpcf7-text wpcf7-validates-as-required mcg\" aria-required=\"true\" aria-invalid=\"false\" placeholder=\"seu nome\" value=\"\" type=\"text\" name=\"mcg-name\" \/><\/span><br \/>\n<span class=\"wpcf7-form-control-wrap\" data-name=\"mcg-phone\"><input size=\"40\" maxlength=\"400\" class=\"wpcf7-form-control wpcf7-tel wpcf7-validates-as-required wpcf7-text wpcf7-validates-as-tel mcg\" aria-required=\"true\" aria-invalid=\"false\" placeholder=\"um n\u00famero de telefone\" value=\"\" type=\"tel\" name=\"mcg-phone\" \/><\/span><br \/>\n<span class=\"wpcf7-form-control-wrap\" data-name=\"mcg-email\"><input size=\"40\" maxlength=\"400\" class=\"wpcf7-form-control wpcf7-email wpcf7-validates-as-required wpcf7-text wpcf7-validates-as-email mcg\" aria-required=\"true\" aria-invalid=\"false\" placeholder=\"seu endere\u00e7o de email\" value=\"\" type=\"email\" name=\"mcg-email\" \/><\/span><br \/>\n\t<hr \/><br \/>\n<span class=\"wpcf7-form-control-wrap\" data-name=\"mcg-make\"><input size=\"40\" maxlength=\"400\" class=\"wpcf7-form-control wpcf7-text wpcf7-validates-as-required mcg\" aria-required=\"true\" aria-invalid=\"false\" placeholder=\"marca e modelo da sua motocicleta\" value=\"\" type=\"text\" name=\"mcg-make\" \/><\/span><br \/>\n<span class=\"wpcf7-form-control-wrap\" data-name=\"mcg-collection\"><input size=\"40\" maxlength=\"400\" class=\"wpcf7-form-control wpcf7-text wpcf7-validates-as-required mcg\" aria-required=\"true\" aria-invalid=\"false\" placeholder=\"cole\u00e7\u00e3o DE\" value=\"\" type=\"text\" name=\"mcg-collection\" \/><\/span><span class=\"wpcf7-form-control-wrap\" data-name=\"mcg-delivery\"><input size=\"40\" maxlength=\"400\" class=\"wpcf7-form-control wpcf7-text wpcf7-validates-as-required mcg\" aria-required=\"true\" aria-invalid=\"false\" placeholder=\"entrega PARA\" value=\"\" type=\"text\" name=\"mcg-delivery\" \/><\/span><br \/>\n<br style=\"clear:both;\" \/>\n\t<hr \/><br \/>\n<span class=\"wpcf7-form-control-wrap\" data-name=\"fromdepot\"><span class=\"wpcf7-form-control wpcf7-checkbox wpcf7-exclusive-checkbox mcg\"><span class=\"wpcf7-list-item first\"><input type=\"checkbox\" name=\"fromdepot\" value=\"Eu gostaria de coleta e entrega na minha porta.\" \/><span class=\"wpcf7-list-item-label\">Eu gostaria de coleta e entrega na minha porta.<\/span><\/span><span class=\"wpcf7-list-item last\"><input type=\"checkbox\" name=\"fromdepot\" value=\"Posso entregar e coletar de seus dep\u00f3sitos.\" \/><span class=\"wpcf7-list-item-label\">Posso entregar e coletar de seus dep\u00f3sitos.<\/span><\/span><\/span><\/span><br \/>\n\t<hr \/><br \/>\n<span class=\"wpcf7-form-control-wrap\" data-name=\"mcgruns\"><span class=\"wpcf7-form-control wpcf7-checkbox wpcf7-exclusive-checkbox mcg\"><span class=\"wpcf7-list-item first\"><input type=\"checkbox\" name=\"mcgruns\" value=\"Minha motocicleta funciona corretamente.\" \/><span class=\"wpcf7-list-item-label\">Minha motocicleta funciona corretamente.<\/span><\/span><span class=\"wpcf7-list-item last\"><input type=\"checkbox\" name=\"mcgruns\" value=\"Minha motocicleta N\u00c3O FUNCIONA.\" \/><span class=\"wpcf7-list-item-label\">Minha motocicleta N\u00c3O FUNCIONA.<\/span><\/span><\/span><\/span><br \/>\n\t<hr \/>\n\t<\/p>\n\t<p>Se voc\u00ea tem uma data espec\u00edfica em mente, avise-nos, caso contr\u00e1rio, d\u00ea-nos uma ideia de quando voc\u00ea gostaria de enviar bicicletas. Por exemplo, \"Fim de mar\u00e7o\".\n\t<\/p>\n\t<p><span class=\"wpcf7-form-control-wrap\" data-name=\"mcg-date\"><input size=\"40\" maxlength=\"400\" class=\"wpcf7-form-control wpcf7-text wpcf7-validates-as-required mcg\" aria-required=\"true\" aria-invalid=\"false\" placeholder=\"data de coleta \/ entrega\" value=\"\" type=\"text\" name=\"mcg-date\" \/><\/span><br \/>\n<span class=\"wpcf7-form-control-wrap\" data-name=\"capital-quiz\"><label><span class=\"wpcf7-quiz-label\"><\/span> <input size=\"40\" class=\"wpcf7-form-control wpcf7-quiz\" autocomplete=\"off\" aria-required=\"true\" aria-invalid=\"false\" type=\"text\" name=\"capital-quiz\" \/><\/label><input type=\"hidden\" name=\"_wpcf7_quiz_answer_capital-quiz\" value=\"3545757b8cdd0395faa573380bc5a90d\" \/><\/span><br \/>\n\t<div class=\"wpcf7-response-output\" aria-hidden=\"true\"><\/div><br \/>\n<input class=\"wpcf7-form-control wpcf7-submit has-spinner mcg\" type=\"submit\" value=\"Obtenha seu or\u00e7amento!\" \/>\n\t<\/p>\n<\/div>\n<\/form>\n<\/div>\n\n<p>&nbsp;<\/p>\n<h2>Cota\u00e7\u00e3o de transporte de motocicleta<\/h2>\n<p>Deixe-nos citar se voc\u00ea precisa do seu transporte de moto da Irlanda para ou de Portugal ou Espanha. <em>Voc\u00ea n\u00e3o ficar\u00e1 desapontado!<\/em><\/p>\n<p><img loading=\"lazy\" decoding=\"async\" class=\"alignnone size-full wp-image-248 notonmobile\" src=\"https:\/\/motorcycles-go.com\/wp-content\/uploads\/2020\/07\/Motorcycle-Transport-Quote-OG01.jpg\" alt=\"Motorcycle Transport Quote OG01\" width=\"1200\" height=\"630\" srcset=\"https:\/\/motorcycles-go.com\/wp-content\/uploads\/2020\/07\/Motorcycle-Transport-Quote-OG01.jpg 1200w, https:\/\/motorcycles-go.com\/wp-content\/uploads\/2020\/07\/Motorcycle-Transport-Quote-OG01-300x158.jpg 300w, https:\/\/motorcycles-go.com\/wp-content\/uploads\/2020\/07\/Motorcycle-Transport-Quote-OG01-1024x538.jpg 1024w, https:\/\/motorcycles-go.com\/wp-content\/uploads\/2020\/07\/Motorcycle-Transport-Quote-OG01-768x403.jpg 768w, https:\/\/motorcycles-go.com\/wp-content\/uploads\/2020\/07\/Motorcycle-Transport-Quote-OG01-1x1.jpg 1w\" sizes=\"auto, (max-width: 1200px) 100vw, 1200px\" \/><\/p>\n<h3>Motorbike Shipping Quote &#8211; Ireland and Portugal<\/h3>\n<p>Our regular transport runs between Ireland and Portugal &#8211; and further along the southern coasts of Spain &#8211; are your guarantee of the best possible quote!\u00a0 Our regularity means we can plan and execute the many logistical issue as efficiently as possible, meaning only the best quotes!<\/p>\n<p>We do out best to be in contact at all times during the transport of your motorbike.\u00a0 At some times, this simply isn\u2019t possible, but we pride ourselves on our customer care.\u00a0 You can contact us at almost any time during the shipping service.\u00a0 No need to worry, your precious bike is in safe hands!<\/p>\n<p>We can organise storage of your motorbike is needed, too!\u00a0 We have three storage depots in Manchester, Almer\u00eda and the Algarve.<\/p>\n<h3>Motorcycle Transport Depots in Ireland and Portugal<\/h3>\n<ul>\n<li><strong>Loule, Algarve, Portugal<\/strong><br \/>\nCamino Dos Giros, Quattro Estradas, Loule 8100-579, Portugal.\u00a0 Telephone Portugal: (+351) 930 658 660.<\/li>\n<li>Dublin, Ireland<br \/>\nAddress to be confirmed due to relocation.<\/li>\n<\/ul>\n<p><\/p>","protected":false},"excerpt":{"rendered":"<p>Cota\u00e7\u00e3o de transporte de motocicleta. Preencha o formul\u00e1rio r\u00e1pido e entraremos em contato com voc\u00ea em breve com sua melhor cota\u00e7\u00e3o! Nossos servi\u00e7os confi\u00e1veis e eficientes s\u00e3o a sua garantia de um trabalho de qualidade realizado! Deixe seus dados abaixo e vamos conversar! O frete de motocicletas \u00e9 cotado entre a Irlanda e Portugal, e [&hellip;]<\/p>\n","protected":false},"author":1,"featured_media":248,"parent":0,"menu_order":50,"comment_status":"closed","ping_status":"closed","template":"","meta":{"yasr_overall_rating":0,"yasr_post_is_review":"","yasr_auto_insert_disabled":"","yasr_review_type":"","footnotes":""},"class_list":["post-38","page","type-page","status-publish","has-post-thumbnail","hentry"],"yoast_head":"<!-- This site is optimized with the Yoast SEO plugin v27.4 - https:\/\/yoast.com\/product\/yoast-seo-wordpress\/ -->\n<title>Cota\u00e7\u00e3o de transporte de motocicleta. Servi\u00e7o Europeu de Transporte de Motos.<\/title>\n<meta name=\"description\" content=\"Cota\u00e7\u00e3o de transporte de motocicleta. Preencha o formul\u00e1rio r\u00e1pido e entraremos em contato com voc\u00ea rapidamente com sua melhor cota\u00e7\u00e3o!\" \/>\n<meta name=\"robots\" content=\"index, follow, max-snippet:-1, max-image-preview:large, max-video-preview:-1\" \/>\n<link rel=\"canonical\" href=\"https:\/\/motorcycles-go.com\/motorcycle-transport-quote\/\" \/>\n<meta property=\"og:locale\" content=\"pt_PT\" \/>\n<meta property=\"og:type\" content=\"article\" \/>\n<meta property=\"og:title\" content=\"[:en]Motorcycle Transport Quote. European Motorbike Shipping Service.[:es]Cotizaci\u00f3n de transporte de motos. Servicio de transporte europeo de motos.[:pt]Cota\u00e7\u00e3o de transporte de motocicleta. Servi\u00e7o Europeu de Transporte de Motos.[:ga]Iompar Gluaisrothar Athfhriotail. Seirbh\u00eds Loingseoireachta Gluaisrothar na hEorpa.[:]\" \/>\n<meta property=\"og:description\" content=\"{:en}Motorcycle Transport Quote.\u00a0 Complete the quick form and we&#039;ll get back to you very quickly with your best quote!{:es}Cotizaci\u00f3n de transporte de motos. Complete el formulario r\u00e1pido y nos comunicaremos con usted muy r\u00e1pidamente con su mejor cotizaci\u00f3n.{:pt}Cota\u00e7\u00e3o de transporte de motocicleta. Preencha o formul\u00e1rio r\u00e1pido e entraremos em contato com voc\u00ea rapidamente com sua melhor cota\u00e7\u00e3o!{:ga}Iompar Gluaisrothar Athfhriotail. Comhl\u00e1naigh an fhoirm thapa agus cuirfimid ar ais chugat go han-tapa le do luachan is fearr!{:}\" \/>\n<meta property=\"og:url\" content=\"https:\/\/motorcycles-go.com\/motorcycle-transport-quote\/\" \/>\n<meta property=\"og:site_name\" content=\"Motorcycles-Go.com\" \/>\n<meta property=\"article:modified_time\" content=\"2024-04-08T16:08:16+00:00\" \/>\n<meta property=\"og:image\" content=\"https:\/\/motorcycles-go.com\/wp-content\/uploads\/2020\/07\/Motorcycle-Transport-Quote-OG01.jpg\" \/>\n\t<meta property=\"og:image:width\" content=\"1200\" \/>\n\t<meta property=\"og:image:height\" content=\"630\" \/>\n\t<meta property=\"og:image:type\" content=\"image\/jpeg\" \/>\n<meta name=\"twitter:card\" content=\"summary_large_image\" \/>\n<meta name=\"twitter:label1\" content=\"Tempo estimado de leitura\" \/>\n\t<meta name=\"twitter:data1\" content=\"7 minutos\" \/>\n<script type=\"application\/ld+json\" class=\"yoast-schema-graph\">{\"@context\":\"https:\\\/\\\/schema.org\",\"@graph\":[{\"@type\":\"WebPage\",\"@id\":\"https:\\\/\\\/motorcycles-go.com\\\/motorcycle-transport-quote\\\/\",\"url\":\"https:\\\/\\\/motorcycles-go.com\\\/motorcycle-transport-quote\\\/\",\"name\":\"[:en]Motorcycle Transport Quote. European Motorbike Shipping Service.[:es]Cotizaci\u00f3n de transporte de motos. Servicio de transporte europeo de motos.[:pt]Cota\u00e7\u00e3o de transporte de motocicleta. Servi\u00e7o Europeu de Transporte de Motos.[:ga]Iompar Gluaisrothar Athfhriotail. Seirbh\u00eds Loingseoireachta Gluaisrothar na hEorpa.[:]\",\"isPartOf\":{\"@id\":\"https:\\\/\\\/motorcycles-go.com\\\/#website\"},\"primaryImageOfPage\":{\"@id\":\"https:\\\/\\\/motorcycles-go.com\\\/motorcycle-transport-quote\\\/#primaryimage\"},\"image\":{\"@id\":\"https:\\\/\\\/motorcycles-go.com\\\/motorcycle-transport-quote\\\/#primaryimage\"},\"thumbnailUrl\":\"https:\\\/\\\/motorcycles-go.com\\\/wp-content\\\/uploads\\\/2020\\\/07\\\/Motorcycle-Transport-Quote-OG01.jpg\",\"datePublished\":\"2020-06-25T18:09:53+00:00\",\"dateModified\":\"2024-04-08T16:08:16+00:00\",\"description\":\"{:en}Motorcycle Transport Quote.\u00a0 Complete the quick form and we'll get back to you very quickly with your best quote!{:es}Cotizaci\u00f3n de transporte de motos. Complete el formulario r\u00e1pido y nos comunicaremos con usted muy r\u00e1pidamente con su mejor cotizaci\u00f3n.{:pt}Cota\u00e7\u00e3o de transporte de motocicleta. Preencha o formul\u00e1rio r\u00e1pido e entraremos em contato com voc\u00ea rapidamente com sua melhor cota\u00e7\u00e3o!{:ga}Iompar Gluaisrothar Athfhriotail. Comhl\u00e1naigh an fhoirm thapa agus cuirfimid ar ais chugat go han-tapa le do luachan is fearr!{:}\",\"breadcrumb\":{\"@id\":\"https:\\\/\\\/motorcycles-go.com\\\/motorcycle-transport-quote\\\/#breadcrumb\"},\"inLanguage\":\"pt-PT\",\"potentialAction\":[{\"@type\":\"ReadAction\",\"target\":[\"https:\\\/\\\/motorcycles-go.com\\\/motorcycle-transport-quote\\\/\"]}]},{\"@type\":\"ImageObject\",\"inLanguage\":\"pt-PT\",\"@id\":\"https:\\\/\\\/motorcycles-go.com\\\/motorcycle-transport-quote\\\/#primaryimage\",\"url\":\"https:\\\/\\\/motorcycles-go.com\\\/wp-content\\\/uploads\\\/2020\\\/07\\\/Motorcycle-Transport-Quote-OG01.jpg\",\"contentUrl\":\"https:\\\/\\\/motorcycles-go.com\\\/wp-content\\\/uploads\\\/2020\\\/07\\\/Motorcycle-Transport-Quote-OG01.jpg\",\"width\":1200,\"height\":630,\"caption\":\"Motorcycle Transport Quote OG01\"},{\"@type\":\"BreadcrumbList\",\"@id\":\"https:\\\/\\\/motorcycles-go.com\\\/motorcycle-transport-quote\\\/#breadcrumb\",\"itemListElement\":[{\"@type\":\"ListItem\",\"position\":1,\"name\":\"Home\",\"item\":\"https:\\\/\\\/motorcycles-go.com\\\/\"},{\"@type\":\"ListItem\",\"position\":2,\"name\":\"Motorcycle Transport Quote\"}]},{\"@type\":\"WebSite\",\"@id\":\"https:\\\/\\\/motorcycles-go.com\\\/#website\",\"url\":\"https:\\\/\\\/motorcycles-go.com\\\/\",\"name\":\"Motorcycles-Go.com\",\"description\":\"Motorcycle transport specialists.  UK, Spain, Portugal.\",\"publisher\":{\"@id\":\"https:\\\/\\\/motorcycles-go.com\\\/#organization\"},\"potentialAction\":[{\"@type\":\"SearchAction\",\"target\":{\"@type\":\"EntryPoint\",\"urlTemplate\":\"https:\\\/\\\/motorcycles-go.com\\\/?s={search_term_string}\"},\"query-input\":{\"@type\":\"PropertyValueSpecification\",\"valueRequired\":true,\"valueName\":\"search_term_string\"}}],\"inLanguage\":\"pt-PT\"},{\"@type\":\"Organization\",\"@id\":\"https:\\\/\\\/motorcycles-go.com\\\/#organization\",\"name\":\"Motorcycles-Go.com\",\"url\":\"https:\\\/\\\/motorcycles-go.com\\\/\",\"logo\":{\"@type\":\"ImageObject\",\"inLanguage\":\"pt-PT\",\"@id\":\"https:\\\/\\\/motorcycles-go.com\\\/#\\\/schema\\\/logo\\\/image\\\/\",\"url\":\"https:\\\/\\\/motorcycles-go.com\\\/wp-content\\\/uploads\\\/2020\\\/07\\\/Motrocycles-Go-Logo-Sml.png\",\"contentUrl\":\"https:\\\/\\\/motorcycles-go.com\\\/wp-content\\\/uploads\\\/2020\\\/07\\\/Motrocycles-Go-Logo-Sml.png\",\"width\":300,\"height\":45,\"caption\":\"Motorcycles-Go.com\"},\"image\":{\"@id\":\"https:\\\/\\\/motorcycles-go.com\\\/#\\\/schema\\\/logo\\\/image\\\/\"}},false]}<\/script>\n<!-- \/ Yoast SEO plugin. -->","yoast_head_json":{"title":"Cota\u00e7\u00e3o de transporte de motocicleta. Servi\u00e7o Europeu de Transporte de Motos.","description":"Cota\u00e7\u00e3o de transporte de motocicleta. Preencha o formul\u00e1rio r\u00e1pido e entraremos em contato com voc\u00ea rapidamente com sua melhor cota\u00e7\u00e3o!","robots":{"index":"index","follow":"follow","max-snippet":"max-snippet:-1","max-image-preview":"max-image-preview:large","max-video-preview":"max-video-preview:-1"},"canonical":"https:\/\/motorcycles-go.com\/motorcycle-transport-quote\/","og_locale":"pt_PT","og_type":"article","og_title":"[:en]Motorcycle Transport Quote. European Motorbike Shipping Service.[:es]Cotizaci\u00f3n de transporte de motos. Servicio de transporte europeo de motos.[:pt]Cota\u00e7\u00e3o de transporte de motocicleta. Servi\u00e7o Europeu de Transporte de Motos.[:ga]Iompar Gluaisrothar Athfhriotail. Seirbh\u00eds Loingseoireachta Gluaisrothar na hEorpa.[:]","og_description":"{:en}Motorcycle Transport Quote.\u00a0 Complete the quick form and we'll get back to you very quickly with your best quote!{:es}Cotizaci\u00f3n de transporte de motos. Complete el formulario r\u00e1pido y nos comunicaremos con usted muy r\u00e1pidamente con su mejor cotizaci\u00f3n.{:pt}Cota\u00e7\u00e3o de transporte de motocicleta. Preencha o formul\u00e1rio r\u00e1pido e entraremos em contato com voc\u00ea rapidamente com sua melhor cota\u00e7\u00e3o!{:ga}Iompar Gluaisrothar Athfhriotail. Comhl\u00e1naigh an fhoirm thapa agus cuirfimid ar ais chugat go han-tapa le do luachan is fearr!{:}","og_url":"https:\/\/motorcycles-go.com\/motorcycle-transport-quote\/","og_site_name":"Motorcycles-Go.com","article_modified_time":"2024-04-08T16:08:16+00:00","og_image":[{"width":1200,"height":630,"url":"https:\/\/motorcycles-go.com\/wp-content\/uploads\/2020\/07\/Motorcycle-Transport-Quote-OG01.jpg","type":"image\/jpeg"}],"twitter_card":"summary_large_image","twitter_misc":{"Tempo estimado de leitura":"7 minutos"},"schema":{"@context":"https:\/\/schema.org","@graph":[{"@type":"WebPage","@id":"https:\/\/motorcycles-go.com\/motorcycle-transport-quote\/","url":"https:\/\/motorcycles-go.com\/motorcycle-transport-quote\/","name":"[:en]Motorcycle Transport Quote. European Motorbike Shipping Service.[:es]Cotizaci\u00f3n de transporte de motos. Servicio de transporte europeo de motos.[:pt]Cota\u00e7\u00e3o de transporte de motocicleta. Servi\u00e7o Europeu de Transporte de Motos.[:ga]Iompar Gluaisrothar Athfhriotail. Seirbh\u00eds Loingseoireachta Gluaisrothar na hEorpa.[:]","isPartOf":{"@id":"https:\/\/motorcycles-go.com\/#website"},"primaryImageOfPage":{"@id":"https:\/\/motorcycles-go.com\/motorcycle-transport-quote\/#primaryimage"},"image":{"@id":"https:\/\/motorcycles-go.com\/motorcycle-transport-quote\/#primaryimage"},"thumbnailUrl":"https:\/\/motorcycles-go.com\/wp-content\/uploads\/2020\/07\/Motorcycle-Transport-Quote-OG01.jpg","datePublished":"2020-06-25T18:09:53+00:00","dateModified":"2024-04-08T16:08:16+00:00","description":"{:en}Motorcycle Transport Quote.\u00a0 Complete the quick form and we'll get back to you very quickly with your best quote!{:es}Cotizaci\u00f3n de transporte de motos. Complete el formulario r\u00e1pido y nos comunicaremos con usted muy r\u00e1pidamente con su mejor cotizaci\u00f3n.{:pt}Cota\u00e7\u00e3o de transporte de motocicleta. Preencha o formul\u00e1rio r\u00e1pido e entraremos em contato com voc\u00ea rapidamente com sua melhor cota\u00e7\u00e3o!{:ga}Iompar Gluaisrothar Athfhriotail. Comhl\u00e1naigh an fhoirm thapa agus cuirfimid ar ais chugat go han-tapa le do luachan is fearr!{:}","breadcrumb":{"@id":"https:\/\/motorcycles-go.com\/motorcycle-transport-quote\/#breadcrumb"},"inLanguage":"pt-PT","potentialAction":[{"@type":"ReadAction","target":["https:\/\/motorcycles-go.com\/motorcycle-transport-quote\/"]}]},{"@type":"ImageObject","inLanguage":"pt-PT","@id":"https:\/\/motorcycles-go.com\/motorcycle-transport-quote\/#primaryimage","url":"https:\/\/motorcycles-go.com\/wp-content\/uploads\/2020\/07\/Motorcycle-Transport-Quote-OG01.jpg","contentUrl":"https:\/\/motorcycles-go.com\/wp-content\/uploads\/2020\/07\/Motorcycle-Transport-Quote-OG01.jpg","width":1200,"height":630,"caption":"Motorcycle Transport Quote OG01"},{"@type":"BreadcrumbList","@id":"https:\/\/motorcycles-go.com\/motorcycle-transport-quote\/#breadcrumb","itemListElement":[{"@type":"ListItem","position":1,"name":"Home","item":"https:\/\/motorcycles-go.com\/"},{"@type":"ListItem","position":2,"name":"Motorcycle Transport Quote"}]},{"@type":"WebSite","@id":"https:\/\/motorcycles-go.com\/#website","url":"https:\/\/motorcycles-go.com\/","name":"Motorcycles-Go.com","description":"Motorcycle transport specialists.  UK, Spain, Portugal.","publisher":{"@id":"https:\/\/motorcycles-go.com\/#organization"},"potentialAction":[{"@type":"SearchAction","target":{"@type":"EntryPoint","urlTemplate":"https:\/\/motorcycles-go.com\/?s={search_term_string}"},"query-input":{"@type":"PropertyValueSpecification","valueRequired":true,"valueName":"search_term_string"}}],"inLanguage":"pt-PT"},{"@type":"Organization","@id":"https:\/\/motorcycles-go.com\/#organization","name":"Motorcycles-Go.com","url":"https:\/\/motorcycles-go.com\/","logo":{"@type":"ImageObject","inLanguage":"pt-PT","@id":"https:\/\/motorcycles-go.com\/#\/schema\/logo\/image\/","url":"https:\/\/motorcycles-go.com\/wp-content\/uploads\/2020\/07\/Motrocycles-Go-Logo-Sml.png","contentUrl":"https:\/\/motorcycles-go.com\/wp-content\/uploads\/2020\/07\/Motrocycles-Go-Logo-Sml.png","width":300,"height":45,"caption":"Motorcycles-Go.com"},"image":{"@id":"https:\/\/motorcycles-go.com\/#\/schema\/logo\/image\/"}},false]}},"yasr_visitor_votes":{"stars_attributes":{"read_only":false,"span_bottom":false},"number_of_votes":0,"sum_votes":0},"_links":{"self":[{"href":"https:\/\/motorcycles-go.com\/pt\/wp-json\/wp\/v2\/pages\/38","targetHints":{"allow":["GET"]}}],"collection":[{"href":"https:\/\/motorcycles-go.com\/pt\/wp-json\/wp\/v2\/pages"}],"about":[{"href":"https:\/\/motorcycles-go.com\/pt\/wp-json\/wp\/v2\/types\/page"}],"author":[{"embeddable":true,"href":"https:\/\/motorcycles-go.com\/pt\/wp-json\/wp\/v2\/users\/1"}],"replies":[{"embeddable":true,"href":"https:\/\/motorcycles-go.com\/pt\/wp-json\/wp\/v2\/comments?post=38"}],"version-history":[{"count":26,"href":"https:\/\/motorcycles-go.com\/pt\/wp-json\/wp\/v2\/pages\/38\/revisions"}],"predecessor-version":[{"id":522,"href":"https:\/\/motorcycles-go.com\/pt\/wp-json\/wp\/v2\/pages\/38\/revisions\/522"}],"wp:featuredmedia":[{"embeddable":true,"href":"https:\/\/motorcycles-go.com\/pt\/wp-json\/wp\/v2\/media\/248"}],"wp:attachment":[{"href":"https:\/\/motorcycles-go.com\/pt\/wp-json\/wp\/v2\/media?parent=38"}],"curies":[{"name":"wp","href":"https:\/\/api.w.org\/{rel}","templated":true}]}}