{"id":399,"date":"2021-05-12T11:17:49","date_gmt":"2021-05-12T11:17:49","guid":{"rendered":"https:\/\/motorcycles-go.com\/?page_id=399"},"modified":"2024-04-08T16:09:41","modified_gmt":"2024-04-08T16:09:41","slug":"motorcycle-transport-portugal-to-ireland","status":"publish","type":"page","link":"https:\/\/motorcycles-go.com\/pt\/motorcycle-transport-portugal-to-ireland\/","title":{"rendered":"Motorcycle Transport Portugal to Ireland"},"content":{"rendered":"<p><\/p>\n<p><strong>Transporte de Motocicleta, Portugal para a Irlanda. Somos especializados no transporte de motos da regi\u00e3o do Algarve em Portugal para Dublin na Irlanda. \u00c9 o que fazemos de melhor! A Motorcycles-Go.com opera um servi\u00e7o regular de transporte em contentores para motos\/motos, entre o nosso armaz\u00e9m de Dublin na Irlanda e o nosso armaz\u00e9m em Portugal, no ensolarado Algarve! Se voc\u00ea precisa do seu transporte de moto entre a Irlanda e Portugal &#8211; at\u00e9 mesmo as Costas espanholas, ao longo da Marbella &#8211; oferecemos um \u00f3timo servi\u00e7o a um \u00f3timo pre\u00e7o! Cita\u00e7\u00e3o abaixo.<\/strong><\/p>\n<figure id=\"attachment_408\" aria-describedby=\"caption-attachment-408\" style=\"width: 1200px\" class=\"wp-caption alignnone\"><img loading=\"lazy\" decoding=\"async\" class=\"size-full wp-image-408\" src=\"https:\/\/motorcycles-go.com\/wp-content\/uploads\/2021\/05\/Ireland-Portugal-Motorbike-Transports.jpg\" alt=\"Ireland &amp; Portugal Motorbike Transports\" width=\"1200\" height=\"630\" srcset=\"https:\/\/motorcycles-go.com\/wp-content\/uploads\/2021\/05\/Ireland-Portugal-Motorbike-Transports.jpg 1200w, https:\/\/motorcycles-go.com\/wp-content\/uploads\/2021\/05\/Ireland-Portugal-Motorbike-Transports-300x158.jpg 300w, https:\/\/motorcycles-go.com\/wp-content\/uploads\/2021\/05\/Ireland-Portugal-Motorbike-Transports-1024x538.jpg 1024w, https:\/\/motorcycles-go.com\/wp-content\/uploads\/2021\/05\/Ireland-Portugal-Motorbike-Transports-768x403.jpg 768w, https:\/\/motorcycles-go.com\/wp-content\/uploads\/2021\/05\/Ireland-Portugal-Motorbike-Transports-1x1.jpg 1w\" sizes=\"auto, (max-width: 1200px) 100vw, 1200px\" \/><figcaption id=\"caption-attachment-408\" class=\"wp-caption-text\">Ireland &amp; Portugal Motorbike Transports<\/figcaption><\/figure>\n<h2>Transporte de Motocicleta, Portugal para a Irlanda<\/h2>\n<p>Enviamos a sua moto em seguran\u00e7a de Dublin para a costa sul de Portugal. Transportamos um contentor de 40 p\u00e9s &#8211; normalmente &#8211; todos os meses do nosso dep\u00f3sito em Dublin para Loul\u00e9 no Algarve.<\/p>\n<p>Cota\u00e7\u00e3o de Transporte de Motocicleta<\/p>\n<p>Fa\u00e7a um or\u00e7amento para o transporte da sua bicicleta. Temos certeza que faremos melhor do que muitos outros! Deixe alguns detalhes aqui e n\u00f3s entraremos em contato com voc\u00ea. Quanto mais voc\u00ea contar, melhor poderemos ajudar! &#8216;Falo com voc\u00ea em breve.<\/p>\n\n<div class=\"wpcf7 no-js\" id=\"wpcf7-f106-o2\" lang=\"en-US\" dir=\"ltr\" data-wpcf7-id=\"106\">\n<div class=\"screen-reader-response\"><p role=\"status\" aria-live=\"polite\" aria-atomic=\"true\"><\/p> <ul><\/ul><\/div>\n<form action=\"\/pt\/wp-json\/wp\/v2\/pages\/399#wpcf7-f106-o2\" method=\"post\" class=\"wpcf7-form init\" aria-label=\"Contact form\" novalidate=\"novalidate\" data-status=\"init\">\n<fieldset class=\"hidden-fields-container\"><input type=\"hidden\" name=\"_wpcf7\" value=\"106\" \/><input type=\"hidden\" name=\"_wpcf7_version\" value=\"6.1.5\" \/><input type=\"hidden\" name=\"_wpcf7_locale\" value=\"en_US\" \/><input type=\"hidden\" name=\"_wpcf7_unit_tag\" value=\"wpcf7-f106-o2\" \/><input type=\"hidden\" name=\"_wpcf7_container_post\" value=\"0\" \/><input type=\"hidden\" name=\"_wpcf7_posted_data_hash\" value=\"\" \/>\n<\/fieldset>\n<div id=\"quote\">\n\t<p><span class=\"wpcf7-form-control-wrap\" data-name=\"mcg-name\"><input size=\"40\" maxlength=\"400\" class=\"wpcf7-form-control wpcf7-text wpcf7-validates-as-required mcg\" aria-required=\"true\" aria-invalid=\"false\" placeholder=\"seu nome\" value=\"\" type=\"text\" name=\"mcg-name\" \/><\/span><br \/>\n<span class=\"wpcf7-form-control-wrap\" data-name=\"mcg-phone\"><input size=\"40\" maxlength=\"400\" class=\"wpcf7-form-control wpcf7-tel wpcf7-validates-as-required wpcf7-text wpcf7-validates-as-tel mcg\" aria-required=\"true\" aria-invalid=\"false\" placeholder=\"um n\u00famero de telefone\" value=\"\" type=\"tel\" name=\"mcg-phone\" \/><\/span><br \/>\n<span class=\"wpcf7-form-control-wrap\" data-name=\"mcg-email\"><input size=\"40\" maxlength=\"400\" class=\"wpcf7-form-control wpcf7-email wpcf7-validates-as-required wpcf7-text wpcf7-validates-as-email mcg\" aria-required=\"true\" aria-invalid=\"false\" placeholder=\"seu endere\u00e7o de email\" value=\"\" type=\"email\" name=\"mcg-email\" \/><\/span><br \/>\n\t<hr \/><br \/>\n<span class=\"wpcf7-form-control-wrap\" data-name=\"mcg-make\"><input size=\"40\" maxlength=\"400\" class=\"wpcf7-form-control wpcf7-text wpcf7-validates-as-required mcg\" aria-required=\"true\" aria-invalid=\"false\" placeholder=\"marca e modelo da sua motocicleta\" value=\"\" type=\"text\" name=\"mcg-make\" \/><\/span><br \/>\n<span class=\"wpcf7-form-control-wrap\" data-name=\"mcg-collection\"><input size=\"40\" maxlength=\"400\" class=\"wpcf7-form-control wpcf7-text wpcf7-validates-as-required mcg\" aria-required=\"true\" aria-invalid=\"false\" placeholder=\"cole\u00e7\u00e3o DE\" value=\"\" type=\"text\" name=\"mcg-collection\" \/><\/span><span class=\"wpcf7-form-control-wrap\" data-name=\"mcg-delivery\"><input size=\"40\" maxlength=\"400\" class=\"wpcf7-form-control wpcf7-text wpcf7-validates-as-required mcg\" aria-required=\"true\" aria-invalid=\"false\" placeholder=\"entrega PARA\" value=\"\" type=\"text\" name=\"mcg-delivery\" \/><\/span><br \/>\n<br style=\"clear:both;\" \/>\n\t<hr \/><br \/>\n<span class=\"wpcf7-form-control-wrap\" data-name=\"fromdepot\"><span class=\"wpcf7-form-control wpcf7-checkbox wpcf7-exclusive-checkbox mcg\"><span class=\"wpcf7-list-item first\"><input type=\"checkbox\" name=\"fromdepot\" value=\"Eu gostaria de coleta e entrega na minha porta.\" \/><span class=\"wpcf7-list-item-label\">Eu gostaria de coleta e entrega na minha porta.<\/span><\/span><span class=\"wpcf7-list-item last\"><input type=\"checkbox\" name=\"fromdepot\" value=\"Posso entregar e coletar de seus dep\u00f3sitos.\" \/><span class=\"wpcf7-list-item-label\">Posso entregar e coletar de seus dep\u00f3sitos.<\/span><\/span><\/span><\/span><br \/>\n\t<hr \/><br \/>\n<span class=\"wpcf7-form-control-wrap\" data-name=\"mcgruns\"><span class=\"wpcf7-form-control wpcf7-checkbox wpcf7-exclusive-checkbox mcg\"><span class=\"wpcf7-list-item first\"><input type=\"checkbox\" name=\"mcgruns\" value=\"Minha motocicleta funciona corretamente.\" \/><span class=\"wpcf7-list-item-label\">Minha motocicleta funciona corretamente.<\/span><\/span><span class=\"wpcf7-list-item last\"><input type=\"checkbox\" name=\"mcgruns\" value=\"Minha motocicleta N\u00c3O FUNCIONA.\" \/><span class=\"wpcf7-list-item-label\">Minha motocicleta N\u00c3O FUNCIONA.<\/span><\/span><\/span><\/span><br \/>\n\t<hr \/>\n\t<\/p>\n\t<p>Se voc\u00ea tem uma data espec\u00edfica em mente, avise-nos, caso contr\u00e1rio, d\u00ea-nos uma ideia de quando voc\u00ea gostaria de enviar bicicletas. Por exemplo, \"Fim de mar\u00e7o\".\n\t<\/p>\n\t<p><span class=\"wpcf7-form-control-wrap\" data-name=\"mcg-date\"><input size=\"40\" maxlength=\"400\" class=\"wpcf7-form-control wpcf7-text wpcf7-validates-as-required mcg\" aria-required=\"true\" aria-invalid=\"false\" placeholder=\"data de coleta \/ entrega\" value=\"\" type=\"text\" name=\"mcg-date\" \/><\/span><br \/>\n<span class=\"wpcf7-form-control-wrap\" data-name=\"capital-quiz\"><label><span class=\"wpcf7-quiz-label\"><\/span> <input size=\"40\" class=\"wpcf7-form-control wpcf7-quiz\" autocomplete=\"off\" aria-required=\"true\" aria-invalid=\"false\" type=\"text\" name=\"capital-quiz\" \/><\/label><input type=\"hidden\" name=\"_wpcf7_quiz_answer_capital-quiz\" value=\"3545757b8cdd0395faa573380bc5a90d\" \/><\/span><br \/>\n\t<div class=\"wpcf7-response-output\" aria-hidden=\"true\"><\/div><br \/>\n<input class=\"wpcf7-form-control wpcf7-submit has-spinner mcg\" type=\"submit\" value=\"Obtenha seu or\u00e7amento!\" \/>\n\t<\/p>\n<\/div>\n<\/form>\n<\/div>\n\n<p>&nbsp;<\/p>\n<h3>Transporte de motos da Irlanda para Portugal<\/h3>\n<p>O nosso transporte regular funciona entre o nosso dep\u00f3sito de Dublin na Irlanda e o nosso dep\u00f3sito no Algarve em Portugal e mais ao longo das &#8216;Costas&#8217; do sul de Espanha! A nossa regularidade \u00e9 a sua garantia do melhor or\u00e7amento poss\u00edvel! Planejado e executado em torno de nosso transporte regular, podemos transportar sua motocicleta de qualquer lugar na Irlanda para qualquer lugar de Portugal, al\u00e9m de partes da Espanha com seguran\u00e7a. os muitos problemas log\u00edsticos da forma mais eficiente poss\u00edvel, significando apenas as melhores cota\u00e7\u00f5es!<\/p>\n<h3>Transporte de moto na Irlanda<\/h3>\n<p>Nosso dep\u00f3sito no Condado de Dublin atende a toda a Irlanda, incluindo, mas n\u00e3o limitado a, Meath, Kildare, Wicklow, Wexford, Kilkenny, Waterford, Cor, Kerry, Limerick e Tipperary!<\/p>\n<p>Fazemos o nosso melhor para estar sempre em contacto com a sua moto durante o transporte. De vez em quando, isso n\u00e3o \u00e9 poss\u00edvel, mas nos orgulhamos de nosso atendimento ao cliente de alta qualidade &#8211; e do cuidado dado \u00e0 sua bicicleta! Voc\u00ea pode entrar em contato conosco a quase qualquer momento durante o servi\u00e7o de envio e transporte. N\u00e3o precisa se preocupar, sua preciosa bicicleta est\u00e1 em boas m\u00e3os!<\/p>\n<p>Podemos organizar o armazenamento de sua moto tamb\u00e9m! Temos tr\u00eas dep\u00f3sitos de armazenamento no Algarve e em Dublin.<\/p>\n<h3>Transporte de Moto, Irlanda para Portugal<\/h3>\n<p>Nossos pre\u00e7os tamb\u00e9m s\u00e3o \u00f3timos!! Basta preencher o formul\u00e1rio r\u00e1pido e entraremos em contato com voc\u00ea imediatamente com a melhor cota\u00e7\u00e3o que voc\u00ea receber\u00e1 !!<\/p>\n<p>Desfrute da tranquilidade de saber que sua preciosa bicicleta est\u00e1 nas m\u00e3os mais confi\u00e1veis! Adoramos bicicletas, sabemos que cada uma \u00e9 especial \u2013 incluindo a sua! Oferecemos-lhe a garantia absoluta de que a sua bicicleta chegar\u00e1 ao destino exatamente nas mesmas condi\u00e7\u00f5es em que a recolhemos. Orgulhamo-nos do nosso compromisso com um trabalho eficiente e fi\u00e1vel bem feito!<\/p>\n<p><\/p>","protected":false},"excerpt":{"rendered":"<p>Motorcycle Transport, Portugal to Ireland.\u00a0 We specialise in motorbike shipping from the Algarve region of Portugal to Dublin in Ireland.\u00a0 It&#8217;s what we do best!\u00a0 Motorcycles-Go.com operate a regular shipping container transport service for motorcycles\/motorbikes, between our Dublin depot in Ireland and our Portugal depot, down on the sunny Algarve!<\/p>\n","protected":false},"author":1,"featured_media":0,"parent":0,"menu_order":0,"comment_status":"closed","ping_status":"closed","template":"","meta":{"yasr_overall_rating":0,"yasr_post_is_review":"","yasr_auto_insert_disabled":"","yasr_review_type":"","footnotes":""},"class_list":["post-399","page","type-page","status-publish","hentry"],"yoast_head":"<!-- This site is optimized with the Yoast SEO plugin v27.5 - https:\/\/yoast.com\/product\/yoast-seo-wordpress\/ -->\n<title>(English) Motorcycle Transport Portugal to Ireland<\/title>\n<meta name=\"description\" content=\"(English) Motorcycle Transport Portugal to Ireland.\" \/>\n<meta name=\"robots\" content=\"index, follow, max-snippet:-1, max-image-preview:large, max-video-preview:-1\" \/>\n<link rel=\"canonical\" href=\"https:\/\/motorcycles-go.com\/motorcycle-transport-portugal-to-ireland\/\" \/>\n<meta property=\"og:locale\" content=\"pt_PT\" \/>\n<meta property=\"og:type\" content=\"article\" \/>\n<meta property=\"og:title\" content=\"[:en]Motorcycle Transport Portugal to Ireland[:]\" \/>\n<meta property=\"og:description\" content=\"{:en}Motorcycle Transport Portugal to Ireland. {:}\" \/>\n<meta property=\"og:url\" content=\"https:\/\/motorcycles-go.com\/motorcycle-transport-portugal-to-ireland\/\" \/>\n<meta property=\"og:site_name\" content=\"Motorcycles-Go.com\" \/>\n<meta property=\"article:modified_time\" content=\"2024-04-08T16:09:41+00:00\" \/>\n<meta property=\"og:image\" content=\"https:\/\/motorcycles-go.com\/wp-content\/uploads\/2021\/05\/Ireland-Portugal-Motorbike-Transports.jpg\" \/>\n<meta name=\"twitter:card\" content=\"summary_large_image\" \/>\n<meta name=\"twitter:label1\" content=\"Tempo estimado de leitura\" \/>\n\t<meta name=\"twitter:data1\" content=\"7 minutos\" \/>\n<script type=\"application\/ld+json\" class=\"yoast-schema-graph\">{\"@context\":\"https:\\\/\\\/schema.org\",\"@graph\":[{\"@type\":\"WebPage\",\"@id\":\"https:\\\/\\\/motorcycles-go.com\\\/motorcycle-transport-portugal-to-ireland\\\/\",\"url\":\"https:\\\/\\\/motorcycles-go.com\\\/motorcycle-transport-portugal-to-ireland\\\/\",\"name\":\"[:en]Motorcycle Transport Portugal to Ireland[:]\",\"isPartOf\":{\"@id\":\"https:\\\/\\\/motorcycles-go.com\\\/#website\"},\"primaryImageOfPage\":{\"@id\":\"https:\\\/\\\/motorcycles-go.com\\\/motorcycle-transport-portugal-to-ireland\\\/#primaryimage\"},\"image\":{\"@id\":\"https:\\\/\\\/motorcycles-go.com\\\/motorcycle-transport-portugal-to-ireland\\\/#primaryimage\"},\"thumbnailUrl\":\"https:\\\/\\\/motorcycles-go.com\\\/wp-content\\\/uploads\\\/2021\\\/05\\\/Ireland-Portugal-Motorbike-Transports.jpg\",\"datePublished\":\"2021-05-12T11:17:49+00:00\",\"dateModified\":\"2024-04-08T16:09:41+00:00\",\"description\":\"{:en}Motorcycle Transport Portugal to Ireland. {:}\",\"breadcrumb\":{\"@id\":\"https:\\\/\\\/motorcycles-go.com\\\/motorcycle-transport-portugal-to-ireland\\\/#breadcrumb\"},\"inLanguage\":\"pt-PT\",\"potentialAction\":[{\"@type\":\"ReadAction\",\"target\":[\"https:\\\/\\\/motorcycles-go.com\\\/motorcycle-transport-portugal-to-ireland\\\/\"]}]},{\"@type\":\"ImageObject\",\"inLanguage\":\"pt-PT\",\"@id\":\"https:\\\/\\\/motorcycles-go.com\\\/motorcycle-transport-portugal-to-ireland\\\/#primaryimage\",\"url\":\"https:\\\/\\\/motorcycles-go.com\\\/wp-content\\\/uploads\\\/2021\\\/05\\\/Ireland-Portugal-Motorbike-Transports.jpg\",\"contentUrl\":\"https:\\\/\\\/motorcycles-go.com\\\/wp-content\\\/uploads\\\/2021\\\/05\\\/Ireland-Portugal-Motorbike-Transports.jpg\"},{\"@type\":\"BreadcrumbList\",\"@id\":\"https:\\\/\\\/motorcycles-go.com\\\/motorcycle-transport-portugal-to-ireland\\\/#breadcrumb\",\"itemListElement\":[{\"@type\":\"ListItem\",\"position\":1,\"name\":\"Home\",\"item\":\"https:\\\/\\\/motorcycles-go.com\\\/\"},{\"@type\":\"ListItem\",\"position\":2,\"name\":\"Motorcycle Transport Portugal to Ireland\"}]},{\"@type\":\"WebSite\",\"@id\":\"https:\\\/\\\/motorcycles-go.com\\\/#website\",\"url\":\"https:\\\/\\\/motorcycles-go.com\\\/\",\"name\":\"Motorcycles-Go.com\",\"description\":\"Motorcycle transport specialists.  UK, Spain, Portugal.\",\"publisher\":{\"@id\":\"https:\\\/\\\/motorcycles-go.com\\\/#organization\"},\"potentialAction\":[{\"@type\":\"SearchAction\",\"target\":{\"@type\":\"EntryPoint\",\"urlTemplate\":\"https:\\\/\\\/motorcycles-go.com\\\/?s={search_term_string}\"},\"query-input\":{\"@type\":\"PropertyValueSpecification\",\"valueRequired\":true,\"valueName\":\"search_term_string\"}}],\"inLanguage\":\"pt-PT\"},{\"@type\":\"Organization\",\"@id\":\"https:\\\/\\\/motorcycles-go.com\\\/#organization\",\"name\":\"Motorcycles-Go.com\",\"url\":\"https:\\\/\\\/motorcycles-go.com\\\/\",\"logo\":{\"@type\":\"ImageObject\",\"inLanguage\":\"pt-PT\",\"@id\":\"https:\\\/\\\/motorcycles-go.com\\\/#\\\/schema\\\/logo\\\/image\\\/\",\"url\":\"https:\\\/\\\/motorcycles-go.com\\\/wp-content\\\/uploads\\\/2020\\\/07\\\/Motrocycles-Go-Logo-Sml.png\",\"contentUrl\":\"https:\\\/\\\/motorcycles-go.com\\\/wp-content\\\/uploads\\\/2020\\\/07\\\/Motrocycles-Go-Logo-Sml.png\",\"width\":300,\"height\":45,\"caption\":\"Motorcycles-Go.com\"},\"image\":{\"@id\":\"https:\\\/\\\/motorcycles-go.com\\\/#\\\/schema\\\/logo\\\/image\\\/\"}},false]}<\/script>\n<!-- \/ Yoast SEO plugin. -->","yoast_head_json":{"title":"(English) Motorcycle Transport Portugal to Ireland","description":"(English) Motorcycle Transport Portugal to Ireland.","robots":{"index":"index","follow":"follow","max-snippet":"max-snippet:-1","max-image-preview":"max-image-preview:large","max-video-preview":"max-video-preview:-1"},"canonical":"https:\/\/motorcycles-go.com\/motorcycle-transport-portugal-to-ireland\/","og_locale":"pt_PT","og_type":"article","og_title":"[:en]Motorcycle Transport Portugal to Ireland[:]","og_description":"{:en}Motorcycle Transport Portugal to Ireland. {:}","og_url":"https:\/\/motorcycles-go.com\/motorcycle-transport-portugal-to-ireland\/","og_site_name":"Motorcycles-Go.com","article_modified_time":"2024-04-08T16:09:41+00:00","og_image":[{"url":"https:\/\/motorcycles-go.com\/wp-content\/uploads\/2021\/05\/Ireland-Portugal-Motorbike-Transports.jpg","type":"","width":"","height":""}],"twitter_card":"summary_large_image","twitter_misc":{"Tempo estimado de leitura":"7 minutos"},"schema":{"@context":"https:\/\/schema.org","@graph":[{"@type":"WebPage","@id":"https:\/\/motorcycles-go.com\/motorcycle-transport-portugal-to-ireland\/","url":"https:\/\/motorcycles-go.com\/motorcycle-transport-portugal-to-ireland\/","name":"[:en]Motorcycle Transport Portugal to Ireland[:]","isPartOf":{"@id":"https:\/\/motorcycles-go.com\/#website"},"primaryImageOfPage":{"@id":"https:\/\/motorcycles-go.com\/motorcycle-transport-portugal-to-ireland\/#primaryimage"},"image":{"@id":"https:\/\/motorcycles-go.com\/motorcycle-transport-portugal-to-ireland\/#primaryimage"},"thumbnailUrl":"https:\/\/motorcycles-go.com\/wp-content\/uploads\/2021\/05\/Ireland-Portugal-Motorbike-Transports.jpg","datePublished":"2021-05-12T11:17:49+00:00","dateModified":"2024-04-08T16:09:41+00:00","description":"{:en}Motorcycle Transport Portugal to Ireland. {:}","breadcrumb":{"@id":"https:\/\/motorcycles-go.com\/motorcycle-transport-portugal-to-ireland\/#breadcrumb"},"inLanguage":"pt-PT","potentialAction":[{"@type":"ReadAction","target":["https:\/\/motorcycles-go.com\/motorcycle-transport-portugal-to-ireland\/"]}]},{"@type":"ImageObject","inLanguage":"pt-PT","@id":"https:\/\/motorcycles-go.com\/motorcycle-transport-portugal-to-ireland\/#primaryimage","url":"https:\/\/motorcycles-go.com\/wp-content\/uploads\/2021\/05\/Ireland-Portugal-Motorbike-Transports.jpg","contentUrl":"https:\/\/motorcycles-go.com\/wp-content\/uploads\/2021\/05\/Ireland-Portugal-Motorbike-Transports.jpg"},{"@type":"BreadcrumbList","@id":"https:\/\/motorcycles-go.com\/motorcycle-transport-portugal-to-ireland\/#breadcrumb","itemListElement":[{"@type":"ListItem","position":1,"name":"Home","item":"https:\/\/motorcycles-go.com\/"},{"@type":"ListItem","position":2,"name":"Motorcycle Transport Portugal to Ireland"}]},{"@type":"WebSite","@id":"https:\/\/motorcycles-go.com\/#website","url":"https:\/\/motorcycles-go.com\/","name":"Motorcycles-Go.com","description":"Motorcycle transport specialists.  UK, Spain, Portugal.","publisher":{"@id":"https:\/\/motorcycles-go.com\/#organization"},"potentialAction":[{"@type":"SearchAction","target":{"@type":"EntryPoint","urlTemplate":"https:\/\/motorcycles-go.com\/?s={search_term_string}"},"query-input":{"@type":"PropertyValueSpecification","valueRequired":true,"valueName":"search_term_string"}}],"inLanguage":"pt-PT"},{"@type":"Organization","@id":"https:\/\/motorcycles-go.com\/#organization","name":"Motorcycles-Go.com","url":"https:\/\/motorcycles-go.com\/","logo":{"@type":"ImageObject","inLanguage":"pt-PT","@id":"https:\/\/motorcycles-go.com\/#\/schema\/logo\/image\/","url":"https:\/\/motorcycles-go.com\/wp-content\/uploads\/2020\/07\/Motrocycles-Go-Logo-Sml.png","contentUrl":"https:\/\/motorcycles-go.com\/wp-content\/uploads\/2020\/07\/Motrocycles-Go-Logo-Sml.png","width":300,"height":45,"caption":"Motorcycles-Go.com"},"image":{"@id":"https:\/\/motorcycles-go.com\/#\/schema\/logo\/image\/"}},false]}},"yasr_visitor_votes":{"stars_attributes":{"read_only":false,"span_bottom":false},"number_of_votes":0,"sum_votes":0},"_links":{"self":[{"href":"https:\/\/motorcycles-go.com\/pt\/wp-json\/wp\/v2\/pages\/399","targetHints":{"allow":["GET"]}}],"collection":[{"href":"https:\/\/motorcycles-go.com\/pt\/wp-json\/wp\/v2\/pages"}],"about":[{"href":"https:\/\/motorcycles-go.com\/pt\/wp-json\/wp\/v2\/types\/page"}],"author":[{"embeddable":true,"href":"https:\/\/motorcycles-go.com\/pt\/wp-json\/wp\/v2\/users\/1"}],"replies":[{"embeddable":true,"href":"https:\/\/motorcycles-go.com\/pt\/wp-json\/wp\/v2\/comments?post=399"}],"version-history":[{"count":3,"href":"https:\/\/motorcycles-go.com\/pt\/wp-json\/wp\/v2\/pages\/399\/revisions"}],"predecessor-version":[{"id":524,"href":"https:\/\/motorcycles-go.com\/pt\/wp-json\/wp\/v2\/pages\/399\/revisions\/524"}],"wp:attachment":[{"href":"https:\/\/motorcycles-go.com\/pt\/wp-json\/wp\/v2\/media?parent=399"}],"curies":[{"name":"wp","href":"https:\/\/api.w.org\/{rel}","templated":true}]}}