{"id":407,"date":"2021-05-12T10:53:02","date_gmt":"2021-05-12T10:53:02","guid":{"rendered":"https:\/\/motorcycles-go.com\/?page_id=407"},"modified":"2024-04-08T16:07:39","modified_gmt":"2024-04-08T16:07:39","slug":"ireland-portugal-motorbike-transports","status":"publish","type":"page","link":"https:\/\/motorcycles-go.com\/pt\/transportes-de-motocicletas-na-irlanda-e-portugal\/","title":{"rendered":"[:en]Ireland Portugal Motorbike Transports[:es]Irlanda Portugal Transportes de Motos[:pt]Irlanda Portugal Transportes de Moto[:ga]Iompar Gluaiste\u00e1n na h\u00c9ireann An Phortaing\u00e9il[:]"},"content":{"rendered":"<p><\/p>\n<p><strong>Irlanda e Portugal, esses s\u00e3o os nossos dois dep\u00f3sitos de transporte de motos! Operamos um contentor regular mensal de 40 p\u00e9s entre a Irlanda e Portugal, transportando cuidadosamente as motos \/ motociclos dos nossos clientes entre os nossos dep\u00f3sitos em Dublin e Algave. Somos confi\u00e1veis, profissionais e corteses, sabemos o que estamos fazendo. Deixe-nos citar agora!<\/strong><\/p>\n<figure id=\"attachment_408\" aria-describedby=\"caption-attachment-408\" style=\"width: 1200px\" class=\"wp-caption alignnone\"><img loading=\"lazy\" decoding=\"async\" class=\"size-full wp-image-408\" src=\"https:\/\/motorcycles-go.com\/wp-content\/uploads\/2021\/05\/Ireland-Portugal-Motorbike-Transports.jpg\" alt=\"Ireland &amp; Portugal Motorbike Transports\" width=\"1200\" height=\"630\" srcset=\"https:\/\/motorcycles-go.com\/wp-content\/uploads\/2021\/05\/Ireland-Portugal-Motorbike-Transports.jpg 1200w, https:\/\/motorcycles-go.com\/wp-content\/uploads\/2021\/05\/Ireland-Portugal-Motorbike-Transports-300x158.jpg 300w, https:\/\/motorcycles-go.com\/wp-content\/uploads\/2021\/05\/Ireland-Portugal-Motorbike-Transports-1024x538.jpg 1024w, https:\/\/motorcycles-go.com\/wp-content\/uploads\/2021\/05\/Ireland-Portugal-Motorbike-Transports-768x403.jpg 768w, https:\/\/motorcycles-go.com\/wp-content\/uploads\/2021\/05\/Ireland-Portugal-Motorbike-Transports-1x1.jpg 1w\" sizes=\"auto, (max-width: 1200px) 100vw, 1200px\" \/><figcaption id=\"caption-attachment-408\" class=\"wp-caption-text\">Transportes de motocicletas na Irlanda e Portugal<\/figcaption><\/figure>\n<h2>Envio de motocicletas para a Irlanda e Portugal<\/h2>\n<p>Com dep\u00f3sitos em Dublin e Loul\u00e9, Algarve, transportamos mensalmente motas para a Irlanda e Portugal. Nosso cont\u00eainer de 40 p\u00e9s \u00e9 seguro e sempre monitorado. Os transportes de dep\u00f3sito para dep\u00f3sito costumam ser mais baratos, mas ficaremos felizes em organizar o envio de sua motocicleta, de porta em porta!<\/p>\n<h3>Obtenha seu or\u00e7amento de transporte agora!<\/h3>\n\n<div class=\"wpcf7 no-js\" id=\"wpcf7-f106-o3\" lang=\"en-US\" dir=\"ltr\" data-wpcf7-id=\"106\">\n<div class=\"screen-reader-response\"><p role=\"status\" aria-live=\"polite\" aria-atomic=\"true\"><\/p> <ul><\/ul><\/div>\n<form action=\"\/pt\/wp-json\/wp\/v2\/pages\/407#wpcf7-f106-o3\" method=\"post\" class=\"wpcf7-form init\" aria-label=\"Contact form\" novalidate=\"novalidate\" data-status=\"init\">\n<fieldset class=\"hidden-fields-container\"><input type=\"hidden\" name=\"_wpcf7\" value=\"106\" \/><input type=\"hidden\" name=\"_wpcf7_version\" value=\"6.1.5\" \/><input type=\"hidden\" name=\"_wpcf7_locale\" value=\"en_US\" \/><input type=\"hidden\" name=\"_wpcf7_unit_tag\" value=\"wpcf7-f106-o3\" \/><input type=\"hidden\" name=\"_wpcf7_container_post\" value=\"0\" \/><input type=\"hidden\" name=\"_wpcf7_posted_data_hash\" value=\"\" \/>\n<\/fieldset>\n<div id=\"quote\">\n\t<p><span class=\"wpcf7-form-control-wrap\" data-name=\"mcg-name\"><input size=\"40\" maxlength=\"400\" class=\"wpcf7-form-control wpcf7-text wpcf7-validates-as-required mcg\" aria-required=\"true\" aria-invalid=\"false\" placeholder=\"seu nome\" value=\"\" type=\"text\" name=\"mcg-name\" \/><\/span><br \/>\n<span class=\"wpcf7-form-control-wrap\" data-name=\"mcg-phone\"><input size=\"40\" maxlength=\"400\" class=\"wpcf7-form-control wpcf7-tel wpcf7-validates-as-required wpcf7-text wpcf7-validates-as-tel mcg\" aria-required=\"true\" aria-invalid=\"false\" placeholder=\"um n\u00famero de telefone\" value=\"\" type=\"tel\" name=\"mcg-phone\" \/><\/span><br \/>\n<span class=\"wpcf7-form-control-wrap\" data-name=\"mcg-email\"><input size=\"40\" maxlength=\"400\" class=\"wpcf7-form-control wpcf7-email wpcf7-validates-as-required wpcf7-text wpcf7-validates-as-email mcg\" aria-required=\"true\" aria-invalid=\"false\" placeholder=\"seu endere\u00e7o de email\" value=\"\" type=\"email\" name=\"mcg-email\" \/><\/span><br \/>\n\t<hr \/><br \/>\n<span class=\"wpcf7-form-control-wrap\" data-name=\"mcg-make\"><input size=\"40\" maxlength=\"400\" class=\"wpcf7-form-control wpcf7-text wpcf7-validates-as-required mcg\" aria-required=\"true\" aria-invalid=\"false\" placeholder=\"marca e modelo da sua motocicleta\" value=\"\" type=\"text\" name=\"mcg-make\" \/><\/span><br \/>\n<span class=\"wpcf7-form-control-wrap\" data-name=\"mcg-collection\"><input size=\"40\" maxlength=\"400\" class=\"wpcf7-form-control wpcf7-text wpcf7-validates-as-required mcg\" aria-required=\"true\" aria-invalid=\"false\" placeholder=\"cole\u00e7\u00e3o DE\" value=\"\" type=\"text\" name=\"mcg-collection\" \/><\/span><span class=\"wpcf7-form-control-wrap\" data-name=\"mcg-delivery\"><input size=\"40\" maxlength=\"400\" class=\"wpcf7-form-control wpcf7-text wpcf7-validates-as-required mcg\" aria-required=\"true\" aria-invalid=\"false\" placeholder=\"entrega PARA\" value=\"\" type=\"text\" name=\"mcg-delivery\" \/><\/span><br \/>\n<br style=\"clear:both;\" \/>\n\t<hr \/><br \/>\n<span class=\"wpcf7-form-control-wrap\" data-name=\"fromdepot\"><span class=\"wpcf7-form-control wpcf7-checkbox wpcf7-exclusive-checkbox mcg\"><span class=\"wpcf7-list-item first\"><input type=\"checkbox\" name=\"fromdepot\" value=\"Eu gostaria de coleta e entrega na minha porta.\" \/><span class=\"wpcf7-list-item-label\">Eu gostaria de coleta e entrega na minha porta.<\/span><\/span><span class=\"wpcf7-list-item last\"><input type=\"checkbox\" name=\"fromdepot\" value=\"Posso entregar e coletar de seus dep\u00f3sitos.\" \/><span class=\"wpcf7-list-item-label\">Posso entregar e coletar de seus dep\u00f3sitos.<\/span><\/span><\/span><\/span><br \/>\n\t<hr \/><br \/>\n<span class=\"wpcf7-form-control-wrap\" data-name=\"mcgruns\"><span class=\"wpcf7-form-control wpcf7-checkbox wpcf7-exclusive-checkbox mcg\"><span class=\"wpcf7-list-item first\"><input type=\"checkbox\" name=\"mcgruns\" value=\"Minha motocicleta funciona corretamente.\" \/><span class=\"wpcf7-list-item-label\">Minha motocicleta funciona corretamente.<\/span><\/span><span class=\"wpcf7-list-item last\"><input type=\"checkbox\" name=\"mcgruns\" value=\"Minha motocicleta N\u00c3O FUNCIONA.\" \/><span class=\"wpcf7-list-item-label\">Minha motocicleta N\u00c3O FUNCIONA.<\/span><\/span><\/span><\/span><br \/>\n\t<hr \/>\n\t<\/p>\n\t<p>Se voc\u00ea tem uma data espec\u00edfica em mente, avise-nos, caso contr\u00e1rio, d\u00ea-nos uma ideia de quando voc\u00ea gostaria de enviar bicicletas. Por exemplo, \"Fim de mar\u00e7o\".\n\t<\/p>\n\t<p><span class=\"wpcf7-form-control-wrap\" data-name=\"mcg-date\"><input size=\"40\" maxlength=\"400\" class=\"wpcf7-form-control wpcf7-text wpcf7-validates-as-required mcg\" aria-required=\"true\" aria-invalid=\"false\" placeholder=\"data de coleta \/ entrega\" value=\"\" type=\"text\" name=\"mcg-date\" \/><\/span><br \/>\n<span class=\"wpcf7-form-control-wrap\" data-name=\"capital-quiz\"><label><span class=\"wpcf7-quiz-label\"><\/span> <input size=\"40\" class=\"wpcf7-form-control wpcf7-quiz\" autocomplete=\"off\" aria-required=\"true\" aria-invalid=\"false\" type=\"text\" name=\"capital-quiz\" \/><\/label><input type=\"hidden\" name=\"_wpcf7_quiz_answer_capital-quiz\" value=\"3545757b8cdd0395faa573380bc5a90d\" \/><\/span><br \/>\n\t<div class=\"wpcf7-response-output\" aria-hidden=\"true\"><\/div><br \/>\n<input class=\"wpcf7-form-control wpcf7-submit has-spinner mcg\" type=\"submit\" value=\"Obtenha seu or\u00e7amento!\" \/>\n\t<\/p>\n<\/div>\n<\/form>\n<\/div>\n\n<p>&nbsp;<\/p>\n<h3>Cobrindo a Irlanda Portugal<\/h3>\n<p>Atendemos toda a Irlanda, incluindo, mas n\u00e3o se limitando a, Meath, Kildare, Wicklow, Wexford, Kilkenny, Waterford, Cor, Kerry, Limerick, Tipperary, Condados Clare, Galway, Mayo e Offaly, Westmeath e Roscommon!<\/p>\n<p>Em Portugal, mais uma vez podemos entregar entrega \u00e0 sua porta, em toda a regi\u00e3o do Alrgarve, Loul\u00e9, Tavira, Faro, Albufeira, Portim\u00e3o, Lagos, alos mais a norte at\u00e9 Lisboa, Coimbra e Porto.<\/p>\n<p>Fazemos sempre o nosso melhor para estar sempre em contacto com a sua moto durante o transporte. De vez em quando, isso simplesmente n\u00e3o \u00e9 poss\u00edvel, mas nos orgulhamos de nosso atendimento ao cliente de alta qualidade &#8211; e do cuidado dispensado \u00e0 sua bicicleta! Voc\u00ea pode entrar em contato conosco a qualquer momento durante o servi\u00e7o de envio e transporte. N\u00e3o precisa se preocupar, sua preciosa bicicleta est\u00e1 em boas m\u00e3os!<\/p>\n<p>Podemos organizar o armazenamento de sua moto, se necess\u00e1rio! Temos tr\u00eas dep\u00f3sitos de armazenamento no Algarve e Dublin.<\/p>\n<p><\/p>","protected":false},"excerpt":{"rendered":"<p>Irlanda e Portugal, esses s\u00e3o os nossos dois dep\u00f3sitos de transporte de motos! Operamos um contentor regular mensal de 40 p\u00e9s entre a Irlanda e Portugal, transportando cuidadosamente as motos \/ motociclos dos nossos clientes entre os nossos dep\u00f3sitos em Dublin e Algave. Somos confi\u00e1veis, profissionais e corteses, sabemos o que estamos fazendo. Deixe-nos citar [&hellip;]<\/p>\n","protected":false},"author":1,"featured_media":0,"parent":0,"menu_order":0,"comment_status":"closed","ping_status":"closed","template":"","meta":{"yasr_overall_rating":0,"yasr_post_is_review":"","yasr_auto_insert_disabled":"","yasr_review_type":"","footnotes":""},"class_list":["post-407","page","type-page","status-publish","hentry"],"yoast_head":"<!-- This site is optimized with the Yoast SEO plugin v27.3 - https:\/\/yoast.com\/product\/yoast-seo-wordpress\/ -->\n<title>Irlanda e Portugal Servi\u00e7o de Transporte e Envio de Motos \/ Motos.<\/title>\n<meta name=\"description\" content=\"Transporte de bicicletas na Irlanda e em Portugal. Servi\u00e7o confi\u00e1vel e profissional entre Irlanda, Portugal e partes da Espanha. \u00d3timas cita\u00e7\u00f5es tamb\u00e9m!\" \/>\n<meta name=\"robots\" content=\"index, follow, max-snippet:-1, max-image-preview:large, max-video-preview:-1\" \/>\n<link rel=\"canonical\" href=\"https:\/\/motorcycles-go.com\/ireland-portugal-motorbike-transports\/\" \/>\n<meta property=\"og:locale\" content=\"pt_PT\" \/>\n<meta property=\"og:type\" content=\"article\" \/>\n<meta property=\"og:title\" content=\"[:en]Ireland &amp; Portugal Motorbike\/Motorcycle Transport &amp; Shipping Service.[:es]Irlanda y Portugal Servicio de transporte y env\u00edo de motocicletas \/ motocicletas.[:pt]Irlanda e Portugal Servi\u00e7o de Transporte e Envio de Motos \/ Motos.[:ga]Seirbh\u00eds Gluaisrothar\/Gluaisrothar &amp; Loingis na h\u00c9ireann &amp; na Portaing\u00e9ile.[:]\" \/>\n<meta property=\"og:description\" content=\"{:en}Ireland &amp; Portugal Bike Transport. Reliable, professional service between Ireland, Portugal and parts of Spain. Great quotes, too!{:es}Transporte en bicicleta de Irlanda y Portugal. Servicio profesional y confiable entre Irlanda, Portugal y partes de Espa\u00f1a. \u00a1Grandes citas tambi\u00e9n!{:pt}Transporte de bicicletas na Irlanda e em Portugal. Servi\u00e7o confi\u00e1vel e profissional entre Irlanda, Portugal e partes da Espanha. \u00d3timas cita\u00e7\u00f5es tamb\u00e9m!{:ga}Iompar Rothar na h\u00c9ireann &amp; na Portaing\u00e9ile. Seirbh\u00eds iontaofa, ghairmi\u00fail idir \u00c9ire, an Phortaing\u00e9il agus codanna den Sp\u00e1inn. Sleachta iontach, freisin!{:}\" \/>\n<meta property=\"og:url\" content=\"https:\/\/motorcycles-go.com\/ireland-portugal-motorbike-transports\/\" \/>\n<meta property=\"og:site_name\" content=\"Motorcycles-Go.com\" \/>\n<meta property=\"article:modified_time\" content=\"2024-04-08T16:07:39+00:00\" \/>\n<meta property=\"og:image\" content=\"https:\/\/motorcycles-go.com\/wp-content\/uploads\/2021\/05\/Ireland-Portugal-Motorbike-Transports.jpg\" \/>\n<meta name=\"twitter:card\" content=\"summary_large_image\" \/>\n<meta name=\"twitter:label1\" content=\"Tempo estimado de leitura\" \/>\n\t<meta name=\"twitter:data1\" content=\"6 minutos\" \/>\n<script type=\"application\/ld+json\" class=\"yoast-schema-graph\">{\"@context\":\"https:\\\/\\\/schema.org\",\"@graph\":[{\"@type\":\"WebPage\",\"@id\":\"https:\\\/\\\/motorcycles-go.com\\\/ireland-portugal-motorbike-transports\\\/\",\"url\":\"https:\\\/\\\/motorcycles-go.com\\\/ireland-portugal-motorbike-transports\\\/\",\"name\":\"[:en]Ireland & Portugal Motorbike\\\/Motorcycle Transport & Shipping Service.[:es]Irlanda y Portugal Servicio de transporte y env\u00edo de motocicletas \\\/ motocicletas.[:pt]Irlanda e Portugal Servi\u00e7o de Transporte e Envio de Motos \\\/ Motos.[:ga]Seirbh\u00eds Gluaisrothar\\\/Gluaisrothar & Loingis na h\u00c9ireann & na Portaing\u00e9ile.[:]\",\"isPartOf\":{\"@id\":\"https:\\\/\\\/motorcycles-go.com\\\/#website\"},\"primaryImageOfPage\":{\"@id\":\"https:\\\/\\\/motorcycles-go.com\\\/ireland-portugal-motorbike-transports\\\/#primaryimage\"},\"image\":{\"@id\":\"https:\\\/\\\/motorcycles-go.com\\\/ireland-portugal-motorbike-transports\\\/#primaryimage\"},\"thumbnailUrl\":\"https:\\\/\\\/motorcycles-go.com\\\/wp-content\\\/uploads\\\/2021\\\/05\\\/Ireland-Portugal-Motorbike-Transports.jpg\",\"datePublished\":\"2021-05-12T10:53:02+00:00\",\"dateModified\":\"2024-04-08T16:07:39+00:00\",\"description\":\"{:en}Ireland & Portugal Bike Transport. Reliable, professional service between Ireland, Portugal and parts of Spain. Great quotes, too!{:es}Transporte en bicicleta de Irlanda y Portugal. Servicio profesional y confiable entre Irlanda, Portugal y partes de Espa\u00f1a. \u00a1Grandes citas tambi\u00e9n!{:pt}Transporte de bicicletas na Irlanda e em Portugal. Servi\u00e7o confi\u00e1vel e profissional entre Irlanda, Portugal e partes da Espanha. \u00d3timas cita\u00e7\u00f5es tamb\u00e9m!{:ga}Iompar Rothar na h\u00c9ireann & na Portaing\u00e9ile. Seirbh\u00eds iontaofa, ghairmi\u00fail idir \u00c9ire, an Phortaing\u00e9il agus codanna den Sp\u00e1inn. Sleachta iontach, freisin!{:}\",\"breadcrumb\":{\"@id\":\"https:\\\/\\\/motorcycles-go.com\\\/ireland-portugal-motorbike-transports\\\/#breadcrumb\"},\"inLanguage\":\"pt-PT\",\"potentialAction\":[{\"@type\":\"ReadAction\",\"target\":[\"https:\\\/\\\/motorcycles-go.com\\\/ireland-portugal-motorbike-transports\\\/\"]}]},{\"@type\":\"ImageObject\",\"inLanguage\":\"pt-PT\",\"@id\":\"https:\\\/\\\/motorcycles-go.com\\\/ireland-portugal-motorbike-transports\\\/#primaryimage\",\"url\":\"https:\\\/\\\/motorcycles-go.com\\\/wp-content\\\/uploads\\\/2021\\\/05\\\/Ireland-Portugal-Motorbike-Transports.jpg\",\"contentUrl\":\"https:\\\/\\\/motorcycles-go.com\\\/wp-content\\\/uploads\\\/2021\\\/05\\\/Ireland-Portugal-Motorbike-Transports.jpg\"},{\"@type\":\"BreadcrumbList\",\"@id\":\"https:\\\/\\\/motorcycles-go.com\\\/ireland-portugal-motorbike-transports\\\/#breadcrumb\",\"itemListElement\":[{\"@type\":\"ListItem\",\"position\":1,\"name\":\"Home\",\"item\":\"https:\\\/\\\/motorcycles-go.com\\\/\"},{\"@type\":\"ListItem\",\"position\":2,\"name\":\"Ireland Portugal Motorbike Transports\"}]},{\"@type\":\"WebSite\",\"@id\":\"https:\\\/\\\/motorcycles-go.com\\\/#website\",\"url\":\"https:\\\/\\\/motorcycles-go.com\\\/\",\"name\":\"Motorcycles-Go.com\",\"description\":\"Motorcycle transport specialists.  UK, Spain, Portugal.\",\"publisher\":{\"@id\":\"https:\\\/\\\/motorcycles-go.com\\\/#organization\"},\"potentialAction\":[{\"@type\":\"SearchAction\",\"target\":{\"@type\":\"EntryPoint\",\"urlTemplate\":\"https:\\\/\\\/motorcycles-go.com\\\/?s={search_term_string}\"},\"query-input\":{\"@type\":\"PropertyValueSpecification\",\"valueRequired\":true,\"valueName\":\"search_term_string\"}}],\"inLanguage\":\"pt-PT\"},{\"@type\":\"Organization\",\"@id\":\"https:\\\/\\\/motorcycles-go.com\\\/#organization\",\"name\":\"Motorcycles-Go.com\",\"url\":\"https:\\\/\\\/motorcycles-go.com\\\/\",\"logo\":{\"@type\":\"ImageObject\",\"inLanguage\":\"pt-PT\",\"@id\":\"https:\\\/\\\/motorcycles-go.com\\\/#\\\/schema\\\/logo\\\/image\\\/\",\"url\":\"https:\\\/\\\/motorcycles-go.com\\\/wp-content\\\/uploads\\\/2020\\\/07\\\/Motrocycles-Go-Logo-Sml.png\",\"contentUrl\":\"https:\\\/\\\/motorcycles-go.com\\\/wp-content\\\/uploads\\\/2020\\\/07\\\/Motrocycles-Go-Logo-Sml.png\",\"width\":300,\"height\":45,\"caption\":\"Motorcycles-Go.com\"},\"image\":{\"@id\":\"https:\\\/\\\/motorcycles-go.com\\\/#\\\/schema\\\/logo\\\/image\\\/\"}},false]}<\/script>\n<!-- \/ Yoast SEO plugin. -->","yoast_head_json":{"title":"Irlanda e Portugal Servi\u00e7o de Transporte e Envio de Motos \/ Motos.","description":"Transporte de bicicletas na Irlanda e em Portugal. Servi\u00e7o confi\u00e1vel e profissional entre Irlanda, Portugal e partes da Espanha. \u00d3timas cita\u00e7\u00f5es tamb\u00e9m!","robots":{"index":"index","follow":"follow","max-snippet":"max-snippet:-1","max-image-preview":"max-image-preview:large","max-video-preview":"max-video-preview:-1"},"canonical":"https:\/\/motorcycles-go.com\/ireland-portugal-motorbike-transports\/","og_locale":"pt_PT","og_type":"article","og_title":"[:en]Ireland & Portugal Motorbike\/Motorcycle Transport & Shipping Service.[:es]Irlanda y Portugal Servicio de transporte y env\u00edo de motocicletas \/ motocicletas.[:pt]Irlanda e Portugal Servi\u00e7o de Transporte e Envio de Motos \/ Motos.[:ga]Seirbh\u00eds Gluaisrothar\/Gluaisrothar & Loingis na h\u00c9ireann & na Portaing\u00e9ile.[:]","og_description":"{:en}Ireland & Portugal Bike Transport. Reliable, professional service between Ireland, Portugal and parts of Spain. Great quotes, too!{:es}Transporte en bicicleta de Irlanda y Portugal. Servicio profesional y confiable entre Irlanda, Portugal y partes de Espa\u00f1a. \u00a1Grandes citas tambi\u00e9n!{:pt}Transporte de bicicletas na Irlanda e em Portugal. Servi\u00e7o confi\u00e1vel e profissional entre Irlanda, Portugal e partes da Espanha. \u00d3timas cita\u00e7\u00f5es tamb\u00e9m!{:ga}Iompar Rothar na h\u00c9ireann & na Portaing\u00e9ile. Seirbh\u00eds iontaofa, ghairmi\u00fail idir \u00c9ire, an Phortaing\u00e9il agus codanna den Sp\u00e1inn. Sleachta iontach, freisin!{:}","og_url":"https:\/\/motorcycles-go.com\/ireland-portugal-motorbike-transports\/","og_site_name":"Motorcycles-Go.com","article_modified_time":"2024-04-08T16:07:39+00:00","og_image":[{"url":"https:\/\/motorcycles-go.com\/wp-content\/uploads\/2021\/05\/Ireland-Portugal-Motorbike-Transports.jpg","type":"","width":"","height":""}],"twitter_card":"summary_large_image","twitter_misc":{"Tempo estimado de leitura":"6 minutos"},"schema":{"@context":"https:\/\/schema.org","@graph":[{"@type":"WebPage","@id":"https:\/\/motorcycles-go.com\/ireland-portugal-motorbike-transports\/","url":"https:\/\/motorcycles-go.com\/ireland-portugal-motorbike-transports\/","name":"[:en]Ireland & Portugal Motorbike\/Motorcycle Transport & Shipping Service.[:es]Irlanda y Portugal Servicio de transporte y env\u00edo de motocicletas \/ motocicletas.[:pt]Irlanda e Portugal Servi\u00e7o de Transporte e Envio de Motos \/ Motos.[:ga]Seirbh\u00eds Gluaisrothar\/Gluaisrothar & Loingis na h\u00c9ireann & na Portaing\u00e9ile.[:]","isPartOf":{"@id":"https:\/\/motorcycles-go.com\/#website"},"primaryImageOfPage":{"@id":"https:\/\/motorcycles-go.com\/ireland-portugal-motorbike-transports\/#primaryimage"},"image":{"@id":"https:\/\/motorcycles-go.com\/ireland-portugal-motorbike-transports\/#primaryimage"},"thumbnailUrl":"https:\/\/motorcycles-go.com\/wp-content\/uploads\/2021\/05\/Ireland-Portugal-Motorbike-Transports.jpg","datePublished":"2021-05-12T10:53:02+00:00","dateModified":"2024-04-08T16:07:39+00:00","description":"{:en}Ireland & Portugal Bike Transport. Reliable, professional service between Ireland, Portugal and parts of Spain. Great quotes, too!{:es}Transporte en bicicleta de Irlanda y Portugal. Servicio profesional y confiable entre Irlanda, Portugal y partes de Espa\u00f1a. \u00a1Grandes citas tambi\u00e9n!{:pt}Transporte de bicicletas na Irlanda e em Portugal. Servi\u00e7o confi\u00e1vel e profissional entre Irlanda, Portugal e partes da Espanha. \u00d3timas cita\u00e7\u00f5es tamb\u00e9m!{:ga}Iompar Rothar na h\u00c9ireann & na Portaing\u00e9ile. Seirbh\u00eds iontaofa, ghairmi\u00fail idir \u00c9ire, an Phortaing\u00e9il agus codanna den Sp\u00e1inn. Sleachta iontach, freisin!{:}","breadcrumb":{"@id":"https:\/\/motorcycles-go.com\/ireland-portugal-motorbike-transports\/#breadcrumb"},"inLanguage":"pt-PT","potentialAction":[{"@type":"ReadAction","target":["https:\/\/motorcycles-go.com\/ireland-portugal-motorbike-transports\/"]}]},{"@type":"ImageObject","inLanguage":"pt-PT","@id":"https:\/\/motorcycles-go.com\/ireland-portugal-motorbike-transports\/#primaryimage","url":"https:\/\/motorcycles-go.com\/wp-content\/uploads\/2021\/05\/Ireland-Portugal-Motorbike-Transports.jpg","contentUrl":"https:\/\/motorcycles-go.com\/wp-content\/uploads\/2021\/05\/Ireland-Portugal-Motorbike-Transports.jpg"},{"@type":"BreadcrumbList","@id":"https:\/\/motorcycles-go.com\/ireland-portugal-motorbike-transports\/#breadcrumb","itemListElement":[{"@type":"ListItem","position":1,"name":"Home","item":"https:\/\/motorcycles-go.com\/"},{"@type":"ListItem","position":2,"name":"Ireland Portugal Motorbike Transports"}]},{"@type":"WebSite","@id":"https:\/\/motorcycles-go.com\/#website","url":"https:\/\/motorcycles-go.com\/","name":"Motorcycles-Go.com","description":"Motorcycle transport specialists.  UK, Spain, Portugal.","publisher":{"@id":"https:\/\/motorcycles-go.com\/#organization"},"potentialAction":[{"@type":"SearchAction","target":{"@type":"EntryPoint","urlTemplate":"https:\/\/motorcycles-go.com\/?s={search_term_string}"},"query-input":{"@type":"PropertyValueSpecification","valueRequired":true,"valueName":"search_term_string"}}],"inLanguage":"pt-PT"},{"@type":"Organization","@id":"https:\/\/motorcycles-go.com\/#organization","name":"Motorcycles-Go.com","url":"https:\/\/motorcycles-go.com\/","logo":{"@type":"ImageObject","inLanguage":"pt-PT","@id":"https:\/\/motorcycles-go.com\/#\/schema\/logo\/image\/","url":"https:\/\/motorcycles-go.com\/wp-content\/uploads\/2020\/07\/Motrocycles-Go-Logo-Sml.png","contentUrl":"https:\/\/motorcycles-go.com\/wp-content\/uploads\/2020\/07\/Motrocycles-Go-Logo-Sml.png","width":300,"height":45,"caption":"Motorcycles-Go.com"},"image":{"@id":"https:\/\/motorcycles-go.com\/#\/schema\/logo\/image\/"}},false]}},"yasr_visitor_votes":{"stars_attributes":{"read_only":false,"span_bottom":false},"number_of_votes":0,"sum_votes":0},"_links":{"self":[{"href":"https:\/\/motorcycles-go.com\/pt\/wp-json\/wp\/v2\/pages\/407","targetHints":{"allow":["GET"]}}],"collection":[{"href":"https:\/\/motorcycles-go.com\/pt\/wp-json\/wp\/v2\/pages"}],"about":[{"href":"https:\/\/motorcycles-go.com\/pt\/wp-json\/wp\/v2\/types\/page"}],"author":[{"embeddable":true,"href":"https:\/\/motorcycles-go.com\/pt\/wp-json\/wp\/v2\/users\/1"}],"replies":[{"embeddable":true,"href":"https:\/\/motorcycles-go.com\/pt\/wp-json\/wp\/v2\/comments?post=407"}],"version-history":[{"count":10,"href":"https:\/\/motorcycles-go.com\/pt\/wp-json\/wp\/v2\/pages\/407\/revisions"}],"predecessor-version":[{"id":521,"href":"https:\/\/motorcycles-go.com\/pt\/wp-json\/wp\/v2\/pages\/407\/revisions\/521"}],"wp:attachment":[{"href":"https:\/\/motorcycles-go.com\/pt\/wp-json\/wp\/v2\/media?parent=407"}],"curies":[{"name":"wp","href":"https:\/\/api.w.org\/{rel}","templated":true}]}}