{"id":9,"date":"2020-06-25T11:08:08","date_gmt":"2020-06-25T11:08:08","guid":{"rendered":"https:\/\/motorcycles-go.com\/?page_id=9"},"modified":"2024-04-08T16:10:12","modified_gmt":"2024-04-08T16:10:12","slug":"european-motorcycle-transport","status":"publish","type":"page","link":"https:\/\/motorcycles-go.com\/pt\/transporte-de-motocicleta-europeia\/","title":{"rendered":"[:en]European Motorcycle Transport[:es]Transporte europeo de motocicletas[:pt]European Motorcycle Transport[:ga]Iompar Gluaisrothar na hEorpa[:]"},"content":{"rendered":"<p><strong>Servi\u00e7os europeus de transporte de motocicletas em Motorcycles-Go.com. Somos uma equipa dedicada de profissionais de transporte &#8211; apaixonados por bicicletas! &#8211; operando tr\u00eas dep\u00f3sitos de transporte no Reino Unido, Espanha e Portugal. Utilizamos contentores pr\u00f3prios para o transporte da sua moto, de forma segura e eficiente, desde a recolha at\u00e9 \u00e0 entrega! Um servi\u00e7o de qualidade!<\/strong><\/p>\n<figure id=\"attachment_209\" aria-describedby=\"caption-attachment-209\" style=\"width: 1200px\" class=\"wp-caption alignnone\"><img loading=\"lazy\" decoding=\"async\" class=\"wp-image-209 size-full\" src=\"https:\/\/motorcycles-go.com\/wp-content\/uploads\/2020\/07\/European-Motorcycle-Transport-Services-UK-Spain-Portugal-OG01.jpg\" alt=\"European Motorcycle Transport Services, UK, Spain, Portugal OG01\" width=\"1200\" height=\"630\" srcset=\"https:\/\/motorcycles-go.com\/wp-content\/uploads\/2020\/07\/European-Motorcycle-Transport-Services-UK-Spain-Portugal-OG01.jpg 1200w, https:\/\/motorcycles-go.com\/wp-content\/uploads\/2020\/07\/European-Motorcycle-Transport-Services-UK-Spain-Portugal-OG01-300x158.jpg 300w, https:\/\/motorcycles-go.com\/wp-content\/uploads\/2020\/07\/European-Motorcycle-Transport-Services-UK-Spain-Portugal-OG01-1024x538.jpg 1024w, https:\/\/motorcycles-go.com\/wp-content\/uploads\/2020\/07\/European-Motorcycle-Transport-Services-UK-Spain-Portugal-OG01-768x403.jpg 768w, https:\/\/motorcycles-go.com\/wp-content\/uploads\/2020\/07\/European-Motorcycle-Transport-Services-UK-Spain-Portugal-OG01-1x1.jpg 1w\" sizes=\"auto, (max-width: 1200px) 100vw, 1200px\" \/><figcaption id=\"caption-attachment-209\" class=\"wp-caption-text\">Servi\u00e7os europeus de transporte de motocicletas, Reino Unido, Espanha, Portugal.<\/figcaption><\/figure>\n<h2>Servi\u00e7os confi\u00e1veis de transporte de motocicletas em toda a Europa<\/h2>\n<p>Aqui em Motorcycles-Go.com, sabemos sobre o neg\u00f3cio de transporte &#8211; especialmente motocicletas !! Temos muitos anos de experi\u00eancia no transporte de motos entre o Reino Unido e a costa sul de Espanha e Portugal.<\/p>\n<h3>Obtenha o seu or\u00e7amento europeu de transporte de motocicleta!<\/h3>\n\n<div class=\"wpcf7 no-js\" id=\"wpcf7-f106-o3\" lang=\"en-US\" dir=\"ltr\" data-wpcf7-id=\"106\">\n<div class=\"screen-reader-response\"><p role=\"status\" aria-live=\"polite\" aria-atomic=\"true\"><\/p> <ul><\/ul><\/div>\n<form action=\"\/pt\/wp-json\/wp\/v2\/pages\/9#wpcf7-f106-o3\" method=\"post\" class=\"wpcf7-form init\" aria-label=\"Contact form\" novalidate=\"novalidate\" data-status=\"init\">\n<fieldset class=\"hidden-fields-container\"><input type=\"hidden\" name=\"_wpcf7\" value=\"106\" \/><input type=\"hidden\" name=\"_wpcf7_version\" value=\"6.1.5\" \/><input type=\"hidden\" name=\"_wpcf7_locale\" value=\"en_US\" \/><input type=\"hidden\" name=\"_wpcf7_unit_tag\" value=\"wpcf7-f106-o3\" \/><input type=\"hidden\" name=\"_wpcf7_container_post\" value=\"0\" \/><input type=\"hidden\" name=\"_wpcf7_posted_data_hash\" value=\"\" \/>\n<\/fieldset>\n<div id=\"quote\">\n\t<p><span class=\"wpcf7-form-control-wrap\" data-name=\"mcg-name\"><input size=\"40\" maxlength=\"400\" class=\"wpcf7-form-control wpcf7-text wpcf7-validates-as-required mcg\" aria-required=\"true\" aria-invalid=\"false\" placeholder=\"seu nome\" value=\"\" type=\"text\" name=\"mcg-name\" \/><\/span><br \/>\n<span class=\"wpcf7-form-control-wrap\" data-name=\"mcg-phone\"><input size=\"40\" maxlength=\"400\" class=\"wpcf7-form-control wpcf7-tel wpcf7-validates-as-required wpcf7-text wpcf7-validates-as-tel mcg\" aria-required=\"true\" aria-invalid=\"false\" placeholder=\"um n\u00famero de telefone\" value=\"\" type=\"tel\" name=\"mcg-phone\" \/><\/span><br \/>\n<span class=\"wpcf7-form-control-wrap\" data-name=\"mcg-email\"><input size=\"40\" maxlength=\"400\" class=\"wpcf7-form-control wpcf7-email wpcf7-validates-as-required wpcf7-text wpcf7-validates-as-email mcg\" aria-required=\"true\" aria-invalid=\"false\" placeholder=\"seu endere\u00e7o de email\" value=\"\" type=\"email\" name=\"mcg-email\" \/><\/span><br \/>\n\t<hr \/><br \/>\n<span class=\"wpcf7-form-control-wrap\" data-name=\"mcg-make\"><input size=\"40\" maxlength=\"400\" class=\"wpcf7-form-control wpcf7-text wpcf7-validates-as-required mcg\" aria-required=\"true\" aria-invalid=\"false\" placeholder=\"marca e modelo da sua motocicleta\" value=\"\" type=\"text\" name=\"mcg-make\" \/><\/span><br \/>\n<span class=\"wpcf7-form-control-wrap\" data-name=\"mcg-collection\"><input size=\"40\" maxlength=\"400\" class=\"wpcf7-form-control wpcf7-text wpcf7-validates-as-required mcg\" aria-required=\"true\" aria-invalid=\"false\" placeholder=\"cole\u00e7\u00e3o DE\" value=\"\" type=\"text\" name=\"mcg-collection\" \/><\/span><span class=\"wpcf7-form-control-wrap\" data-name=\"mcg-delivery\"><input size=\"40\" maxlength=\"400\" class=\"wpcf7-form-control wpcf7-text wpcf7-validates-as-required mcg\" aria-required=\"true\" aria-invalid=\"false\" placeholder=\"entrega PARA\" value=\"\" type=\"text\" name=\"mcg-delivery\" \/><\/span><br \/>\n<br style=\"clear:both;\" \/>\n\t<hr \/><br \/>\n<span class=\"wpcf7-form-control-wrap\" data-name=\"fromdepot\"><span class=\"wpcf7-form-control wpcf7-checkbox wpcf7-exclusive-checkbox mcg\"><span class=\"wpcf7-list-item first\"><input type=\"checkbox\" name=\"fromdepot\" value=\"Eu gostaria de coleta e entrega na minha porta.\" \/><span class=\"wpcf7-list-item-label\">Eu gostaria de coleta e entrega na minha porta.<\/span><\/span><span class=\"wpcf7-list-item last\"><input type=\"checkbox\" name=\"fromdepot\" value=\"Posso entregar e coletar de seus dep\u00f3sitos.\" \/><span class=\"wpcf7-list-item-label\">Posso entregar e coletar de seus dep\u00f3sitos.<\/span><\/span><\/span><\/span><br \/>\n\t<hr \/><br \/>\n<span class=\"wpcf7-form-control-wrap\" data-name=\"mcgruns\"><span class=\"wpcf7-form-control wpcf7-checkbox wpcf7-exclusive-checkbox mcg\"><span class=\"wpcf7-list-item first\"><input type=\"checkbox\" name=\"mcgruns\" value=\"Minha motocicleta funciona corretamente.\" \/><span class=\"wpcf7-list-item-label\">Minha motocicleta funciona corretamente.<\/span><\/span><span class=\"wpcf7-list-item last\"><input type=\"checkbox\" name=\"mcgruns\" value=\"Minha motocicleta N\u00c3O FUNCIONA.\" \/><span class=\"wpcf7-list-item-label\">Minha motocicleta N\u00c3O FUNCIONA.<\/span><\/span><\/span><\/span><br \/>\n\t<hr \/>\n\t<\/p>\n\t<p>Se voc\u00ea tem uma data espec\u00edfica em mente, avise-nos, caso contr\u00e1rio, d\u00ea-nos uma ideia de quando voc\u00ea gostaria de enviar bicicletas. Por exemplo, \"Fim de mar\u00e7o\".\n\t<\/p>\n\t<p><span class=\"wpcf7-form-control-wrap\" data-name=\"mcg-date\"><input size=\"40\" maxlength=\"400\" class=\"wpcf7-form-control wpcf7-text wpcf7-validates-as-required mcg\" aria-required=\"true\" aria-invalid=\"false\" placeholder=\"data de coleta \/ entrega\" value=\"\" type=\"text\" name=\"mcg-date\" \/><\/span><br \/>\n<span class=\"wpcf7-form-control-wrap\" data-name=\"capital-quiz\"><label><span class=\"wpcf7-quiz-label\"><\/span> <input size=\"40\" class=\"wpcf7-form-control wpcf7-quiz\" autocomplete=\"off\" aria-required=\"true\" aria-invalid=\"false\" type=\"text\" name=\"capital-quiz\" \/><\/label><input type=\"hidden\" name=\"_wpcf7_quiz_answer_capital-quiz\" value=\"3545757b8cdd0395faa573380bc5a90d\" \/><\/span><br \/>\n\t<div class=\"wpcf7-response-output\" aria-hidden=\"true\"><\/div><br \/>\n<input class=\"wpcf7-form-control wpcf7-submit has-spinner mcg\" type=\"submit\" value=\"Obtenha seu or\u00e7amento!\" \/>\n\t<\/p>\n<\/div>\n<\/form>\n<\/div>\n\n<p>&nbsp;<\/p>\n<h3>Transporte de motocicletas, Inglaterra, Espanha e Portugal<\/h3>\n<p><em><strong>O transporte de motocicletas \u00e9 o que fazemos!<\/strong><\/em> Quando voc\u00ea deseja que sua motocicleta chegue com seguran\u00e7a, rapidez e por um pre\u00e7o justo, podemos ajud\u00e1-lo.<\/p>\n<ul>\n<li>Dep\u00f3sito do Reino Unido, Salford, Grande Manchester.<\/li>\n<li>Espanha Depot, Antas, Almer\u00eda.<\/li>\n<li>Portugal Depot, Loul\u00e9, Algarve.<\/li>\n<\/ul>\n<p>Temos transportado motos &#8211; e muitas outras coisas! &#8211; entre o Reino Unido e a costa sul de Espanha e Portugal durante anos! Estamos felizes em dizer que sabemos o que estamos fazendo. Quando voc\u00ea solicita um or\u00e7amento de transporte, pedimos a marca e o modelo da sua bicicleta, coleta, destino e data e entraremos em contato com o melhor or\u00e7amento que pudermos! Nos preocupamos com as bicicletas! Nos preocupamos com a sua bicicleta! N\u00e3o \u00e9 apenas mais uma carga. Nosso atendimento ao cliente \u00e9 incompar\u00e1vel e voc\u00ea pode falar conosco a qualquer momento durante o transporte de sua motocicleta.<\/p>\n<h3>Preparando sua moto para o transporte<\/h3>\n<p>Remova a chave. N\u00e3o deve haver motivo para ningu\u00e9m dar partida em sua motocicleta. A dire\u00e7\u00e3o deve estar destravada e a moto deve rolar livremente, portanto, infle os pneus se eles estiverem baixos. Todos os seus pertences pessoais devem ser retirados da bicicleta. O motorista documentar\u00e1 a condi\u00e7\u00e3o da motocicleta quando ela for recolhida. Sua motocicleta est\u00e1 coberta com $ 7.000 de cobertura de avalia\u00e7\u00e3o, sem nenhum custo adicional.<\/p>\n<p>Voc\u00ea n\u00e3o precisa drenar o combust\u00edvel ou fazer qualquer prepara\u00e7\u00e3o mec\u00e2nica em sua motocicleta. Voc\u00ea n\u00e3o precisa encaixotar ou embalar sua motocicleta de forma alguma.<\/p>\n<p>&nbsp;<\/p>\n<p><\/p>","protected":false},"excerpt":{"rendered":"<p>Servi\u00e7os europeus de transporte de motocicletas em Motorcycles-Go.com. Somos uma equipa dedicada de profissionais de transporte &#8211; apaixonados por bicicletas! &#8211; operando tr\u00eas dep\u00f3sitos de transporte no Reino Unido, Espanha e Portugal. Utilizamos contentores pr\u00f3prios para o transporte da sua moto, de forma segura e eficiente, desde a recolha at\u00e9 \u00e0 entrega! Um servi\u00e7o de qualidade!<\/p>\n","protected":false},"author":1,"featured_media":0,"parent":0,"menu_order":10,"comment_status":"closed","ping_status":"closed","template":"","meta":{"yasr_overall_rating":0,"yasr_post_is_review":"","yasr_auto_insert_disabled":"","yasr_review_type":"","footnotes":""},"class_list":["post-9","page","type-page","status-publish","hentry"],"yoast_head":"<!-- This site is optimized with the Yoast SEO plugin v27.4 - https:\/\/yoast.com\/product\/yoast-seo-wordpress\/ -->\n<title>Servi\u00e7os europeus de transporte de motocicletas, motocicletas-Go.com.<\/title>\n<meta name=\"description\" content=\"(English) European Motorcycle Transport, UK, Spain &amp; Portugal. Transport your motorcycle, safely &amp; efficiently!\u00a0 A quality service!\" \/>\n<meta name=\"robots\" content=\"index, follow, max-snippet:-1, max-image-preview:large, max-video-preview:-1\" \/>\n<link rel=\"canonical\" href=\"https:\/\/motorcycles-go.com\/european-motorcycle-transport\/\" \/>\n<meta property=\"og:locale\" content=\"pt_PT\" \/>\n<meta property=\"og:type\" content=\"article\" \/>\n<meta property=\"og:title\" content=\"[:en]European Motorcycle Transport Services, Motorcycles-Go.com.[:es]Servicios europeos de transporte de motocicletas, Motorcycles-Go.com.[:pt]Servi\u00e7os europeus de transporte de motocicletas, motocicletas-Go.com.[:ga]Seirbh\u00eds\u00ed Iompair Gluaisrothar na hEorpa, Motorcycles-Go.com.[:]\" \/>\n<meta property=\"og:description\" content=\"{:en}European Motorcycle Transport, UK, Spain &amp; Portugal. Transport your motorcycle, safely &amp; efficiently!\u00a0 A quality service!{:es}Transporte europeo de motocicletas, Reino Unido, Espa\u00f1a y Portugal. \u00a1Transporte su motocicleta de forma segura y eficiente! \u00a1Un servicio de calidad!{:pt]Transporte europeu de motocicletas, Reino Unido, Espanha e Portugal. Transporte sua motocicleta com seguran\u00e7a e efici\u00eancia! Um servi\u00e7o de qualidade!{:ga}Iompar Gluaisrothar na hEorpa, an RA, an Sp\u00e1inn agus an Phortaing\u00e9il. Iompar do ghluaisrothar, go s\u00e1bh\u00e1ilte agus go h\u00e9ifeachtach! Seirbh\u00eds ardchaighde\u00e1in!{:}\" \/>\n<meta property=\"og:url\" content=\"https:\/\/motorcycles-go.com\/european-motorcycle-transport\/\" \/>\n<meta property=\"og:site_name\" content=\"Motorcycles-Go.com\" \/>\n<meta property=\"article:modified_time\" content=\"2024-04-08T16:10:12+00:00\" \/>\n<meta property=\"og:image\" content=\"https:\/\/motorcycles-go.com\/wp-content\/uploads\/2020\/07\/European-Motorcycle-Transport-Services-UK-Spain-Portugal-OG01.jpg\" \/>\n<meta name=\"twitter:card\" content=\"summary_large_image\" \/>\n<meta name=\"twitter:label1\" content=\"Tempo estimado de leitura\" \/>\n\t<meta name=\"twitter:data1\" content=\"8 minutos\" \/>\n<script type=\"application\/ld+json\" class=\"yoast-schema-graph\">{\"@context\":\"https:\\\/\\\/schema.org\",\"@graph\":[{\"@type\":\"WebPage\",\"@id\":\"https:\\\/\\\/motorcycles-go.com\\\/european-motorcycle-transport\\\/\",\"url\":\"https:\\\/\\\/motorcycles-go.com\\\/european-motorcycle-transport\\\/\",\"name\":\"[:en]European Motorcycle Transport Services, Motorcycles-Go.com.[:es]Servicios europeos de transporte de motocicletas, Motorcycles-Go.com.[:pt]Servi\u00e7os europeus de transporte de motocicletas, motocicletas-Go.com.[:ga]Seirbh\u00eds\u00ed Iompair Gluaisrothar na hEorpa, Motorcycles-Go.com.[:]\",\"isPartOf\":{\"@id\":\"https:\\\/\\\/motorcycles-go.com\\\/#website\"},\"primaryImageOfPage\":{\"@id\":\"https:\\\/\\\/motorcycles-go.com\\\/european-motorcycle-transport\\\/#primaryimage\"},\"image\":{\"@id\":\"https:\\\/\\\/motorcycles-go.com\\\/european-motorcycle-transport\\\/#primaryimage\"},\"thumbnailUrl\":\"https:\\\/\\\/motorcycles-go.com\\\/wp-content\\\/uploads\\\/2020\\\/07\\\/European-Motorcycle-Transport-Services-UK-Spain-Portugal-OG01.jpg\",\"datePublished\":\"2020-06-25T11:08:08+00:00\",\"dateModified\":\"2024-04-08T16:10:12+00:00\",\"description\":\"{:en}European Motorcycle Transport, UK, Spain & Portugal. Transport your motorcycle, safely & efficiently!\u00a0 A quality service!{:es}Transporte europeo de motocicletas, Reino Unido, Espa\u00f1a y Portugal. \u00a1Transporte su motocicleta de forma segura y eficiente! \u00a1Un servicio de calidad!{:pt]Transporte europeu de motocicletas, Reino Unido, Espanha e Portugal. Transporte sua motocicleta com seguran\u00e7a e efici\u00eancia! Um servi\u00e7o de qualidade!{:ga}Iompar Gluaisrothar na hEorpa, an RA, an Sp\u00e1inn agus an Phortaing\u00e9il. Iompar do ghluaisrothar, go s\u00e1bh\u00e1ilte agus go h\u00e9ifeachtach! Seirbh\u00eds ardchaighde\u00e1in!{:}\",\"breadcrumb\":{\"@id\":\"https:\\\/\\\/motorcycles-go.com\\\/european-motorcycle-transport\\\/#breadcrumb\"},\"inLanguage\":\"pt-PT\",\"potentialAction\":[{\"@type\":\"ReadAction\",\"target\":[\"https:\\\/\\\/motorcycles-go.com\\\/european-motorcycle-transport\\\/\"]}]},{\"@type\":\"ImageObject\",\"inLanguage\":\"pt-PT\",\"@id\":\"https:\\\/\\\/motorcycles-go.com\\\/european-motorcycle-transport\\\/#primaryimage\",\"url\":\"https:\\\/\\\/motorcycles-go.com\\\/wp-content\\\/uploads\\\/2020\\\/07\\\/European-Motorcycle-Transport-Services-UK-Spain-Portugal-OG01.jpg\",\"contentUrl\":\"https:\\\/\\\/motorcycles-go.com\\\/wp-content\\\/uploads\\\/2020\\\/07\\\/European-Motorcycle-Transport-Services-UK-Spain-Portugal-OG01.jpg\"},{\"@type\":\"BreadcrumbList\",\"@id\":\"https:\\\/\\\/motorcycles-go.com\\\/european-motorcycle-transport\\\/#breadcrumb\",\"itemListElement\":[{\"@type\":\"ListItem\",\"position\":1,\"name\":\"Home\",\"item\":\"https:\\\/\\\/motorcycles-go.com\\\/\"},{\"@type\":\"ListItem\",\"position\":2,\"name\":\"[:en]European Motorcycle Transport[:es]Transporte Europeo de Motocicletas[:pt]Transporte Europeu de Motocicletas[:]\"}]},{\"@type\":\"WebSite\",\"@id\":\"https:\\\/\\\/motorcycles-go.com\\\/#website\",\"url\":\"https:\\\/\\\/motorcycles-go.com\\\/\",\"name\":\"Motorcycles-Go.com\",\"description\":\"Motorcycle transport specialists.  UK, Spain, Portugal.\",\"publisher\":{\"@id\":\"https:\\\/\\\/motorcycles-go.com\\\/#organization\"},\"potentialAction\":[{\"@type\":\"SearchAction\",\"target\":{\"@type\":\"EntryPoint\",\"urlTemplate\":\"https:\\\/\\\/motorcycles-go.com\\\/?s={search_term_string}\"},\"query-input\":{\"@type\":\"PropertyValueSpecification\",\"valueRequired\":true,\"valueName\":\"search_term_string\"}}],\"inLanguage\":\"pt-PT\"},{\"@type\":\"Organization\",\"@id\":\"https:\\\/\\\/motorcycles-go.com\\\/#organization\",\"name\":\"Motorcycles-Go.com\",\"url\":\"https:\\\/\\\/motorcycles-go.com\\\/\",\"logo\":{\"@type\":\"ImageObject\",\"inLanguage\":\"pt-PT\",\"@id\":\"https:\\\/\\\/motorcycles-go.com\\\/#\\\/schema\\\/logo\\\/image\\\/\",\"url\":\"https:\\\/\\\/motorcycles-go.com\\\/wp-content\\\/uploads\\\/2020\\\/07\\\/Motrocycles-Go-Logo-Sml.png\",\"contentUrl\":\"https:\\\/\\\/motorcycles-go.com\\\/wp-content\\\/uploads\\\/2020\\\/07\\\/Motrocycles-Go-Logo-Sml.png\",\"width\":300,\"height\":45,\"caption\":\"Motorcycles-Go.com\"},\"image\":{\"@id\":\"https:\\\/\\\/motorcycles-go.com\\\/#\\\/schema\\\/logo\\\/image\\\/\"}},false]}<\/script>\n<!-- \/ Yoast SEO plugin. -->","yoast_head_json":{"title":"Servi\u00e7os europeus de transporte de motocicletas, motocicletas-Go.com.","description":"(English) European Motorcycle Transport, UK, Spain & Portugal. Transport your motorcycle, safely & efficiently!\u00a0 A quality service!","robots":{"index":"index","follow":"follow","max-snippet":"max-snippet:-1","max-image-preview":"max-image-preview:large","max-video-preview":"max-video-preview:-1"},"canonical":"https:\/\/motorcycles-go.com\/european-motorcycle-transport\/","og_locale":"pt_PT","og_type":"article","og_title":"[:en]European Motorcycle Transport Services, Motorcycles-Go.com.[:es]Servicios europeos de transporte de motocicletas, Motorcycles-Go.com.[:pt]Servi\u00e7os europeus de transporte de motocicletas, motocicletas-Go.com.[:ga]Seirbh\u00eds\u00ed Iompair Gluaisrothar na hEorpa, Motorcycles-Go.com.[:]","og_description":"{:en}European Motorcycle Transport, UK, Spain & Portugal. Transport your motorcycle, safely & efficiently!\u00a0 A quality service!{:es}Transporte europeo de motocicletas, Reino Unido, Espa\u00f1a y Portugal. \u00a1Transporte su motocicleta de forma segura y eficiente! \u00a1Un servicio de calidad!{:pt]Transporte europeu de motocicletas, Reino Unido, Espanha e Portugal. Transporte sua motocicleta com seguran\u00e7a e efici\u00eancia! Um servi\u00e7o de qualidade!{:ga}Iompar Gluaisrothar na hEorpa, an RA, an Sp\u00e1inn agus an Phortaing\u00e9il. Iompar do ghluaisrothar, go s\u00e1bh\u00e1ilte agus go h\u00e9ifeachtach! Seirbh\u00eds ardchaighde\u00e1in!{:}","og_url":"https:\/\/motorcycles-go.com\/european-motorcycle-transport\/","og_site_name":"Motorcycles-Go.com","article_modified_time":"2024-04-08T16:10:12+00:00","og_image":[{"url":"https:\/\/motorcycles-go.com\/wp-content\/uploads\/2020\/07\/European-Motorcycle-Transport-Services-UK-Spain-Portugal-OG01.jpg","type":"","width":"","height":""}],"twitter_card":"summary_large_image","twitter_misc":{"Tempo estimado de leitura":"8 minutos"},"schema":{"@context":"https:\/\/schema.org","@graph":[{"@type":"WebPage","@id":"https:\/\/motorcycles-go.com\/european-motorcycle-transport\/","url":"https:\/\/motorcycles-go.com\/european-motorcycle-transport\/","name":"[:en]European Motorcycle Transport Services, Motorcycles-Go.com.[:es]Servicios europeos de transporte de motocicletas, Motorcycles-Go.com.[:pt]Servi\u00e7os europeus de transporte de motocicletas, motocicletas-Go.com.[:ga]Seirbh\u00eds\u00ed Iompair Gluaisrothar na hEorpa, Motorcycles-Go.com.[:]","isPartOf":{"@id":"https:\/\/motorcycles-go.com\/#website"},"primaryImageOfPage":{"@id":"https:\/\/motorcycles-go.com\/european-motorcycle-transport\/#primaryimage"},"image":{"@id":"https:\/\/motorcycles-go.com\/european-motorcycle-transport\/#primaryimage"},"thumbnailUrl":"https:\/\/motorcycles-go.com\/wp-content\/uploads\/2020\/07\/European-Motorcycle-Transport-Services-UK-Spain-Portugal-OG01.jpg","datePublished":"2020-06-25T11:08:08+00:00","dateModified":"2024-04-08T16:10:12+00:00","description":"{:en}European Motorcycle Transport, UK, Spain & Portugal. Transport your motorcycle, safely & efficiently!\u00a0 A quality service!{:es}Transporte europeo de motocicletas, Reino Unido, Espa\u00f1a y Portugal. \u00a1Transporte su motocicleta de forma segura y eficiente! \u00a1Un servicio de calidad!{:pt]Transporte europeu de motocicletas, Reino Unido, Espanha e Portugal. Transporte sua motocicleta com seguran\u00e7a e efici\u00eancia! Um servi\u00e7o de qualidade!{:ga}Iompar Gluaisrothar na hEorpa, an RA, an Sp\u00e1inn agus an Phortaing\u00e9il. Iompar do ghluaisrothar, go s\u00e1bh\u00e1ilte agus go h\u00e9ifeachtach! Seirbh\u00eds ardchaighde\u00e1in!{:}","breadcrumb":{"@id":"https:\/\/motorcycles-go.com\/european-motorcycle-transport\/#breadcrumb"},"inLanguage":"pt-PT","potentialAction":[{"@type":"ReadAction","target":["https:\/\/motorcycles-go.com\/european-motorcycle-transport\/"]}]},{"@type":"ImageObject","inLanguage":"pt-PT","@id":"https:\/\/motorcycles-go.com\/european-motorcycle-transport\/#primaryimage","url":"https:\/\/motorcycles-go.com\/wp-content\/uploads\/2020\/07\/European-Motorcycle-Transport-Services-UK-Spain-Portugal-OG01.jpg","contentUrl":"https:\/\/motorcycles-go.com\/wp-content\/uploads\/2020\/07\/European-Motorcycle-Transport-Services-UK-Spain-Portugal-OG01.jpg"},{"@type":"BreadcrumbList","@id":"https:\/\/motorcycles-go.com\/european-motorcycle-transport\/#breadcrumb","itemListElement":[{"@type":"ListItem","position":1,"name":"Home","item":"https:\/\/motorcycles-go.com\/"},{"@type":"ListItem","position":2,"name":"[:en]European Motorcycle Transport[:es]Transporte Europeo de Motocicletas[:pt]Transporte Europeu de Motocicletas[:]"}]},{"@type":"WebSite","@id":"https:\/\/motorcycles-go.com\/#website","url":"https:\/\/motorcycles-go.com\/","name":"Motorcycles-Go.com","description":"Motorcycle transport specialists.  UK, Spain, Portugal.","publisher":{"@id":"https:\/\/motorcycles-go.com\/#organization"},"potentialAction":[{"@type":"SearchAction","target":{"@type":"EntryPoint","urlTemplate":"https:\/\/motorcycles-go.com\/?s={search_term_string}"},"query-input":{"@type":"PropertyValueSpecification","valueRequired":true,"valueName":"search_term_string"}}],"inLanguage":"pt-PT"},{"@type":"Organization","@id":"https:\/\/motorcycles-go.com\/#organization","name":"Motorcycles-Go.com","url":"https:\/\/motorcycles-go.com\/","logo":{"@type":"ImageObject","inLanguage":"pt-PT","@id":"https:\/\/motorcycles-go.com\/#\/schema\/logo\/image\/","url":"https:\/\/motorcycles-go.com\/wp-content\/uploads\/2020\/07\/Motrocycles-Go-Logo-Sml.png","contentUrl":"https:\/\/motorcycles-go.com\/wp-content\/uploads\/2020\/07\/Motrocycles-Go-Logo-Sml.png","width":300,"height":45,"caption":"Motorcycles-Go.com"},"image":{"@id":"https:\/\/motorcycles-go.com\/#\/schema\/logo\/image\/"}},false]}},"yasr_visitor_votes":{"stars_attributes":{"read_only":false,"span_bottom":false},"number_of_votes":0,"sum_votes":0},"_links":{"self":[{"href":"https:\/\/motorcycles-go.com\/pt\/wp-json\/wp\/v2\/pages\/9","targetHints":{"allow":["GET"]}}],"collection":[{"href":"https:\/\/motorcycles-go.com\/pt\/wp-json\/wp\/v2\/pages"}],"about":[{"href":"https:\/\/motorcycles-go.com\/pt\/wp-json\/wp\/v2\/types\/page"}],"author":[{"embeddable":true,"href":"https:\/\/motorcycles-go.com\/pt\/wp-json\/wp\/v2\/users\/1"}],"replies":[{"embeddable":true,"href":"https:\/\/motorcycles-go.com\/pt\/wp-json\/wp\/v2\/comments?post=9"}],"version-history":[{"count":17,"href":"https:\/\/motorcycles-go.com\/pt\/wp-json\/wp\/v2\/pages\/9\/revisions"}],"predecessor-version":[{"id":525,"href":"https:\/\/motorcycles-go.com\/pt\/wp-json\/wp\/v2\/pages\/9\/revisions\/525"}],"wp:attachment":[{"href":"https:\/\/motorcycles-go.com\/pt\/wp-json\/wp\/v2\/media?parent=9"}],"curies":[{"name":"wp","href":"https:\/\/api.w.org\/{rel}","templated":true}]}}